{"id":2133,"date":"2018-11-16T19:39:11","date_gmt":"2018-11-16T19:39:11","guid":{"rendered":"http:\/\/legsedition.net\/public\/?page_id=2133"},"modified":"2024-12-17T07:18:19","modified_gmt":"2024-12-17T07:18:19","slug":"en-attendant-le-bout-de-la-caverne","status":"publish","type":"page","link":"https:\/\/legsedition.net\/public\/en-attendant-le-bout-de-la-caverne\/","title":{"rendered":"En attendant le bout de la caverne"},"content":{"rendered":"<p><strong><a href=\"https:\/\/legsedition.net\/public\/wp-content\/uploads\/2018\/08\/en_attendant_le_bout1.png\"><img fetchpriority=\"high\" decoding=\"async\" class=\"size-medium wp-image-1855 alignleft\" src=\"https:\/\/legsedition.net\/public\/wp-content\/uploads\/2018\/08\/en_attendant_le_bout1-195x300.png\" alt=\"\" width=\"195\" height=\"300\" srcset=\"https:\/\/legsedition.net\/public\/wp-content\/uploads\/2018\/08\/en_attendant_le_bout1-195x300.png 195w, https:\/\/legsedition.net\/public\/wp-content\/uploads\/2018\/08\/en_attendant_le_bout1-104x160.png 104w, https:\/\/legsedition.net\/public\/wp-content\/uploads\/2018\/08\/en_attendant_le_bout1.png 322w\" sizes=\"(max-width: 195px) 100vw, 195px\" \/><\/a>Auteur : <\/strong>Milady Auguste<\/p>\n<p><strong>Titre : <\/strong>En attendant le bout de la caverne<\/p>\n<p><strong>Collection : <\/strong>Hybrides<\/p>\n<p><strong>Parution : <\/strong>\u00a015 novembre 2018<\/p>\n<p><strong>ISBN : <\/strong>978-99970-86-36-5<\/p>\n<p><strong>Prix\u00a0:\u00a0<\/strong>1 000 HTG ; 14,55 USD<\/p>\n<p style=\"text-align: justify;\">Un mois apr\u00e8s la mort du professeur Victor Devillefort, sa ni\u00e8ce, M\u00e9lodie Devillefort re\u00e7oit une vid\u00e9o la pr\u00e9venant de l\u2019imminence d\u2019un danger qui plane sur sa vie. Parall\u00e8lement, \u00e0 Paris, le professeur Bertrand est requis pour la poursuite en Ha\u00efti de recherches surprenantes sur l\u2019Atlantide. Tandis que Rapha\u00ebl \u00c9tienne, jeune peintre allemand d\u2019origine ha\u00eftienne, se laisse guider par \u00ab\u00a0une dame en blanc\u00a0\u00bb afin de prot\u00e9ger M\u00e9lodie. Une qu\u00eate unira ces personnages vers une d\u00e9couverte qui risque de r\u00e9volutionner le monde\u2026<\/p>\n<p>Intrigues, passions, mensonges,\u00a0<em>En attendant le bout de la caverne<\/em>\u00a0se situe entre le polar et le fantastique et m\u00e9lange \u00e0 la fois r\u00e9alisme et merveilleux.<\/p>\n<p><strong>\u00c0 propos de l\u2019auteure :\u00a0<\/strong><\/p>\n<p style=\"text-align: justify;\">N\u00e9e le 1er f\u00e9vrier 1992, Milady Auguste a fait des \u00e9tudes de m\u00e9decine \u00e0 l\u2019Universit\u00e9 Notre Dame d\u2019Ha\u00efti. Auteure de scripts pour la compagnie de danse Jo\u00eblle Donatien Belot, elle partage sa vie entre la m\u00e9decine et la litt\u00e9rature. \u00a0<em>En attendant le bout de la caverne<\/em>\u00a0est son premier roman.<\/p>\n<hr \/>\n<p><strong>Dans la presse\u00a0 :\u00a0<\/strong><\/p>\n<p><a href=\"https:\/\/lenouvelliste.com\/article\/237346\/une-renaissance-dans-la-litterature-feminine?fbclid=IwAR2xYhyk3nj2VIkI4zpyVREYWD5tuZuAI_M6PmkJ2SohHtS29rJHoHj95iA\" target=\"_blank\" rel=\"noopener\">Une renaissance dans la litt\u00e9rature f\u00e9minine<\/a>, Marc Sony Ricot, <em>Le Nouvelliste<\/em>, 03 ao\u00fbt 2022.<\/p>\n<p><a href=\"https:\/\/www.lenouvelliste.com\/article\/204957\/en-attendant-le-bout-de-la-caverne-un-vrai-polar\" target=\"_blank\" rel=\"noopener\">En attendant le bout de la caverne, un vrai polar<\/a>,\u00a0Jessie Tataille, <em>Le Nouvelliste<\/em>, 12 ao\u00fbt 2019.<\/p>\n<p><a href=\"https:\/\/dofen.news\/milady-auguste-signe-un-premier-roman-riche-en-intrigues\/\" target=\"_blank\" rel=\"noopener\">Milady Auguste signe un premier roman riche en intrigues<\/a>, Ren\u00e9e Vancie Manigat,\u00a0<em>Dofens News, <\/em>10 juin 2019.<\/p>\n","protected":false},"excerpt":{"rendered":"<p>Auteur : Milady Auguste Titre : En attendant le bout de la caverne Collection : Hybrides Parution : \u00a015 novembre 2018 ISBN : 978-99970-86-36-5 Prix\u00a0:\u00a01 000 HTG ; 14,55 USD Un mois apr\u00e8s la mort du professeur Victor Devillefort, sa&#8230;<\/p>\n","protected":false},"author":2,"featured_media":1855,"parent":0,"menu_order":0,"comment_status":"closed","ping_status":"closed","template":"","meta":{"footnotes":""},"class_list":["post-2133","page","type-page","status-publish","has-post-thumbnail","hentry"],"yoast_head":"<!-- This site is optimized with the Yoast SEO plugin v27.3 - https:\/\/yoast.com\/product\/yoast-seo-wordpress\/ -->\n<title>En attendant le bout de la caverne | LEGS &Eacute;DITION<\/title>\n<meta name=\"robots\" content=\"index, follow, max-snippet:-1, max-image-preview:large, max-video-preview:-1\" \/>\n<link rel=\"canonical\" href=\"https:\/\/legsedition.net\/public\/en-attendant-le-bout-de-la-caverne\/\" \/>\n<meta property=\"og:locale\" content=\"fr_FR\" \/>\n<meta property=\"og:type\" content=\"article\" \/>\n<meta property=\"og:title\" content=\"En attendant le bout de la caverne | LEGS &Eacute;DITION\" \/>\n<meta property=\"og:description\" content=\"Auteur : Milady Auguste Titre : En attendant le bout de la caverne Collection : Hybrides Parution : \u00a015 novembre 2018 ISBN : 978-99970-86-36-5 Prix\u00a0:\u00a01 000 HTG ; 14,55 USD Un mois apr\u00e8s la mort du professeur Victor Devillefort, sa...\" \/>\n<meta property=\"og:url\" content=\"https:\/\/legsedition.net\/public\/en-attendant-le-bout-de-la-caverne\/\" \/>\n<meta property=\"og:site_name\" content=\"LEGS &Eacute;DITION\" \/>\n<meta property=\"article:publisher\" content=\"https:\/\/web.facebook.com\/LegsEtLitterature\/\" \/>\n<meta property=\"article:modified_time\" content=\"2024-12-17T07:18:19+00:00\" \/>\n<meta property=\"og:image\" content=\"https:\/\/legsedition.net\/public\/wp-content\/uploads\/2018\/08\/en_attendant_le_bout1.png\" \/>\n\t<meta property=\"og:image:width\" content=\"322\" \/>\n\t<meta property=\"og:image:height\" content=\"496\" \/>\n\t<meta property=\"og:image:type\" content=\"image\/png\" \/>\n<meta name=\"twitter:card\" content=\"summary_large_image\" \/>\n<meta name=\"twitter:label1\" content=\"Dur\u00e9e de lecture estim\u00e9e\" \/>\n\t<meta name=\"twitter:data1\" content=\"2 minutes\" \/>\n<script type=\"application\/ld+json\" class=\"yoast-schema-graph\">{\"@context\":\"https:\\\/\\\/schema.org\",\"@graph\":[{\"@type\":\"WebPage\",\"@id\":\"https:\\\/\\\/legsedition.net\\\/public\\\/en-attendant-le-bout-de-la-caverne\\\/\",\"url\":\"https:\\\/\\\/legsedition.net\\\/public\\\/en-attendant-le-bout-de-la-caverne\\\/\",\"name\":\"En attendant le bout de la caverne | LEGS &Eacute;DITION\",\"isPartOf\":{\"@id\":\"https:\\\/\\\/legsedition.net\\\/public\\\/#website\"},\"primaryImageOfPage\":{\"@id\":\"https:\\\/\\\/legsedition.net\\\/public\\\/en-attendant-le-bout-de-la-caverne\\\/#primaryimage\"},\"image\":{\"@id\":\"https:\\\/\\\/legsedition.net\\\/public\\\/en-attendant-le-bout-de-la-caverne\\\/#primaryimage\"},\"thumbnailUrl\":\"https:\\\/\\\/legsedition.net\\\/public\\\/wp-content\\\/uploads\\\/2018\\\/08\\\/en_attendant_le_bout1.png\",\"datePublished\":\"2018-11-16T19:39:11+00:00\",\"dateModified\":\"2024-12-17T07:18:19+00:00\",\"breadcrumb\":{\"@id\":\"https:\\\/\\\/legsedition.net\\\/public\\\/en-attendant-le-bout-de-la-caverne\\\/#breadcrumb\"},\"inLanguage\":\"fr-FR\",\"potentialAction\":[{\"@type\":\"ReadAction\",\"target\":[\"https:\\\/\\\/legsedition.net\\\/public\\\/en-attendant-le-bout-de-la-caverne\\\/\"]}]},{\"@type\":\"ImageObject\",\"inLanguage\":\"fr-FR\",\"@id\":\"https:\\\/\\\/legsedition.net\\\/public\\\/en-attendant-le-bout-de-la-caverne\\\/#primaryimage\",\"url\":\"https:\\\/\\\/legsedition.net\\\/public\\\/wp-content\\\/uploads\\\/2018\\\/08\\\/en_attendant_le_bout1.png\",\"contentUrl\":\"https:\\\/\\\/legsedition.net\\\/public\\\/wp-content\\\/uploads\\\/2018\\\/08\\\/en_attendant_le_bout1.png\",\"width\":322,\"height\":496},{\"@type\":\"BreadcrumbList\",\"@id\":\"https:\\\/\\\/legsedition.net\\\/public\\\/en-attendant-le-bout-de-la-caverne\\\/#breadcrumb\",\"itemListElement\":[{\"@type\":\"ListItem\",\"position\":1,\"name\":\"Home\",\"item\":\"https:\\\/\\\/legsedition.net\\\/public\\\/\"},{\"@type\":\"ListItem\",\"position\":2,\"name\":\"En attendant le bout de la caverne\"}]},{\"@type\":\"WebSite\",\"@id\":\"https:\\\/\\\/legsedition.net\\\/public\\\/#website\",\"url\":\"https:\\\/\\\/legsedition.net\\\/public\\\/\",\"name\":\"LEGS &Eacute;DITION\",\"description\":\"\",\"potentialAction\":[{\"@type\":\"SearchAction\",\"target\":{\"@type\":\"EntryPoint\",\"urlTemplate\":\"https:\\\/\\\/legsedition.net\\\/public\\\/?s={search_term_string}\"},\"query-input\":{\"@type\":\"PropertyValueSpecification\",\"valueRequired\":true,\"valueName\":\"search_term_string\"}}],\"inLanguage\":\"fr-FR\"}]}<\/script>\n<!-- \/ Yoast SEO plugin. -->","yoast_head_json":{"title":"En attendant le bout de la caverne | LEGS &Eacute;DITION","robots":{"index":"index","follow":"follow","max-snippet":"max-snippet:-1","max-image-preview":"max-image-preview:large","max-video-preview":"max-video-preview:-1"},"canonical":"https:\/\/legsedition.net\/public\/en-attendant-le-bout-de-la-caverne\/","og_locale":"fr_FR","og_type":"article","og_title":"En attendant le bout de la caverne | LEGS &Eacute;DITION","og_description":"Auteur : Milady Auguste Titre : En attendant le bout de la caverne Collection : Hybrides Parution : \u00a015 novembre 2018 ISBN : 978-99970-86-36-5 Prix\u00a0:\u00a01 000 HTG ; 14,55 USD Un mois apr\u00e8s la mort du professeur Victor Devillefort, sa...","og_url":"https:\/\/legsedition.net\/public\/en-attendant-le-bout-de-la-caverne\/","og_site_name":"LEGS &Eacute;DITION","article_publisher":"https:\/\/web.facebook.com\/LegsEtLitterature\/","article_modified_time":"2024-12-17T07:18:19+00:00","og_image":[{"width":322,"height":496,"url":"https:\/\/legsedition.net\/public\/wp-content\/uploads\/2018\/08\/en_attendant_le_bout1.png","type":"image\/png"}],"twitter_card":"summary_large_image","twitter_misc":{"Dur\u00e9e de lecture estim\u00e9e":"2 minutes"},"schema":{"@context":"https:\/\/schema.org","@graph":[{"@type":"WebPage","@id":"https:\/\/legsedition.net\/public\/en-attendant-le-bout-de-la-caverne\/","url":"https:\/\/legsedition.net\/public\/en-attendant-le-bout-de-la-caverne\/","name":"En attendant le bout de la caverne | LEGS &Eacute;DITION","isPartOf":{"@id":"https:\/\/legsedition.net\/public\/#website"},"primaryImageOfPage":{"@id":"https:\/\/legsedition.net\/public\/en-attendant-le-bout-de-la-caverne\/#primaryimage"},"image":{"@id":"https:\/\/legsedition.net\/public\/en-attendant-le-bout-de-la-caverne\/#primaryimage"},"thumbnailUrl":"https:\/\/legsedition.net\/public\/wp-content\/uploads\/2018\/08\/en_attendant_le_bout1.png","datePublished":"2018-11-16T19:39:11+00:00","dateModified":"2024-12-17T07:18:19+00:00","breadcrumb":{"@id":"https:\/\/legsedition.net\/public\/en-attendant-le-bout-de-la-caverne\/#breadcrumb"},"inLanguage":"fr-FR","potentialAction":[{"@type":"ReadAction","target":["https:\/\/legsedition.net\/public\/en-attendant-le-bout-de-la-caverne\/"]}]},{"@type":"ImageObject","inLanguage":"fr-FR","@id":"https:\/\/legsedition.net\/public\/en-attendant-le-bout-de-la-caverne\/#primaryimage","url":"https:\/\/legsedition.net\/public\/wp-content\/uploads\/2018\/08\/en_attendant_le_bout1.png","contentUrl":"https:\/\/legsedition.net\/public\/wp-content\/uploads\/2018\/08\/en_attendant_le_bout1.png","width":322,"height":496},{"@type":"BreadcrumbList","@id":"https:\/\/legsedition.net\/public\/en-attendant-le-bout-de-la-caverne\/#breadcrumb","itemListElement":[{"@type":"ListItem","position":1,"name":"Home","item":"https:\/\/legsedition.net\/public\/"},{"@type":"ListItem","position":2,"name":"En attendant le bout de la caverne"}]},{"@type":"WebSite","@id":"https:\/\/legsedition.net\/public\/#website","url":"https:\/\/legsedition.net\/public\/","name":"LEGS &Eacute;DITION","description":"","potentialAction":[{"@type":"SearchAction","target":{"@type":"EntryPoint","urlTemplate":"https:\/\/legsedition.net\/public\/?s={search_term_string}"},"query-input":{"@type":"PropertyValueSpecification","valueRequired":true,"valueName":"search_term_string"}}],"inLanguage":"fr-FR"}]}},"_links":{"self":[{"href":"https:\/\/legsedition.net\/public\/wp-json\/wp\/v2\/pages\/2133","targetHints":{"allow":["GET"]}}],"collection":[{"href":"https:\/\/legsedition.net\/public\/wp-json\/wp\/v2\/pages"}],"about":[{"href":"https:\/\/legsedition.net\/public\/wp-json\/wp\/v2\/types\/page"}],"author":[{"embeddable":true,"href":"https:\/\/legsedition.net\/public\/wp-json\/wp\/v2\/users\/2"}],"replies":[{"embeddable":true,"href":"https:\/\/legsedition.net\/public\/wp-json\/wp\/v2\/comments?post=2133"}],"version-history":[{"count":9,"href":"https:\/\/legsedition.net\/public\/wp-json\/wp\/v2\/pages\/2133\/revisions"}],"predecessor-version":[{"id":7901,"href":"https:\/\/legsedition.net\/public\/wp-json\/wp\/v2\/pages\/2133\/revisions\/7901"}],"wp:featuredmedia":[{"embeddable":true,"href":"https:\/\/legsedition.net\/public\/wp-json\/wp\/v2\/media\/1855"}],"wp:attachment":[{"href":"https:\/\/legsedition.net\/public\/wp-json\/wp\/v2\/media?parent=2133"}],"curies":[{"name":"wp","href":"https:\/\/api.w.org\/{rel}","templated":true}]}}