{"id":2135,"date":"2018-11-16T19:46:12","date_gmt":"2018-11-16T19:46:12","guid":{"rendered":"http:\/\/legsedition.net\/public\/?page_id=2135"},"modified":"2026-02-18T13:49:54","modified_gmt":"2026-02-18T13:49:54","slug":"le-voyage-de-calou","status":"publish","type":"page","link":"https:\/\/legsedition.net\/public\/le-voyage-de-calou\/","title":{"rendered":"Le voyage de Calou"},"content":{"rendered":"<p><strong><a href=\"https:\/\/legsedition.net\/public\/wp-content\/uploads\/2018\/06\/cover_voyage_de_calou_1.png\"><img fetchpriority=\"high\" decoding=\"async\" class=\"size-medium wp-image-1969 alignleft\" src=\"https:\/\/legsedition.net\/public\/wp-content\/uploads\/2018\/06\/cover_voyage_de_calou_1-198x300.png\" alt=\"\" width=\"198\" height=\"300\" srcset=\"https:\/\/legsedition.net\/public\/wp-content\/uploads\/2018\/06\/cover_voyage_de_calou_1-198x300.png 198w, https:\/\/legsedition.net\/public\/wp-content\/uploads\/2018\/06\/cover_voyage_de_calou_1-106x160.png 106w, https:\/\/legsedition.net\/public\/wp-content\/uploads\/2018\/06\/cover_voyage_de_calou_1.png 329w\" sizes=\"(max-width: 198px) 100vw, 198px\" \/><\/a>Auteur : <\/strong>Soussoule Guerrier<\/p>\n<p><strong>Titre : <\/strong>Le voyage de Calou<\/p>\n<p><strong>Dessins et illustrations : <\/strong>Fritzg\u00e9rald Muscadin et Jhonny Jean<\/p>\n<p><strong>Parution\u00a0:\u00a0<\/strong>\u00a016 novembre 2018<\/p>\n<p><strong>Collection : <\/strong><a href=\"https:\/\/legsedition.net\/public\/collection-je-decouvre-jeunesse\/\" target=\"_blank\" rel=\"noopener\">Jeunesse<\/a><\/p>\n<p><strong>ISBN\u00a0:<\/strong>978-99970-86-40-2 | <a href=\"https:\/\/www.amazon.com\/voyage-Calou-autres-histoires-Nouvelles\/dp\/9997086406\/ref=sr_1_1?crid=3I8U2J76X1UQO&amp;dib=eyJ2IjoiMSJ9.1u21Btk2k6P-_qPKmDMHAA.-tjIfVu2bGlMfmt-FS8q2lcrxdwf8IeFNCPzuw87Qx4&amp;dib_tag=se&amp;keywords=le+voyage+de+calou&amp;qid=1771422534&amp;sprefix=le+voyage+de+calou%2Caps%2C183&amp;sr=8-1\" target=\"_blank\" rel=\"noopener\">Commander ICI<\/a><\/p>\n<p><strong>Prix\u00a0: <\/strong>500 HTG ; 12,55 USD<\/p>\n<p>Cinq r\u00e9cits pleins de tendresse, d\u2019amour et de g\u00e9n\u00e9rosit\u00e9 pour nous porter \u00e0 (re)dessiner le monde. Les histoires sont vivantes et r\u00e9v\u00e8lent une multitude de v\u00e9rit\u00e9s sur la vie et sur l\u2019homme dans ses rapports avec ses semblables.\u00a0<em>Le voyage de Calou et autres histoires<\/em>\u00a0est une invitation \u00e0 l\u2019aventure, \u00e0 la d\u00e9couverte de soi et de l\u2019autre et de l\u2019univers. Tir\u00e9es du folklore, les histoires de Soussoule Guerrier font \u00e9cho aux contes populaires africains aussi bien qu\u2019au monde magique de D\u00e9\u00efta. Elles sont d\u2019une grande sagesse et d\u2019une fraternit\u00e9 \u00e0 toute \u00e9preuve. Son cr\u00e9do : plaire tout en instruisant.<\/p>\n<p style=\"text-align: right;\"><strong>Mirline PIERRE<\/strong><\/p>\n<p><strong>Dans la presse :\u00a0<\/strong><\/p>\n<p style=\"text-align: left;\"><a href=\"https:\/\/lenouvelliste.com\/article\/197864\/le-voyage-de-calou-des-histoires-pour-revivre-lenfance\" target=\"_blank\" rel=\"noopener\">\u00ab Le voyage de Calou \u00bb, des histoires pour revivre l\u2019enfance<\/a>,\u00a0Michelet Joseph, <em>Le Nouvelliste<\/em>, mardi 5 f\u00e9vrier 2019<\/p>\n\n\n<p><\/p>\n","protected":false},"excerpt":{"rendered":"<p>Auteur : Soussoule Guerrier Titre : Le voyage de Calou Dessins et illustrations : Fritzg\u00e9rald Muscadin et Jhonny Jean Parution\u00a0:\u00a0\u00a016 novembre 2018 Collection : Jeunesse ISBN\u00a0:978-99970-86-40-2 | Commander ICI Prix\u00a0: 500 HTG ; 12,55 USD Cinq r\u00e9cits pleins de tendresse,&#8230;<\/p>\n","protected":false},"author":2,"featured_media":0,"parent":0,"menu_order":0,"comment_status":"closed","ping_status":"closed","template":"","meta":{"footnotes":""},"class_list":["post-2135","page","type-page","status-publish","hentry","no-post-thumbnail"],"yoast_head":"<!-- This site is optimized with the Yoast SEO plugin v27.3 - https:\/\/yoast.com\/product\/yoast-seo-wordpress\/ -->\n<title>Le voyage de Calou | LEGS &Eacute;DITION<\/title>\n<meta name=\"robots\" content=\"index, follow, max-snippet:-1, max-image-preview:large, max-video-preview:-1\" \/>\n<link rel=\"canonical\" href=\"https:\/\/legsedition.net\/public\/le-voyage-de-calou\/\" \/>\n<meta property=\"og:locale\" content=\"fr_FR\" \/>\n<meta property=\"og:type\" content=\"article\" \/>\n<meta property=\"og:title\" content=\"Le voyage de Calou | LEGS &Eacute;DITION\" \/>\n<meta property=\"og:description\" content=\"Auteur : Soussoule Guerrier Titre : Le voyage de Calou Dessins et illustrations : Fritzg\u00e9rald Muscadin et Jhonny Jean Parution\u00a0:\u00a0\u00a016 novembre 2018 Collection : Jeunesse ISBN\u00a0:978-99970-86-40-2 | Commander ICI Prix\u00a0: 500 HTG ; 12,55 USD Cinq r\u00e9cits pleins de tendresse,...\" \/>\n<meta property=\"og:url\" content=\"https:\/\/legsedition.net\/public\/le-voyage-de-calou\/\" \/>\n<meta property=\"og:site_name\" content=\"LEGS &Eacute;DITION\" \/>\n<meta property=\"article:publisher\" content=\"https:\/\/web.facebook.com\/LegsEtLitterature\/\" \/>\n<meta property=\"article:modified_time\" content=\"2026-02-18T13:49:54+00:00\" \/>\n<meta property=\"og:image\" content=\"https:\/\/legsedition.net\/public\/wp-content\/uploads\/2018\/06\/cover_voyage_de_calou_1.png\" \/>\n\t<meta property=\"og:image:width\" content=\"329\" \/>\n\t<meta property=\"og:image:height\" content=\"498\" \/>\n\t<meta property=\"og:image:type\" content=\"image\/png\" \/>\n<meta name=\"twitter:card\" content=\"summary_large_image\" \/>\n<meta name=\"twitter:label1\" content=\"Dur\u00e9e de lecture estim\u00e9e\" \/>\n\t<meta name=\"twitter:data1\" content=\"1 minute\" \/>\n<script type=\"application\/ld+json\" class=\"yoast-schema-graph\">{\"@context\":\"https:\\\/\\\/schema.org\",\"@graph\":[{\"@type\":\"WebPage\",\"@id\":\"https:\\\/\\\/legsedition.net\\\/public\\\/le-voyage-de-calou\\\/\",\"url\":\"https:\\\/\\\/legsedition.net\\\/public\\\/le-voyage-de-calou\\\/\",\"name\":\"Le voyage de Calou | LEGS &Eacute;DITION\",\"isPartOf\":{\"@id\":\"https:\\\/\\\/legsedition.net\\\/public\\\/#website\"},\"primaryImageOfPage\":{\"@id\":\"https:\\\/\\\/legsedition.net\\\/public\\\/le-voyage-de-calou\\\/#primaryimage\"},\"image\":{\"@id\":\"https:\\\/\\\/legsedition.net\\\/public\\\/le-voyage-de-calou\\\/#primaryimage\"},\"thumbnailUrl\":\"https:\\\/\\\/legsedition.net\\\/public\\\/wp-content\\\/uploads\\\/2018\\\/06\\\/cover_voyage_de_calou_1-198x300.png\",\"datePublished\":\"2018-11-16T19:46:12+00:00\",\"dateModified\":\"2026-02-18T13:49:54+00:00\",\"breadcrumb\":{\"@id\":\"https:\\\/\\\/legsedition.net\\\/public\\\/le-voyage-de-calou\\\/#breadcrumb\"},\"inLanguage\":\"fr-FR\",\"potentialAction\":[{\"@type\":\"ReadAction\",\"target\":[\"https:\\\/\\\/legsedition.net\\\/public\\\/le-voyage-de-calou\\\/\"]}]},{\"@type\":\"ImageObject\",\"inLanguage\":\"fr-FR\",\"@id\":\"https:\\\/\\\/legsedition.net\\\/public\\\/le-voyage-de-calou\\\/#primaryimage\",\"url\":\"https:\\\/\\\/legsedition.net\\\/public\\\/wp-content\\\/uploads\\\/2018\\\/06\\\/cover_voyage_de_calou_1.png\",\"contentUrl\":\"https:\\\/\\\/legsedition.net\\\/public\\\/wp-content\\\/uploads\\\/2018\\\/06\\\/cover_voyage_de_calou_1.png\",\"width\":329,\"height\":498},{\"@type\":\"BreadcrumbList\",\"@id\":\"https:\\\/\\\/legsedition.net\\\/public\\\/le-voyage-de-calou\\\/#breadcrumb\",\"itemListElement\":[{\"@type\":\"ListItem\",\"position\":1,\"name\":\"Home\",\"item\":\"https:\\\/\\\/legsedition.net\\\/public\\\/\"},{\"@type\":\"ListItem\",\"position\":2,\"name\":\"Le voyage de Calou\"}]},{\"@type\":\"WebSite\",\"@id\":\"https:\\\/\\\/legsedition.net\\\/public\\\/#website\",\"url\":\"https:\\\/\\\/legsedition.net\\\/public\\\/\",\"name\":\"LEGS &Eacute;DITION\",\"description\":\"\",\"potentialAction\":[{\"@type\":\"SearchAction\",\"target\":{\"@type\":\"EntryPoint\",\"urlTemplate\":\"https:\\\/\\\/legsedition.net\\\/public\\\/?s={search_term_string}\"},\"query-input\":{\"@type\":\"PropertyValueSpecification\",\"valueRequired\":true,\"valueName\":\"search_term_string\"}}],\"inLanguage\":\"fr-FR\"}]}<\/script>\n<!-- \/ Yoast SEO plugin. -->","yoast_head_json":{"title":"Le voyage de Calou | LEGS &Eacute;DITION","robots":{"index":"index","follow":"follow","max-snippet":"max-snippet:-1","max-image-preview":"max-image-preview:large","max-video-preview":"max-video-preview:-1"},"canonical":"https:\/\/legsedition.net\/public\/le-voyage-de-calou\/","og_locale":"fr_FR","og_type":"article","og_title":"Le voyage de Calou | LEGS &Eacute;DITION","og_description":"Auteur : Soussoule Guerrier Titre : Le voyage de Calou Dessins et illustrations : Fritzg\u00e9rald Muscadin et Jhonny Jean Parution\u00a0:\u00a0\u00a016 novembre 2018 Collection : Jeunesse ISBN\u00a0:978-99970-86-40-2 | Commander ICI Prix\u00a0: 500 HTG ; 12,55 USD Cinq r\u00e9cits pleins de tendresse,...","og_url":"https:\/\/legsedition.net\/public\/le-voyage-de-calou\/","og_site_name":"LEGS &Eacute;DITION","article_publisher":"https:\/\/web.facebook.com\/LegsEtLitterature\/","article_modified_time":"2026-02-18T13:49:54+00:00","og_image":[{"width":329,"height":498,"url":"https:\/\/legsedition.net\/public\/wp-content\/uploads\/2018\/06\/cover_voyage_de_calou_1.png","type":"image\/png"}],"twitter_card":"summary_large_image","twitter_misc":{"Dur\u00e9e de lecture estim\u00e9e":"1 minute"},"schema":{"@context":"https:\/\/schema.org","@graph":[{"@type":"WebPage","@id":"https:\/\/legsedition.net\/public\/le-voyage-de-calou\/","url":"https:\/\/legsedition.net\/public\/le-voyage-de-calou\/","name":"Le voyage de Calou | LEGS &Eacute;DITION","isPartOf":{"@id":"https:\/\/legsedition.net\/public\/#website"},"primaryImageOfPage":{"@id":"https:\/\/legsedition.net\/public\/le-voyage-de-calou\/#primaryimage"},"image":{"@id":"https:\/\/legsedition.net\/public\/le-voyage-de-calou\/#primaryimage"},"thumbnailUrl":"https:\/\/legsedition.net\/public\/wp-content\/uploads\/2018\/06\/cover_voyage_de_calou_1-198x300.png","datePublished":"2018-11-16T19:46:12+00:00","dateModified":"2026-02-18T13:49:54+00:00","breadcrumb":{"@id":"https:\/\/legsedition.net\/public\/le-voyage-de-calou\/#breadcrumb"},"inLanguage":"fr-FR","potentialAction":[{"@type":"ReadAction","target":["https:\/\/legsedition.net\/public\/le-voyage-de-calou\/"]}]},{"@type":"ImageObject","inLanguage":"fr-FR","@id":"https:\/\/legsedition.net\/public\/le-voyage-de-calou\/#primaryimage","url":"https:\/\/legsedition.net\/public\/wp-content\/uploads\/2018\/06\/cover_voyage_de_calou_1.png","contentUrl":"https:\/\/legsedition.net\/public\/wp-content\/uploads\/2018\/06\/cover_voyage_de_calou_1.png","width":329,"height":498},{"@type":"BreadcrumbList","@id":"https:\/\/legsedition.net\/public\/le-voyage-de-calou\/#breadcrumb","itemListElement":[{"@type":"ListItem","position":1,"name":"Home","item":"https:\/\/legsedition.net\/public\/"},{"@type":"ListItem","position":2,"name":"Le voyage de Calou"}]},{"@type":"WebSite","@id":"https:\/\/legsedition.net\/public\/#website","url":"https:\/\/legsedition.net\/public\/","name":"LEGS &Eacute;DITION","description":"","potentialAction":[{"@type":"SearchAction","target":{"@type":"EntryPoint","urlTemplate":"https:\/\/legsedition.net\/public\/?s={search_term_string}"},"query-input":{"@type":"PropertyValueSpecification","valueRequired":true,"valueName":"search_term_string"}}],"inLanguage":"fr-FR"}]}},"_links":{"self":[{"href":"https:\/\/legsedition.net\/public\/wp-json\/wp\/v2\/pages\/2135","targetHints":{"allow":["GET"]}}],"collection":[{"href":"https:\/\/legsedition.net\/public\/wp-json\/wp\/v2\/pages"}],"about":[{"href":"https:\/\/legsedition.net\/public\/wp-json\/wp\/v2\/types\/page"}],"author":[{"embeddable":true,"href":"https:\/\/legsedition.net\/public\/wp-json\/wp\/v2\/users\/2"}],"replies":[{"embeddable":true,"href":"https:\/\/legsedition.net\/public\/wp-json\/wp\/v2\/comments?post=2135"}],"version-history":[{"count":8,"href":"https:\/\/legsedition.net\/public\/wp-json\/wp\/v2\/pages\/2135\/revisions"}],"predecessor-version":[{"id":9259,"href":"https:\/\/legsedition.net\/public\/wp-json\/wp\/v2\/pages\/2135\/revisions\/9259"}],"wp:attachment":[{"href":"https:\/\/legsedition.net\/public\/wp-json\/wp\/v2\/media?parent=2135"}],"curies":[{"name":"wp","href":"https:\/\/api.w.org\/{rel}","templated":true}]}}