{"id":2803,"date":"2019-05-20T15:58:31","date_gmt":"2019-05-20T15:58:31","guid":{"rendered":"https:\/\/legsedition.net\/public\/?page_id=2803"},"modified":"2026-02-18T14:01:40","modified_gmt":"2026-02-18T14:01:40","slug":"elderic-et-le-livre-des-mondes","status":"publish","type":"page","link":"https:\/\/legsedition.net\/public\/elderic-et-le-livre-des-mondes\/","title":{"rendered":"Eld\u00e9ric et le Livre des Mondes"},"content":{"rendered":"<p><strong><a href=\"https:\/\/legsedition.net\/public\/wp-content\/uploads\/2019\/04\/cover_elderic_et_le_livre_des_mondes_1.png\"><img fetchpriority=\"high\" decoding=\"async\" class=\"size-medium wp-image-2742 alignleft\" src=\"https:\/\/legsedition.net\/public\/wp-content\/uploads\/2019\/04\/cover_elderic_et_le_livre_des_mondes_1-200x300.png\" alt=\"\" width=\"200\" height=\"300\" srcset=\"https:\/\/legsedition.net\/public\/wp-content\/uploads\/2019\/04\/cover_elderic_et_le_livre_des_mondes_1-200x300.png 200w, https:\/\/legsedition.net\/public\/wp-content\/uploads\/2019\/04\/cover_elderic_et_le_livre_des_mondes_1-106x160.png 106w, https:\/\/legsedition.net\/public\/wp-content\/uploads\/2019\/04\/cover_elderic_et_le_livre_des_mondes_1.png 336w\" sizes=\"(max-width: 200px) 100vw, 200px\" \/><\/a><\/strong><\/p>\n<p style=\"margin: 0cm; margin-bottom: .0001pt;\"><strong>Auteur :\u00a0<\/strong>Marie Desvignes<\/p>\n<p><strong>Titre :\u00a0<\/strong><em>Eld\u00e9ric et le Livre des Mondes\u00a0<\/em>(Tome I)<\/p>\n<p><strong>Collection :\u00a0<\/strong><a href=\"https:\/\/legsedition.net\/public\/collection-je-decouvre-jeunesse\/\" target=\"_blank\" rel=\"noopener\">Jeunesse<\/a><\/p>\n<p><strong>Date de parution :\u00a0<\/strong>22 mai 2019<\/p>\n<p><strong>ISBN :\u00a0<\/strong>978-99970-86-44-0 | <a href=\"https:\/\/www.amazon.com\/Eld%C3%A9ric-Livre-Mondes-French-Desvignes\/dp\/9997086449\/ref=sr_1_2?crid=35KR7N3E1QIJF&amp;dib=eyJ2IjoiMSJ9.Q6hovld32hVSl12UEm1S5PCvz67Wx19DUPnUyRZarws.zvUDUrntIS0jXz_LQpsNiC7AAUYIx5pp4ZjGDo94IMM&amp;dib_tag=se&amp;keywords=Eld%C3%A9ric+et+le+Livre+des+Mondes&amp;qid=1771422994&amp;sprefix=eld%C3%A9ric+et+le+livre+des+mondes%2Caps%2C227&amp;sr=8-2\" target=\"_blank\" rel=\"noopener\">Commander ICI<\/a><\/p>\n<p style=\"margin: 0cm; margin-bottom: .0001pt;\"><strong>Prix :<\/strong> 900 Gdes; USD 19.95<\/p>\n<p><strong>\u00a0<\/strong><\/p>\n<p>Un soir d\u2019automne, une heure apr\u00e8s le renvoi, un violent incendie s\u2019est d\u00e9clar\u00e9 dans l\u2019unique \u00e9cole de la petite province de Saint-Andr\u00e9 et la d\u00e9truit compl\u00e8tement. Johann, un adolescent de treize ans qui se trouvait encore \u00e0 l\u2019int\u00e9rieur, est port\u00e9 disparu. C\u2019est la consternation. Aucune trace du petit gar\u00e7on que tout le monde croit mort. Transport\u00e9 dans un autre monde, sur le continent d\u2019Onirix, au sein du peuple Menz, Johann, dot\u00e9 alors de grands pouvoirs, se voit confier une grande mission\u00a0: celle de retrouver les manuscrits du Livre des Mondes vol\u00e9s depuis deux si\u00e8cles par la sorci\u00e8re Theuz.<\/p>\n<p>Roman d\u2019apprentissage, r\u00e9cit d\u2019initiation, ou conte philosophique,\u00a0<em>Eld\u00e9ric et le Livre des Mondes\u00a0<\/em>est un voyage initiatique au c\u0153ur du fantastique, un p\u00e9riple qui doit nous aider \u00e0 d\u00e9couvrir cette voix qui sommeille en nous.<\/p>\n<p>Qu\u00eate de soi, l\u00e9gende personnelle, ouverture \u00e0 l\u2019autre, ce roman, d\u2019une finesse d\u2019\u00e9criture qui s\u00e9duit en tous ses points tant par sa po\u00e9sie que par sa profondeur, est un tr\u00e9sor d\u2019\u00e9motions, d\u2019intrigues et de contrastes destin\u00e9 \u00e0 nous permettre d\u2019appr\u00e9hender et d\u2019interpr\u00e9ter le monde.<\/p>\n<p style=\"text-align: right;\"><strong>Mirline Pierre<\/strong><\/p>\n<p>\u2014<\/p>\n<p>Marie Desvignes est n\u00e9e \u00e0 Port-de-Bouc dans le Sud de la France, pr\u00e8s de Marseille. Po\u00e8te, nouvelliste et peintre, elle d\u00e9tient un Dipl\u00f4me d\u2019\u00e9tudes approfondies (DEA) en lettres de l\u2019Universit\u00e9 d\u2019Aix-en-Provence.\u00a0<em>Eld\u00e9ric et le Livre des Mondes<\/em>\u00a0est son deuxi\u00e8me roman.<\/p>\n<p><strong><u>Extrait :<\/u><\/strong><\/p>\n<blockquote>\n<p>[\u2026]<em>\u00a0Depuis quelques temps, plusieurs \u00e9v\u00e9nements \u00e9tranges \u00e9taient survenus dans notre petit village de campagne. D\u2019abord, deux de nos petits camarades avaient quitt\u00e9 le coll\u00e8ge, ensuite une fille est tomb\u00e9e gravement malade, puis ce fut le tour d\u2019un gar\u00e7on. \u00c0 chaque fois, apr\u00e8s une dispute en cour de r\u00e9cr\u00e9ation. Mais tout avait en r\u00e9alit\u00e9 commenc\u00e9 dans la classe de Madame Fine. Je pensais avoir fait une d\u00e9couverte\u00a0 d\u2019importance et je comptais en parler \u00e0 J\u00e9r\u00e9my mais j\u2019avais l\u2019impression d\u2019\u00eatre \u00e0 peu pr\u00e8s le seul \u00e0 vraiment\u00a0 prendre \u00e7a au s\u00e9rieux. Partag\u00e9s entre craintes et certitudes, J\u00e9r\u00e9my en jouait cruellement, s\u2019amusant \u00e0 accentuer l\u2019inqui\u00e9tude qui grandissait dans l\u2019esprit de chacun, et en profitait pour en rajouter dans l\u2019invraisemblable et le fantastique\u2026<\/em><\/p>\n<\/blockquote>\n<p>\u00a0<\/p>\n<p><strong>Dans la presse :<\/strong><\/p>\n<p><em><a href=\"https:\/\/alalettre.mondoblog.org\/2021\/07\/17\/elderic-et-le-livre-des-mondes-de-marie-desvignes\/\" target=\"_blank\" rel=\"noopener\">Eld\u00e9ric et le Livre des Mondes de Marie Desvignes<\/a>, <\/em>Dieulermesson Petit Frere, Mondoblog RFI, 17 juillet 2021.<\/p>\n<p><a href=\"https:\/\/l.facebook.com\/l.php?u=http%3A%2F%2Flenational.org%2Fpost_free.php%3Felif%3D1_CONTENUE%252Fculture%26rebmun%3D3920%26fbclid%3DIwAR0PebY8cCSZisTJAgN243FXwe6aUzMq0uOnC5ho3v1Zodyfaw1Ujg-7CCw&amp;h=AT2HDyrr1qSPVcE5OvSbx7QN81he6FFZxpToP81CgrXpygjBQAEKMYYpYj9uwFyEioPveGhW7-01u-W2cMDmWePhOaToPSfLE4a48uHBQiOpXqwjcx_cavJqOgT-zBq8QcIapJhjXnKcx10Cj8EyGVKoUlXO2EZ8_c67SzabsIp3pWbdR_OrE8rVpzjeiwoob9QGpPOBQH2oqrLjzQ2G7RVeuxRoibywyw5EpwCmOw9EGVFPeWdqAiMpNFmFEnCQM_QmnetIHmDBHb0iIjMquUWPRraXjFTrv2lhRGe6twN4yoHqSU_La3c03u-5_cDofocjbPKDs5IrgXQvRZ_M6pl1AjaWf2Ubjym79pFcWrhgdwES9WnHtU28kahwWF0FvwbZTvXCFuFBuY7PB5o-nC_hAs76RyfKYBjmeo1cJ0eUQicU4ur9M9e2vm_RtVvy0uDn0VZE5AlnbU2T65ZQVp-GPrsEQ0o4Sy5Ua9V8gN7lJ6VIxaF5cRXnBH05A7SyCRJ8E2_z0FNIOROcmWPSRodvmAYpvsD_gefX8Cqia7_whc-gsqKnt_3Ak-l5N4GKpBOgL5PY7Fu_bo95yTA-vqW2Mv4eP1ZKcDCY5NZah0IARmDtrZsRwEAekxrm7ZvWv1E\" target=\"_blank\" rel=\"noopener\"><em>Lecture : Eld\u00e9ric et le monde magique de Marie Desvignes<\/em><\/a>, Jenny Emmanuel T\u00e9lisma,\u00a0<em>Le National,\u00a0<\/em>2 ao\u00fbt 2019.<\/p>\n<p>\u00a0<\/p>\n\n\n<p><\/p>\n","protected":false},"excerpt":{"rendered":"<p>Auteur :\u00a0Marie Desvignes Titre :\u00a0Eld\u00e9ric et le Livre des Mondes\u00a0(Tome I) Collection :\u00a0Jeunesse Date de parution :\u00a022 mai 2019 ISBN :\u00a0978-99970-86-44-0 | Commander ICI Prix : 900 Gdes; USD 19.95 \u00a0 Un soir d\u2019automne, une heure apr\u00e8s le renvoi, un&#8230;<\/p>\n","protected":false},"author":2,"featured_media":2742,"parent":0,"menu_order":0,"comment_status":"closed","ping_status":"closed","template":"","meta":{"footnotes":""},"class_list":["post-2803","page","type-page","status-publish","has-post-thumbnail","hentry"],"yoast_head":"<!-- This site is optimized with the Yoast SEO plugin v27.3 - https:\/\/yoast.com\/product\/yoast-seo-wordpress\/ -->\n<title>Eld\u00e9ric et le Livre des Mondes | LEGS &Eacute;DITION<\/title>\n<meta name=\"robots\" content=\"index, follow, max-snippet:-1, max-image-preview:large, max-video-preview:-1\" \/>\n<link rel=\"canonical\" href=\"https:\/\/legsedition.net\/public\/elderic-et-le-livre-des-mondes\/\" \/>\n<meta property=\"og:locale\" content=\"fr_FR\" \/>\n<meta property=\"og:type\" content=\"article\" \/>\n<meta property=\"og:title\" content=\"Eld\u00e9ric et le Livre des Mondes | LEGS &Eacute;DITION\" \/>\n<meta property=\"og:description\" content=\"Auteur :\u00a0Marie Desvignes Titre :\u00a0Eld\u00e9ric et le Livre des Mondes\u00a0(Tome I) Collection :\u00a0Jeunesse Date de parution :\u00a022 mai 2019 ISBN :\u00a0978-99970-86-44-0 | Commander ICI Prix : 900 Gdes; USD 19.95 \u00a0 Un soir d\u2019automne, une heure apr\u00e8s le renvoi, un...\" \/>\n<meta property=\"og:url\" content=\"https:\/\/legsedition.net\/public\/elderic-et-le-livre-des-mondes\/\" \/>\n<meta property=\"og:site_name\" content=\"LEGS &Eacute;DITION\" \/>\n<meta property=\"article:publisher\" content=\"https:\/\/web.facebook.com\/LegsEtLitterature\/\" \/>\n<meta property=\"article:modified_time\" content=\"2026-02-18T14:01:40+00:00\" \/>\n<meta property=\"og:image\" content=\"https:\/\/legsedition.net\/public\/wp-content\/uploads\/2019\/04\/cover_elderic_et_le_livre_des_mondes_1.png\" \/>\n\t<meta property=\"og:image:width\" content=\"336\" \/>\n\t<meta property=\"og:image:height\" content=\"505\" \/>\n\t<meta property=\"og:image:type\" content=\"image\/png\" \/>\n<meta name=\"twitter:card\" content=\"summary_large_image\" \/>\n<meta name=\"twitter:label1\" content=\"Dur\u00e9e de lecture estim\u00e9e\" \/>\n\t<meta name=\"twitter:data1\" content=\"2 minutes\" \/>\n<script type=\"application\/ld+json\" class=\"yoast-schema-graph\">{\"@context\":\"https:\\\/\\\/schema.org\",\"@graph\":[{\"@type\":\"WebPage\",\"@id\":\"https:\\\/\\\/legsedition.net\\\/public\\\/elderic-et-le-livre-des-mondes\\\/\",\"url\":\"https:\\\/\\\/legsedition.net\\\/public\\\/elderic-et-le-livre-des-mondes\\\/\",\"name\":\"Eld\u00e9ric et le Livre des Mondes | LEGS &Eacute;DITION\",\"isPartOf\":{\"@id\":\"https:\\\/\\\/legsedition.net\\\/public\\\/#website\"},\"primaryImageOfPage\":{\"@id\":\"https:\\\/\\\/legsedition.net\\\/public\\\/elderic-et-le-livre-des-mondes\\\/#primaryimage\"},\"image\":{\"@id\":\"https:\\\/\\\/legsedition.net\\\/public\\\/elderic-et-le-livre-des-mondes\\\/#primaryimage\"},\"thumbnailUrl\":\"https:\\\/\\\/legsedition.net\\\/public\\\/wp-content\\\/uploads\\\/2019\\\/04\\\/cover_elderic_et_le_livre_des_mondes_1.png\",\"datePublished\":\"2019-05-20T15:58:31+00:00\",\"dateModified\":\"2026-02-18T14:01:40+00:00\",\"breadcrumb\":{\"@id\":\"https:\\\/\\\/legsedition.net\\\/public\\\/elderic-et-le-livre-des-mondes\\\/#breadcrumb\"},\"inLanguage\":\"fr-FR\",\"potentialAction\":[{\"@type\":\"ReadAction\",\"target\":[\"https:\\\/\\\/legsedition.net\\\/public\\\/elderic-et-le-livre-des-mondes\\\/\"]}]},{\"@type\":\"ImageObject\",\"inLanguage\":\"fr-FR\",\"@id\":\"https:\\\/\\\/legsedition.net\\\/public\\\/elderic-et-le-livre-des-mondes\\\/#primaryimage\",\"url\":\"https:\\\/\\\/legsedition.net\\\/public\\\/wp-content\\\/uploads\\\/2019\\\/04\\\/cover_elderic_et_le_livre_des_mondes_1.png\",\"contentUrl\":\"https:\\\/\\\/legsedition.net\\\/public\\\/wp-content\\\/uploads\\\/2019\\\/04\\\/cover_elderic_et_le_livre_des_mondes_1.png\",\"width\":336,\"height\":505},{\"@type\":\"BreadcrumbList\",\"@id\":\"https:\\\/\\\/legsedition.net\\\/public\\\/elderic-et-le-livre-des-mondes\\\/#breadcrumb\",\"itemListElement\":[{\"@type\":\"ListItem\",\"position\":1,\"name\":\"Home\",\"item\":\"https:\\\/\\\/legsedition.net\\\/public\\\/\"},{\"@type\":\"ListItem\",\"position\":2,\"name\":\"Eld\u00e9ric et le Livre des Mondes\"}]},{\"@type\":\"WebSite\",\"@id\":\"https:\\\/\\\/legsedition.net\\\/public\\\/#website\",\"url\":\"https:\\\/\\\/legsedition.net\\\/public\\\/\",\"name\":\"LEGS &Eacute;DITION\",\"description\":\"\",\"potentialAction\":[{\"@type\":\"SearchAction\",\"target\":{\"@type\":\"EntryPoint\",\"urlTemplate\":\"https:\\\/\\\/legsedition.net\\\/public\\\/?s={search_term_string}\"},\"query-input\":{\"@type\":\"PropertyValueSpecification\",\"valueRequired\":true,\"valueName\":\"search_term_string\"}}],\"inLanguage\":\"fr-FR\"}]}<\/script>\n<!-- \/ Yoast SEO plugin. -->","yoast_head_json":{"title":"Eld\u00e9ric et le Livre des Mondes | LEGS &Eacute;DITION","robots":{"index":"index","follow":"follow","max-snippet":"max-snippet:-1","max-image-preview":"max-image-preview:large","max-video-preview":"max-video-preview:-1"},"canonical":"https:\/\/legsedition.net\/public\/elderic-et-le-livre-des-mondes\/","og_locale":"fr_FR","og_type":"article","og_title":"Eld\u00e9ric et le Livre des Mondes | LEGS &Eacute;DITION","og_description":"Auteur :\u00a0Marie Desvignes Titre :\u00a0Eld\u00e9ric et le Livre des Mondes\u00a0(Tome I) Collection :\u00a0Jeunesse Date de parution :\u00a022 mai 2019 ISBN :\u00a0978-99970-86-44-0 | Commander ICI Prix : 900 Gdes; USD 19.95 \u00a0 Un soir d\u2019automne, une heure apr\u00e8s le renvoi, un...","og_url":"https:\/\/legsedition.net\/public\/elderic-et-le-livre-des-mondes\/","og_site_name":"LEGS &Eacute;DITION","article_publisher":"https:\/\/web.facebook.com\/LegsEtLitterature\/","article_modified_time":"2026-02-18T14:01:40+00:00","og_image":[{"width":336,"height":505,"url":"https:\/\/legsedition.net\/public\/wp-content\/uploads\/2019\/04\/cover_elderic_et_le_livre_des_mondes_1.png","type":"image\/png"}],"twitter_card":"summary_large_image","twitter_misc":{"Dur\u00e9e de lecture estim\u00e9e":"2 minutes"},"schema":{"@context":"https:\/\/schema.org","@graph":[{"@type":"WebPage","@id":"https:\/\/legsedition.net\/public\/elderic-et-le-livre-des-mondes\/","url":"https:\/\/legsedition.net\/public\/elderic-et-le-livre-des-mondes\/","name":"Eld\u00e9ric et le Livre des Mondes | LEGS &Eacute;DITION","isPartOf":{"@id":"https:\/\/legsedition.net\/public\/#website"},"primaryImageOfPage":{"@id":"https:\/\/legsedition.net\/public\/elderic-et-le-livre-des-mondes\/#primaryimage"},"image":{"@id":"https:\/\/legsedition.net\/public\/elderic-et-le-livre-des-mondes\/#primaryimage"},"thumbnailUrl":"https:\/\/legsedition.net\/public\/wp-content\/uploads\/2019\/04\/cover_elderic_et_le_livre_des_mondes_1.png","datePublished":"2019-05-20T15:58:31+00:00","dateModified":"2026-02-18T14:01:40+00:00","breadcrumb":{"@id":"https:\/\/legsedition.net\/public\/elderic-et-le-livre-des-mondes\/#breadcrumb"},"inLanguage":"fr-FR","potentialAction":[{"@type":"ReadAction","target":["https:\/\/legsedition.net\/public\/elderic-et-le-livre-des-mondes\/"]}]},{"@type":"ImageObject","inLanguage":"fr-FR","@id":"https:\/\/legsedition.net\/public\/elderic-et-le-livre-des-mondes\/#primaryimage","url":"https:\/\/legsedition.net\/public\/wp-content\/uploads\/2019\/04\/cover_elderic_et_le_livre_des_mondes_1.png","contentUrl":"https:\/\/legsedition.net\/public\/wp-content\/uploads\/2019\/04\/cover_elderic_et_le_livre_des_mondes_1.png","width":336,"height":505},{"@type":"BreadcrumbList","@id":"https:\/\/legsedition.net\/public\/elderic-et-le-livre-des-mondes\/#breadcrumb","itemListElement":[{"@type":"ListItem","position":1,"name":"Home","item":"https:\/\/legsedition.net\/public\/"},{"@type":"ListItem","position":2,"name":"Eld\u00e9ric et le Livre des Mondes"}]},{"@type":"WebSite","@id":"https:\/\/legsedition.net\/public\/#website","url":"https:\/\/legsedition.net\/public\/","name":"LEGS &Eacute;DITION","description":"","potentialAction":[{"@type":"SearchAction","target":{"@type":"EntryPoint","urlTemplate":"https:\/\/legsedition.net\/public\/?s={search_term_string}"},"query-input":{"@type":"PropertyValueSpecification","valueRequired":true,"valueName":"search_term_string"}}],"inLanguage":"fr-FR"}]}},"_links":{"self":[{"href":"https:\/\/legsedition.net\/public\/wp-json\/wp\/v2\/pages\/2803","targetHints":{"allow":["GET"]}}],"collection":[{"href":"https:\/\/legsedition.net\/public\/wp-json\/wp\/v2\/pages"}],"about":[{"href":"https:\/\/legsedition.net\/public\/wp-json\/wp\/v2\/types\/page"}],"author":[{"embeddable":true,"href":"https:\/\/legsedition.net\/public\/wp-json\/wp\/v2\/users\/2"}],"replies":[{"embeddable":true,"href":"https:\/\/legsedition.net\/public\/wp-json\/wp\/v2\/comments?post=2803"}],"version-history":[{"count":7,"href":"https:\/\/legsedition.net\/public\/wp-json\/wp\/v2\/pages\/2803\/revisions"}],"predecessor-version":[{"id":9261,"href":"https:\/\/legsedition.net\/public\/wp-json\/wp\/v2\/pages\/2803\/revisions\/9261"}],"wp:featuredmedia":[{"embeddable":true,"href":"https:\/\/legsedition.net\/public\/wp-json\/wp\/v2\/media\/2742"}],"wp:attachment":[{"href":"https:\/\/legsedition.net\/public\/wp-json\/wp\/v2\/media?parent=2803"}],"curies":[{"name":"wp","href":"https:\/\/api.w.org\/{rel}","templated":true}]}}