{"id":2818,"date":"2019-05-23T13:11:00","date_gmt":"2019-05-23T13:11:00","guid":{"rendered":"https:\/\/legsedition.net\/public\/?page_id=2818"},"modified":"2026-04-05T10:46:35","modified_gmt":"2026-04-05T10:46:35","slug":"tante-resia-et-les-dieux","status":"publish","type":"page","link":"https:\/\/legsedition.net\/public\/tante-resia-et-les-dieux\/","title":{"rendered":"Tante R\u00e9sia et les Dieux"},"content":{"rendered":"<p><strong><a href=\"https:\/\/legsedition.net\/public\/wp-content\/uploads\/2019\/05\/cover_tante_resia_1.png\"><img fetchpriority=\"high\" decoding=\"async\" class=\"alignleft wp-image-2755 \" src=\"https:\/\/legsedition.net\/public\/wp-content\/uploads\/2019\/05\/cover_tante_resia_1.png\" alt=\"\" width=\"247\" height=\"383\" srcset=\"https:\/\/legsedition.net\/public\/wp-content\/uploads\/2019\/05\/cover_tante_resia_1.png 295w, https:\/\/legsedition.net\/public\/wp-content\/uploads\/2019\/05\/cover_tante_resia_1-193x300.png 193w, https:\/\/legsedition.net\/public\/wp-content\/uploads\/2019\/05\/cover_tante_resia_1-103x160.png 103w\" sizes=\"(max-width: 247px) 100vw, 247px\" \/><\/a>Auteur :\u00a0<\/strong>Yanick Lahens<\/p>\n<p><strong>Titre :\u00a0<\/strong>Tante R\u00e9sia et les DIeux<\/p>\n<p><strong>Collection :\u00a0<\/strong><a href=\"https:\/\/legsedition.net\/public\/collection-voix-feminines\/\" target=\"_blank\" rel=\"noopener\">Voix F\u00e9minines<\/a><\/p>\n<p><strong>ISBN :<\/strong>978-99970-86-45-7<\/p>\n<p><strong>Parution : <\/strong>24 mai 2019<\/p>\n<p><strong>Prix :<\/strong> USD 13.80 | <a href=\"https:\/\/www.amazon.com\/Tante-R%C3%A9sia-French-Yanick-Lahens\/dp\/9997086457\/ref=sr_1_1?crid=LZTRUA5M3&amp;dib=eyJ2IjoiMSJ9.GqE3mM2DNJTAu7xRaBBZMA.ez2gDdiqJa9o-ldAkoBdmq8wydAn0ZK16zfPYOH_fHY&amp;dib_tag=se&amp;keywords=Tante+R%C3%A9sia+et+les+DIeux&amp;qid=1775385968&amp;sprefix=tante+r%C3%A9sia+et+les+dieux%2Caps%2C209&amp;sr=8-1\" target=\"_blank\" rel=\"noopener\">Commander ICI<\/a><\/p>\n<p style=\"text-align: justify;\"><em>Tante R\u00e9sia et les Dieux<\/em><a href=\"#_ftn1\" name=\"_ftnref1\">[1]<\/a> est le premier recueil de nouvelles de Yanick Lahens. Sa premi\u00e8re publication remonte \u00e0 1994 \u2013 quatre ans apr\u00e8s la parution de son unique essai<a href=\"#_ftn2\" name=\"_ftnref2\">[2]<\/a> sur la situation de l\u2019\u00e9crivain ha\u00eftien. Constitu\u00e9 de six nouvelles, toutes ancr\u00e9es dans le r\u00e9el ha\u00eftien, le livre est le signe annonciateur d\u2019une \u00e9criture tendre, d\u00e9j\u00e0 murie et qui se consolide. D\u2019une \u0153uvre en construction et d\u2019une voix qui se distingue et s\u2019impose, du coup, par la magie de son verbe et la nettet\u00e9 du style. Autrement dit, <em>Tante R\u00e9sia et les Dieux<\/em> est \u00e0 consid\u00e9rer, \u00e0 l\u2019\u00e9poque de sa parution, comme l\u2019acte de naissance d\u2019un \u00e9crivain \u00e0 venir.<\/p>\n<p style=\"text-align: justify;\">Voix majeure de la litt\u00e9rature f\u00e9minine ha\u00eftienne, Yanick Lahens porte dans ce livre un regard particulier sur la situation de son pays \u2013ce dont t\u00e9moigne d\u2019ailleurs l\u2019ensemble de son \u0153uvre \u2013. Il s\u2019agit bien de ces hommes et les femmes plut\u00f4t courageuses qui tentent de joindre difficilement les deux bouts, la beaut\u00e9 de la campagne et la fureur explosive de la ville.<\/p>\n<p>[&#8230;]<\/p>\n<p style=\"text-align: justify;\"><a href=\"#_ftnref1\" name=\"_ftn1\"><\/a><span style=\"font-size: revert; text-align: justify; color: initial;\">De l\u2019enfance nostalgique d\u2019une petite fille \u00e0 la fugue d\u2019un adolescent qui r\u00eave de libert\u00e9, des valeurs ancestrales et familiales \u00e0 la mis\u00e8re et l\u2019hypocrisie d\u2019une soci\u00e9t\u00e9 en d\u00e9cr\u00e9pitude, les six nouvelles de\u00a0<\/span><em style=\"font-size: revert; text-align: justify; color: initial;\">Tante R\u00e9sia et les Dieux<\/em><span style=\"font-size: revert; text-align: justify; color: initial;\">\u00a0mettent en relief toute la m\u00e9moire et le pr\u00e9sent d\u2019une \u00eele, douce et sauvage, o\u00f9 chacun s\u2019efforce de donner forme \u00e0 ses r\u00eaves pour ne pas d\u00e9senchanter de l\u2019avenir. Entre histoires de femmes, croyances populaires et violences chroniques, avec ce premier recueil, Yanick Lahens trace \u00e0 l\u2019encre forte le quotidien angoissant de tout un peuple qui ne jure que par l\u2019envie de vivre et d\u2019habiter son petit bout de terre.<\/span><\/p>\n<p><strong>\u00c0 propos de l\u2019auteure:<\/strong><\/p>\n<p style=\"text-align: justify;\">Yanick Lahens est n\u00e9e \u00e0 Port-au-Prince en 1953. D\u00e9tentrice d\u2019un Dipl\u00f4me d\u2019\u00c9tudes Approfondies (DEA) en Lettres de l\u2019Universit\u00e9 Paris-Sorbonne, \u00e0 son retour en Ha\u00efti, elle a enseign\u00e9 les lettres \u00e0 l\u2019\u00c9cole normale sup\u00e9rieure jusqu\u2019en 1995. Auteure de nombreux articles parus dans des revues dont <em>Chemins<\/em>\u00a0<em>critiques<\/em>,\u00a0<em>Cultura<\/em>,\u00a0<em>Boutures<\/em>,\u00a0<em>Conjonction<\/em>\u00a0et\u00a0<em>Legs et Litt\u00e9rature<\/em>, elle a publi\u00e9 son premier livre, un essai,\u00a0<em>L\u2019exil : entre l\u2019ancrage et la fuite, l\u2019\u00e9crivain ha\u00eftien<\/em>\u00a0en 1990. Son premier roman,\u00a0<em>Dans la maison du p\u00e8re<\/em>, paru en 2000, a re\u00e7u en 2002, le Prix du salon du livre de Leipzig. Laur\u00e9ate du prix Millepages en 2008 et du Prix du Livre RFO 2009 pour\u00a0<em>La Couleur de l\u2019aube<\/em>, elle a obtenu le prix Femina pour son roman\u00a0<em>Bain de lune<\/em> en 2014 paru chez Sabine Wespieser.<\/p>\n<p>&#8211; &#8211;<\/p>\n<p><a href=\"#_ftnref1\" name=\"_ftn1\">[1]<\/a>Le livre a \u00e9t\u00e9 publi\u00e9 chez L\u2019Harmattan en 1994 puis traduit en anglais par par Betty Wilson sous le titre de <em>Aunt R\u00e9sia and the Spirits and Other Stories. <\/em>Paru en 2010 sous les presses de l\u2019Universit\u00e9 de Virginia aux \u00c9tats-Unis, il est pr\u00e9fac\u00e9 par Edwidge Danticat et postfac\u00e9 par Agn\u00e8s Souriau.<\/p>\n<p><a href=\"#_ftnref2\" name=\"_ftn2\">[2]<\/a>Yanick Lahens, <em>L\u2019Exil: entre l\u2019ancrage et la fuite, l\u2019\u00e9crivain ha\u00eftien<\/em>, Port-au-Prince, Henri Deschamps, 1990.<\/p>\n<hr \/>\n<p><strong>Dans la presse :<\/strong><\/p>\n<p>Lucner Norgu\u00e8s, <a href=\"https:\/\/lenouvelliste.com\/article\/206441\/tante-resia-et-les-dieux-de-yanick-lahens-une-fenetre-pour-explorer-le-vodou\" target=\"_blank\" rel=\"noopener\">\u00abTante R\u00e9sia et les dieux \u00bb de Yanick Lahens, une fen\u00eatre pour explorer le vodou<\/a>, <em>Le Nouvelliste<\/em>, 18 mars 2019.<\/p>\n<p>Tichapo,\u00a0<a href=\"https:\/\/letempslitteraire.com\/2021\/06\/24\/yanick-lahens-a-la-lumiere-de-tante-resia\/\" target=\"_blank\" rel=\"noopener\">Yanick Lahens \u00e0 la lumi\u00e8re de tante R\u00e9sia<\/a>,\u00a0<em>Le Temps litteraire,\u00a0<\/em>24 ju9in 2021.<\/p>\n","protected":false},"excerpt":{"rendered":"<p>Auteur :\u00a0Yanick Lahens Titre :\u00a0Tante R\u00e9sia et les DIeux Collection :\u00a0Voix F\u00e9minines ISBN :978-99970-86-45-7 Parution : 24 mai 2019 Prix : USD 13.80 | Commander ICI Tante R\u00e9sia et les Dieux[1] est le premier recueil de nouvelles de Yanick Lahens&#8230;.<\/p>\n","protected":false},"author":2,"featured_media":2755,"parent":0,"menu_order":0,"comment_status":"closed","ping_status":"closed","template":"","meta":{"footnotes":""},"class_list":["post-2818","page","type-page","status-publish","has-post-thumbnail","hentry"],"yoast_head":"<!-- This site is optimized with the Yoast SEO plugin v27.3 - https:\/\/yoast.com\/product\/yoast-seo-wordpress\/ -->\n<title>Tante R\u00e9sia et les Dieux | LEGS &Eacute;DITION<\/title>\n<meta name=\"robots\" content=\"index, follow, max-snippet:-1, max-image-preview:large, max-video-preview:-1\" \/>\n<link rel=\"canonical\" href=\"https:\/\/legsedition.net\/public\/tante-resia-et-les-dieux\/\" \/>\n<meta property=\"og:locale\" content=\"fr_FR\" \/>\n<meta property=\"og:type\" content=\"article\" \/>\n<meta property=\"og:title\" content=\"Tante R\u00e9sia et les Dieux | LEGS &Eacute;DITION\" \/>\n<meta property=\"og:description\" content=\"Auteur :\u00a0Yanick Lahens Titre :\u00a0Tante R\u00e9sia et les DIeux Collection :\u00a0Voix F\u00e9minines ISBN :978-99970-86-45-7 Parution : 24 mai 2019 Prix : USD 13.80 | Commander ICI Tante R\u00e9sia et les Dieux[1] est le premier recueil de nouvelles de Yanick Lahens....\" \/>\n<meta property=\"og:url\" content=\"https:\/\/legsedition.net\/public\/tante-resia-et-les-dieux\/\" \/>\n<meta property=\"og:site_name\" content=\"LEGS &Eacute;DITION\" \/>\n<meta property=\"article:publisher\" content=\"https:\/\/web.facebook.com\/LegsEtLitterature\/\" \/>\n<meta property=\"article:modified_time\" content=\"2026-04-05T10:46:35+00:00\" \/>\n<meta property=\"og:image\" content=\"https:\/\/legsedition.net\/public\/wp-content\/uploads\/2019\/05\/cover_tante_resia_1.png\" \/>\n\t<meta property=\"og:image:width\" content=\"295\" \/>\n\t<meta property=\"og:image:height\" content=\"458\" \/>\n\t<meta property=\"og:image:type\" content=\"image\/png\" \/>\n<meta name=\"twitter:card\" content=\"summary_large_image\" \/>\n<meta name=\"twitter:label1\" content=\"Dur\u00e9e de lecture estim\u00e9e\" \/>\n\t<meta name=\"twitter:data1\" content=\"4 minutes\" \/>\n<script type=\"application\/ld+json\" class=\"yoast-schema-graph\">{\"@context\":\"https:\\\/\\\/schema.org\",\"@graph\":[{\"@type\":\"WebPage\",\"@id\":\"https:\\\/\\\/legsedition.net\\\/public\\\/tante-resia-et-les-dieux\\\/\",\"url\":\"https:\\\/\\\/legsedition.net\\\/public\\\/tante-resia-et-les-dieux\\\/\",\"name\":\"Tante R\u00e9sia et les Dieux | LEGS &Eacute;DITION\",\"isPartOf\":{\"@id\":\"https:\\\/\\\/legsedition.net\\\/public\\\/#website\"},\"primaryImageOfPage\":{\"@id\":\"https:\\\/\\\/legsedition.net\\\/public\\\/tante-resia-et-les-dieux\\\/#primaryimage\"},\"image\":{\"@id\":\"https:\\\/\\\/legsedition.net\\\/public\\\/tante-resia-et-les-dieux\\\/#primaryimage\"},\"thumbnailUrl\":\"https:\\\/\\\/legsedition.net\\\/public\\\/wp-content\\\/uploads\\\/2019\\\/05\\\/cover_tante_resia_1.png\",\"datePublished\":\"2019-05-23T13:11:00+00:00\",\"dateModified\":\"2026-04-05T10:46:35+00:00\",\"breadcrumb\":{\"@id\":\"https:\\\/\\\/legsedition.net\\\/public\\\/tante-resia-et-les-dieux\\\/#breadcrumb\"},\"inLanguage\":\"fr-FR\",\"potentialAction\":[{\"@type\":\"ReadAction\",\"target\":[\"https:\\\/\\\/legsedition.net\\\/public\\\/tante-resia-et-les-dieux\\\/\"]}]},{\"@type\":\"ImageObject\",\"inLanguage\":\"fr-FR\",\"@id\":\"https:\\\/\\\/legsedition.net\\\/public\\\/tante-resia-et-les-dieux\\\/#primaryimage\",\"url\":\"https:\\\/\\\/legsedition.net\\\/public\\\/wp-content\\\/uploads\\\/2019\\\/05\\\/cover_tante_resia_1.png\",\"contentUrl\":\"https:\\\/\\\/legsedition.net\\\/public\\\/wp-content\\\/uploads\\\/2019\\\/05\\\/cover_tante_resia_1.png\",\"width\":295,\"height\":458},{\"@type\":\"BreadcrumbList\",\"@id\":\"https:\\\/\\\/legsedition.net\\\/public\\\/tante-resia-et-les-dieux\\\/#breadcrumb\",\"itemListElement\":[{\"@type\":\"ListItem\",\"position\":1,\"name\":\"Home\",\"item\":\"https:\\\/\\\/legsedition.net\\\/public\\\/\"},{\"@type\":\"ListItem\",\"position\":2,\"name\":\"Tante R\u00e9sia et les Dieux\"}]},{\"@type\":\"WebSite\",\"@id\":\"https:\\\/\\\/legsedition.net\\\/public\\\/#website\",\"url\":\"https:\\\/\\\/legsedition.net\\\/public\\\/\",\"name\":\"LEGS &Eacute;DITION\",\"description\":\"\",\"potentialAction\":[{\"@type\":\"SearchAction\",\"target\":{\"@type\":\"EntryPoint\",\"urlTemplate\":\"https:\\\/\\\/legsedition.net\\\/public\\\/?s={search_term_string}\"},\"query-input\":{\"@type\":\"PropertyValueSpecification\",\"valueRequired\":true,\"valueName\":\"search_term_string\"}}],\"inLanguage\":\"fr-FR\"}]}<\/script>\n<!-- \/ Yoast SEO plugin. -->","yoast_head_json":{"title":"Tante R\u00e9sia et les Dieux | LEGS &Eacute;DITION","robots":{"index":"index","follow":"follow","max-snippet":"max-snippet:-1","max-image-preview":"max-image-preview:large","max-video-preview":"max-video-preview:-1"},"canonical":"https:\/\/legsedition.net\/public\/tante-resia-et-les-dieux\/","og_locale":"fr_FR","og_type":"article","og_title":"Tante R\u00e9sia et les Dieux | LEGS &Eacute;DITION","og_description":"Auteur :\u00a0Yanick Lahens Titre :\u00a0Tante R\u00e9sia et les DIeux Collection :\u00a0Voix F\u00e9minines ISBN :978-99970-86-45-7 Parution : 24 mai 2019 Prix : USD 13.80 | Commander ICI Tante R\u00e9sia et les Dieux[1] est le premier recueil de nouvelles de Yanick Lahens....","og_url":"https:\/\/legsedition.net\/public\/tante-resia-et-les-dieux\/","og_site_name":"LEGS &Eacute;DITION","article_publisher":"https:\/\/web.facebook.com\/LegsEtLitterature\/","article_modified_time":"2026-04-05T10:46:35+00:00","og_image":[{"width":295,"height":458,"url":"https:\/\/legsedition.net\/public\/wp-content\/uploads\/2019\/05\/cover_tante_resia_1.png","type":"image\/png"}],"twitter_card":"summary_large_image","twitter_misc":{"Dur\u00e9e de lecture estim\u00e9e":"4 minutes"},"schema":{"@context":"https:\/\/schema.org","@graph":[{"@type":"WebPage","@id":"https:\/\/legsedition.net\/public\/tante-resia-et-les-dieux\/","url":"https:\/\/legsedition.net\/public\/tante-resia-et-les-dieux\/","name":"Tante R\u00e9sia et les Dieux | LEGS &Eacute;DITION","isPartOf":{"@id":"https:\/\/legsedition.net\/public\/#website"},"primaryImageOfPage":{"@id":"https:\/\/legsedition.net\/public\/tante-resia-et-les-dieux\/#primaryimage"},"image":{"@id":"https:\/\/legsedition.net\/public\/tante-resia-et-les-dieux\/#primaryimage"},"thumbnailUrl":"https:\/\/legsedition.net\/public\/wp-content\/uploads\/2019\/05\/cover_tante_resia_1.png","datePublished":"2019-05-23T13:11:00+00:00","dateModified":"2026-04-05T10:46:35+00:00","breadcrumb":{"@id":"https:\/\/legsedition.net\/public\/tante-resia-et-les-dieux\/#breadcrumb"},"inLanguage":"fr-FR","potentialAction":[{"@type":"ReadAction","target":["https:\/\/legsedition.net\/public\/tante-resia-et-les-dieux\/"]}]},{"@type":"ImageObject","inLanguage":"fr-FR","@id":"https:\/\/legsedition.net\/public\/tante-resia-et-les-dieux\/#primaryimage","url":"https:\/\/legsedition.net\/public\/wp-content\/uploads\/2019\/05\/cover_tante_resia_1.png","contentUrl":"https:\/\/legsedition.net\/public\/wp-content\/uploads\/2019\/05\/cover_tante_resia_1.png","width":295,"height":458},{"@type":"BreadcrumbList","@id":"https:\/\/legsedition.net\/public\/tante-resia-et-les-dieux\/#breadcrumb","itemListElement":[{"@type":"ListItem","position":1,"name":"Home","item":"https:\/\/legsedition.net\/public\/"},{"@type":"ListItem","position":2,"name":"Tante R\u00e9sia et les Dieux"}]},{"@type":"WebSite","@id":"https:\/\/legsedition.net\/public\/#website","url":"https:\/\/legsedition.net\/public\/","name":"LEGS &Eacute;DITION","description":"","potentialAction":[{"@type":"SearchAction","target":{"@type":"EntryPoint","urlTemplate":"https:\/\/legsedition.net\/public\/?s={search_term_string}"},"query-input":{"@type":"PropertyValueSpecification","valueRequired":true,"valueName":"search_term_string"}}],"inLanguage":"fr-FR"}]}},"_links":{"self":[{"href":"https:\/\/legsedition.net\/public\/wp-json\/wp\/v2\/pages\/2818","targetHints":{"allow":["GET"]}}],"collection":[{"href":"https:\/\/legsedition.net\/public\/wp-json\/wp\/v2\/pages"}],"about":[{"href":"https:\/\/legsedition.net\/public\/wp-json\/wp\/v2\/types\/page"}],"author":[{"embeddable":true,"href":"https:\/\/legsedition.net\/public\/wp-json\/wp\/v2\/users\/2"}],"replies":[{"embeddable":true,"href":"https:\/\/legsedition.net\/public\/wp-json\/wp\/v2\/comments?post=2818"}],"version-history":[{"count":7,"href":"https:\/\/legsedition.net\/public\/wp-json\/wp\/v2\/pages\/2818\/revisions"}],"predecessor-version":[{"id":9424,"href":"https:\/\/legsedition.net\/public\/wp-json\/wp\/v2\/pages\/2818\/revisions\/9424"}],"wp:featuredmedia":[{"embeddable":true,"href":"https:\/\/legsedition.net\/public\/wp-json\/wp\/v2\/media\/2755"}],"wp:attachment":[{"href":"https:\/\/legsedition.net\/public\/wp-json\/wp\/v2\/media?parent=2818"}],"curies":[{"name":"wp","href":"https:\/\/api.w.org\/{rel}","templated":true}]}}