{"id":3037,"date":"2019-07-27T18:08:38","date_gmt":"2019-07-27T18:08:38","guid":{"rendered":"https:\/\/legsedition.net\/public\/?page_id=3037"},"modified":"2024-12-06T08:18:07","modified_gmt":"2024-12-06T08:18:07","slug":"stephane-chaumet","status":"publish","type":"page","link":"https:\/\/legsedition.net\/public\/stephane-chaumet\/","title":{"rendered":"St\u00e9phane Chaumet"},"content":{"rendered":"<p><a href=\"https:\/\/legsedition.net\/public\/wp-content\/uploads\/2019\/07\/St\u00e9phane-Chaumet-Singapour-1.jpg\"><img fetchpriority=\"high\" decoding=\"async\" class=\"alignleft wp-image-3039 \" src=\"https:\/\/legsedition.net\/public\/wp-content\/uploads\/2019\/07\/St\u00e9phane-Chaumet-Singapour-1.jpg\" alt=\"\" width=\"281\" height=\"242\" srcset=\"https:\/\/legsedition.net\/public\/wp-content\/uploads\/2019\/07\/St\u00e9phane-Chaumet-Singapour-1.jpg 1742w, https:\/\/legsedition.net\/public\/wp-content\/uploads\/2019\/07\/St\u00e9phane-Chaumet-Singapour-1-600x517.jpg 600w, https:\/\/legsedition.net\/public\/wp-content\/uploads\/2019\/07\/St\u00e9phane-Chaumet-Singapour-1-300x258.jpg 300w, https:\/\/legsedition.net\/public\/wp-content\/uploads\/2019\/07\/St\u00e9phane-Chaumet-Singapour-1-768x661.jpg 768w, https:\/\/legsedition.net\/public\/wp-content\/uploads\/2019\/07\/St\u00e9phane-Chaumet-Singapour-1-1024x882.jpg 1024w, https:\/\/legsedition.net\/public\/wp-content\/uploads\/2019\/07\/St\u00e9phane-Chaumet-Singapour-1-186x160.jpg 186w\" sizes=\"(max-width: 281px) 100vw, 281px\" \/><\/a><\/p>\n<p>St\u00e9phane Chaumet est n\u00e9 \u00e0 Dunkerque dans la r\u00e9gion Hauts-de-France en 1971. Il a v\u00e9cu dans plusieurs pays d&rsquo;Europe dont l&rsquo;Allemagne, la Belgique et l&rsquo;Espagne, d&rsquo;Am\u00e9rique dont le Mexique, l&rsquo;Argentine, le Salvador, la Colombie, et les \u00c9tats-Unis et d&rsquo;Asie dont la Chine et Singapour. Auteur de livres de po\u00e9sie et de romans, il vit aujourd\u2019hui \u00e0 Bogot\u00e1. <em>L&rsquo;\u00eele impasse<\/em> est son deuxi\u00e8me r\u00e9cit.<\/p>\n<p>__________________________________________________<\/p>\n<p><strong>Publication chez LEGS \u00c9DITION<\/strong><\/p>\n<p><a href=\"https:\/\/legsedition.net\/public\/2019\/07\/30\/lile-impasse\/\" target=\"_blank\" rel=\"noopener\"><em>L&rsquo;\u00eele impasse<\/em><\/a>, 2019<\/p>\n<p><a href=\"https:\/\/legsedition.net\/public\/wp-content\/uploads\/2019\/07\/cover_l-ile_impasse.png\"><img decoding=\"async\" class=\"alignnone size-medium wp-image-2974\" src=\"https:\/\/legsedition.net\/public\/wp-content\/uploads\/2019\/07\/cover_l-ile_impasse-167x300.png\" alt=\"\" width=\"167\" height=\"300\" srcset=\"https:\/\/legsedition.net\/public\/wp-content\/uploads\/2019\/07\/cover_l-ile_impasse-167x300.png 167w, https:\/\/legsedition.net\/public\/wp-content\/uploads\/2019\/07\/cover_l-ile_impasse-89x160.png 89w, https:\/\/legsedition.net\/public\/wp-content\/uploads\/2019\/07\/cover_l-ile_impasse.png 282w\" sizes=\"(max-width: 167px) 100vw, 167px\" \/><\/a><\/p>\n","protected":false},"excerpt":{"rendered":"<p>St\u00e9phane Chaumet est n\u00e9 \u00e0 Dunkerque dans la r\u00e9gion Hauts-de-France en 1971. Il a v\u00e9cu dans plusieurs pays d&rsquo;Europe dont l&rsquo;Allemagne, la Belgique et l&rsquo;Espagne, d&rsquo;Am\u00e9rique dont le Mexique, l&rsquo;Argentine, le Salvador, la Colombie, et les \u00c9tats-Unis et d&rsquo;Asie dont&#8230;<\/p>\n","protected":false},"author":2,"featured_media":0,"parent":0,"menu_order":0,"comment_status":"closed","ping_status":"closed","template":"","meta":{"footnotes":""},"class_list":["post-3037","page","type-page","status-publish","hentry","no-post-thumbnail"],"yoast_head":"<!-- This site is optimized with the Yoast SEO plugin v27.3 - https:\/\/yoast.com\/product\/yoast-seo-wordpress\/ -->\n<title>St\u00e9phane Chaumet | LEGS &Eacute;DITION<\/title>\n<meta name=\"robots\" content=\"index, follow, max-snippet:-1, max-image-preview:large, max-video-preview:-1\" \/>\n<link rel=\"canonical\" href=\"https:\/\/legsedition.net\/public\/stephane-chaumet\/\" \/>\n<meta property=\"og:locale\" content=\"fr_FR\" \/>\n<meta property=\"og:type\" content=\"article\" \/>\n<meta property=\"og:title\" content=\"St\u00e9phane Chaumet | LEGS &Eacute;DITION\" \/>\n<meta property=\"og:description\" content=\"St\u00e9phane Chaumet est n\u00e9 \u00e0 Dunkerque dans la r\u00e9gion Hauts-de-France en 1971. Il a v\u00e9cu dans plusieurs pays d&rsquo;Europe dont l&rsquo;Allemagne, la Belgique et l&rsquo;Espagne, d&rsquo;Am\u00e9rique dont le Mexique, l&rsquo;Argentine, le Salvador, la Colombie, et les \u00c9tats-Unis et d&rsquo;Asie dont...\" \/>\n<meta property=\"og:url\" content=\"https:\/\/legsedition.net\/public\/stephane-chaumet\/\" \/>\n<meta property=\"og:site_name\" content=\"LEGS &Eacute;DITION\" \/>\n<meta property=\"article:publisher\" content=\"https:\/\/web.facebook.com\/LegsEtLitterature\/\" \/>\n<meta property=\"article:modified_time\" content=\"2024-12-06T08:18:07+00:00\" \/>\n<meta property=\"og:image\" content=\"https:\/\/legsedition.net\/public\/wp-content\/uploads\/2019\/07\/cover_l-ile_impasse-167x300.png\" \/>\n<meta name=\"twitter:card\" content=\"summary_large_image\" \/>\n<meta name=\"twitter:label1\" content=\"Dur\u00e9e de lecture estim\u00e9e\" \/>\n\t<meta name=\"twitter:data1\" content=\"1 minute\" \/>\n<script type=\"application\/ld+json\" class=\"yoast-schema-graph\">{\"@context\":\"https:\\\/\\\/schema.org\",\"@graph\":[{\"@type\":\"WebPage\",\"@id\":\"https:\\\/\\\/legsedition.net\\\/public\\\/stephane-chaumet\\\/\",\"url\":\"https:\\\/\\\/legsedition.net\\\/public\\\/stephane-chaumet\\\/\",\"name\":\"St\u00e9phane Chaumet | LEGS &Eacute;DITION\",\"isPartOf\":{\"@id\":\"https:\\\/\\\/legsedition.net\\\/public\\\/#website\"},\"primaryImageOfPage\":{\"@id\":\"https:\\\/\\\/legsedition.net\\\/public\\\/stephane-chaumet\\\/#primaryimage\"},\"image\":{\"@id\":\"https:\\\/\\\/legsedition.net\\\/public\\\/stephane-chaumet\\\/#primaryimage\"},\"thumbnailUrl\":\"https:\\\/\\\/legsedition.net\\\/public\\\/wp-content\\\/uploads\\\/2019\\\/07\\\/cover_l-ile_impasse-167x300.png\",\"datePublished\":\"2019-07-27T18:08:38+00:00\",\"dateModified\":\"2024-12-06T08:18:07+00:00\",\"breadcrumb\":{\"@id\":\"https:\\\/\\\/legsedition.net\\\/public\\\/stephane-chaumet\\\/#breadcrumb\"},\"inLanguage\":\"fr-FR\",\"potentialAction\":[{\"@type\":\"ReadAction\",\"target\":[\"https:\\\/\\\/legsedition.net\\\/public\\\/stephane-chaumet\\\/\"]}]},{\"@type\":\"ImageObject\",\"inLanguage\":\"fr-FR\",\"@id\":\"https:\\\/\\\/legsedition.net\\\/public\\\/stephane-chaumet\\\/#primaryimage\",\"url\":\"https:\\\/\\\/legsedition.net\\\/public\\\/wp-content\\\/uploads\\\/2019\\\/07\\\/cover_l-ile_impasse.png\",\"contentUrl\":\"https:\\\/\\\/legsedition.net\\\/public\\\/wp-content\\\/uploads\\\/2019\\\/07\\\/cover_l-ile_impasse.png\",\"width\":282,\"height\":508},{\"@type\":\"BreadcrumbList\",\"@id\":\"https:\\\/\\\/legsedition.net\\\/public\\\/stephane-chaumet\\\/#breadcrumb\",\"itemListElement\":[{\"@type\":\"ListItem\",\"position\":1,\"name\":\"Home\",\"item\":\"https:\\\/\\\/legsedition.net\\\/public\\\/\"},{\"@type\":\"ListItem\",\"position\":2,\"name\":\"St\u00e9phane Chaumet\"}]},{\"@type\":\"WebSite\",\"@id\":\"https:\\\/\\\/legsedition.net\\\/public\\\/#website\",\"url\":\"https:\\\/\\\/legsedition.net\\\/public\\\/\",\"name\":\"LEGS &Eacute;DITION\",\"description\":\"\",\"potentialAction\":[{\"@type\":\"SearchAction\",\"target\":{\"@type\":\"EntryPoint\",\"urlTemplate\":\"https:\\\/\\\/legsedition.net\\\/public\\\/?s={search_term_string}\"},\"query-input\":{\"@type\":\"PropertyValueSpecification\",\"valueRequired\":true,\"valueName\":\"search_term_string\"}}],\"inLanguage\":\"fr-FR\"}]}<\/script>\n<!-- \/ Yoast SEO plugin. -->","yoast_head_json":{"title":"St\u00e9phane Chaumet | LEGS &Eacute;DITION","robots":{"index":"index","follow":"follow","max-snippet":"max-snippet:-1","max-image-preview":"max-image-preview:large","max-video-preview":"max-video-preview:-1"},"canonical":"https:\/\/legsedition.net\/public\/stephane-chaumet\/","og_locale":"fr_FR","og_type":"article","og_title":"St\u00e9phane Chaumet | LEGS &Eacute;DITION","og_description":"St\u00e9phane Chaumet est n\u00e9 \u00e0 Dunkerque dans la r\u00e9gion Hauts-de-France en 1971. Il a v\u00e9cu dans plusieurs pays d&rsquo;Europe dont l&rsquo;Allemagne, la Belgique et l&rsquo;Espagne, d&rsquo;Am\u00e9rique dont le Mexique, l&rsquo;Argentine, le Salvador, la Colombie, et les \u00c9tats-Unis et d&rsquo;Asie dont...","og_url":"https:\/\/legsedition.net\/public\/stephane-chaumet\/","og_site_name":"LEGS &Eacute;DITION","article_publisher":"https:\/\/web.facebook.com\/LegsEtLitterature\/","article_modified_time":"2024-12-06T08:18:07+00:00","og_image":[{"url":"https:\/\/legsedition.net\/public\/wp-content\/uploads\/2019\/07\/cover_l-ile_impasse-167x300.png","type":"","width":"","height":""}],"twitter_card":"summary_large_image","twitter_misc":{"Dur\u00e9e de lecture estim\u00e9e":"1 minute"},"schema":{"@context":"https:\/\/schema.org","@graph":[{"@type":"WebPage","@id":"https:\/\/legsedition.net\/public\/stephane-chaumet\/","url":"https:\/\/legsedition.net\/public\/stephane-chaumet\/","name":"St\u00e9phane Chaumet | LEGS &Eacute;DITION","isPartOf":{"@id":"https:\/\/legsedition.net\/public\/#website"},"primaryImageOfPage":{"@id":"https:\/\/legsedition.net\/public\/stephane-chaumet\/#primaryimage"},"image":{"@id":"https:\/\/legsedition.net\/public\/stephane-chaumet\/#primaryimage"},"thumbnailUrl":"https:\/\/legsedition.net\/public\/wp-content\/uploads\/2019\/07\/cover_l-ile_impasse-167x300.png","datePublished":"2019-07-27T18:08:38+00:00","dateModified":"2024-12-06T08:18:07+00:00","breadcrumb":{"@id":"https:\/\/legsedition.net\/public\/stephane-chaumet\/#breadcrumb"},"inLanguage":"fr-FR","potentialAction":[{"@type":"ReadAction","target":["https:\/\/legsedition.net\/public\/stephane-chaumet\/"]}]},{"@type":"ImageObject","inLanguage":"fr-FR","@id":"https:\/\/legsedition.net\/public\/stephane-chaumet\/#primaryimage","url":"https:\/\/legsedition.net\/public\/wp-content\/uploads\/2019\/07\/cover_l-ile_impasse.png","contentUrl":"https:\/\/legsedition.net\/public\/wp-content\/uploads\/2019\/07\/cover_l-ile_impasse.png","width":282,"height":508},{"@type":"BreadcrumbList","@id":"https:\/\/legsedition.net\/public\/stephane-chaumet\/#breadcrumb","itemListElement":[{"@type":"ListItem","position":1,"name":"Home","item":"https:\/\/legsedition.net\/public\/"},{"@type":"ListItem","position":2,"name":"St\u00e9phane Chaumet"}]},{"@type":"WebSite","@id":"https:\/\/legsedition.net\/public\/#website","url":"https:\/\/legsedition.net\/public\/","name":"LEGS &Eacute;DITION","description":"","potentialAction":[{"@type":"SearchAction","target":{"@type":"EntryPoint","urlTemplate":"https:\/\/legsedition.net\/public\/?s={search_term_string}"},"query-input":{"@type":"PropertyValueSpecification","valueRequired":true,"valueName":"search_term_string"}}],"inLanguage":"fr-FR"}]}},"_links":{"self":[{"href":"https:\/\/legsedition.net\/public\/wp-json\/wp\/v2\/pages\/3037","targetHints":{"allow":["GET"]}}],"collection":[{"href":"https:\/\/legsedition.net\/public\/wp-json\/wp\/v2\/pages"}],"about":[{"href":"https:\/\/legsedition.net\/public\/wp-json\/wp\/v2\/types\/page"}],"author":[{"embeddable":true,"href":"https:\/\/legsedition.net\/public\/wp-json\/wp\/v2\/users\/2"}],"replies":[{"embeddable":true,"href":"https:\/\/legsedition.net\/public\/wp-json\/wp\/v2\/comments?post=3037"}],"version-history":[{"count":5,"href":"https:\/\/legsedition.net\/public\/wp-json\/wp\/v2\/pages\/3037\/revisions"}],"predecessor-version":[{"id":7687,"href":"https:\/\/legsedition.net\/public\/wp-json\/wp\/v2\/pages\/3037\/revisions\/7687"}],"wp:attachment":[{"href":"https:\/\/legsedition.net\/public\/wp-json\/wp\/v2\/media?parent=3037"}],"curies":[{"name":"wp","href":"https:\/\/api.w.org\/{rel}","templated":true}]}}