{"id":3090,"date":"2019-08-19T16:54:38","date_gmt":"2019-08-19T16:54:38","guid":{"rendered":"https:\/\/legsedition.net\/public\/?page_id=3090"},"modified":"2023-04-07T20:04:37","modified_gmt":"2023-04-07T20:04:37","slug":"georges-sylvain","status":"publish","type":"page","link":"https:\/\/legsedition.net\/public\/georges-sylvain\/","title":{"rendered":"Georges Sylvain"},"content":{"rendered":"<figure id=\"attachment_3091\" aria-describedby=\"caption-attachment-3091\" style=\"width: 225px\" class=\"wp-caption alignleft\"><a href=\"https:\/\/legsedition.net\/public\/wp-content\/uploads\/2019\/08\/Georges_Sylvain-1909.jpg\"><img decoding=\"async\" class=\"wp-image-3091 \" src=\"https:\/\/legsedition.net\/public\/wp-content\/uploads\/2019\/08\/Georges_Sylvain-1909.jpg\" alt=\"\" width=\"225\" height=\"167\" srcset=\"https:\/\/legsedition.net\/public\/wp-content\/uploads\/2019\/08\/Georges_Sylvain-1909.jpg 1200w, https:\/\/legsedition.net\/public\/wp-content\/uploads\/2019\/08\/Georges_Sylvain-1909-600x446.jpg 600w, https:\/\/legsedition.net\/public\/wp-content\/uploads\/2019\/08\/Georges_Sylvain-1909-300x223.jpg 300w, https:\/\/legsedition.net\/public\/wp-content\/uploads\/2019\/08\/Georges_Sylvain-1909-768x571.jpg 768w, https:\/\/legsedition.net\/public\/wp-content\/uploads\/2019\/08\/Georges_Sylvain-1909-1024x761.jpg 1024w, https:\/\/legsedition.net\/public\/wp-content\/uploads\/2019\/08\/Georges_Sylvain-1909-215x160.jpg 215w\" sizes=\"(max-width: 225px) 100vw, 225px\" \/><\/a><figcaption id=\"caption-attachment-3091\" class=\"wp-caption-text\">\u00a9 BnF | gallica.fr<\/figcaption><\/figure>\n<p>Po\u00e8te, essayiste, diplomate et homme politique, Georges Sylvain na\u00eet le 2 avril 1865 \u00e0 Puerto-Plata en R\u00e9publique dominicaine. Il fait ses \u00e9tudes chez les fr\u00e8res de l\u2019Instruction Chr\u00e9tienne de Port-de-Paix, fr\u00e9quente ensuite le Petit S\u00e9minaire Coll\u00e8ge Saint-Martial de Port-au-Prince et le Coll\u00e8ge Stanislas de Paris. Il \u00e9tudie le droit et les lettres \u00e0 la Facult\u00e9 des Lettres et la Facult\u00e9 de Droit de Paris.<\/p>\n<p>Auteur d&rsquo;un unique recueil de po\u00e8mes,\u00a0<em>Confidences et M\u00e9lancolies,\u00a0<\/em>publi\u00e9 en 1902, il a aussi publi\u00e9 un recueil de fables en cr\u00e9ole,\u00a0<em>Cric-Crac, <\/em>adaptation des <em>Fables<\/em> de La Fontaine,\u00a0et trois essais. Il meurt le 2 ao\u00fbt 1925 \u00e0 Port-au-Prince.\u00a0[<a href=\"http:\/\/ile-en-ile.org\/sylvain_georges\/\" target=\"_blank\" rel=\"noopener\">Voir sa pr\u00e9sentation sur \u00cele en \u00cele<\/a>]<\/p>\n<p>&nbsp;<\/p>\n<p><strong>Publication chez LEGS \u00c9DITION<\/strong><\/p>\n<p><a href=\"https:\/\/legsedition.net\/public\/confidences-et-melancolies\/\" target=\"_blank\" rel=\"noopener\"><em>Confidences et M\u00e9lancolies<\/em><\/a>, 2014<\/p>\n<p><a href=\"https:\/\/legsedition.net\/public\/wp-content\/uploads\/2021\/07\/Cover_Confidences.png\"><img fetchpriority=\"high\" decoding=\"async\" class=\"alignnone wp-image-4056 size-medium\" src=\"https:\/\/legsedition.net\/public\/wp-content\/uploads\/2021\/07\/Cover_Confidences-202x300.png\" alt=\"\" width=\"202\" height=\"300\" srcset=\"https:\/\/legsedition.net\/public\/wp-content\/uploads\/2021\/07\/Cover_Confidences-202x300.png 202w, https:\/\/legsedition.net\/public\/wp-content\/uploads\/2021\/07\/Cover_Confidences-108x160.png 108w, https:\/\/legsedition.net\/public\/wp-content\/uploads\/2021\/07\/Cover_Confidences.png 305w\" sizes=\"(max-width: 202px) 100vw, 202px\" \/><\/a><\/p>\n<p>&nbsp;<\/p>\n","protected":false},"excerpt":{"rendered":"<p>Po\u00e8te, essayiste, diplomate et homme politique, Georges Sylvain na\u00eet le 2 avril 1865 \u00e0 Puerto-Plata en R\u00e9publique dominicaine. Il fait ses \u00e9tudes chez les fr\u00e8res de l\u2019Instruction Chr\u00e9tienne de Port-de-Paix, fr\u00e9quente ensuite le Petit S\u00e9minaire Coll\u00e8ge Saint-Martial de Port-au-Prince et&#8230;<\/p>\n","protected":false},"author":2,"featured_media":0,"parent":0,"menu_order":0,"comment_status":"closed","ping_status":"closed","template":"","meta":{"footnotes":""},"class_list":["post-3090","page","type-page","status-publish","hentry","no-post-thumbnail"],"yoast_head":"<!-- This site is optimized with the Yoast SEO plugin v27.3 - https:\/\/yoast.com\/product\/yoast-seo-wordpress\/ -->\n<title>Georges Sylvain | LEGS &Eacute;DITION<\/title>\n<meta name=\"robots\" content=\"index, follow, max-snippet:-1, max-image-preview:large, max-video-preview:-1\" \/>\n<link rel=\"canonical\" href=\"https:\/\/legsedition.net\/public\/georges-sylvain\/\" \/>\n<meta property=\"og:locale\" content=\"fr_FR\" \/>\n<meta property=\"og:type\" content=\"article\" \/>\n<meta property=\"og:title\" content=\"Georges Sylvain | LEGS &Eacute;DITION\" \/>\n<meta property=\"og:description\" content=\"Po\u00e8te, essayiste, diplomate et homme politique, Georges Sylvain na\u00eet le 2 avril 1865 \u00e0 Puerto-Plata en R\u00e9publique dominicaine. Il fait ses \u00e9tudes chez les fr\u00e8res de l\u2019Instruction Chr\u00e9tienne de Port-de-Paix, fr\u00e9quente ensuite le Petit S\u00e9minaire Coll\u00e8ge Saint-Martial de Port-au-Prince et...\" \/>\n<meta property=\"og:url\" content=\"https:\/\/legsedition.net\/public\/georges-sylvain\/\" \/>\n<meta property=\"og:site_name\" content=\"LEGS &Eacute;DITION\" \/>\n<meta property=\"article:publisher\" content=\"https:\/\/web.facebook.com\/LegsEtLitterature\/\" \/>\n<meta property=\"article:modified_time\" content=\"2023-04-07T20:04:37+00:00\" \/>\n<meta property=\"og:image\" content=\"https:\/\/legsedition.net\/public\/wp-content\/uploads\/2019\/08\/Georges_Sylvain-1909.jpg\" \/>\n<meta name=\"twitter:card\" content=\"summary_large_image\" \/>\n<meta name=\"twitter:label1\" content=\"Dur\u00e9e de lecture estim\u00e9e\" \/>\n\t<meta name=\"twitter:data1\" content=\"1 minute\" \/>\n<script type=\"application\/ld+json\" class=\"yoast-schema-graph\">{\"@context\":\"https:\\\/\\\/schema.org\",\"@graph\":[{\"@type\":\"WebPage\",\"@id\":\"https:\\\/\\\/legsedition.net\\\/public\\\/georges-sylvain\\\/\",\"url\":\"https:\\\/\\\/legsedition.net\\\/public\\\/georges-sylvain\\\/\",\"name\":\"Georges Sylvain | LEGS &Eacute;DITION\",\"isPartOf\":{\"@id\":\"https:\\\/\\\/legsedition.net\\\/public\\\/#website\"},\"primaryImageOfPage\":{\"@id\":\"https:\\\/\\\/legsedition.net\\\/public\\\/georges-sylvain\\\/#primaryimage\"},\"image\":{\"@id\":\"https:\\\/\\\/legsedition.net\\\/public\\\/georges-sylvain\\\/#primaryimage\"},\"thumbnailUrl\":\"https:\\\/\\\/legsedition.net\\\/public\\\/wp-content\\\/uploads\\\/2019\\\/08\\\/Georges_Sylvain-1909.jpg\",\"datePublished\":\"2019-08-19T16:54:38+00:00\",\"dateModified\":\"2023-04-07T20:04:37+00:00\",\"breadcrumb\":{\"@id\":\"https:\\\/\\\/legsedition.net\\\/public\\\/georges-sylvain\\\/#breadcrumb\"},\"inLanguage\":\"fr-FR\",\"potentialAction\":[{\"@type\":\"ReadAction\",\"target\":[\"https:\\\/\\\/legsedition.net\\\/public\\\/georges-sylvain\\\/\"]}]},{\"@type\":\"ImageObject\",\"inLanguage\":\"fr-FR\",\"@id\":\"https:\\\/\\\/legsedition.net\\\/public\\\/georges-sylvain\\\/#primaryimage\",\"url\":\"https:\\\/\\\/legsedition.net\\\/public\\\/wp-content\\\/uploads\\\/2019\\\/08\\\/Georges_Sylvain-1909.jpg\",\"contentUrl\":\"https:\\\/\\\/legsedition.net\\\/public\\\/wp-content\\\/uploads\\\/2019\\\/08\\\/Georges_Sylvain-1909.jpg\",\"width\":1200,\"height\":892},{\"@type\":\"BreadcrumbList\",\"@id\":\"https:\\\/\\\/legsedition.net\\\/public\\\/georges-sylvain\\\/#breadcrumb\",\"itemListElement\":[{\"@type\":\"ListItem\",\"position\":1,\"name\":\"Home\",\"item\":\"https:\\\/\\\/legsedition.net\\\/public\\\/\"},{\"@type\":\"ListItem\",\"position\":2,\"name\":\"Georges Sylvain\"}]},{\"@type\":\"WebSite\",\"@id\":\"https:\\\/\\\/legsedition.net\\\/public\\\/#website\",\"url\":\"https:\\\/\\\/legsedition.net\\\/public\\\/\",\"name\":\"LEGS &Eacute;DITION\",\"description\":\"\",\"potentialAction\":[{\"@type\":\"SearchAction\",\"target\":{\"@type\":\"EntryPoint\",\"urlTemplate\":\"https:\\\/\\\/legsedition.net\\\/public\\\/?s={search_term_string}\"},\"query-input\":{\"@type\":\"PropertyValueSpecification\",\"valueRequired\":true,\"valueName\":\"search_term_string\"}}],\"inLanguage\":\"fr-FR\"}]}<\/script>\n<!-- \/ Yoast SEO plugin. -->","yoast_head_json":{"title":"Georges Sylvain | LEGS &Eacute;DITION","robots":{"index":"index","follow":"follow","max-snippet":"max-snippet:-1","max-image-preview":"max-image-preview:large","max-video-preview":"max-video-preview:-1"},"canonical":"https:\/\/legsedition.net\/public\/georges-sylvain\/","og_locale":"fr_FR","og_type":"article","og_title":"Georges Sylvain | LEGS &Eacute;DITION","og_description":"Po\u00e8te, essayiste, diplomate et homme politique, Georges Sylvain na\u00eet le 2 avril 1865 \u00e0 Puerto-Plata en R\u00e9publique dominicaine. Il fait ses \u00e9tudes chez les fr\u00e8res de l\u2019Instruction Chr\u00e9tienne de Port-de-Paix, fr\u00e9quente ensuite le Petit S\u00e9minaire Coll\u00e8ge Saint-Martial de Port-au-Prince et...","og_url":"https:\/\/legsedition.net\/public\/georges-sylvain\/","og_site_name":"LEGS &Eacute;DITION","article_publisher":"https:\/\/web.facebook.com\/LegsEtLitterature\/","article_modified_time":"2023-04-07T20:04:37+00:00","og_image":[{"url":"https:\/\/legsedition.net\/public\/wp-content\/uploads\/2019\/08\/Georges_Sylvain-1909.jpg","type":"","width":"","height":""}],"twitter_card":"summary_large_image","twitter_misc":{"Dur\u00e9e de lecture estim\u00e9e":"1 minute"},"schema":{"@context":"https:\/\/schema.org","@graph":[{"@type":"WebPage","@id":"https:\/\/legsedition.net\/public\/georges-sylvain\/","url":"https:\/\/legsedition.net\/public\/georges-sylvain\/","name":"Georges Sylvain | LEGS &Eacute;DITION","isPartOf":{"@id":"https:\/\/legsedition.net\/public\/#website"},"primaryImageOfPage":{"@id":"https:\/\/legsedition.net\/public\/georges-sylvain\/#primaryimage"},"image":{"@id":"https:\/\/legsedition.net\/public\/georges-sylvain\/#primaryimage"},"thumbnailUrl":"https:\/\/legsedition.net\/public\/wp-content\/uploads\/2019\/08\/Georges_Sylvain-1909.jpg","datePublished":"2019-08-19T16:54:38+00:00","dateModified":"2023-04-07T20:04:37+00:00","breadcrumb":{"@id":"https:\/\/legsedition.net\/public\/georges-sylvain\/#breadcrumb"},"inLanguage":"fr-FR","potentialAction":[{"@type":"ReadAction","target":["https:\/\/legsedition.net\/public\/georges-sylvain\/"]}]},{"@type":"ImageObject","inLanguage":"fr-FR","@id":"https:\/\/legsedition.net\/public\/georges-sylvain\/#primaryimage","url":"https:\/\/legsedition.net\/public\/wp-content\/uploads\/2019\/08\/Georges_Sylvain-1909.jpg","contentUrl":"https:\/\/legsedition.net\/public\/wp-content\/uploads\/2019\/08\/Georges_Sylvain-1909.jpg","width":1200,"height":892},{"@type":"BreadcrumbList","@id":"https:\/\/legsedition.net\/public\/georges-sylvain\/#breadcrumb","itemListElement":[{"@type":"ListItem","position":1,"name":"Home","item":"https:\/\/legsedition.net\/public\/"},{"@type":"ListItem","position":2,"name":"Georges Sylvain"}]},{"@type":"WebSite","@id":"https:\/\/legsedition.net\/public\/#website","url":"https:\/\/legsedition.net\/public\/","name":"LEGS &Eacute;DITION","description":"","potentialAction":[{"@type":"SearchAction","target":{"@type":"EntryPoint","urlTemplate":"https:\/\/legsedition.net\/public\/?s={search_term_string}"},"query-input":{"@type":"PropertyValueSpecification","valueRequired":true,"valueName":"search_term_string"}}],"inLanguage":"fr-FR"}]}},"_links":{"self":[{"href":"https:\/\/legsedition.net\/public\/wp-json\/wp\/v2\/pages\/3090","targetHints":{"allow":["GET"]}}],"collection":[{"href":"https:\/\/legsedition.net\/public\/wp-json\/wp\/v2\/pages"}],"about":[{"href":"https:\/\/legsedition.net\/public\/wp-json\/wp\/v2\/types\/page"}],"author":[{"embeddable":true,"href":"https:\/\/legsedition.net\/public\/wp-json\/wp\/v2\/users\/2"}],"replies":[{"embeddable":true,"href":"https:\/\/legsedition.net\/public\/wp-json\/wp\/v2\/comments?post=3090"}],"version-history":[{"count":8,"href":"https:\/\/legsedition.net\/public\/wp-json\/wp\/v2\/pages\/3090\/revisions"}],"predecessor-version":[{"id":5474,"href":"https:\/\/legsedition.net\/public\/wp-json\/wp\/v2\/pages\/3090\/revisions\/5474"}],"wp:attachment":[{"href":"https:\/\/legsedition.net\/public\/wp-json\/wp\/v2\/media?parent=3090"}],"curies":[{"name":"wp","href":"https:\/\/api.w.org\/{rel}","templated":true}]}}