{"id":3102,"date":"2019-08-25T18:12:23","date_gmt":"2019-08-25T18:12:23","guid":{"rendered":"https:\/\/legsedition.net\/public\/?page_id=3102"},"modified":"2023-04-07T20:07:56","modified_gmt":"2023-04-07T20:07:56","slug":"ignace-nau","status":"publish","type":"page","link":"https:\/\/legsedition.net\/public\/ignace-nau\/","title":{"rendered":"Ignace Nau"},"content":{"rendered":"<figure id=\"attachment_3103\" aria-describedby=\"caption-attachment-3103\" style=\"width: 196px\" class=\"wp-caption alignleft\"><a href=\"https:\/\/legsedition.net\/public\/wp-content\/uploads\/2019\/08\/nau.jpg\"><img fetchpriority=\"high\" decoding=\"async\" class=\"wp-image-3103 \" src=\"https:\/\/legsedition.net\/public\/wp-content\/uploads\/2019\/08\/nau.jpg\" alt=\"\" width=\"196\" height=\"272\" srcset=\"https:\/\/legsedition.net\/public\/wp-content\/uploads\/2019\/08\/nau.jpg 350w, https:\/\/legsedition.net\/public\/wp-content\/uploads\/2019\/08\/nau-216x300.jpg 216w, https:\/\/legsedition.net\/public\/wp-content\/uploads\/2019\/08\/nau-115x160.jpg 115w\" sizes=\"(max-width: 196px) 100vw, 196px\" \/><\/a><figcaption id=\"caption-attachment-3103\" class=\"wp-caption-text\">\u00a9 <a href=\"http:\/\/www.jeanulrickdesert.com\/\" target=\"_blank\" rel=\"noopener\">Jean Ulrick D\u00e9sert<\/a><\/figcaption><\/figure>\n<p>Ignace Nau est n\u00e9 en Ha\u00efti en 1808. Po\u00e8te, conteur, nouvelliste et historien, il collabore \u00e0 plusieurs revues litt\u00e9raires ha\u00eftiennes de la premi\u00e8re moiti\u00e9 du 19e si\u00e8cle. Avec son fr\u00e8re \u00c9mile Nau, il initie un mouvement litt\u00e9raire commun\u00e9ment appel\u00e9 le C\u00e9nacle de 1836 qui regroupe des po\u00e8tes comme les fr\u00e8res Coriolan, C\u00e9ligny et Beaubrun Ardouin. Audienceur et premier auteur francophone noir de la nouvelle, il meurt \u00e0 L\u00e9og\u00e2ne en 1845, \u00e0 l&rsquo;\u00e2ge de 37 ans.<\/p>\n<p>[<a href=\"http:\/\/ile-en-ile.org\/nau\/\" target=\"_blank\" rel=\"noopener\">Voir la page de pr\u00e9sentation de Ignace Nau sur \u00cele en \u00cele<\/a>]<\/p>\n<p>&nbsp;<\/p>\n<p>&nbsp;<\/p>\n<p><strong>Publications chez LEGS \u00c9DITION<\/strong><\/p>\n<p><a href=\"https:\/\/legsedition.net\/public\/2021\/02\/28\/le-bal-masque-et-autres-nouvelles\/\" target=\"_blank\" rel=\"noopener\">Le bal masqu\u00e9 et autres n0uvelles<\/a>, 2021<\/p>\n<p><a href=\"https:\/\/legsedition.net\/public\/wp-content\/uploads\/2021\/07\/La_bal_masque_nau.png\"><img decoding=\"async\" class=\"alignnone wp-image-4045 \" src=\"https:\/\/legsedition.net\/public\/wp-content\/uploads\/2021\/07\/La_bal_masque_nau.png\" alt=\"\" width=\"186\" height=\"279\" srcset=\"https:\/\/legsedition.net\/public\/wp-content\/uploads\/2021\/07\/La_bal_masque_nau.png 303w, https:\/\/legsedition.net\/public\/wp-content\/uploads\/2021\/07\/La_bal_masque_nau-200x300.png 200w, https:\/\/legsedition.net\/public\/wp-content\/uploads\/2021\/07\/La_bal_masque_nau-107x160.png 107w\" sizes=\"(max-width: 186px) 100vw, 186px\" \/><\/a><\/p>\n<p><em><a href=\"https:\/\/legsedition.net\/public\/le-lambi-et-autres-nouvelles\/\" target=\"_blank\" rel=\"noopener\">Le lambi et autres nouvelles<\/a>,\u00a0<\/em>2014<\/p>\n<p><a href=\"https:\/\/legsedition.net\/public\/wp-content\/uploads\/2021\/07\/Cover_Lambi.png\"><img decoding=\"async\" class=\"alignnone wp-image-4055 \" src=\"https:\/\/legsedition.net\/public\/wp-content\/uploads\/2021\/07\/Cover_Lambi.png\" alt=\"\" width=\"188\" height=\"286\" srcset=\"https:\/\/legsedition.net\/public\/wp-content\/uploads\/2021\/07\/Cover_Lambi.png 299w, https:\/\/legsedition.net\/public\/wp-content\/uploads\/2021\/07\/Cover_Lambi-197x300.png 197w, https:\/\/legsedition.net\/public\/wp-content\/uploads\/2021\/07\/Cover_Lambi-105x160.png 105w\" sizes=\"(max-width: 188px) 100vw, 188px\" \/><\/a><\/p>\n<p><a href=\"https:\/\/legsedition.net\/public\/poesies\/\" target=\"_blank\" rel=\"noopener\"><em>Po\u00e9sies<\/em><\/a>, 2014<\/p>\n<p><a href=\"https:\/\/legsedition.net\/public\/wp-content\/uploads\/2021\/07\/Cover_Poesies.png\"><img loading=\"lazy\" decoding=\"async\" class=\"alignnone wp-image-4054 \" src=\"https:\/\/legsedition.net\/public\/wp-content\/uploads\/2021\/07\/Cover_Poesies-200x300.png\" alt=\"\" width=\"181\" height=\"272\" srcset=\"https:\/\/legsedition.net\/public\/wp-content\/uploads\/2021\/07\/Cover_Poesies-200x300.png 200w, https:\/\/legsedition.net\/public\/wp-content\/uploads\/2021\/07\/Cover_Poesies-107x160.png 107w, https:\/\/legsedition.net\/public\/wp-content\/uploads\/2021\/07\/Cover_Poesies.png 303w\" sizes=\"(max-width: 181px) 100vw, 181px\" \/><\/a><\/p>\n<p>Pour en savoir plus, consultez la page d&rsquo;Ignace Nau sur <a href=\"http:\/\/ile-en-ile.org\/nau\/\" target=\"_blank\" rel=\"noopener\">Ile en \u00eele<\/a>.<\/p>\n","protected":false},"excerpt":{"rendered":"<p>Ignace Nau est n\u00e9 en Ha\u00efti en 1808. Po\u00e8te, conteur, nouvelliste et historien, il collabore \u00e0 plusieurs revues litt\u00e9raires ha\u00eftiennes de la premi\u00e8re moiti\u00e9 du 19e si\u00e8cle. Avec son fr\u00e8re \u00c9mile Nau, il initie un mouvement litt\u00e9raire commun\u00e9ment appel\u00e9 le&#8230;<\/p>\n","protected":false},"author":2,"featured_media":0,"parent":0,"menu_order":0,"comment_status":"closed","ping_status":"closed","template":"","meta":{"footnotes":""},"class_list":["post-3102","page","type-page","status-publish","hentry","no-post-thumbnail"],"yoast_head":"<!-- This site is optimized with the Yoast SEO plugin v27.3 - https:\/\/yoast.com\/product\/yoast-seo-wordpress\/ -->\n<title>Ignace Nau | LEGS &Eacute;DITION<\/title>\n<meta name=\"robots\" content=\"index, follow, max-snippet:-1, max-image-preview:large, max-video-preview:-1\" \/>\n<link rel=\"canonical\" href=\"https:\/\/legsedition.net\/public\/ignace-nau\/\" \/>\n<meta property=\"og:locale\" content=\"fr_FR\" \/>\n<meta property=\"og:type\" content=\"article\" \/>\n<meta property=\"og:title\" content=\"Ignace Nau | LEGS &Eacute;DITION\" \/>\n<meta property=\"og:description\" content=\"Ignace Nau est n\u00e9 en Ha\u00efti en 1808. Po\u00e8te, conteur, nouvelliste et historien, il collabore \u00e0 plusieurs revues litt\u00e9raires ha\u00eftiennes de la premi\u00e8re moiti\u00e9 du 19e si\u00e8cle. Avec son fr\u00e8re \u00c9mile Nau, il initie un mouvement litt\u00e9raire commun\u00e9ment appel\u00e9 le...\" \/>\n<meta property=\"og:url\" content=\"https:\/\/legsedition.net\/public\/ignace-nau\/\" \/>\n<meta property=\"og:site_name\" content=\"LEGS &Eacute;DITION\" \/>\n<meta property=\"article:publisher\" content=\"https:\/\/web.facebook.com\/LegsEtLitterature\/\" \/>\n<meta property=\"article:modified_time\" content=\"2023-04-07T20:07:56+00:00\" \/>\n<meta property=\"og:image\" content=\"https:\/\/legsedition.net\/public\/wp-content\/uploads\/2019\/08\/nau.jpg\" \/>\n<meta name=\"twitter:card\" content=\"summary_large_image\" \/>\n<meta name=\"twitter:label1\" content=\"Dur\u00e9e de lecture estim\u00e9e\" \/>\n\t<meta name=\"twitter:data1\" content=\"1 minute\" \/>\n<script type=\"application\/ld+json\" class=\"yoast-schema-graph\">{\"@context\":\"https:\\\/\\\/schema.org\",\"@graph\":[{\"@type\":\"WebPage\",\"@id\":\"https:\\\/\\\/legsedition.net\\\/public\\\/ignace-nau\\\/\",\"url\":\"https:\\\/\\\/legsedition.net\\\/public\\\/ignace-nau\\\/\",\"name\":\"Ignace Nau | LEGS &Eacute;DITION\",\"isPartOf\":{\"@id\":\"https:\\\/\\\/legsedition.net\\\/public\\\/#website\"},\"primaryImageOfPage\":{\"@id\":\"https:\\\/\\\/legsedition.net\\\/public\\\/ignace-nau\\\/#primaryimage\"},\"image\":{\"@id\":\"https:\\\/\\\/legsedition.net\\\/public\\\/ignace-nau\\\/#primaryimage\"},\"thumbnailUrl\":\"https:\\\/\\\/legsedition.net\\\/public\\\/wp-content\\\/uploads\\\/2019\\\/08\\\/nau.jpg\",\"datePublished\":\"2019-08-25T18:12:23+00:00\",\"dateModified\":\"2023-04-07T20:07:56+00:00\",\"breadcrumb\":{\"@id\":\"https:\\\/\\\/legsedition.net\\\/public\\\/ignace-nau\\\/#breadcrumb\"},\"inLanguage\":\"fr-FR\",\"potentialAction\":[{\"@type\":\"ReadAction\",\"target\":[\"https:\\\/\\\/legsedition.net\\\/public\\\/ignace-nau\\\/\"]}]},{\"@type\":\"ImageObject\",\"inLanguage\":\"fr-FR\",\"@id\":\"https:\\\/\\\/legsedition.net\\\/public\\\/ignace-nau\\\/#primaryimage\",\"url\":\"https:\\\/\\\/legsedition.net\\\/public\\\/wp-content\\\/uploads\\\/2019\\\/08\\\/nau.jpg\",\"contentUrl\":\"https:\\\/\\\/legsedition.net\\\/public\\\/wp-content\\\/uploads\\\/2019\\\/08\\\/nau.jpg\",\"width\":350,\"height\":486},{\"@type\":\"BreadcrumbList\",\"@id\":\"https:\\\/\\\/legsedition.net\\\/public\\\/ignace-nau\\\/#breadcrumb\",\"itemListElement\":[{\"@type\":\"ListItem\",\"position\":1,\"name\":\"Home\",\"item\":\"https:\\\/\\\/legsedition.net\\\/public\\\/\"},{\"@type\":\"ListItem\",\"position\":2,\"name\":\"Ignace Nau\"}]},{\"@type\":\"WebSite\",\"@id\":\"https:\\\/\\\/legsedition.net\\\/public\\\/#website\",\"url\":\"https:\\\/\\\/legsedition.net\\\/public\\\/\",\"name\":\"LEGS &Eacute;DITION\",\"description\":\"\",\"potentialAction\":[{\"@type\":\"SearchAction\",\"target\":{\"@type\":\"EntryPoint\",\"urlTemplate\":\"https:\\\/\\\/legsedition.net\\\/public\\\/?s={search_term_string}\"},\"query-input\":{\"@type\":\"PropertyValueSpecification\",\"valueRequired\":true,\"valueName\":\"search_term_string\"}}],\"inLanguage\":\"fr-FR\"}]}<\/script>\n<!-- \/ Yoast SEO plugin. -->","yoast_head_json":{"title":"Ignace Nau | LEGS &Eacute;DITION","robots":{"index":"index","follow":"follow","max-snippet":"max-snippet:-1","max-image-preview":"max-image-preview:large","max-video-preview":"max-video-preview:-1"},"canonical":"https:\/\/legsedition.net\/public\/ignace-nau\/","og_locale":"fr_FR","og_type":"article","og_title":"Ignace Nau | LEGS &Eacute;DITION","og_description":"Ignace Nau est n\u00e9 en Ha\u00efti en 1808. Po\u00e8te, conteur, nouvelliste et historien, il collabore \u00e0 plusieurs revues litt\u00e9raires ha\u00eftiennes de la premi\u00e8re moiti\u00e9 du 19e si\u00e8cle. Avec son fr\u00e8re \u00c9mile Nau, il initie un mouvement litt\u00e9raire commun\u00e9ment appel\u00e9 le...","og_url":"https:\/\/legsedition.net\/public\/ignace-nau\/","og_site_name":"LEGS &Eacute;DITION","article_publisher":"https:\/\/web.facebook.com\/LegsEtLitterature\/","article_modified_time":"2023-04-07T20:07:56+00:00","og_image":[{"url":"https:\/\/legsedition.net\/public\/wp-content\/uploads\/2019\/08\/nau.jpg","type":"","width":"","height":""}],"twitter_card":"summary_large_image","twitter_misc":{"Dur\u00e9e de lecture estim\u00e9e":"1 minute"},"schema":{"@context":"https:\/\/schema.org","@graph":[{"@type":"WebPage","@id":"https:\/\/legsedition.net\/public\/ignace-nau\/","url":"https:\/\/legsedition.net\/public\/ignace-nau\/","name":"Ignace Nau | LEGS &Eacute;DITION","isPartOf":{"@id":"https:\/\/legsedition.net\/public\/#website"},"primaryImageOfPage":{"@id":"https:\/\/legsedition.net\/public\/ignace-nau\/#primaryimage"},"image":{"@id":"https:\/\/legsedition.net\/public\/ignace-nau\/#primaryimage"},"thumbnailUrl":"https:\/\/legsedition.net\/public\/wp-content\/uploads\/2019\/08\/nau.jpg","datePublished":"2019-08-25T18:12:23+00:00","dateModified":"2023-04-07T20:07:56+00:00","breadcrumb":{"@id":"https:\/\/legsedition.net\/public\/ignace-nau\/#breadcrumb"},"inLanguage":"fr-FR","potentialAction":[{"@type":"ReadAction","target":["https:\/\/legsedition.net\/public\/ignace-nau\/"]}]},{"@type":"ImageObject","inLanguage":"fr-FR","@id":"https:\/\/legsedition.net\/public\/ignace-nau\/#primaryimage","url":"https:\/\/legsedition.net\/public\/wp-content\/uploads\/2019\/08\/nau.jpg","contentUrl":"https:\/\/legsedition.net\/public\/wp-content\/uploads\/2019\/08\/nau.jpg","width":350,"height":486},{"@type":"BreadcrumbList","@id":"https:\/\/legsedition.net\/public\/ignace-nau\/#breadcrumb","itemListElement":[{"@type":"ListItem","position":1,"name":"Home","item":"https:\/\/legsedition.net\/public\/"},{"@type":"ListItem","position":2,"name":"Ignace Nau"}]},{"@type":"WebSite","@id":"https:\/\/legsedition.net\/public\/#website","url":"https:\/\/legsedition.net\/public\/","name":"LEGS &Eacute;DITION","description":"","potentialAction":[{"@type":"SearchAction","target":{"@type":"EntryPoint","urlTemplate":"https:\/\/legsedition.net\/public\/?s={search_term_string}"},"query-input":{"@type":"PropertyValueSpecification","valueRequired":true,"valueName":"search_term_string"}}],"inLanguage":"fr-FR"}]}},"_links":{"self":[{"href":"https:\/\/legsedition.net\/public\/wp-json\/wp\/v2\/pages\/3102","targetHints":{"allow":["GET"]}}],"collection":[{"href":"https:\/\/legsedition.net\/public\/wp-json\/wp\/v2\/pages"}],"about":[{"href":"https:\/\/legsedition.net\/public\/wp-json\/wp\/v2\/types\/page"}],"author":[{"embeddable":true,"href":"https:\/\/legsedition.net\/public\/wp-json\/wp\/v2\/users\/2"}],"replies":[{"embeddable":true,"href":"https:\/\/legsedition.net\/public\/wp-json\/wp\/v2\/comments?post=3102"}],"version-history":[{"count":13,"href":"https:\/\/legsedition.net\/public\/wp-json\/wp\/v2\/pages\/3102\/revisions"}],"predecessor-version":[{"id":5477,"href":"https:\/\/legsedition.net\/public\/wp-json\/wp\/v2\/pages\/3102\/revisions\/5477"}],"wp:attachment":[{"href":"https:\/\/legsedition.net\/public\/wp-json\/wp\/v2\/media?parent=3102"}],"curies":[{"name":"wp","href":"https:\/\/api.w.org\/{rel}","templated":true}]}}