{"id":3106,"date":"2019-08-25T18:30:10","date_gmt":"2019-08-25T18:30:10","guid":{"rendered":"https:\/\/legsedition.net\/public\/?page_id=3106"},"modified":"2024-11-22T11:05:52","modified_gmt":"2024-11-22T11:05:52","slug":"etzer-vilaire","status":"publish","type":"page","link":"https:\/\/legsedition.net\/public\/etzer-vilaire\/","title":{"rendered":"Etzer Vilaire"},"content":{"rendered":"<p><a href=\"https:\/\/legsedition.net\/public\/wp-content\/uploads\/2018\/01\/220px-Etzer_Vilaire.jpg\"><img decoding=\"async\" class=\"alignleft wp-image-1112 size-full\" src=\"https:\/\/legsedition.net\/public\/wp-content\/uploads\/2018\/01\/220px-Etzer_Vilaire.jpg\" alt=\"\" width=\"220\" height=\"214\" srcset=\"https:\/\/legsedition.net\/public\/wp-content\/uploads\/2018\/01\/220px-Etzer_Vilaire.jpg 220w, https:\/\/legsedition.net\/public\/wp-content\/uploads\/2018\/01\/220px-Etzer_Vilaire-164x160.jpg 164w\" sizes=\"(max-width: 220px) 100vw, 220px\" \/><\/a>Etzer Vilaire est n\u00e9 \u00e0 J\u00e9r\u00e9mie, (d\u00e9partement de la Grand-Anse)dans le sud-ouest d&rsquo;Ha\u00efti, le 7 avril 1872. Il est probablement l&rsquo;auteur\u00a0 le plus prolifique de sa g\u00e9n\u00e9ration. Professeur, avocat et po\u00e8te, il a collabor\u00e9 \u00e0 la revue <em>La Ronde\u00a0<\/em> aux c\u00f4t\u00e9 d&rsquo;\u00e9crivains comme Sylvain, P\u00e9tion, Moravia. Son recueil de po\u00e8mes <em>Les dix hommes noirs\u00a0<\/em>publi\u00e9 en 1901 a connu un succ\u00e8s fou. Puis, il donne d&rsquo;autres livres tels\u00a0<em>Pages d&rsquo;amour,\u00a0<\/em>la m\u00eame ann\u00e9e, <em>Le flibustier\u00a0<\/em>en 1902<em>.\u00a0<\/em>En 1912, son recueil <em>Nouveaux po\u00e8mes<\/em> re\u00e7ut le prix Davaine de l\u2019Acad\u00e9mie fran\u00e7aise. Il meurt le 22 mai 1951 \u00e0 l&rsquo;\u00e2ge de 79 ans. [<a href=\"http:\/\/ile-en-ile.org\/vilaire\/\" target=\"_blank\" rel=\"noopener\">Voir la page de pr\u00e9sentation de Etzer Vilaire sur \u00cele en \u00cele<\/a>]<\/p>\n<p><strong>Publications chez LEGS \u00c9DITION<\/strong><\/p>\n<p><em><a href=\"https:\/\/legsedition.net\/public\/les-dix-hommes-noirs\/\" target=\"_blank\" rel=\"noopener\">Les dix hommes noir<\/a>s,\u00a0<\/em>2014<\/p>\n<p><a href=\"https:\/\/legsedition.net\/public\/wp-content\/uploads\/2021\/07\/Cover_dix-hommes.png\"><img fetchpriority=\"high\" decoding=\"async\" class=\"alignnone wp-image-4052 \" src=\"https:\/\/legsedition.net\/public\/wp-content\/uploads\/2021\/07\/Cover_dix-hommes.png\" alt=\"\" width=\"207\" height=\"311\" srcset=\"https:\/\/legsedition.net\/public\/wp-content\/uploads\/2021\/07\/Cover_dix-hommes.png 301w, https:\/\/legsedition.net\/public\/wp-content\/uploads\/2021\/07\/Cover_dix-hommes-200x300.png 200w, https:\/\/legsedition.net\/public\/wp-content\/uploads\/2021\/07\/Cover_dix-hommes-107x160.png 107w\" sizes=\"(max-width: 207px) 100vw, 207px\" \/><\/a><\/p>\n<p><em><a href=\"https:\/\/legsedition.net\/public\/le-flibustier\/\" target=\"_blank\" rel=\"noopener\">Le flibustier<\/a>,<\/em>\u00a02014<\/p>\n<p><a href=\"https:\/\/legsedition.net\/public\/wp-content\/uploads\/2021\/07\/Cover_Flibustier.png\"><img decoding=\"async\" class=\"alignnone wp-image-4053 \" src=\"https:\/\/legsedition.net\/public\/wp-content\/uploads\/2021\/07\/Cover_Flibustier.png\" alt=\"\" width=\"218\" height=\"328\" srcset=\"https:\/\/legsedition.net\/public\/wp-content\/uploads\/2021\/07\/Cover_Flibustier.png 302w, https:\/\/legsedition.net\/public\/wp-content\/uploads\/2021\/07\/Cover_Flibustier-199x300.png 199w, https:\/\/legsedition.net\/public\/wp-content\/uploads\/2021\/07\/Cover_Flibustier-106x160.png 106w\" sizes=\"(max-width: 218px) 100vw, 218px\" \/><\/a><\/p>\n<p><a href=\"https:\/\/legsedition.net\/public\/la-vie-solitaire-pendant-loccupation-americaine\/\" target=\"_blank\" rel=\"noopener\"><em>La vie solitaire pendant l&rsquo;occupation am\u00e9ricaine<\/em><\/a>, 2015<\/p>\n<p><a href=\"https:\/\/legsedition.net\/public\/wp-content\/uploads\/2024\/11\/cover-la-vie-solitaire-2.png\"><img loading=\"lazy\" decoding=\"async\" class=\"alignnone wp-image-7250 size-full\" src=\"https:\/\/legsedition.net\/public\/wp-content\/uploads\/2024\/11\/cover-la-vie-solitaire-2.png\" alt=\"\" width=\"240\" height=\"417\" srcset=\"https:\/\/legsedition.net\/public\/wp-content\/uploads\/2024\/11\/cover-la-vie-solitaire-2.png 240w, https:\/\/legsedition.net\/public\/wp-content\/uploads\/2024\/11\/cover-la-vie-solitaire-2-173x300.png 173w\" sizes=\"(max-width: 240px) 100vw, 240px\" \/><\/a><\/p>\n<p>Pour en savoir plus sur Etzer Vilaire, consultez sa page sur <a href=\"http:\/\/ile-en-ile.org\/vilaire\/\" target=\"_blank\" rel=\"noopener\">Ile en \u00eele<\/a>.<\/p>\n","protected":false},"excerpt":{"rendered":"<p>Etzer Vilaire est n\u00e9 \u00e0 J\u00e9r\u00e9mie, (d\u00e9partement de la Grand-Anse)dans le sud-ouest d&rsquo;Ha\u00efti, le 7 avril 1872. Il est probablement l&rsquo;auteur\u00a0 le plus prolifique de sa g\u00e9n\u00e9ration. Professeur, avocat et po\u00e8te, il a collabor\u00e9 \u00e0 la revue La Ronde\u00a0 aux&#8230;<\/p>\n","protected":false},"author":2,"featured_media":0,"parent":0,"menu_order":0,"comment_status":"closed","ping_status":"closed","template":"","meta":{"footnotes":""},"class_list":["post-3106","page","type-page","status-publish","hentry","no-post-thumbnail"],"yoast_head":"<!-- This site is optimized with the Yoast SEO plugin v27.4 - https:\/\/yoast.com\/product\/yoast-seo-wordpress\/ -->\n<title>Etzer Vilaire | LEGS &Eacute;DITION<\/title>\n<meta name=\"robots\" content=\"index, follow, max-snippet:-1, max-image-preview:large, max-video-preview:-1\" \/>\n<link rel=\"canonical\" href=\"https:\/\/legsedition.net\/public\/etzer-vilaire\/\" \/>\n<meta property=\"og:locale\" content=\"fr_FR\" \/>\n<meta property=\"og:type\" content=\"article\" \/>\n<meta property=\"og:title\" content=\"Etzer Vilaire | LEGS &Eacute;DITION\" \/>\n<meta property=\"og:description\" content=\"Etzer Vilaire est n\u00e9 \u00e0 J\u00e9r\u00e9mie, (d\u00e9partement de la Grand-Anse)dans le sud-ouest d&rsquo;Ha\u00efti, le 7 avril 1872. Il est probablement l&rsquo;auteur\u00a0 le plus prolifique de sa g\u00e9n\u00e9ration. Professeur, avocat et po\u00e8te, il a collabor\u00e9 \u00e0 la revue La Ronde\u00a0 aux...\" \/>\n<meta property=\"og:url\" content=\"https:\/\/legsedition.net\/public\/etzer-vilaire\/\" \/>\n<meta property=\"og:site_name\" content=\"LEGS &Eacute;DITION\" \/>\n<meta property=\"article:publisher\" content=\"https:\/\/web.facebook.com\/LegsEtLitterature\/\" \/>\n<meta property=\"article:modified_time\" content=\"2024-11-22T11:05:52+00:00\" \/>\n<meta property=\"og:image\" content=\"https:\/\/legsedition.net\/public\/wp-content\/uploads\/2018\/01\/220px-Etzer_Vilaire.jpg\" \/>\n\t<meta property=\"og:image:width\" content=\"220\" \/>\n\t<meta property=\"og:image:height\" content=\"214\" \/>\n\t<meta property=\"og:image:type\" content=\"image\/jpeg\" \/>\n<meta name=\"twitter:card\" content=\"summary_large_image\" \/>\n<meta name=\"twitter:label1\" content=\"Dur\u00e9e de lecture estim\u00e9e\" \/>\n\t<meta name=\"twitter:data1\" content=\"2 minutes\" \/>\n<script type=\"application\/ld+json\" class=\"yoast-schema-graph\">{\"@context\":\"https:\\\/\\\/schema.org\",\"@graph\":[{\"@type\":\"WebPage\",\"@id\":\"https:\\\/\\\/legsedition.net\\\/public\\\/etzer-vilaire\\\/\",\"url\":\"https:\\\/\\\/legsedition.net\\\/public\\\/etzer-vilaire\\\/\",\"name\":\"Etzer Vilaire | LEGS &Eacute;DITION\",\"isPartOf\":{\"@id\":\"https:\\\/\\\/legsedition.net\\\/public\\\/#website\"},\"primaryImageOfPage\":{\"@id\":\"https:\\\/\\\/legsedition.net\\\/public\\\/etzer-vilaire\\\/#primaryimage\"},\"image\":{\"@id\":\"https:\\\/\\\/legsedition.net\\\/public\\\/etzer-vilaire\\\/#primaryimage\"},\"thumbnailUrl\":\"https:\\\/\\\/legsedition.net\\\/public\\\/wp-content\\\/uploads\\\/2018\\\/01\\\/220px-Etzer_Vilaire.jpg\",\"datePublished\":\"2019-08-25T18:30:10+00:00\",\"dateModified\":\"2024-11-22T11:05:52+00:00\",\"breadcrumb\":{\"@id\":\"https:\\\/\\\/legsedition.net\\\/public\\\/etzer-vilaire\\\/#breadcrumb\"},\"inLanguage\":\"fr-FR\",\"potentialAction\":[{\"@type\":\"ReadAction\",\"target\":[\"https:\\\/\\\/legsedition.net\\\/public\\\/etzer-vilaire\\\/\"]}]},{\"@type\":\"ImageObject\",\"inLanguage\":\"fr-FR\",\"@id\":\"https:\\\/\\\/legsedition.net\\\/public\\\/etzer-vilaire\\\/#primaryimage\",\"url\":\"https:\\\/\\\/legsedition.net\\\/public\\\/wp-content\\\/uploads\\\/2018\\\/01\\\/220px-Etzer_Vilaire.jpg\",\"contentUrl\":\"https:\\\/\\\/legsedition.net\\\/public\\\/wp-content\\\/uploads\\\/2018\\\/01\\\/220px-Etzer_Vilaire.jpg\",\"width\":220,\"height\":214},{\"@type\":\"BreadcrumbList\",\"@id\":\"https:\\\/\\\/legsedition.net\\\/public\\\/etzer-vilaire\\\/#breadcrumb\",\"itemListElement\":[{\"@type\":\"ListItem\",\"position\":1,\"name\":\"Home\",\"item\":\"https:\\\/\\\/legsedition.net\\\/public\\\/\"},{\"@type\":\"ListItem\",\"position\":2,\"name\":\"Etzer Vilaire\"}]},{\"@type\":\"WebSite\",\"@id\":\"https:\\\/\\\/legsedition.net\\\/public\\\/#website\",\"url\":\"https:\\\/\\\/legsedition.net\\\/public\\\/\",\"name\":\"LEGS &Eacute;DITION\",\"description\":\"\",\"potentialAction\":[{\"@type\":\"SearchAction\",\"target\":{\"@type\":\"EntryPoint\",\"urlTemplate\":\"https:\\\/\\\/legsedition.net\\\/public\\\/?s={search_term_string}\"},\"query-input\":{\"@type\":\"PropertyValueSpecification\",\"valueRequired\":true,\"valueName\":\"search_term_string\"}}],\"inLanguage\":\"fr-FR\"}]}<\/script>\n<!-- \/ Yoast SEO plugin. -->","yoast_head_json":{"title":"Etzer Vilaire | LEGS &Eacute;DITION","robots":{"index":"index","follow":"follow","max-snippet":"max-snippet:-1","max-image-preview":"max-image-preview:large","max-video-preview":"max-video-preview:-1"},"canonical":"https:\/\/legsedition.net\/public\/etzer-vilaire\/","og_locale":"fr_FR","og_type":"article","og_title":"Etzer Vilaire | LEGS &Eacute;DITION","og_description":"Etzer Vilaire est n\u00e9 \u00e0 J\u00e9r\u00e9mie, (d\u00e9partement de la Grand-Anse)dans le sud-ouest d&rsquo;Ha\u00efti, le 7 avril 1872. Il est probablement l&rsquo;auteur\u00a0 le plus prolifique de sa g\u00e9n\u00e9ration. Professeur, avocat et po\u00e8te, il a collabor\u00e9 \u00e0 la revue La Ronde\u00a0 aux...","og_url":"https:\/\/legsedition.net\/public\/etzer-vilaire\/","og_site_name":"LEGS &Eacute;DITION","article_publisher":"https:\/\/web.facebook.com\/LegsEtLitterature\/","article_modified_time":"2024-11-22T11:05:52+00:00","og_image":[{"width":220,"height":214,"url":"https:\/\/legsedition.net\/public\/wp-content\/uploads\/2018\/01\/220px-Etzer_Vilaire.jpg","type":"image\/jpeg"}],"twitter_card":"summary_large_image","twitter_misc":{"Dur\u00e9e de lecture estim\u00e9e":"2 minutes"},"schema":{"@context":"https:\/\/schema.org","@graph":[{"@type":"WebPage","@id":"https:\/\/legsedition.net\/public\/etzer-vilaire\/","url":"https:\/\/legsedition.net\/public\/etzer-vilaire\/","name":"Etzer Vilaire | LEGS &Eacute;DITION","isPartOf":{"@id":"https:\/\/legsedition.net\/public\/#website"},"primaryImageOfPage":{"@id":"https:\/\/legsedition.net\/public\/etzer-vilaire\/#primaryimage"},"image":{"@id":"https:\/\/legsedition.net\/public\/etzer-vilaire\/#primaryimage"},"thumbnailUrl":"https:\/\/legsedition.net\/public\/wp-content\/uploads\/2018\/01\/220px-Etzer_Vilaire.jpg","datePublished":"2019-08-25T18:30:10+00:00","dateModified":"2024-11-22T11:05:52+00:00","breadcrumb":{"@id":"https:\/\/legsedition.net\/public\/etzer-vilaire\/#breadcrumb"},"inLanguage":"fr-FR","potentialAction":[{"@type":"ReadAction","target":["https:\/\/legsedition.net\/public\/etzer-vilaire\/"]}]},{"@type":"ImageObject","inLanguage":"fr-FR","@id":"https:\/\/legsedition.net\/public\/etzer-vilaire\/#primaryimage","url":"https:\/\/legsedition.net\/public\/wp-content\/uploads\/2018\/01\/220px-Etzer_Vilaire.jpg","contentUrl":"https:\/\/legsedition.net\/public\/wp-content\/uploads\/2018\/01\/220px-Etzer_Vilaire.jpg","width":220,"height":214},{"@type":"BreadcrumbList","@id":"https:\/\/legsedition.net\/public\/etzer-vilaire\/#breadcrumb","itemListElement":[{"@type":"ListItem","position":1,"name":"Home","item":"https:\/\/legsedition.net\/public\/"},{"@type":"ListItem","position":2,"name":"Etzer Vilaire"}]},{"@type":"WebSite","@id":"https:\/\/legsedition.net\/public\/#website","url":"https:\/\/legsedition.net\/public\/","name":"LEGS &Eacute;DITION","description":"","potentialAction":[{"@type":"SearchAction","target":{"@type":"EntryPoint","urlTemplate":"https:\/\/legsedition.net\/public\/?s={search_term_string}"},"query-input":{"@type":"PropertyValueSpecification","valueRequired":true,"valueName":"search_term_string"}}],"inLanguage":"fr-FR"}]}},"_links":{"self":[{"href":"https:\/\/legsedition.net\/public\/wp-json\/wp\/v2\/pages\/3106","targetHints":{"allow":["GET"]}}],"collection":[{"href":"https:\/\/legsedition.net\/public\/wp-json\/wp\/v2\/pages"}],"about":[{"href":"https:\/\/legsedition.net\/public\/wp-json\/wp\/v2\/types\/page"}],"author":[{"embeddable":true,"href":"https:\/\/legsedition.net\/public\/wp-json\/wp\/v2\/users\/2"}],"replies":[{"embeddable":true,"href":"https:\/\/legsedition.net\/public\/wp-json\/wp\/v2\/comments?post=3106"}],"version-history":[{"count":6,"href":"https:\/\/legsedition.net\/public\/wp-json\/wp\/v2\/pages\/3106\/revisions"}],"predecessor-version":[{"id":7355,"href":"https:\/\/legsedition.net\/public\/wp-json\/wp\/v2\/pages\/3106\/revisions\/7355"}],"wp:attachment":[{"href":"https:\/\/legsedition.net\/public\/wp-json\/wp\/v2\/media?parent=3106"}],"curies":[{"name":"wp","href":"https:\/\/api.w.org\/{rel}","templated":true}]}}