{"id":3118,"date":"2019-08-25T18:57:11","date_gmt":"2019-08-25T18:57:11","guid":{"rendered":"https:\/\/legsedition.net\/public\/?page_id=3118"},"modified":"2023-04-07T20:24:08","modified_gmt":"2023-04-07T20:24:08","slug":"oswald-durand","status":"publish","type":"page","link":"https:\/\/legsedition.net\/public\/oswald-durand\/","title":{"rendered":"Oswald Durand"},"content":{"rendered":"<figure id=\"attachment_120\" aria-describedby=\"caption-attachment-120\" style=\"width: 187px\" class=\"wp-caption alignleft\"><a href=\"https:\/\/legsedition.net\/public\/wp-content\/uploads\/2017\/12\/Durand.jpg\"><img decoding=\"async\" class=\"wp-image-120 \" src=\"https:\/\/legsedition.net\/public\/wp-content\/uploads\/2017\/12\/Durand.jpg\" alt=\"\" width=\"187\" height=\"257\" srcset=\"https:\/\/legsedition.net\/public\/wp-content\/uploads\/2017\/12\/Durand.jpg 2550w, https:\/\/legsedition.net\/public\/wp-content\/uploads\/2017\/12\/Durand-600x825.jpg 600w, https:\/\/legsedition.net\/public\/wp-content\/uploads\/2017\/12\/Durand-218x300.jpg 218w, https:\/\/legsedition.net\/public\/wp-content\/uploads\/2017\/12\/Durand-768x1056.jpg 768w, https:\/\/legsedition.net\/public\/wp-content\/uploads\/2017\/12\/Durand-745x1024.jpg 745w, https:\/\/legsedition.net\/public\/wp-content\/uploads\/2017\/12\/Durand-400x550.jpg 400w\" sizes=\"(max-width: 187px) 100vw, 187px\" \/><\/a><figcaption id=\"caption-attachment-120\" class=\"wp-caption-text\">\u00a9 Archives du Cidhica<\/figcaption><\/figure>\n<p>Oswald Durand, n\u00e9 en Ha\u00efti en 1840, est un po\u00e8te majeur de la litt\u00e9rature ha\u00eftienne. Journaliste et professeur, auteur du c\u00e9l\u00e8bre po\u00e8me en cr\u00e9ole <em>Choucoune<\/em>, Durand a publi\u00e9 en 1896 son unique recueil de po\u00e8mes, <em>Rires et pleurs<\/em>. Il meurt le 22 avril 1906.<\/p>\n<p>[<a href=\"http:\/\/ile-en-ile.org\/durand\/\" target=\"_blank\" rel=\"noopener\">Voir la page de pr\u00e9sentation de Oswald Durand sur \u00cele en \u00cele<\/a>]<\/p>\n<p>&nbsp;<\/p>\n<p>&nbsp;<\/p>\n<p>&nbsp;<\/p>\n<p>&nbsp;<\/p>\n<p><strong>Publication chez LEGS \u00c9DITION<\/strong><\/p>\n<p><em><a href=\"https:\/\/legsedition.net\/public\/poemes-choisis\/\" target=\"_blank\" rel=\"noopener\">Po\u00e8mes choisis<\/a>,\u00a0<\/em>2016<\/p>\n<p><a href=\"https:\/\/legsedition.net\/public\/wp-content\/uploads\/2021\/07\/Cover_Durand.png\"><img fetchpriority=\"high\" decoding=\"async\" class=\"alignnone wp-image-4050 \" src=\"https:\/\/legsedition.net\/public\/wp-content\/uploads\/2021\/07\/Cover_Durand.png\" alt=\"\" width=\"188\" height=\"284\" srcset=\"https:\/\/legsedition.net\/public\/wp-content\/uploads\/2021\/07\/Cover_Durand.png 301w, https:\/\/legsedition.net\/public\/wp-content\/uploads\/2021\/07\/Cover_Durand-199x300.png 199w, https:\/\/legsedition.net\/public\/wp-content\/uploads\/2021\/07\/Cover_Durand-106x160.png 106w\" sizes=\"(max-width: 188px) 100vw, 188px\" \/><\/a><\/p>\n<p>&nbsp;<\/p>\n<p>Pour en savoir plus sur Oswald Durand, consultez sa page sur <a href=\"http:\/\/ile-en-ile.org\/durand\/\" target=\"_blank\" rel=\"noopener\">Ile en \u00eele<\/a>.<\/p>\n","protected":false},"excerpt":{"rendered":"<p>Oswald Durand, n\u00e9 en Ha\u00efti en 1840, est un po\u00e8te majeur de la litt\u00e9rature ha\u00eftienne. Journaliste et professeur, auteur du c\u00e9l\u00e8bre po\u00e8me en cr\u00e9ole Choucoune, Durand a publi\u00e9 en 1896 son unique recueil de po\u00e8mes, Rires et pleurs. Il meurt&#8230;<\/p>\n","protected":false},"author":2,"featured_media":0,"parent":0,"menu_order":0,"comment_status":"closed","ping_status":"closed","template":"","meta":{"footnotes":""},"class_list":["post-3118","page","type-page","status-publish","hentry","no-post-thumbnail"],"yoast_head":"<!-- This site is optimized with the Yoast SEO plugin v27.3 - https:\/\/yoast.com\/product\/yoast-seo-wordpress\/ -->\n<title>Oswald Durand | LEGS &Eacute;DITION<\/title>\n<meta name=\"robots\" content=\"index, follow, max-snippet:-1, max-image-preview:large, max-video-preview:-1\" \/>\n<link rel=\"canonical\" href=\"https:\/\/legsedition.net\/public\/oswald-durand\/\" \/>\n<meta property=\"og:locale\" content=\"fr_FR\" \/>\n<meta property=\"og:type\" content=\"article\" \/>\n<meta property=\"og:title\" content=\"Oswald Durand | LEGS &Eacute;DITION\" \/>\n<meta property=\"og:description\" content=\"Oswald Durand, n\u00e9 en Ha\u00efti en 1840, est un po\u00e8te majeur de la litt\u00e9rature ha\u00eftienne. Journaliste et professeur, auteur du c\u00e9l\u00e8bre po\u00e8me en cr\u00e9ole Choucoune, Durand a publi\u00e9 en 1896 son unique recueil de po\u00e8mes, Rires et pleurs. Il meurt...\" \/>\n<meta property=\"og:url\" content=\"https:\/\/legsedition.net\/public\/oswald-durand\/\" \/>\n<meta property=\"og:site_name\" content=\"LEGS &Eacute;DITION\" \/>\n<meta property=\"article:publisher\" content=\"https:\/\/web.facebook.com\/LegsEtLitterature\/\" \/>\n<meta property=\"article:modified_time\" content=\"2023-04-07T20:24:08+00:00\" \/>\n<meta property=\"og:image\" content=\"https:\/\/legsedition.net\/public\/wp-content\/uploads\/2017\/12\/Durand.jpg\" \/>\n<meta name=\"twitter:card\" content=\"summary_large_image\" \/>\n<script type=\"application\/ld+json\" class=\"yoast-schema-graph\">{\"@context\":\"https:\\\/\\\/schema.org\",\"@graph\":[{\"@type\":\"WebPage\",\"@id\":\"https:\\\/\\\/legsedition.net\\\/public\\\/oswald-durand\\\/\",\"url\":\"https:\\\/\\\/legsedition.net\\\/public\\\/oswald-durand\\\/\",\"name\":\"Oswald Durand | LEGS &Eacute;DITION\",\"isPartOf\":{\"@id\":\"https:\\\/\\\/legsedition.net\\\/public\\\/#website\"},\"primaryImageOfPage\":{\"@id\":\"https:\\\/\\\/legsedition.net\\\/public\\\/oswald-durand\\\/#primaryimage\"},\"image\":{\"@id\":\"https:\\\/\\\/legsedition.net\\\/public\\\/oswald-durand\\\/#primaryimage\"},\"thumbnailUrl\":\"https:\\\/\\\/legsedition.net\\\/public\\\/wp-content\\\/uploads\\\/2017\\\/12\\\/Durand.jpg\",\"datePublished\":\"2019-08-25T18:57:11+00:00\",\"dateModified\":\"2023-04-07T20:24:08+00:00\",\"breadcrumb\":{\"@id\":\"https:\\\/\\\/legsedition.net\\\/public\\\/oswald-durand\\\/#breadcrumb\"},\"inLanguage\":\"fr-FR\",\"potentialAction\":[{\"@type\":\"ReadAction\",\"target\":[\"https:\\\/\\\/legsedition.net\\\/public\\\/oswald-durand\\\/\"]}]},{\"@type\":\"ImageObject\",\"inLanguage\":\"fr-FR\",\"@id\":\"https:\\\/\\\/legsedition.net\\\/public\\\/oswald-durand\\\/#primaryimage\",\"url\":\"https:\\\/\\\/legsedition.net\\\/public\\\/wp-content\\\/uploads\\\/2017\\\/12\\\/Durand.jpg\",\"contentUrl\":\"https:\\\/\\\/legsedition.net\\\/public\\\/wp-content\\\/uploads\\\/2017\\\/12\\\/Durand.jpg\",\"width\":2550,\"height\":3506},{\"@type\":\"BreadcrumbList\",\"@id\":\"https:\\\/\\\/legsedition.net\\\/public\\\/oswald-durand\\\/#breadcrumb\",\"itemListElement\":[{\"@type\":\"ListItem\",\"position\":1,\"name\":\"Home\",\"item\":\"https:\\\/\\\/legsedition.net\\\/public\\\/\"},{\"@type\":\"ListItem\",\"position\":2,\"name\":\"Oswald Durand\"}]},{\"@type\":\"WebSite\",\"@id\":\"https:\\\/\\\/legsedition.net\\\/public\\\/#website\",\"url\":\"https:\\\/\\\/legsedition.net\\\/public\\\/\",\"name\":\"LEGS &Eacute;DITION\",\"description\":\"\",\"potentialAction\":[{\"@type\":\"SearchAction\",\"target\":{\"@type\":\"EntryPoint\",\"urlTemplate\":\"https:\\\/\\\/legsedition.net\\\/public\\\/?s={search_term_string}\"},\"query-input\":{\"@type\":\"PropertyValueSpecification\",\"valueRequired\":true,\"valueName\":\"search_term_string\"}}],\"inLanguage\":\"fr-FR\"}]}<\/script>\n<!-- \/ Yoast SEO plugin. -->","yoast_head_json":{"title":"Oswald Durand | LEGS &Eacute;DITION","robots":{"index":"index","follow":"follow","max-snippet":"max-snippet:-1","max-image-preview":"max-image-preview:large","max-video-preview":"max-video-preview:-1"},"canonical":"https:\/\/legsedition.net\/public\/oswald-durand\/","og_locale":"fr_FR","og_type":"article","og_title":"Oswald Durand | LEGS &Eacute;DITION","og_description":"Oswald Durand, n\u00e9 en Ha\u00efti en 1840, est un po\u00e8te majeur de la litt\u00e9rature ha\u00eftienne. Journaliste et professeur, auteur du c\u00e9l\u00e8bre po\u00e8me en cr\u00e9ole Choucoune, Durand a publi\u00e9 en 1896 son unique recueil de po\u00e8mes, Rires et pleurs. Il meurt...","og_url":"https:\/\/legsedition.net\/public\/oswald-durand\/","og_site_name":"LEGS &Eacute;DITION","article_publisher":"https:\/\/web.facebook.com\/LegsEtLitterature\/","article_modified_time":"2023-04-07T20:24:08+00:00","og_image":[{"url":"https:\/\/legsedition.net\/public\/wp-content\/uploads\/2017\/12\/Durand.jpg","type":"","width":"","height":""}],"twitter_card":"summary_large_image","schema":{"@context":"https:\/\/schema.org","@graph":[{"@type":"WebPage","@id":"https:\/\/legsedition.net\/public\/oswald-durand\/","url":"https:\/\/legsedition.net\/public\/oswald-durand\/","name":"Oswald Durand | LEGS &Eacute;DITION","isPartOf":{"@id":"https:\/\/legsedition.net\/public\/#website"},"primaryImageOfPage":{"@id":"https:\/\/legsedition.net\/public\/oswald-durand\/#primaryimage"},"image":{"@id":"https:\/\/legsedition.net\/public\/oswald-durand\/#primaryimage"},"thumbnailUrl":"https:\/\/legsedition.net\/public\/wp-content\/uploads\/2017\/12\/Durand.jpg","datePublished":"2019-08-25T18:57:11+00:00","dateModified":"2023-04-07T20:24:08+00:00","breadcrumb":{"@id":"https:\/\/legsedition.net\/public\/oswald-durand\/#breadcrumb"},"inLanguage":"fr-FR","potentialAction":[{"@type":"ReadAction","target":["https:\/\/legsedition.net\/public\/oswald-durand\/"]}]},{"@type":"ImageObject","inLanguage":"fr-FR","@id":"https:\/\/legsedition.net\/public\/oswald-durand\/#primaryimage","url":"https:\/\/legsedition.net\/public\/wp-content\/uploads\/2017\/12\/Durand.jpg","contentUrl":"https:\/\/legsedition.net\/public\/wp-content\/uploads\/2017\/12\/Durand.jpg","width":2550,"height":3506},{"@type":"BreadcrumbList","@id":"https:\/\/legsedition.net\/public\/oswald-durand\/#breadcrumb","itemListElement":[{"@type":"ListItem","position":1,"name":"Home","item":"https:\/\/legsedition.net\/public\/"},{"@type":"ListItem","position":2,"name":"Oswald Durand"}]},{"@type":"WebSite","@id":"https:\/\/legsedition.net\/public\/#website","url":"https:\/\/legsedition.net\/public\/","name":"LEGS &Eacute;DITION","description":"","potentialAction":[{"@type":"SearchAction","target":{"@type":"EntryPoint","urlTemplate":"https:\/\/legsedition.net\/public\/?s={search_term_string}"},"query-input":{"@type":"PropertyValueSpecification","valueRequired":true,"valueName":"search_term_string"}}],"inLanguage":"fr-FR"}]}},"_links":{"self":[{"href":"https:\/\/legsedition.net\/public\/wp-json\/wp\/v2\/pages\/3118","targetHints":{"allow":["GET"]}}],"collection":[{"href":"https:\/\/legsedition.net\/public\/wp-json\/wp\/v2\/pages"}],"about":[{"href":"https:\/\/legsedition.net\/public\/wp-json\/wp\/v2\/types\/page"}],"author":[{"embeddable":true,"href":"https:\/\/legsedition.net\/public\/wp-json\/wp\/v2\/users\/2"}],"replies":[{"embeddable":true,"href":"https:\/\/legsedition.net\/public\/wp-json\/wp\/v2\/comments?post=3118"}],"version-history":[{"count":5,"href":"https:\/\/legsedition.net\/public\/wp-json\/wp\/v2\/pages\/3118\/revisions"}],"predecessor-version":[{"id":5488,"href":"https:\/\/legsedition.net\/public\/wp-json\/wp\/v2\/pages\/3118\/revisions\/5488"}],"wp:attachment":[{"href":"https:\/\/legsedition.net\/public\/wp-json\/wp\/v2\/media?parent=3118"}],"curies":[{"name":"wp","href":"https:\/\/api.w.org\/{rel}","templated":true}]}}