{"id":3121,"date":"2019-08-25T19:09:29","date_gmt":"2019-08-25T19:09:29","guid":{"rendered":"https:\/\/legsedition.net\/public\/?page_id=3121"},"modified":"2025-12-28T13:51:39","modified_gmt":"2025-12-28T13:51:39","slug":"emerci-bergeaud","status":"publish","type":"page","link":"https:\/\/legsedition.net\/public\/emerci-bergeaud\/","title":{"rendered":"\u00c9meric Bergeaud"},"content":{"rendered":"<figure id=\"attachment_3292\" aria-describedby=\"caption-attachment-3292\" style=\"width: 180px\" class=\"wp-caption alignleft\"><a href=\"https:\/\/legsedition.net\/public\/wp-content\/uploads\/2020\/01\/bergeaud.jpg\"><img decoding=\"async\" class=\"wp-image-3292 \" src=\"https:\/\/legsedition.net\/public\/wp-content\/uploads\/2020\/01\/bergeaud.jpg\" alt=\"\" width=\"180\" height=\"266\" srcset=\"https:\/\/legsedition.net\/public\/wp-content\/uploads\/2020\/01\/bergeaud.jpg 350w, https:\/\/legsedition.net\/public\/wp-content\/uploads\/2020\/01\/bergeaud-203x300.jpg 203w, https:\/\/legsedition.net\/public\/wp-content\/uploads\/2020\/01\/bergeaud-108x160.jpg 108w\" sizes=\"(max-width: 180px) 100vw, 180px\" \/><\/a><figcaption id=\"caption-attachment-3292\" class=\"wp-caption-text\">\u00a9 <a href=\"http:\/\/ile-en-ile.org\/bergeaud\/\" target=\"_blank\" rel=\"noopener\">ile-en-ile.org<\/a><\/figcaption><\/figure>\n<p style=\"text-align: justify;\">\u00c9meric Bergeaud est n\u00e9 aux Cayes dans le sud d&rsquo;Ha\u00efti en 1818. Ses \u00e9tudes secondaires termin\u00e9es, il devient, \u00e0 cause de sa solide formation, le secr\u00e9taire de son oncle, J. M. Borgella, l\u2019un des g\u00e9n\u00e9raux ayant dirig\u00e9 l\u2019arrondissement des Cayes. Auteur du premier roman sur le mythe fondateur de la nation ha\u00eftienne,\u00a0<em>Stella, <\/em>il meurt le 23 f\u00e9vrier 1858 \u00e0 l&rsquo;\u00eele de Saint-Thomas \u00e0 l&rsquo;\u00e2ge de 40 ans.<\/p>\n<p>\u00c0 sa mort, son cousin, l&rsquo;historien Beaubrun, Ardouin publie son roman<em> Stella <\/em>en 1859 chez Edouard Dentu \u00e0 Paris. A l&rsquo;instigation de sa veuve, le roman est r\u00e9\u00e9dit\u00e9 \u00e0 Paris chez le m\u00eame \u00e9diteur. C&rsquo;est le premier roman ha\u00eftien, il raconte un \u00e9pisode de la r\u00e9volution ha\u00eftienne.<\/p>\n<p>_______________________________________________________________<\/p>\n<p><strong>Publication chez LEGS \u00c9DITION<\/strong><\/p>\n<p><em><a href=\"https:\/\/wp.me\/s9BqHx-stella\" target=\"_blank\" rel=\"noopener\">Stella<\/a>,\u00a0<\/em>2019<\/p>\n<p><a href=\"https:\/\/legsedition.net\/public\/wp-content\/uploads\/2019\/08\/cover_stella.png\"><img fetchpriority=\"high\" decoding=\"async\" class=\"alignnone size-medium wp-image-3057\" src=\"https:\/\/legsedition.net\/public\/wp-content\/uploads\/2019\/08\/cover_stella-183x300.png\" alt=\"\" width=\"183\" height=\"300\" srcset=\"https:\/\/legsedition.net\/public\/wp-content\/uploads\/2019\/08\/cover_stella-183x300.png 183w, https:\/\/legsedition.net\/public\/wp-content\/uploads\/2019\/08\/cover_stella-97x160.png 97w, https:\/\/legsedition.net\/public\/wp-content\/uploads\/2019\/08\/cover_stella.png 287w\" sizes=\"(max-width: 183px) 100vw, 183px\" \/><\/a><\/p>\n<p>Pour en savoir plus sur \u00c9meric Bergeaud, consultez sa page sur <a href=\"http:\/\/ile-en-ile.org\/bergeaud\/\" target=\"_blank\" rel=\"noopener\">Ile en \u00eele<\/a>.<\/p>\n","protected":false},"excerpt":{"rendered":"<p>\u00c9meric Bergeaud est n\u00e9 aux Cayes dans le sud d&rsquo;Ha\u00efti en 1818. Ses \u00e9tudes secondaires termin\u00e9es, il devient, \u00e0 cause de sa solide formation, le secr\u00e9taire de son oncle, J. M. Borgella, l\u2019un des g\u00e9n\u00e9raux ayant dirig\u00e9 l\u2019arrondissement des Cayes&#8230;.<\/p>\n","protected":false},"author":2,"featured_media":0,"parent":0,"menu_order":0,"comment_status":"closed","ping_status":"closed","template":"","meta":{"footnotes":""},"class_list":["post-3121","page","type-page","status-publish","hentry","no-post-thumbnail"],"yoast_head":"<!-- This site is optimized with the Yoast SEO plugin v27.3 - https:\/\/yoast.com\/product\/yoast-seo-wordpress\/ -->\n<title>\u00c9meric Bergeaud | LEGS &Eacute;DITION<\/title>\n<meta name=\"robots\" content=\"index, follow, max-snippet:-1, max-image-preview:large, max-video-preview:-1\" \/>\n<link rel=\"canonical\" href=\"https:\/\/legsedition.net\/public\/emerci-bergeaud\/\" \/>\n<meta property=\"og:locale\" content=\"fr_FR\" \/>\n<meta property=\"og:type\" content=\"article\" \/>\n<meta property=\"og:title\" content=\"\u00c9meric Bergeaud | LEGS &Eacute;DITION\" \/>\n<meta property=\"og:description\" content=\"\u00c9meric Bergeaud est n\u00e9 aux Cayes dans le sud d&rsquo;Ha\u00efti en 1818. Ses \u00e9tudes secondaires termin\u00e9es, il devient, \u00e0 cause de sa solide formation, le secr\u00e9taire de son oncle, J. M. Borgella, l\u2019un des g\u00e9n\u00e9raux ayant dirig\u00e9 l\u2019arrondissement des Cayes....\" \/>\n<meta property=\"og:url\" content=\"https:\/\/legsedition.net\/public\/emerci-bergeaud\/\" \/>\n<meta property=\"og:site_name\" content=\"LEGS &Eacute;DITION\" \/>\n<meta property=\"article:publisher\" content=\"https:\/\/web.facebook.com\/LegsEtLitterature\/\" \/>\n<meta property=\"article:modified_time\" content=\"2025-12-28T13:51:39+00:00\" \/>\n<meta property=\"og:image\" content=\"https:\/\/legsedition.net\/public\/wp-content\/uploads\/2020\/01\/bergeaud.jpg\" \/>\n\t<meta property=\"og:image:width\" content=\"350\" \/>\n\t<meta property=\"og:image:height\" content=\"517\" \/>\n\t<meta property=\"og:image:type\" content=\"image\/jpeg\" \/>\n<meta name=\"twitter:card\" content=\"summary_large_image\" \/>\n<meta name=\"twitter:label1\" content=\"Dur\u00e9e de lecture estim\u00e9e\" \/>\n\t<meta name=\"twitter:data1\" content=\"2 minutes\" \/>\n<script type=\"application\/ld+json\" class=\"yoast-schema-graph\">{\"@context\":\"https:\\\/\\\/schema.org\",\"@graph\":[{\"@type\":\"WebPage\",\"@id\":\"https:\\\/\\\/legsedition.net\\\/public\\\/emerci-bergeaud\\\/\",\"url\":\"https:\\\/\\\/legsedition.net\\\/public\\\/emerci-bergeaud\\\/\",\"name\":\"\u00c9meric Bergeaud | LEGS &Eacute;DITION\",\"isPartOf\":{\"@id\":\"https:\\\/\\\/legsedition.net\\\/public\\\/#website\"},\"primaryImageOfPage\":{\"@id\":\"https:\\\/\\\/legsedition.net\\\/public\\\/emerci-bergeaud\\\/#primaryimage\"},\"image\":{\"@id\":\"https:\\\/\\\/legsedition.net\\\/public\\\/emerci-bergeaud\\\/#primaryimage\"},\"thumbnailUrl\":\"https:\\\/\\\/legsedition.net\\\/public\\\/wp-content\\\/uploads\\\/2020\\\/01\\\/bergeaud.jpg\",\"datePublished\":\"2019-08-25T19:09:29+00:00\",\"dateModified\":\"2025-12-28T13:51:39+00:00\",\"breadcrumb\":{\"@id\":\"https:\\\/\\\/legsedition.net\\\/public\\\/emerci-bergeaud\\\/#breadcrumb\"},\"inLanguage\":\"fr-FR\",\"potentialAction\":[{\"@type\":\"ReadAction\",\"target\":[\"https:\\\/\\\/legsedition.net\\\/public\\\/emerci-bergeaud\\\/\"]}]},{\"@type\":\"ImageObject\",\"inLanguage\":\"fr-FR\",\"@id\":\"https:\\\/\\\/legsedition.net\\\/public\\\/emerci-bergeaud\\\/#primaryimage\",\"url\":\"https:\\\/\\\/legsedition.net\\\/public\\\/wp-content\\\/uploads\\\/2020\\\/01\\\/bergeaud.jpg\",\"contentUrl\":\"https:\\\/\\\/legsedition.net\\\/public\\\/wp-content\\\/uploads\\\/2020\\\/01\\\/bergeaud.jpg\",\"width\":350,\"height\":517},{\"@type\":\"BreadcrumbList\",\"@id\":\"https:\\\/\\\/legsedition.net\\\/public\\\/emerci-bergeaud\\\/#breadcrumb\",\"itemListElement\":[{\"@type\":\"ListItem\",\"position\":1,\"name\":\"Home\",\"item\":\"https:\\\/\\\/legsedition.net\\\/public\\\/\"},{\"@type\":\"ListItem\",\"position\":2,\"name\":\"\u00c9meric Bergeaud\"}]},{\"@type\":\"WebSite\",\"@id\":\"https:\\\/\\\/legsedition.net\\\/public\\\/#website\",\"url\":\"https:\\\/\\\/legsedition.net\\\/public\\\/\",\"name\":\"LEGS &Eacute;DITION\",\"description\":\"\",\"potentialAction\":[{\"@type\":\"SearchAction\",\"target\":{\"@type\":\"EntryPoint\",\"urlTemplate\":\"https:\\\/\\\/legsedition.net\\\/public\\\/?s={search_term_string}\"},\"query-input\":{\"@type\":\"PropertyValueSpecification\",\"valueRequired\":true,\"valueName\":\"search_term_string\"}}],\"inLanguage\":\"fr-FR\"}]}<\/script>\n<!-- \/ Yoast SEO plugin. -->","yoast_head_json":{"title":"\u00c9meric Bergeaud | LEGS &Eacute;DITION","robots":{"index":"index","follow":"follow","max-snippet":"max-snippet:-1","max-image-preview":"max-image-preview:large","max-video-preview":"max-video-preview:-1"},"canonical":"https:\/\/legsedition.net\/public\/emerci-bergeaud\/","og_locale":"fr_FR","og_type":"article","og_title":"\u00c9meric Bergeaud | LEGS &Eacute;DITION","og_description":"\u00c9meric Bergeaud est n\u00e9 aux Cayes dans le sud d&rsquo;Ha\u00efti en 1818. Ses \u00e9tudes secondaires termin\u00e9es, il devient, \u00e0 cause de sa solide formation, le secr\u00e9taire de son oncle, J. M. Borgella, l\u2019un des g\u00e9n\u00e9raux ayant dirig\u00e9 l\u2019arrondissement des Cayes....","og_url":"https:\/\/legsedition.net\/public\/emerci-bergeaud\/","og_site_name":"LEGS &Eacute;DITION","article_publisher":"https:\/\/web.facebook.com\/LegsEtLitterature\/","article_modified_time":"2025-12-28T13:51:39+00:00","og_image":[{"width":350,"height":517,"url":"https:\/\/legsedition.net\/public\/wp-content\/uploads\/2020\/01\/bergeaud.jpg","type":"image\/jpeg"}],"twitter_card":"summary_large_image","twitter_misc":{"Dur\u00e9e de lecture estim\u00e9e":"2 minutes"},"schema":{"@context":"https:\/\/schema.org","@graph":[{"@type":"WebPage","@id":"https:\/\/legsedition.net\/public\/emerci-bergeaud\/","url":"https:\/\/legsedition.net\/public\/emerci-bergeaud\/","name":"\u00c9meric Bergeaud | LEGS &Eacute;DITION","isPartOf":{"@id":"https:\/\/legsedition.net\/public\/#website"},"primaryImageOfPage":{"@id":"https:\/\/legsedition.net\/public\/emerci-bergeaud\/#primaryimage"},"image":{"@id":"https:\/\/legsedition.net\/public\/emerci-bergeaud\/#primaryimage"},"thumbnailUrl":"https:\/\/legsedition.net\/public\/wp-content\/uploads\/2020\/01\/bergeaud.jpg","datePublished":"2019-08-25T19:09:29+00:00","dateModified":"2025-12-28T13:51:39+00:00","breadcrumb":{"@id":"https:\/\/legsedition.net\/public\/emerci-bergeaud\/#breadcrumb"},"inLanguage":"fr-FR","potentialAction":[{"@type":"ReadAction","target":["https:\/\/legsedition.net\/public\/emerci-bergeaud\/"]}]},{"@type":"ImageObject","inLanguage":"fr-FR","@id":"https:\/\/legsedition.net\/public\/emerci-bergeaud\/#primaryimage","url":"https:\/\/legsedition.net\/public\/wp-content\/uploads\/2020\/01\/bergeaud.jpg","contentUrl":"https:\/\/legsedition.net\/public\/wp-content\/uploads\/2020\/01\/bergeaud.jpg","width":350,"height":517},{"@type":"BreadcrumbList","@id":"https:\/\/legsedition.net\/public\/emerci-bergeaud\/#breadcrumb","itemListElement":[{"@type":"ListItem","position":1,"name":"Home","item":"https:\/\/legsedition.net\/public\/"},{"@type":"ListItem","position":2,"name":"\u00c9meric Bergeaud"}]},{"@type":"WebSite","@id":"https:\/\/legsedition.net\/public\/#website","url":"https:\/\/legsedition.net\/public\/","name":"LEGS &Eacute;DITION","description":"","potentialAction":[{"@type":"SearchAction","target":{"@type":"EntryPoint","urlTemplate":"https:\/\/legsedition.net\/public\/?s={search_term_string}"},"query-input":{"@type":"PropertyValueSpecification","valueRequired":true,"valueName":"search_term_string"}}],"inLanguage":"fr-FR"}]}},"_links":{"self":[{"href":"https:\/\/legsedition.net\/public\/wp-json\/wp\/v2\/pages\/3121","targetHints":{"allow":["GET"]}}],"collection":[{"href":"https:\/\/legsedition.net\/public\/wp-json\/wp\/v2\/pages"}],"about":[{"href":"https:\/\/legsedition.net\/public\/wp-json\/wp\/v2\/types\/page"}],"author":[{"embeddable":true,"href":"https:\/\/legsedition.net\/public\/wp-json\/wp\/v2\/users\/2"}],"replies":[{"embeddable":true,"href":"https:\/\/legsedition.net\/public\/wp-json\/wp\/v2\/comments?post=3121"}],"version-history":[{"count":17,"href":"https:\/\/legsedition.net\/public\/wp-json\/wp\/v2\/pages\/3121\/revisions"}],"predecessor-version":[{"id":9128,"href":"https:\/\/legsedition.net\/public\/wp-json\/wp\/v2\/pages\/3121\/revisions\/9128"}],"wp:attachment":[{"href":"https:\/\/legsedition.net\/public\/wp-json\/wp\/v2\/media?parent=3121"}],"curies":[{"name":"wp","href":"https:\/\/api.w.org\/{rel}","templated":true}]}}