{"id":3123,"date":"2019-08-25T19:19:52","date_gmt":"2019-08-25T19:19:52","guid":{"rendered":"https:\/\/legsedition.net\/public\/?page_id=3123"},"modified":"2025-12-28T15:45:30","modified_gmt":"2025-12-28T15:45:30","slug":"antoine-innocent","status":"publish","type":"page","link":"https:\/\/legsedition.net\/public\/antoine-innocent\/","title":{"rendered":"Antoine Innocent"},"content":{"rendered":"<figure id=\"attachment_3124\" aria-describedby=\"caption-attachment-3124\" style=\"width: 177px\" class=\"wp-caption alignleft\"><a href=\"https:\/\/legsedition.net\/public\/wp-content\/uploads\/2019\/08\/antoine_innocent.png\"><img decoding=\"async\" class=\"wp-image-3124 \" src=\"https:\/\/legsedition.net\/public\/wp-content\/uploads\/2019\/08\/antoine_innocent.png\" alt=\"\" width=\"177\" height=\"258\" srcset=\"https:\/\/legsedition.net\/public\/wp-content\/uploads\/2019\/08\/antoine_innocent.png 704w, https:\/\/legsedition.net\/public\/wp-content\/uploads\/2019\/08\/antoine_innocent-600x873.png 600w, https:\/\/legsedition.net\/public\/wp-content\/uploads\/2019\/08\/antoine_innocent-206x300.png 206w, https:\/\/legsedition.net\/public\/wp-content\/uploads\/2019\/08\/antoine_innocent-413x600.png 413w, https:\/\/legsedition.net\/public\/wp-content\/uploads\/2019\/08\/antoine_innocent-110x160.png 110w\" sizes=\"(max-width: 177px) 100vw, 177px\" \/><\/a><figcaption id=\"caption-attachment-3124\" class=\"wp-caption-text\">\u00a9 F. Muscadin<\/figcaption><\/figure>\n<p>Journaliste et romancier, Antoine Innocent est n\u00e9 le 21 avril 1873 \u00e0 Port-au-Prince. Il fait ses \u00e9tudes au Lyc\u00e9e Alexandre P\u00e9tion de Port-au-Prince, puis y enseigne par la suite le fran\u00e7ais, l\u2019espagnol et l\u2019histoire. Apres avoir fait du th\u00e9\u00e2tre au lyc\u00e9e, il int\u00e8gre l\u2019association litt\u00e9raire et th\u00e9\u00e2trale L\u2019\u0152uvre fond\u00e9e par l\u2019\u00e9crivain Massillon Coicou. Tr\u00e8s remarqu\u00e9 par ses talents d\u2019acteurs, il devient l\u2019un des principaux interpr\u00e8tes des drames de Coicou.<\/p>\n<p>Collaborateur des revues\u00a0<em>La Ronde<\/em>\u00a0et\u00a0<em>Jeune Ha\u00efti\u00a0<\/em>aux c\u00f4t\u00e9s des \u00e9crivains P\u00e9tion G\u00e9r\u00f4me, Georges Sylvain et Dant\u00e8s Bellegarde, il travaille au S\u00e9nat comme secr\u00e9taire et r\u00e9dacteur pendant une trentaine d\u2019ann\u00e9es.\u00a0Indig\u00e9niste avant la lettre, auteur d\u2019un unique roman,\u00a0<em>Mimola<\/em>, publi\u00e9 en 1906, il meurt le 13 avril 1960 \u00e0 l\u2019\u00e2ge de 87 ans.<\/p>\n<p>_______________________________________________________________________<\/p>\n<p><strong>Publication chez LEGS \u00c9DITION<\/strong><\/p>\n<p><em><a href=\"https:\/\/legsedition.net\/public\/mimola-ou-lhistoire-dune-cassette\/\">Mimola ou L&rsquo;histoire d&rsquo;une cassette<\/a>,\u00a0<\/em>2019<\/p>\n<p><a href=\"https:\/\/legsedition.net\/public\/wp-content\/uploads\/2021\/07\/Cover_mimola.png\"><img fetchpriority=\"high\" decoding=\"async\" class=\"alignnone wp-image-4048 \" src=\"https:\/\/legsedition.net\/public\/wp-content\/uploads\/2021\/07\/Cover_mimola.png\" alt=\"\" width=\"216\" height=\"328\" srcset=\"https:\/\/legsedition.net\/public\/wp-content\/uploads\/2021\/07\/Cover_mimola.png 301w, https:\/\/legsedition.net\/public\/wp-content\/uploads\/2021\/07\/Cover_mimola-198x300.png 198w, https:\/\/legsedition.net\/public\/wp-content\/uploads\/2021\/07\/Cover_mimola-105x160.png 105w\" sizes=\"(max-width: 216px) 100vw, 216px\" \/><\/a><\/p>\n<p>Pour savoir plus sur Antoine Innocent, consultez sa page sur <a href=\"http:\/\/ile-en-ile.org\/innocent_antoine\/\" target=\"_blank\" rel=\"noopener\">Ile en \u00eele<\/a>.<\/p>\n","protected":false},"excerpt":{"rendered":"<p>Journaliste et romancier, Antoine Innocent est n\u00e9 le 21 avril 1873 \u00e0 Port-au-Prince. Il fait ses \u00e9tudes au Lyc\u00e9e Alexandre P\u00e9tion de Port-au-Prince, puis y enseigne par la suite le fran\u00e7ais, l\u2019espagnol et l\u2019histoire. Apres avoir fait du th\u00e9\u00e2tre au&#8230;<\/p>\n","protected":false},"author":2,"featured_media":0,"parent":0,"menu_order":0,"comment_status":"closed","ping_status":"closed","template":"","meta":{"footnotes":""},"class_list":["post-3123","page","type-page","status-publish","hentry","no-post-thumbnail"],"yoast_head":"<!-- This site is optimized with the Yoast SEO plugin v27.3 - https:\/\/yoast.com\/product\/yoast-seo-wordpress\/ -->\n<title>Antoine Innocent | LEGS &Eacute;DITION<\/title>\n<meta name=\"robots\" content=\"index, follow, max-snippet:-1, max-image-preview:large, max-video-preview:-1\" \/>\n<link rel=\"canonical\" href=\"https:\/\/legsedition.net\/public\/antoine-innocent\/\" \/>\n<meta property=\"og:locale\" content=\"fr_FR\" \/>\n<meta property=\"og:type\" content=\"article\" \/>\n<meta property=\"og:title\" content=\"Antoine Innocent | LEGS &Eacute;DITION\" \/>\n<meta property=\"og:description\" content=\"Journaliste et romancier, Antoine Innocent est n\u00e9 le 21 avril 1873 \u00e0 Port-au-Prince. Il fait ses \u00e9tudes au Lyc\u00e9e Alexandre P\u00e9tion de Port-au-Prince, puis y enseigne par la suite le fran\u00e7ais, l\u2019espagnol et l\u2019histoire. Apres avoir fait du th\u00e9\u00e2tre au...\" \/>\n<meta property=\"og:url\" content=\"https:\/\/legsedition.net\/public\/antoine-innocent\/\" \/>\n<meta property=\"og:site_name\" content=\"LEGS &Eacute;DITION\" \/>\n<meta property=\"article:publisher\" content=\"https:\/\/web.facebook.com\/LegsEtLitterature\/\" \/>\n<meta property=\"article:modified_time\" content=\"2025-12-28T15:45:30+00:00\" \/>\n<meta property=\"og:image\" content=\"https:\/\/legsedition.net\/public\/wp-content\/uploads\/2019\/08\/antoine_innocent.png\" \/>\n\t<meta property=\"og:image:width\" content=\"704\" \/>\n\t<meta property=\"og:image:height\" content=\"1024\" \/>\n\t<meta property=\"og:image:type\" content=\"image\/png\" \/>\n<meta name=\"twitter:card\" content=\"summary_large_image\" \/>\n<meta name=\"twitter:label1\" content=\"Dur\u00e9e de lecture estim\u00e9e\" \/>\n\t<meta name=\"twitter:data1\" content=\"2 minutes\" \/>\n<script type=\"application\/ld+json\" class=\"yoast-schema-graph\">{\"@context\":\"https:\\\/\\\/schema.org\",\"@graph\":[{\"@type\":\"WebPage\",\"@id\":\"https:\\\/\\\/legsedition.net\\\/public\\\/antoine-innocent\\\/\",\"url\":\"https:\\\/\\\/legsedition.net\\\/public\\\/antoine-innocent\\\/\",\"name\":\"Antoine Innocent | LEGS &Eacute;DITION\",\"isPartOf\":{\"@id\":\"https:\\\/\\\/legsedition.net\\\/public\\\/#website\"},\"primaryImageOfPage\":{\"@id\":\"https:\\\/\\\/legsedition.net\\\/public\\\/antoine-innocent\\\/#primaryimage\"},\"image\":{\"@id\":\"https:\\\/\\\/legsedition.net\\\/public\\\/antoine-innocent\\\/#primaryimage\"},\"thumbnailUrl\":\"https:\\\/\\\/legsedition.net\\\/public\\\/wp-content\\\/uploads\\\/2019\\\/08\\\/antoine_innocent.png\",\"datePublished\":\"2019-08-25T19:19:52+00:00\",\"dateModified\":\"2025-12-28T15:45:30+00:00\",\"breadcrumb\":{\"@id\":\"https:\\\/\\\/legsedition.net\\\/public\\\/antoine-innocent\\\/#breadcrumb\"},\"inLanguage\":\"fr-FR\",\"potentialAction\":[{\"@type\":\"ReadAction\",\"target\":[\"https:\\\/\\\/legsedition.net\\\/public\\\/antoine-innocent\\\/\"]}]},{\"@type\":\"ImageObject\",\"inLanguage\":\"fr-FR\",\"@id\":\"https:\\\/\\\/legsedition.net\\\/public\\\/antoine-innocent\\\/#primaryimage\",\"url\":\"https:\\\/\\\/legsedition.net\\\/public\\\/wp-content\\\/uploads\\\/2019\\\/08\\\/antoine_innocent.png\",\"contentUrl\":\"https:\\\/\\\/legsedition.net\\\/public\\\/wp-content\\\/uploads\\\/2019\\\/08\\\/antoine_innocent.png\",\"width\":704,\"height\":1024,\"caption\":\"\u00a9 Fritzg\u00e9rald Muscadin\"},{\"@type\":\"BreadcrumbList\",\"@id\":\"https:\\\/\\\/legsedition.net\\\/public\\\/antoine-innocent\\\/#breadcrumb\",\"itemListElement\":[{\"@type\":\"ListItem\",\"position\":1,\"name\":\"Home\",\"item\":\"https:\\\/\\\/legsedition.net\\\/public\\\/\"},{\"@type\":\"ListItem\",\"position\":2,\"name\":\"Antoine Innocent\"}]},{\"@type\":\"WebSite\",\"@id\":\"https:\\\/\\\/legsedition.net\\\/public\\\/#website\",\"url\":\"https:\\\/\\\/legsedition.net\\\/public\\\/\",\"name\":\"LEGS &Eacute;DITION\",\"description\":\"\",\"potentialAction\":[{\"@type\":\"SearchAction\",\"target\":{\"@type\":\"EntryPoint\",\"urlTemplate\":\"https:\\\/\\\/legsedition.net\\\/public\\\/?s={search_term_string}\"},\"query-input\":{\"@type\":\"PropertyValueSpecification\",\"valueRequired\":true,\"valueName\":\"search_term_string\"}}],\"inLanguage\":\"fr-FR\"}]}<\/script>\n<!-- \/ Yoast SEO plugin. -->","yoast_head_json":{"title":"Antoine Innocent | LEGS &Eacute;DITION","robots":{"index":"index","follow":"follow","max-snippet":"max-snippet:-1","max-image-preview":"max-image-preview:large","max-video-preview":"max-video-preview:-1"},"canonical":"https:\/\/legsedition.net\/public\/antoine-innocent\/","og_locale":"fr_FR","og_type":"article","og_title":"Antoine Innocent | LEGS &Eacute;DITION","og_description":"Journaliste et romancier, Antoine Innocent est n\u00e9 le 21 avril 1873 \u00e0 Port-au-Prince. Il fait ses \u00e9tudes au Lyc\u00e9e Alexandre P\u00e9tion de Port-au-Prince, puis y enseigne par la suite le fran\u00e7ais, l\u2019espagnol et l\u2019histoire. Apres avoir fait du th\u00e9\u00e2tre au...","og_url":"https:\/\/legsedition.net\/public\/antoine-innocent\/","og_site_name":"LEGS &Eacute;DITION","article_publisher":"https:\/\/web.facebook.com\/LegsEtLitterature\/","article_modified_time":"2025-12-28T15:45:30+00:00","og_image":[{"width":704,"height":1024,"url":"https:\/\/legsedition.net\/public\/wp-content\/uploads\/2019\/08\/antoine_innocent.png","type":"image\/png"}],"twitter_card":"summary_large_image","twitter_misc":{"Dur\u00e9e de lecture estim\u00e9e":"2 minutes"},"schema":{"@context":"https:\/\/schema.org","@graph":[{"@type":"WebPage","@id":"https:\/\/legsedition.net\/public\/antoine-innocent\/","url":"https:\/\/legsedition.net\/public\/antoine-innocent\/","name":"Antoine Innocent | LEGS &Eacute;DITION","isPartOf":{"@id":"https:\/\/legsedition.net\/public\/#website"},"primaryImageOfPage":{"@id":"https:\/\/legsedition.net\/public\/antoine-innocent\/#primaryimage"},"image":{"@id":"https:\/\/legsedition.net\/public\/antoine-innocent\/#primaryimage"},"thumbnailUrl":"https:\/\/legsedition.net\/public\/wp-content\/uploads\/2019\/08\/antoine_innocent.png","datePublished":"2019-08-25T19:19:52+00:00","dateModified":"2025-12-28T15:45:30+00:00","breadcrumb":{"@id":"https:\/\/legsedition.net\/public\/antoine-innocent\/#breadcrumb"},"inLanguage":"fr-FR","potentialAction":[{"@type":"ReadAction","target":["https:\/\/legsedition.net\/public\/antoine-innocent\/"]}]},{"@type":"ImageObject","inLanguage":"fr-FR","@id":"https:\/\/legsedition.net\/public\/antoine-innocent\/#primaryimage","url":"https:\/\/legsedition.net\/public\/wp-content\/uploads\/2019\/08\/antoine_innocent.png","contentUrl":"https:\/\/legsedition.net\/public\/wp-content\/uploads\/2019\/08\/antoine_innocent.png","width":704,"height":1024,"caption":"\u00a9 Fritzg\u00e9rald Muscadin"},{"@type":"BreadcrumbList","@id":"https:\/\/legsedition.net\/public\/antoine-innocent\/#breadcrumb","itemListElement":[{"@type":"ListItem","position":1,"name":"Home","item":"https:\/\/legsedition.net\/public\/"},{"@type":"ListItem","position":2,"name":"Antoine Innocent"}]},{"@type":"WebSite","@id":"https:\/\/legsedition.net\/public\/#website","url":"https:\/\/legsedition.net\/public\/","name":"LEGS &Eacute;DITION","description":"","potentialAction":[{"@type":"SearchAction","target":{"@type":"EntryPoint","urlTemplate":"https:\/\/legsedition.net\/public\/?s={search_term_string}"},"query-input":{"@type":"PropertyValueSpecification","valueRequired":true,"valueName":"search_term_string"}}],"inLanguage":"fr-FR"}]}},"_links":{"self":[{"href":"https:\/\/legsedition.net\/public\/wp-json\/wp\/v2\/pages\/3123","targetHints":{"allow":["GET"]}}],"collection":[{"href":"https:\/\/legsedition.net\/public\/wp-json\/wp\/v2\/pages"}],"about":[{"href":"https:\/\/legsedition.net\/public\/wp-json\/wp\/v2\/types\/page"}],"author":[{"embeddable":true,"href":"https:\/\/legsedition.net\/public\/wp-json\/wp\/v2\/users\/2"}],"replies":[{"embeddable":true,"href":"https:\/\/legsedition.net\/public\/wp-json\/wp\/v2\/comments?post=3123"}],"version-history":[{"count":15,"href":"https:\/\/legsedition.net\/public\/wp-json\/wp\/v2\/pages\/3123\/revisions"}],"predecessor-version":[{"id":9137,"href":"https:\/\/legsedition.net\/public\/wp-json\/wp\/v2\/pages\/3123\/revisions\/9137"}],"wp:attachment":[{"href":"https:\/\/legsedition.net\/public\/wp-json\/wp\/v2\/media?parent=3123"}],"curies":[{"name":"wp","href":"https:\/\/api.w.org\/{rel}","templated":true}]}}