{"id":3127,"date":"2019-08-25T19:27:10","date_gmt":"2019-08-25T19:27:10","guid":{"rendered":"https:\/\/legsedition.net\/public\/?page_id=3127"},"modified":"2026-03-21T05:40:24","modified_gmt":"2026-03-21T05:40:24","slug":"mimola-ou-lhistoire-dune-cassette","status":"publish","type":"page","link":"https:\/\/legsedition.net\/public\/mimola-ou-lhistoire-dune-cassette\/","title":{"rendered":"Mimola ou L\u2019histoire d\u2019une cassette"},"content":{"rendered":"<p><b><strong><a href=\"https:\/\/legsedition.net\/public\/wp-content\/uploads\/2021\/07\/Cover_mimola.png\"><img fetchpriority=\"high\" decoding=\"async\" class=\"alignleft wp-image-4048 \" src=\"https:\/\/legsedition.net\/public\/wp-content\/uploads\/2021\/07\/Cover_mimola.png\" alt=\"\" width=\"238\" height=\"361\" srcset=\"https:\/\/legsedition.net\/public\/wp-content\/uploads\/2021\/07\/Cover_mimola.png 301w, https:\/\/legsedition.net\/public\/wp-content\/uploads\/2021\/07\/Cover_mimola-198x300.png 198w, https:\/\/legsedition.net\/public\/wp-content\/uploads\/2021\/07\/Cover_mimola-105x160.png 105w\" sizes=\"(max-width: 238px) 100vw, 238px\" \/><\/a>Auteur :\u00a0<\/strong><\/b><a href=\"https:\/\/legsedition.net\/public\/antoine-innocent\/\" target=\"_blank\" rel=\"noopener\">Antoine Innocent<\/a><\/p>\n<p><b><strong>Titre : <\/strong><\/b>Mimola ou l&rsquo;histoire d&rsquo;une cassette (Notes et commentaires de Dieulermesson Petit Fr\u00e8re)<\/p>\n<p><b><strong>Collection : <\/strong><\/b><a href=\"https:\/\/legsedition.net\/public\/collection-classique\/\" target=\"_blank\" rel=\"noopener\">Classique<\/a><\/p>\n<p><b><strong>ISBN : <\/strong><\/b>978-99970-71-02-6<\/p>\n<p><b><strong>Couverture : <\/strong><\/b>Drippycat<\/p>\n<p><b><strong>Parution : <\/strong><\/b>19 ao\u00fbt 2019 | <a href=\"https:\/\/www.amazon.com\/Mimola-Lhistoire-dune-cassette-French\/dp\/9997071026\/ref=sr_1_1?crid=X1VD0IF3ZVG&amp;dib=eyJ2IjoiMSJ9.yCdv3Fw4SlfnhRwdW2uWlA.UNuizeYOjtImJVvIRzMf4l-E1iG2G2Wz2SUb3_cq1BI&amp;dib_tag=se&amp;keywords=antoine+innocent+mimola+legs+edition&amp;qid=1766933150&amp;sprefix=antoine+innocent+mimola+legs+edition%2Caps%2C177&amp;sr=8-1\" target=\"_blank\" rel=\"noopener\">Commander ICI<\/a><\/p>\n<p><b><strong>Prix : <\/strong><\/b>875 HTG ; 15.95 USD<\/p>\n<p style=\"text-align: justify;\"><em>Mimola<\/em> est le premier roman ha\u00eftien qui met en sc\u00e8ne le vaudou, le culte des <em>loas<\/em> comme ph\u00e9nom\u00e8ne historique. Publi\u00e9 d\u2019abord en feuilleton dans les colonnes du journal <em>Le Soir<\/em> dirig\u00e9 par le tr\u00e8s c\u00e9l\u00e8bre Justin Lh\u00e9risson, auteur des paroles de <em>La Dessainienne<\/em>, <em>Mimola<\/em> a paru pour la premi\u00e8re fois en volume en 1906. <em>Mimola ou L\u2019histoire d\u2019une cassette<\/em>, sous-titr\u00e9\u00a0<em>Petit tableau de m\u0153urs locales<\/em>, est, \u00e0 plusieurs points de vue, un roman tr\u00e8s significatif. Il y a d\u2019abord cette dualit\u00e9 qu\u2019Innocent a soulev\u00e9e en essayant d\u2019\u00e9tablir le rapport de l\u2019origine des divinit\u00e9s africaines avec les divinit\u00e9s du monde occidental.<\/p>\n<p style=\"text-align: justify;\">[&#8230;]<br \/>\nR\u00e9cit authentique, roman indig\u00e8ne, Antoine Innocent dresse, \u00e0 travers <em>Mimola<\/em> un tableau fid\u00e8le des croyances populaires et les r\u00e9alit\u00e9s folkloriques d\u2019Ha\u00efti. Il y met en relief tout un pan des traditions et des pratiques li\u00e9es aux valeurs ancestrales. Le vaudou, religion de nos anc\u00eatres, est ainsi pr\u00e9sent\u00e9 comme cette sorte de ciment qui unit et relie tous les Ha\u00eftiens, sans distinction de race ou de classe. Roman pr\u00e9curseur, avec <em>Mimola<\/em>, Innocent offre un portrait fid\u00e8le des croyances et r\u00e9alit\u00e9s de la paysannerie et de l\u2019arri\u00e8re-pays et des pratiques du culte vaudou dont les racines sont \u00e0 chercher dans les cultures africaines.<\/p>\n<p style=\"text-align: right;\"><strong>Dieulermesson Petit Fr\u00e8re<\/strong><\/p>\n<p><strong>Lire un extrait : <\/strong><\/p>\n<div class=\"_3d-flip-book  fb3d-fullscreen-mode full-size\" data-id=\"0\" data-mode=\"fullscreen\" data-title=\"false\" data-template=\"short-white-book-view\" data-lightbox=\"dark-shadow\" data-urlparam=\"fb3d-page\" data-page-n=\"0\" data-pdf=\"https:\/\/legsedition.net\/public\/wp-content\/uploads\/2025\/12\/Extrait-Mimola-Website.pdf\" data-tax=\"null\" data-thumbnail=\"\" data-cols=\"3\" data-book-template=\"default\" data-trigger=\"\"><\/div>\n<hr \/>\n<p><strong>\u00c0\u00a0propos de l&rsquo;auteur<\/strong><\/p>\n<p>Journaliste et romancier, Antoine Innocent est n\u00e9 le 21 avril 1873 \u00e0 Port-au-Prince. Il fait ses \u00e9tudes au Lyc\u00e9e Alexandre P\u00e9tion de Port-au-Prince, puis y enseigne par la suite le fran\u00e7ais, l\u2019espagnol et l\u2019histoire. Apres avoir fait du th\u00e9\u00e2tre au lyc\u00e9e, il int\u00e8gre l&rsquo;association litt\u00e9raire et th\u00e9\u00e2trale L&rsquo;\u0152uvre fond\u00e9e par l\u2019\u00e9crivain Massillon Coicou.<\/p>\n<p>Collaborateur des revues <em>La Ronde<\/em> et <em>Jeune Ha\u00efti <\/em>aux c\u00f4t\u00e9s des \u00e9crivains P\u00e9tion G\u00e9r\u00f4me, Georges Sylvain et Dant\u00e8s Bellegarde, il travaille au S\u00e9nat comme secr\u00e9taire et r\u00e9dacteur pendant une trentaine d\u2019ann\u00e9es.\u00a0Indig\u00e9niste avant la lettre, auteur d&rsquo;un unique roman, <em>Mimola<\/em>, publi\u00e9 en 1906, il meurt le 13 avril 1960 \u00e0 l\u2019\u00e2ge de 87 ans.<\/p>\n<p><strong>Dans la presse :<\/strong><\/p>\n<p>Mirline Pierre, <a href=\"https:\/\/lenouvelliste.com\/article\/265383\/le-roman-mimola-dantoine-innocent-reedite-en-format-poche\" target=\"_blank\" rel=\"noopener\">Le roman <em>Mimola<\/em> d&rsquo;Antoine Innocent disponible en poche<\/a> , <em>Le Nouvelliste<\/em>, 20 mars 2026. [<a href=\"https:\/\/legsedition.net\/public\/wp-content\/uploads\/2026\/03\/Article-Mimola_Le-Nouvelliste.pdf\" target=\"_blank\" rel=\"noopener\">Lire l&rsquo;article en PDF<\/a>]<\/p>\n<p>Mirline Pierre, <a href=\"https:\/\/alapage.mondoblog.org\/2021\/06\/12\/mimola-dantoine-innocent-disponible-en-poche\/\" target=\"_blank\" rel=\"noopener\"><em>Mimola<\/em> d&rsquo;Antoine Innocent disponible en poche<\/a> , <em>Litt\u00e9ratur&rsquo;Art<\/em>, 12 juin 2021.<\/p>\n","protected":false},"excerpt":{"rendered":"<p>Auteur :\u00a0Antoine Innocent Titre : Mimola ou l&rsquo;histoire d&rsquo;une cassette (Notes et commentaires de Dieulermesson Petit Fr\u00e8re) Collection : Classique ISBN : 978-99970-71-02-6 Couverture : Drippycat Parution : 19 ao\u00fbt 2019 | Commander ICI Prix : 875 HTG ; 15.95&#8230;<\/p>\n","protected":false},"author":2,"featured_media":4048,"parent":0,"menu_order":0,"comment_status":"closed","ping_status":"closed","template":"","meta":{"footnotes":""},"class_list":["post-3127","page","type-page","status-publish","has-post-thumbnail","hentry"],"yoast_head":"<!-- This site is optimized with the Yoast SEO plugin v27.3 - https:\/\/yoast.com\/product\/yoast-seo-wordpress\/ -->\n<title>Mimola ou L\u2019histoire d\u2019une cassette | LEGS &Eacute;DITION<\/title>\n<meta name=\"robots\" content=\"index, follow, max-snippet:-1, max-image-preview:large, max-video-preview:-1\" \/>\n<link rel=\"canonical\" href=\"https:\/\/legsedition.net\/public\/mimola-ou-lhistoire-dune-cassette\/\" \/>\n<meta property=\"og:locale\" content=\"fr_FR\" \/>\n<meta property=\"og:type\" content=\"article\" \/>\n<meta property=\"og:title\" content=\"Mimola ou L\u2019histoire d\u2019une cassette | LEGS &Eacute;DITION\" \/>\n<meta property=\"og:description\" content=\"Auteur :\u00a0Antoine Innocent Titre : Mimola ou l&rsquo;histoire d&rsquo;une cassette (Notes et commentaires de Dieulermesson Petit Fr\u00e8re) Collection : Classique ISBN : 978-99970-71-02-6 Couverture : Drippycat Parution : 19 ao\u00fbt 2019 | Commander ICI Prix : 875 HTG ; 15.95...\" \/>\n<meta property=\"og:url\" content=\"https:\/\/legsedition.net\/public\/mimola-ou-lhistoire-dune-cassette\/\" \/>\n<meta property=\"og:site_name\" content=\"LEGS &Eacute;DITION\" \/>\n<meta property=\"article:publisher\" content=\"https:\/\/web.facebook.com\/LegsEtLitterature\/\" \/>\n<meta property=\"article:modified_time\" content=\"2026-03-21T05:40:24+00:00\" \/>\n<meta property=\"og:image\" content=\"https:\/\/legsedition.net\/public\/wp-content\/uploads\/2021\/07\/Cover_mimola.png\" \/>\n\t<meta property=\"og:image:width\" content=\"301\" \/>\n\t<meta property=\"og:image:height\" content=\"457\" \/>\n\t<meta property=\"og:image:type\" content=\"image\/png\" \/>\n<meta name=\"twitter:card\" content=\"summary_large_image\" \/>\n<meta name=\"twitter:label1\" content=\"Dur\u00e9e de lecture estim\u00e9e\" \/>\n\t<meta name=\"twitter:data1\" content=\"3 minutes\" \/>\n<script type=\"application\/ld+json\" class=\"yoast-schema-graph\">{\"@context\":\"https:\\\/\\\/schema.org\",\"@graph\":[{\"@type\":\"WebPage\",\"@id\":\"https:\\\/\\\/legsedition.net\\\/public\\\/mimola-ou-lhistoire-dune-cassette\\\/\",\"url\":\"https:\\\/\\\/legsedition.net\\\/public\\\/mimola-ou-lhistoire-dune-cassette\\\/\",\"name\":\"Mimola ou L\u2019histoire d\u2019une cassette | LEGS &Eacute;DITION\",\"isPartOf\":{\"@id\":\"https:\\\/\\\/legsedition.net\\\/public\\\/#website\"},\"primaryImageOfPage\":{\"@id\":\"https:\\\/\\\/legsedition.net\\\/public\\\/mimola-ou-lhistoire-dune-cassette\\\/#primaryimage\"},\"image\":{\"@id\":\"https:\\\/\\\/legsedition.net\\\/public\\\/mimola-ou-lhistoire-dune-cassette\\\/#primaryimage\"},\"thumbnailUrl\":\"https:\\\/\\\/legsedition.net\\\/public\\\/wp-content\\\/uploads\\\/2021\\\/07\\\/Cover_mimola.png\",\"datePublished\":\"2019-08-25T19:27:10+00:00\",\"dateModified\":\"2026-03-21T05:40:24+00:00\",\"breadcrumb\":{\"@id\":\"https:\\\/\\\/legsedition.net\\\/public\\\/mimola-ou-lhistoire-dune-cassette\\\/#breadcrumb\"},\"inLanguage\":\"fr-FR\",\"potentialAction\":[{\"@type\":\"ReadAction\",\"target\":[\"https:\\\/\\\/legsedition.net\\\/public\\\/mimola-ou-lhistoire-dune-cassette\\\/\"]}]},{\"@type\":\"ImageObject\",\"inLanguage\":\"fr-FR\",\"@id\":\"https:\\\/\\\/legsedition.net\\\/public\\\/mimola-ou-lhistoire-dune-cassette\\\/#primaryimage\",\"url\":\"https:\\\/\\\/legsedition.net\\\/public\\\/wp-content\\\/uploads\\\/2021\\\/07\\\/Cover_mimola.png\",\"contentUrl\":\"https:\\\/\\\/legsedition.net\\\/public\\\/wp-content\\\/uploads\\\/2021\\\/07\\\/Cover_mimola.png\",\"width\":301,\"height\":457},{\"@type\":\"BreadcrumbList\",\"@id\":\"https:\\\/\\\/legsedition.net\\\/public\\\/mimola-ou-lhistoire-dune-cassette\\\/#breadcrumb\",\"itemListElement\":[{\"@type\":\"ListItem\",\"position\":1,\"name\":\"Home\",\"item\":\"https:\\\/\\\/legsedition.net\\\/public\\\/\"},{\"@type\":\"ListItem\",\"position\":2,\"name\":\"Mimola ou L\u2019histoire d\u2019une cassette\"}]},{\"@type\":\"WebSite\",\"@id\":\"https:\\\/\\\/legsedition.net\\\/public\\\/#website\",\"url\":\"https:\\\/\\\/legsedition.net\\\/public\\\/\",\"name\":\"LEGS &Eacute;DITION\",\"description\":\"\",\"potentialAction\":[{\"@type\":\"SearchAction\",\"target\":{\"@type\":\"EntryPoint\",\"urlTemplate\":\"https:\\\/\\\/legsedition.net\\\/public\\\/?s={search_term_string}\"},\"query-input\":{\"@type\":\"PropertyValueSpecification\",\"valueRequired\":true,\"valueName\":\"search_term_string\"}}],\"inLanguage\":\"fr-FR\"}]}<\/script>\n<!-- \/ Yoast SEO plugin. -->","yoast_head_json":{"title":"Mimola ou L\u2019histoire d\u2019une cassette | LEGS &Eacute;DITION","robots":{"index":"index","follow":"follow","max-snippet":"max-snippet:-1","max-image-preview":"max-image-preview:large","max-video-preview":"max-video-preview:-1"},"canonical":"https:\/\/legsedition.net\/public\/mimola-ou-lhistoire-dune-cassette\/","og_locale":"fr_FR","og_type":"article","og_title":"Mimola ou L\u2019histoire d\u2019une cassette | LEGS &Eacute;DITION","og_description":"Auteur :\u00a0Antoine Innocent Titre : Mimola ou l&rsquo;histoire d&rsquo;une cassette (Notes et commentaires de Dieulermesson Petit Fr\u00e8re) Collection : Classique ISBN : 978-99970-71-02-6 Couverture : Drippycat Parution : 19 ao\u00fbt 2019 | Commander ICI Prix : 875 HTG ; 15.95...","og_url":"https:\/\/legsedition.net\/public\/mimola-ou-lhistoire-dune-cassette\/","og_site_name":"LEGS &Eacute;DITION","article_publisher":"https:\/\/web.facebook.com\/LegsEtLitterature\/","article_modified_time":"2026-03-21T05:40:24+00:00","og_image":[{"width":301,"height":457,"url":"https:\/\/legsedition.net\/public\/wp-content\/uploads\/2021\/07\/Cover_mimola.png","type":"image\/png"}],"twitter_card":"summary_large_image","twitter_misc":{"Dur\u00e9e de lecture estim\u00e9e":"3 minutes"},"schema":{"@context":"https:\/\/schema.org","@graph":[{"@type":"WebPage","@id":"https:\/\/legsedition.net\/public\/mimola-ou-lhistoire-dune-cassette\/","url":"https:\/\/legsedition.net\/public\/mimola-ou-lhistoire-dune-cassette\/","name":"Mimola ou L\u2019histoire d\u2019une cassette | LEGS &Eacute;DITION","isPartOf":{"@id":"https:\/\/legsedition.net\/public\/#website"},"primaryImageOfPage":{"@id":"https:\/\/legsedition.net\/public\/mimola-ou-lhistoire-dune-cassette\/#primaryimage"},"image":{"@id":"https:\/\/legsedition.net\/public\/mimola-ou-lhistoire-dune-cassette\/#primaryimage"},"thumbnailUrl":"https:\/\/legsedition.net\/public\/wp-content\/uploads\/2021\/07\/Cover_mimola.png","datePublished":"2019-08-25T19:27:10+00:00","dateModified":"2026-03-21T05:40:24+00:00","breadcrumb":{"@id":"https:\/\/legsedition.net\/public\/mimola-ou-lhistoire-dune-cassette\/#breadcrumb"},"inLanguage":"fr-FR","potentialAction":[{"@type":"ReadAction","target":["https:\/\/legsedition.net\/public\/mimola-ou-lhistoire-dune-cassette\/"]}]},{"@type":"ImageObject","inLanguage":"fr-FR","@id":"https:\/\/legsedition.net\/public\/mimola-ou-lhistoire-dune-cassette\/#primaryimage","url":"https:\/\/legsedition.net\/public\/wp-content\/uploads\/2021\/07\/Cover_mimola.png","contentUrl":"https:\/\/legsedition.net\/public\/wp-content\/uploads\/2021\/07\/Cover_mimola.png","width":301,"height":457},{"@type":"BreadcrumbList","@id":"https:\/\/legsedition.net\/public\/mimola-ou-lhistoire-dune-cassette\/#breadcrumb","itemListElement":[{"@type":"ListItem","position":1,"name":"Home","item":"https:\/\/legsedition.net\/public\/"},{"@type":"ListItem","position":2,"name":"Mimola ou L\u2019histoire d\u2019une cassette"}]},{"@type":"WebSite","@id":"https:\/\/legsedition.net\/public\/#website","url":"https:\/\/legsedition.net\/public\/","name":"LEGS &Eacute;DITION","description":"","potentialAction":[{"@type":"SearchAction","target":{"@type":"EntryPoint","urlTemplate":"https:\/\/legsedition.net\/public\/?s={search_term_string}"},"query-input":{"@type":"PropertyValueSpecification","valueRequired":true,"valueName":"search_term_string"}}],"inLanguage":"fr-FR"}]}},"_links":{"self":[{"href":"https:\/\/legsedition.net\/public\/wp-json\/wp\/v2\/pages\/3127","targetHints":{"allow":["GET"]}}],"collection":[{"href":"https:\/\/legsedition.net\/public\/wp-json\/wp\/v2\/pages"}],"about":[{"href":"https:\/\/legsedition.net\/public\/wp-json\/wp\/v2\/types\/page"}],"author":[{"embeddable":true,"href":"https:\/\/legsedition.net\/public\/wp-json\/wp\/v2\/users\/2"}],"replies":[{"embeddable":true,"href":"https:\/\/legsedition.net\/public\/wp-json\/wp\/v2\/comments?post=3127"}],"version-history":[{"count":10,"href":"https:\/\/legsedition.net\/public\/wp-json\/wp\/v2\/pages\/3127\/revisions"}],"predecessor-version":[{"id":9382,"href":"https:\/\/legsedition.net\/public\/wp-json\/wp\/v2\/pages\/3127\/revisions\/9382"}],"wp:featuredmedia":[{"embeddable":true,"href":"https:\/\/legsedition.net\/public\/wp-json\/wp\/v2\/media\/4048"}],"wp:attachment":[{"href":"https:\/\/legsedition.net\/public\/wp-json\/wp\/v2\/media?parent=3127"}],"curies":[{"name":"wp","href":"https:\/\/api.w.org\/{rel}","templated":true}]}}