{"id":3242,"date":"2019-12-07T12:54:37","date_gmt":"2019-12-07T12:54:37","guid":{"rendered":"https:\/\/legsedition.net\/public\/?page_id=3242"},"modified":"2025-01-05T13:36:45","modified_gmt":"2025-01-05T13:36:45","slug":"litterature-et-politique-legs-et-litterature-no-14-vol","status":"publish","type":"page","link":"https:\/\/legsedition.net\/public\/litterature-et-politique-legs-et-litterature-no-14-vol\/","title":{"rendered":"Litt\u00e9rature et Politique. Legs et Litt\u00e9rature No 14, Vol. I"},"content":{"rendered":"<p><strong><a href=\"https:\/\/legsedition.net\/public\/wp-content\/uploads\/2019\/06\/cover_legs_14.png\"><img fetchpriority=\"high\" decoding=\"async\" class=\"alignleft wp-image-3218 \" src=\"https:\/\/legsedition.net\/public\/wp-content\/uploads\/2019\/06\/cover_legs_14.png\" alt=\"\" width=\"269\" height=\"404\" srcset=\"https:\/\/legsedition.net\/public\/wp-content\/uploads\/2019\/06\/cover_legs_14.png 338w, https:\/\/legsedition.net\/public\/wp-content\/uploads\/2019\/06\/cover_legs_14-200x300.png 200w, https:\/\/legsedition.net\/public\/wp-content\/uploads\/2019\/06\/cover_legs_14-106x160.png 106w\" sizes=\"(max-width: 269px) 100vw, 269px\" \/><\/a>Titre : <\/strong>Litt\u00e9rature et Politique<\/p>\n<p><strong>Auteur : <\/strong>Collectif (Sous la direction de Claudy Deln\u00e9 et Jean Florentin Agbona)<\/p>\n<p><strong>Illustration de couverture :\u00a0<\/strong>Jhonny Jean (Collection Festival Arts)<\/p>\n<p><strong>Date de parution :\u00a0<\/strong>06 d\u00e9cembre 2019<\/p>\n<p>Avec le pr\u00e9cieux soutien de la Fondation connaissance et libert\u00e9 (Fokal)<\/p>\n<p><strong>ISBN :\u00a0<\/strong>978-99970-71-04-2<\/p>\n<p><strong>Prix :\u00a0<\/strong>1 200 Gdes; UDS 22.95<\/p>\n<p>\u00a0<\/p>\n<p>L\u2019on ne finit jamais de r\u00e9p\u00e9ter \u00e0 sati\u00e9t\u00e9 la correspondance in\u00e9luctable entre la litt\u00e9rature et la politique parce que l\u2019\u00e9crivain, cet animal politique, est forc\u00e9ment en situation. Ne pas parler de politique, ne pas prendre position est encore un choix politique. [&#8230;] L\u2019\u00e9crivain en situation veut tout simplement dire qu\u2019il est impliqu\u00e9 jusqu\u2019aux os dans la politique comme \u00e9tant un effet d\u2019entra\u00eenement du berceau \u00e0 la tombe nous dit Senior. Il peut soit choisir soit de traiter ou de gommer son sujet. Ce choix s\u2019inscrit dans une \u00e9thique de la responsabilit\u00e9 de l\u2019\u00e9crivain comme \u00e9tant \u00e0 la fois un \u00eatre humain et citoyen de la soci\u00e9t\u00e9 ou du monde. Le voir autrement, c\u2019est s\u2019inscrire dans la posture du d\u00e9ni. Ce num\u00e9ro de Legs et litt\u00e9rature s\u2019int\u00e9resse \u00e0 la litt\u00e9rature et la politique sous plusieurs angles, dans diff\u00e9rents aspects et diff\u00e9rentes sph\u00e8res g\u00e9ographiques. Comment saisir les rapports \u2013qu\u2019ils soient discordants ou concordants\u2013 dans les repr\u00e9sentations ou les visions que l\u2019une propose de l\u2019autre dans leur manifestation respective ? Comment la litt\u00e9rature interroge-t-elle la politique \u00e0 travers les si\u00e8cles et vice-versa ? Il s\u2019agit donc de traiter les enjeux et les contradictions qui peuvent d\u00e9couler des perceptions du litt\u00e9raire et du politique dans le champ social et la r\u00e9ception de leur discours respectif. Comment retracer l\u2019histoire du tandem litt\u00e9rature et politique ? La cr\u00e9ation litt\u00e9raire est-elle objectivement possible en dehors du champ politique, de l\u2019univers ou de la situation sociohistorique de son auteur ? Y a-t-il un imaginaire litt\u00e9raire et un imaginaire politique, si oui, comment les distingue-t-on ? Les \u00e9crivains sont-ils contraints de prendre acte de leur temps ? Prendre acte de la soci\u00e9t\u00e9 de son temps \u00e9quivaut-il \u00e0 une litt\u00e9rature engag\u00e9e ou militante ? Le contenu de la litt\u00e9rature engag\u00e9e est-il toujours politique ? La litt\u00e9rature et la politique font-elles bon m\u00e9nage ou sont-elles antinomiques ? La litt\u00e9rature et la politique se dirigent-elles de plus en plus vers une certaine autonomisation de leur champ respectif?<\/p>\n<p>Ce num\u00e9ro de <em>Legs et litt\u00e9rature<\/em> s\u2019int\u00e9resse \u00e0 la litt\u00e9rature et la politique sous plusieurs angles, dans diff\u00e9rents aspects et diff\u00e9rentes sph\u00e8res g\u00e9ographiques. Comment saisir les rapports \u2013qu\u2019ils soient discordants ou concordants\u2013 dans les repr\u00e9sentations ou les visions que l\u2019une propose de l\u2019autre dans leur manifestation respective ? Comment la litt\u00e9rature interroge-t-elle la politique \u00e0 travers les si\u00e8cles et vice-versa ? Il s\u2019agit donc de traiter les enjeux et les contradictions qui peuvent d\u00e9couler des perceptions du litt\u00e9raire et du politique dans le champ social et la r\u00e9ception de leur discours respectif.<\/p>\n<p><strong>\u00c0\u00a0<\/strong><strong>propos des directeurs du num\u00e9ro :<\/strong><\/p>\n<p>Docteur en \u00c9tudes fran\u00e7aises au Graduate Center de City University of New York (CUNY), Claudy Deln\u00e9 enseigne \u00e0 South Plainfield High School, et est charg\u00e9 de cours \u00e0 Rutgers State University, Essex County et Bergen Community College.<\/p>\n<p>Doctorant en histoire de l\u2019art \u00e0 l\u2019Universit\u00e9 d\u2019Abomey-Calavi, Jean Florentin Agbona d\u00e9tient un Master 2 en Art, Culture &amp; D\u00e9veloppement de l\u2019Institut R\u00e9gional d\u2019Enseignement Sup\u00e9rieur et de Recherche en D\u00e9veloppement Culturel de Lom\u00e9 au Togo. Il est aussi d\u00e9tenteur du Dipl\u00f4me de Technicien Sup\u00e9rieur de l\u2019Action Culturelle, sp\u00e9cialit\u00e9 Archives, de l\u2019\u00c9cole Nationale d\u2019Administration.<\/p>\n<hr \/>\n<p>\u00a0<\/p>\n<p><strong>Dans la presse:<\/strong><\/p>\n<p>Jean-Lucas Saint-Jean, <a href=\"http:\/\/www.lenational.org\/post_free.php?elif=1_CONTENUE\/culture&amp;rebmun=4502\" target=\"_blank\" rel=\"noopener\">\u00a0Litt\u00e9rature et Politique.\u00a0<em>Legs et litt\u00e9rature<\/em>\u00a0No 14<\/a>,\u00a0<em>Le National<\/em>, jeudi 19 mars 2020.<\/p>\n<p>Mario Malivert,<a href=\"https:\/\/lenouvelliste.com\/article\/212367\/litterature-et-politique-un-glissement-necessaire\" target=\"_blank\" rel=\"noopener\"><em>\u00a0Litt\u00e9rature et Politique<\/em>, un glissement n\u00e9cessaire<\/a>,\u00a0<em>Le Nouvelliste,\u00a0<\/em>vendredi 14 f\u00e9vrier 2020.<\/p>\n<p>\u00a0<\/p>\n<p><a href=\"https:\/\/legsedition.net\/public\/wp-content\/uploads\/2019\/12\/SOMMAIRE_Legs_et_litt\u00e9rature_14_vol_I.pdf\" target=\"_blank\" rel=\"noopener\">Pour acc\u00e9der au sommaire, cliquez ICI<\/a><\/p>\n\n\n<p><\/p>\n","protected":false},"excerpt":{"rendered":"<p>Titre : Litt\u00e9rature et Politique Auteur : Collectif (Sous la direction de Claudy Deln\u00e9 et Jean Florentin Agbona) Illustration de couverture :\u00a0Jhonny Jean (Collection Festival Arts) Date de parution :\u00a006 d\u00e9cembre 2019 Avec le pr\u00e9cieux soutien de la Fondation connaissance&#8230;<\/p>\n","protected":false},"author":2,"featured_media":3218,"parent":0,"menu_order":0,"comment_status":"closed","ping_status":"closed","template":"","meta":{"footnotes":""},"class_list":["post-3242","page","type-page","status-publish","has-post-thumbnail","hentry"],"yoast_head":"<!-- This site is optimized with the Yoast SEO plugin v27.3 - https:\/\/yoast.com\/product\/yoast-seo-wordpress\/ -->\n<title>Litt\u00e9rature et Politique. Legs et Litt\u00e9rature No 14, Vol. I | LEGS &Eacute;DITION<\/title>\n<meta name=\"robots\" content=\"index, follow, max-snippet:-1, max-image-preview:large, max-video-preview:-1\" \/>\n<link rel=\"canonical\" href=\"https:\/\/legsedition.net\/public\/litterature-et-politique-legs-et-litterature-no-14-vol\/\" \/>\n<meta property=\"og:locale\" content=\"fr_FR\" \/>\n<meta property=\"og:type\" content=\"article\" \/>\n<meta property=\"og:title\" content=\"Litt\u00e9rature et Politique. Legs et Litt\u00e9rature No 14, Vol. I | LEGS &Eacute;DITION\" \/>\n<meta property=\"og:description\" content=\"Titre : Litt\u00e9rature et Politique Auteur : Collectif (Sous la direction de Claudy Deln\u00e9 et Jean Florentin Agbona) Illustration de couverture :\u00a0Jhonny Jean (Collection Festival Arts) Date de parution :\u00a006 d\u00e9cembre 2019 Avec le pr\u00e9cieux soutien de la Fondation connaissance...\" \/>\n<meta property=\"og:url\" content=\"https:\/\/legsedition.net\/public\/litterature-et-politique-legs-et-litterature-no-14-vol\/\" \/>\n<meta property=\"og:site_name\" content=\"LEGS &Eacute;DITION\" \/>\n<meta property=\"article:publisher\" content=\"https:\/\/web.facebook.com\/LegsEtLitterature\/\" \/>\n<meta property=\"article:modified_time\" content=\"2025-01-05T13:36:45+00:00\" \/>\n<meta property=\"og:image\" content=\"https:\/\/legsedition.net\/public\/wp-content\/uploads\/2019\/06\/cover_legs_14.png\" \/>\n\t<meta property=\"og:image:width\" content=\"338\" \/>\n\t<meta property=\"og:image:height\" content=\"508\" \/>\n\t<meta property=\"og:image:type\" content=\"image\/png\" \/>\n<meta name=\"twitter:card\" content=\"summary_large_image\" \/>\n<meta name=\"twitter:label1\" content=\"Dur\u00e9e de lecture estim\u00e9e\" \/>\n\t<meta name=\"twitter:data1\" content=\"4 minutes\" \/>\n<script type=\"application\/ld+json\" class=\"yoast-schema-graph\">{\"@context\":\"https:\\\/\\\/schema.org\",\"@graph\":[{\"@type\":\"WebPage\",\"@id\":\"https:\\\/\\\/legsedition.net\\\/public\\\/litterature-et-politique-legs-et-litterature-no-14-vol\\\/\",\"url\":\"https:\\\/\\\/legsedition.net\\\/public\\\/litterature-et-politique-legs-et-litterature-no-14-vol\\\/\",\"name\":\"Litt\u00e9rature et Politique. Legs et Litt\u00e9rature No 14, Vol. I | LEGS &Eacute;DITION\",\"isPartOf\":{\"@id\":\"https:\\\/\\\/legsedition.net\\\/public\\\/#website\"},\"primaryImageOfPage\":{\"@id\":\"https:\\\/\\\/legsedition.net\\\/public\\\/litterature-et-politique-legs-et-litterature-no-14-vol\\\/#primaryimage\"},\"image\":{\"@id\":\"https:\\\/\\\/legsedition.net\\\/public\\\/litterature-et-politique-legs-et-litterature-no-14-vol\\\/#primaryimage\"},\"thumbnailUrl\":\"https:\\\/\\\/legsedition.net\\\/public\\\/wp-content\\\/uploads\\\/2019\\\/06\\\/cover_legs_14.png\",\"datePublished\":\"2019-12-07T12:54:37+00:00\",\"dateModified\":\"2025-01-05T13:36:45+00:00\",\"breadcrumb\":{\"@id\":\"https:\\\/\\\/legsedition.net\\\/public\\\/litterature-et-politique-legs-et-litterature-no-14-vol\\\/#breadcrumb\"},\"inLanguage\":\"fr-FR\",\"potentialAction\":[{\"@type\":\"ReadAction\",\"target\":[\"https:\\\/\\\/legsedition.net\\\/public\\\/litterature-et-politique-legs-et-litterature-no-14-vol\\\/\"]}]},{\"@type\":\"ImageObject\",\"inLanguage\":\"fr-FR\",\"@id\":\"https:\\\/\\\/legsedition.net\\\/public\\\/litterature-et-politique-legs-et-litterature-no-14-vol\\\/#primaryimage\",\"url\":\"https:\\\/\\\/legsedition.net\\\/public\\\/wp-content\\\/uploads\\\/2019\\\/06\\\/cover_legs_14.png\",\"contentUrl\":\"https:\\\/\\\/legsedition.net\\\/public\\\/wp-content\\\/uploads\\\/2019\\\/06\\\/cover_legs_14.png\",\"width\":338,\"height\":508},{\"@type\":\"BreadcrumbList\",\"@id\":\"https:\\\/\\\/legsedition.net\\\/public\\\/litterature-et-politique-legs-et-litterature-no-14-vol\\\/#breadcrumb\",\"itemListElement\":[{\"@type\":\"ListItem\",\"position\":1,\"name\":\"Home\",\"item\":\"https:\\\/\\\/legsedition.net\\\/public\\\/\"},{\"@type\":\"ListItem\",\"position\":2,\"name\":\"Litt\u00e9rature et Politique. Legs et Litt\u00e9rature No 14, Vol. I\"}]},{\"@type\":\"WebSite\",\"@id\":\"https:\\\/\\\/legsedition.net\\\/public\\\/#website\",\"url\":\"https:\\\/\\\/legsedition.net\\\/public\\\/\",\"name\":\"LEGS &Eacute;DITION\",\"description\":\"\",\"potentialAction\":[{\"@type\":\"SearchAction\",\"target\":{\"@type\":\"EntryPoint\",\"urlTemplate\":\"https:\\\/\\\/legsedition.net\\\/public\\\/?s={search_term_string}\"},\"query-input\":{\"@type\":\"PropertyValueSpecification\",\"valueRequired\":true,\"valueName\":\"search_term_string\"}}],\"inLanguage\":\"fr-FR\"}]}<\/script>\n<!-- \/ Yoast SEO plugin. -->","yoast_head_json":{"title":"Litt\u00e9rature et Politique. Legs et Litt\u00e9rature No 14, Vol. I | LEGS &Eacute;DITION","robots":{"index":"index","follow":"follow","max-snippet":"max-snippet:-1","max-image-preview":"max-image-preview:large","max-video-preview":"max-video-preview:-1"},"canonical":"https:\/\/legsedition.net\/public\/litterature-et-politique-legs-et-litterature-no-14-vol\/","og_locale":"fr_FR","og_type":"article","og_title":"Litt\u00e9rature et Politique. Legs et Litt\u00e9rature No 14, Vol. I | LEGS &Eacute;DITION","og_description":"Titre : Litt\u00e9rature et Politique Auteur : Collectif (Sous la direction de Claudy Deln\u00e9 et Jean Florentin Agbona) Illustration de couverture :\u00a0Jhonny Jean (Collection Festival Arts) Date de parution :\u00a006 d\u00e9cembre 2019 Avec le pr\u00e9cieux soutien de la Fondation connaissance...","og_url":"https:\/\/legsedition.net\/public\/litterature-et-politique-legs-et-litterature-no-14-vol\/","og_site_name":"LEGS &Eacute;DITION","article_publisher":"https:\/\/web.facebook.com\/LegsEtLitterature\/","article_modified_time":"2025-01-05T13:36:45+00:00","og_image":[{"width":338,"height":508,"url":"https:\/\/legsedition.net\/public\/wp-content\/uploads\/2019\/06\/cover_legs_14.png","type":"image\/png"}],"twitter_card":"summary_large_image","twitter_misc":{"Dur\u00e9e de lecture estim\u00e9e":"4 minutes"},"schema":{"@context":"https:\/\/schema.org","@graph":[{"@type":"WebPage","@id":"https:\/\/legsedition.net\/public\/litterature-et-politique-legs-et-litterature-no-14-vol\/","url":"https:\/\/legsedition.net\/public\/litterature-et-politique-legs-et-litterature-no-14-vol\/","name":"Litt\u00e9rature et Politique. Legs et Litt\u00e9rature No 14, Vol. I | LEGS &Eacute;DITION","isPartOf":{"@id":"https:\/\/legsedition.net\/public\/#website"},"primaryImageOfPage":{"@id":"https:\/\/legsedition.net\/public\/litterature-et-politique-legs-et-litterature-no-14-vol\/#primaryimage"},"image":{"@id":"https:\/\/legsedition.net\/public\/litterature-et-politique-legs-et-litterature-no-14-vol\/#primaryimage"},"thumbnailUrl":"https:\/\/legsedition.net\/public\/wp-content\/uploads\/2019\/06\/cover_legs_14.png","datePublished":"2019-12-07T12:54:37+00:00","dateModified":"2025-01-05T13:36:45+00:00","breadcrumb":{"@id":"https:\/\/legsedition.net\/public\/litterature-et-politique-legs-et-litterature-no-14-vol\/#breadcrumb"},"inLanguage":"fr-FR","potentialAction":[{"@type":"ReadAction","target":["https:\/\/legsedition.net\/public\/litterature-et-politique-legs-et-litterature-no-14-vol\/"]}]},{"@type":"ImageObject","inLanguage":"fr-FR","@id":"https:\/\/legsedition.net\/public\/litterature-et-politique-legs-et-litterature-no-14-vol\/#primaryimage","url":"https:\/\/legsedition.net\/public\/wp-content\/uploads\/2019\/06\/cover_legs_14.png","contentUrl":"https:\/\/legsedition.net\/public\/wp-content\/uploads\/2019\/06\/cover_legs_14.png","width":338,"height":508},{"@type":"BreadcrumbList","@id":"https:\/\/legsedition.net\/public\/litterature-et-politique-legs-et-litterature-no-14-vol\/#breadcrumb","itemListElement":[{"@type":"ListItem","position":1,"name":"Home","item":"https:\/\/legsedition.net\/public\/"},{"@type":"ListItem","position":2,"name":"Litt\u00e9rature et Politique. Legs et Litt\u00e9rature No 14, Vol. I"}]},{"@type":"WebSite","@id":"https:\/\/legsedition.net\/public\/#website","url":"https:\/\/legsedition.net\/public\/","name":"LEGS &Eacute;DITION","description":"","potentialAction":[{"@type":"SearchAction","target":{"@type":"EntryPoint","urlTemplate":"https:\/\/legsedition.net\/public\/?s={search_term_string}"},"query-input":{"@type":"PropertyValueSpecification","valueRequired":true,"valueName":"search_term_string"}}],"inLanguage":"fr-FR"}]}},"_links":{"self":[{"href":"https:\/\/legsedition.net\/public\/wp-json\/wp\/v2\/pages\/3242","targetHints":{"allow":["GET"]}}],"collection":[{"href":"https:\/\/legsedition.net\/public\/wp-json\/wp\/v2\/pages"}],"about":[{"href":"https:\/\/legsedition.net\/public\/wp-json\/wp\/v2\/types\/page"}],"author":[{"embeddable":true,"href":"https:\/\/legsedition.net\/public\/wp-json\/wp\/v2\/users\/2"}],"replies":[{"embeddable":true,"href":"https:\/\/legsedition.net\/public\/wp-json\/wp\/v2\/comments?post=3242"}],"version-history":[{"count":5,"href":"https:\/\/legsedition.net\/public\/wp-json\/wp\/v2\/pages\/3242\/revisions"}],"predecessor-version":[{"id":8090,"href":"https:\/\/legsedition.net\/public\/wp-json\/wp\/v2\/pages\/3242\/revisions\/8090"}],"wp:featuredmedia":[{"embeddable":true,"href":"https:\/\/legsedition.net\/public\/wp-json\/wp\/v2\/media\/3218"}],"wp:attachment":[{"href":"https:\/\/legsedition.net\/public\/wp-json\/wp\/v2\/media?parent=3242"}],"curies":[{"name":"wp","href":"https:\/\/api.w.org\/{rel}","templated":true}]}}