{"id":3244,"date":"2019-12-07T13:48:24","date_gmt":"2019-12-07T13:48:24","guid":{"rendered":"https:\/\/legsedition.net\/public\/?page_id=3244"},"modified":"2025-01-05T13:43:08","modified_gmt":"2025-01-05T13:43:08","slug":"litterature-et-politique-legs-et-litterature-no-14-vol-ii","status":"publish","type":"page","link":"https:\/\/legsedition.net\/public\/litterature-et-politique-legs-et-litterature-no-14-vol-ii\/","title":{"rendered":"Litt\u00e9rature et Politique. Legs et Litt\u00e9rature No 14, Vol. II"},"content":{"rendered":"<p><strong><a href=\"https:\/\/legsedition.net\/public\/wp-content\/uploads\/2019\/11\/Cover_legs_14_vol_2.png\"><img fetchpriority=\"high\" decoding=\"async\" class=\"alignleft wp-image-3223 \" src=\"https:\/\/legsedition.net\/public\/wp-content\/uploads\/2019\/11\/Cover_legs_14_vol_2.png\" alt=\"\" width=\"315\" height=\"467\" srcset=\"https:\/\/legsedition.net\/public\/wp-content\/uploads\/2019\/11\/Cover_legs_14_vol_2.png 412w, https:\/\/legsedition.net\/public\/wp-content\/uploads\/2019\/11\/Cover_legs_14_vol_2-202x300.png 202w, https:\/\/legsedition.net\/public\/wp-content\/uploads\/2019\/11\/Cover_legs_14_vol_2-405x600.png 405w, https:\/\/legsedition.net\/public\/wp-content\/uploads\/2019\/11\/Cover_legs_14_vol_2-108x160.png 108w\" sizes=\"(max-width: 315px) 100vw, 315px\" \/><\/a>Titre : <\/strong>Litt\u00e9rature et Politique<\/p>\n<p><strong style=\"font-size: revert; color: initial;\">Auteur : <\/strong><span style=\"font-size: revert; color: initial;\">Collectif (Sous la direction de Jean Florentin Agbona et Claudy Deln\u00e9)<\/span><\/p>\n<p><strong>Illustration de couverture :\u00a0<\/strong>\u00c9lo\u00efse Philippon (Collection Festival Arts)<\/p>\n<p><strong>Date de parution :\u00a0<\/strong>06 d\u00e9cembre 2019<\/p>\n<p>Avec le pr\u00e9cieux soutien de la Fondation connaissance et libert\u00e9 (Fokal)<\/p>\n<p><strong>ISBN :\u00a0<\/strong>978&#8211;99970-71-05-7<\/p>\n<p><strong>Prix :\u00a0<\/strong>1 200 Gdes; UDS 22.95<\/p>\n<p>La probl\u00e9matique des rapports entre la litt\u00e9rature et la politique est g\u00e9n\u00e9ralement divis\u00e9e en trois cat\u00e9gories : le contenu poli-tique des \u0153uvres litt\u00e9raires ; les activit\u00e9s politiques des auteurs et de leurs organisations, destin\u00e9es \u00e0 gagner le respect, la recon-naissance et l&rsquo;ind\u00e9pendance \u00e9conomique ; et les relations entre les auteurs et l&rsquo;\u00c9tat quant au respect des droits d&rsquo;auteur et de la litt\u00e9rature. [&#8230;] <em>Le Roman de la d\u00e9mocratie<\/em> (2003) de Nelly Wolf postule l\u2019existence d\u2019un lien entre litt\u00e9rature et politique qui ne serait pas seulement th\u00e9matique (la litt\u00e9rature parle de politique, intervient dans le d\u00e9bat politique) mais structurel : la litt\u00e9rature est une forme politique.<\/p>\n<p>C\u2019est justement le propos de ce second volume du num\u00e9ro 14 de la revue <em>Legs et litt\u00e9rature<\/em> qui entend retracer l\u2019histoire du tandem politique et litt\u00e9rature en essayant de saisir les rapports et les imaginaires qu\u2019elles se proposent d\u2019\u00e9voquer et de repr\u00e9-senter dans leurs manifestations respectives. Qu\u2019est-ce que la litt\u00e9rature doit \u00e0 la politique et vice versa ? L\u2019\u00e9crivain n\u2019est-il pas toujours ou essentiellement en situation d\u2019engagement ? L\u2019\u00e9criture n\u2019est-elle pas en soi un acte d\u2019engagement ?<\/p>\n<p><strong>\u00c0\u00a0<\/strong><strong>propos des directeurs du num\u00e9ro :<\/strong><\/p>\n<p>Docteur en \u00c9tudes fran\u00e7aises au Graduate Center de City University of New York (CUNY), Claudy Deln\u00e9 enseigne \u00e0 South Plainfield High School, et est charg\u00e9 de cours \u00e0 Rutgers State University, Essex County et Bergen Community College.<\/p>\n<p>Doctorant en histoire de l\u2019art \u00e0 l\u2019Universit\u00e9 d\u2019Abomey-Calavi, Jean Florentin Agbona d\u00e9tient un Master 2 en Art, Culture &amp; D\u00e9veloppement de l\u2019Institut R\u00e9gional d\u2019Enseignement Sup\u00e9rieur et de Recherche en D\u00e9veloppement Culturel de Lom\u00e9 au Togo. Il est aussi d\u00e9tenteur du Dipl\u00f4me de Technicien Sup\u00e9rieur de l\u2019Action Culturelle, sp\u00e9cialit\u00e9 Archives, de l\u2019\u00c9cole Nationale d\u2019Administration.<\/p>\n<hr \/>\n<p><strong>Dans la presse:<\/strong><\/p>\n<p>Jean-Lucas Saint-Jean, <a href=\"https:\/\/legsedition.net\/public\/wp-content\/uploads\/2022\/12\/Legs-et-Litterature-no-14_Le-national.pdf\" target=\"_blank\" rel=\"noopener\">\u00a0Litt\u00e9rature et Politique.\u00a0<em>Legs et litt\u00e9rature<\/em>\u00a0No 14<\/a>,\u00a0<em>Le National<\/em>, jeudi 19 mars 2020.<\/p>\n<p>Mario Malivert,<a href=\"https:\/\/lenouvelliste.com\/article\/212367\/litterature-et-politique-un-glissement-necessaire\" target=\"_blank\" rel=\"noopener\"><em>\u00a0Litt\u00e9rature et Politique<\/em>, un glissement n\u00e9cessaire<\/a>,\u00a0<em>Le Nouvelliste,\u00a0<\/em>vendredi 14 f\u00e9vrier 2020.<\/p>\n<p><a href=\"https:\/\/legsedition.net\/public\/wp-content\/uploads\/2019\/12\/Sommaire_legs_et_litterature_14_vil_II.pdf\" target=\"_blank\" rel=\"noopener\">Pour acc\u00e9der au sommaire, cliquez ICI<\/a><\/p>\n","protected":false},"excerpt":{"rendered":"<p>Titre : Litt\u00e9rature et Politique Auteur : Collectif (Sous la direction de Jean Florentin Agbona et Claudy Deln\u00e9) Illustration de couverture :\u00a0\u00c9lo\u00efse Philippon (Collection Festival Arts) Date de parution :\u00a006 d\u00e9cembre 2019 Avec le pr\u00e9cieux soutien de la Fondation connaissance&#8230;<\/p>\n","protected":false},"author":2,"featured_media":3223,"parent":0,"menu_order":0,"comment_status":"closed","ping_status":"closed","template":"","meta":{"footnotes":""},"class_list":["post-3244","page","type-page","status-publish","has-post-thumbnail","hentry"],"yoast_head":"<!-- This site is optimized with the Yoast SEO plugin v27.3 - https:\/\/yoast.com\/product\/yoast-seo-wordpress\/ -->\n<title>Litt\u00e9rature et Politique. Legs et Litt\u00e9rature No 14, Vol. II | LEGS &Eacute;DITION<\/title>\n<meta name=\"robots\" content=\"index, follow, max-snippet:-1, max-image-preview:large, max-video-preview:-1\" \/>\n<link rel=\"canonical\" href=\"https:\/\/legsedition.net\/public\/litterature-et-politique-legs-et-litterature-no-14-vol-ii\/\" \/>\n<meta property=\"og:locale\" content=\"fr_FR\" \/>\n<meta property=\"og:type\" content=\"article\" \/>\n<meta property=\"og:title\" content=\"Litt\u00e9rature et Politique. Legs et Litt\u00e9rature No 14, Vol. II | LEGS &Eacute;DITION\" \/>\n<meta property=\"og:description\" content=\"Titre : Litt\u00e9rature et Politique Auteur : Collectif (Sous la direction de Jean Florentin Agbona et Claudy Deln\u00e9) Illustration de couverture :\u00a0\u00c9lo\u00efse Philippon (Collection Festival Arts) Date de parution :\u00a006 d\u00e9cembre 2019 Avec le pr\u00e9cieux soutien de la Fondation connaissance...\" \/>\n<meta property=\"og:url\" content=\"https:\/\/legsedition.net\/public\/litterature-et-politique-legs-et-litterature-no-14-vol-ii\/\" \/>\n<meta property=\"og:site_name\" content=\"LEGS &Eacute;DITION\" \/>\n<meta property=\"article:publisher\" content=\"https:\/\/web.facebook.com\/LegsEtLitterature\/\" \/>\n<meta property=\"article:modified_time\" content=\"2025-01-05T13:43:08+00:00\" \/>\n<meta property=\"og:image\" content=\"https:\/\/legsedition.net\/public\/wp-content\/uploads\/2019\/11\/Cover_legs_14_vol_2.png\" \/>\n\t<meta property=\"og:image:width\" content=\"412\" \/>\n\t<meta property=\"og:image:height\" content=\"611\" \/>\n\t<meta property=\"og:image:type\" content=\"image\/png\" \/>\n<meta name=\"twitter:card\" content=\"summary_large_image\" \/>\n<meta name=\"twitter:label1\" content=\"Dur\u00e9e de lecture estim\u00e9e\" \/>\n\t<meta name=\"twitter:data1\" content=\"3 minutes\" \/>\n<script type=\"application\/ld+json\" class=\"yoast-schema-graph\">{\"@context\":\"https:\\\/\\\/schema.org\",\"@graph\":[{\"@type\":\"WebPage\",\"@id\":\"https:\\\/\\\/legsedition.net\\\/public\\\/litterature-et-politique-legs-et-litterature-no-14-vol-ii\\\/\",\"url\":\"https:\\\/\\\/legsedition.net\\\/public\\\/litterature-et-politique-legs-et-litterature-no-14-vol-ii\\\/\",\"name\":\"Litt\u00e9rature et Politique. Legs et Litt\u00e9rature No 14, Vol. II | LEGS &Eacute;DITION\",\"isPartOf\":{\"@id\":\"https:\\\/\\\/legsedition.net\\\/public\\\/#website\"},\"primaryImageOfPage\":{\"@id\":\"https:\\\/\\\/legsedition.net\\\/public\\\/litterature-et-politique-legs-et-litterature-no-14-vol-ii\\\/#primaryimage\"},\"image\":{\"@id\":\"https:\\\/\\\/legsedition.net\\\/public\\\/litterature-et-politique-legs-et-litterature-no-14-vol-ii\\\/#primaryimage\"},\"thumbnailUrl\":\"https:\\\/\\\/legsedition.net\\\/public\\\/wp-content\\\/uploads\\\/2019\\\/11\\\/Cover_legs_14_vol_2.png\",\"datePublished\":\"2019-12-07T13:48:24+00:00\",\"dateModified\":\"2025-01-05T13:43:08+00:00\",\"breadcrumb\":{\"@id\":\"https:\\\/\\\/legsedition.net\\\/public\\\/litterature-et-politique-legs-et-litterature-no-14-vol-ii\\\/#breadcrumb\"},\"inLanguage\":\"fr-FR\",\"potentialAction\":[{\"@type\":\"ReadAction\",\"target\":[\"https:\\\/\\\/legsedition.net\\\/public\\\/litterature-et-politique-legs-et-litterature-no-14-vol-ii\\\/\"]}]},{\"@type\":\"ImageObject\",\"inLanguage\":\"fr-FR\",\"@id\":\"https:\\\/\\\/legsedition.net\\\/public\\\/litterature-et-politique-legs-et-litterature-no-14-vol-ii\\\/#primaryimage\",\"url\":\"https:\\\/\\\/legsedition.net\\\/public\\\/wp-content\\\/uploads\\\/2019\\\/11\\\/Cover_legs_14_vol_2.png\",\"contentUrl\":\"https:\\\/\\\/legsedition.net\\\/public\\\/wp-content\\\/uploads\\\/2019\\\/11\\\/Cover_legs_14_vol_2.png\",\"width\":412,\"height\":611},{\"@type\":\"BreadcrumbList\",\"@id\":\"https:\\\/\\\/legsedition.net\\\/public\\\/litterature-et-politique-legs-et-litterature-no-14-vol-ii\\\/#breadcrumb\",\"itemListElement\":[{\"@type\":\"ListItem\",\"position\":1,\"name\":\"Home\",\"item\":\"https:\\\/\\\/legsedition.net\\\/public\\\/\"},{\"@type\":\"ListItem\",\"position\":2,\"name\":\"Litt\u00e9rature et Politique. Legs et Litt\u00e9rature No 14, Vol. II\"}]},{\"@type\":\"WebSite\",\"@id\":\"https:\\\/\\\/legsedition.net\\\/public\\\/#website\",\"url\":\"https:\\\/\\\/legsedition.net\\\/public\\\/\",\"name\":\"LEGS &Eacute;DITION\",\"description\":\"\",\"potentialAction\":[{\"@type\":\"SearchAction\",\"target\":{\"@type\":\"EntryPoint\",\"urlTemplate\":\"https:\\\/\\\/legsedition.net\\\/public\\\/?s={search_term_string}\"},\"query-input\":{\"@type\":\"PropertyValueSpecification\",\"valueRequired\":true,\"valueName\":\"search_term_string\"}}],\"inLanguage\":\"fr-FR\"}]}<\/script>\n<!-- \/ Yoast SEO plugin. -->","yoast_head_json":{"title":"Litt\u00e9rature et Politique. Legs et Litt\u00e9rature No 14, Vol. II | LEGS &Eacute;DITION","robots":{"index":"index","follow":"follow","max-snippet":"max-snippet:-1","max-image-preview":"max-image-preview:large","max-video-preview":"max-video-preview:-1"},"canonical":"https:\/\/legsedition.net\/public\/litterature-et-politique-legs-et-litterature-no-14-vol-ii\/","og_locale":"fr_FR","og_type":"article","og_title":"Litt\u00e9rature et Politique. Legs et Litt\u00e9rature No 14, Vol. II | LEGS &Eacute;DITION","og_description":"Titre : Litt\u00e9rature et Politique Auteur : Collectif (Sous la direction de Jean Florentin Agbona et Claudy Deln\u00e9) Illustration de couverture :\u00a0\u00c9lo\u00efse Philippon (Collection Festival Arts) Date de parution :\u00a006 d\u00e9cembre 2019 Avec le pr\u00e9cieux soutien de la Fondation connaissance...","og_url":"https:\/\/legsedition.net\/public\/litterature-et-politique-legs-et-litterature-no-14-vol-ii\/","og_site_name":"LEGS &Eacute;DITION","article_publisher":"https:\/\/web.facebook.com\/LegsEtLitterature\/","article_modified_time":"2025-01-05T13:43:08+00:00","og_image":[{"width":412,"height":611,"url":"https:\/\/legsedition.net\/public\/wp-content\/uploads\/2019\/11\/Cover_legs_14_vol_2.png","type":"image\/png"}],"twitter_card":"summary_large_image","twitter_misc":{"Dur\u00e9e de lecture estim\u00e9e":"3 minutes"},"schema":{"@context":"https:\/\/schema.org","@graph":[{"@type":"WebPage","@id":"https:\/\/legsedition.net\/public\/litterature-et-politique-legs-et-litterature-no-14-vol-ii\/","url":"https:\/\/legsedition.net\/public\/litterature-et-politique-legs-et-litterature-no-14-vol-ii\/","name":"Litt\u00e9rature et Politique. Legs et Litt\u00e9rature No 14, Vol. II | LEGS &Eacute;DITION","isPartOf":{"@id":"https:\/\/legsedition.net\/public\/#website"},"primaryImageOfPage":{"@id":"https:\/\/legsedition.net\/public\/litterature-et-politique-legs-et-litterature-no-14-vol-ii\/#primaryimage"},"image":{"@id":"https:\/\/legsedition.net\/public\/litterature-et-politique-legs-et-litterature-no-14-vol-ii\/#primaryimage"},"thumbnailUrl":"https:\/\/legsedition.net\/public\/wp-content\/uploads\/2019\/11\/Cover_legs_14_vol_2.png","datePublished":"2019-12-07T13:48:24+00:00","dateModified":"2025-01-05T13:43:08+00:00","breadcrumb":{"@id":"https:\/\/legsedition.net\/public\/litterature-et-politique-legs-et-litterature-no-14-vol-ii\/#breadcrumb"},"inLanguage":"fr-FR","potentialAction":[{"@type":"ReadAction","target":["https:\/\/legsedition.net\/public\/litterature-et-politique-legs-et-litterature-no-14-vol-ii\/"]}]},{"@type":"ImageObject","inLanguage":"fr-FR","@id":"https:\/\/legsedition.net\/public\/litterature-et-politique-legs-et-litterature-no-14-vol-ii\/#primaryimage","url":"https:\/\/legsedition.net\/public\/wp-content\/uploads\/2019\/11\/Cover_legs_14_vol_2.png","contentUrl":"https:\/\/legsedition.net\/public\/wp-content\/uploads\/2019\/11\/Cover_legs_14_vol_2.png","width":412,"height":611},{"@type":"BreadcrumbList","@id":"https:\/\/legsedition.net\/public\/litterature-et-politique-legs-et-litterature-no-14-vol-ii\/#breadcrumb","itemListElement":[{"@type":"ListItem","position":1,"name":"Home","item":"https:\/\/legsedition.net\/public\/"},{"@type":"ListItem","position":2,"name":"Litt\u00e9rature et Politique. Legs et Litt\u00e9rature No 14, Vol. II"}]},{"@type":"WebSite","@id":"https:\/\/legsedition.net\/public\/#website","url":"https:\/\/legsedition.net\/public\/","name":"LEGS &Eacute;DITION","description":"","potentialAction":[{"@type":"SearchAction","target":{"@type":"EntryPoint","urlTemplate":"https:\/\/legsedition.net\/public\/?s={search_term_string}"},"query-input":{"@type":"PropertyValueSpecification","valueRequired":true,"valueName":"search_term_string"}}],"inLanguage":"fr-FR"}]}},"_links":{"self":[{"href":"https:\/\/legsedition.net\/public\/wp-json\/wp\/v2\/pages\/3244","targetHints":{"allow":["GET"]}}],"collection":[{"href":"https:\/\/legsedition.net\/public\/wp-json\/wp\/v2\/pages"}],"about":[{"href":"https:\/\/legsedition.net\/public\/wp-json\/wp\/v2\/types\/page"}],"author":[{"embeddable":true,"href":"https:\/\/legsedition.net\/public\/wp-json\/wp\/v2\/users\/2"}],"replies":[{"embeddable":true,"href":"https:\/\/legsedition.net\/public\/wp-json\/wp\/v2\/comments?post=3244"}],"version-history":[{"count":7,"href":"https:\/\/legsedition.net\/public\/wp-json\/wp\/v2\/pages\/3244\/revisions"}],"predecessor-version":[{"id":8094,"href":"https:\/\/legsedition.net\/public\/wp-json\/wp\/v2\/pages\/3244\/revisions\/8094"}],"wp:featuredmedia":[{"embeddable":true,"href":"https:\/\/legsedition.net\/public\/wp-json\/wp\/v2\/media\/3223"}],"wp:attachment":[{"href":"https:\/\/legsedition.net\/public\/wp-json\/wp\/v2\/media?parent=3244"}],"curies":[{"name":"wp","href":"https:\/\/api.w.org\/{rel}","templated":true}]}}