{"id":4236,"date":"2021-12-06T09:46:11","date_gmt":"2021-12-06T09:46:11","guid":{"rendered":"https:\/\/legsedition.net\/public\/?page_id=4236"},"modified":"2025-01-04T10:20:35","modified_gmt":"2025-01-04T10:20:35","slug":"arts-et-litteratures-dafrique-recits-discours-images-legs-et-litterature-no-17-vol-2","status":"publish","type":"page","link":"https:\/\/legsedition.net\/public\/arts-et-litteratures-dafrique-recits-discours-images-legs-et-litterature-no-17-vol-2\/","title":{"rendered":"Arts et Litt\u00e9ratures d&rsquo;Afrique. R\u00e9cits, Discours, Images. Legs et Litt\u00e9rature no 17, vol. 2"},"content":{"rendered":"<p><strong><a href=\"https:\/\/legsedition.net\/public\/wp-content\/uploads\/2021\/07\/COver_legs_17_2.png\"><img fetchpriority=\"high\" decoding=\"async\" class=\"wp-image-4029 size-medium alignleft\" src=\"https:\/\/legsedition.net\/public\/wp-content\/uploads\/2021\/07\/COver_legs_17_2-201x300.png\" alt=\"\" width=\"201\" height=\"300\" srcset=\"https:\/\/legsedition.net\/public\/wp-content\/uploads\/2021\/07\/COver_legs_17_2-201x300.png 201w, https:\/\/legsedition.net\/public\/wp-content\/uploads\/2021\/07\/COver_legs_17_2-107x160.png 107w, https:\/\/legsedition.net\/public\/wp-content\/uploads\/2021\/07\/COver_legs_17_2.png 341w\" sizes=\"(max-width: 201px) 100vw, 201px\" \/><\/a>Auteur :\u00a0<\/strong>Collectif\u00a0 (Sous la direction de Salma Fellahi et\u00a0 R\u00e9da Bejjitt)<\/p>\n<p><strong>Titre :\u00a0<\/strong><em>Arts et litt\u00e9ratures d\u2019Afrique. R\u00e9cits, Discours, Images. Revue Legs et Litt\u00e9rature\u00a0<\/em>n<sup>o<\/sup>17, vol 1 et 2<\/p>\n<p><strong>Collection :\u00a0<\/strong>Revue Legs et Litt\u00e9rature<\/p>\n<p><strong>Date de parution :\u00a0<\/strong>\u00a0 1 septembre 2021 (Avec le pr\u00e9cieux soutien de la Fondation connaissance et libert\u00e9 (Fokal)<\/p>\n<p><strong>ISBN :\u00a0<\/strong>978\u201399970-71-13-2<\/p>\n<p><strong>Prix :\u00a0<\/strong>1 200 Gdes; UDS 22.95<\/p>\n<p>En intitulant ce num\u00e9ro\u00a0<em>Arts et Litt\u00e9rature d\u2019Afrique\u00a0: r\u00e9cits, discours, images<\/em>, notre objectif est mettre en valeur la diversit\u00e9 de la richesse artistique et litt\u00e9raire africaines, conscients de la relativit\u00e9 de notre entreprise\u00a0: l\u2019Afrique est un continent vaste, culturellement pluriel et riche d\u2019un millier de langues.<\/p>\n<p>Ce second volume du dix-septi\u00e8me num\u00e9ro de la revue\u00a0<em>Legs et Litt\u00e9rature<\/em>\u00a0est sp\u00e9cifiquement consacr\u00e9 \u00e0 la litt\u00e9rature, au roman et \u00e0 la po\u00e9sie notamment. Il couvre plusieurs pays africains\u00a0essentiellement francophones, \u00e0 savoir : le Congo (2 articles), la Guin\u00e9e, le Gabon, le Cameroun (2 articles), le Mozambique, la C\u00f4te d\u2019Ivoire (3 articles), le Togo, le S\u00e9n\u00e9gal, le Maroc et la R\u00e9publique CentrAfricaine (RCA)&#8230;.<\/p>\n<p>[&#8230;]<\/p>\n<p>Ce num\u00e9ro de\u00a0<em>Legs et litt\u00e9rature<\/em>\u00a0se propose donc de r\u00e9fl\u00e9chir sur l\u2019Afrique, cette notion \u00e0 la fois complexe \u00e0 d\u00e9finir et \u00e0 d\u00e9limiter, pour essayer d\u2019en cerner les contours. Il offre aussi, et surtout, des pistes de recherche pour (re)penser les Arts et les litt\u00e9ratures d\u2019Afrique au regard des textes, des images, des croyances, des imaginaires et toutes autres formes de repr\u00e9sentations.<\/p>\n<p><strong><b>\u00c0 propos des directeurs du num\u00e9ro :<\/b>\u00a0<\/strong><\/p>\n<p><strong>R\u00e9da Bejjtit<\/strong><\/p>\n<p style=\"text-align: justify;\">Apr\u00e8s une th\u00e8se de doctorat intitul\u00e9e : Formes et fonctions inter-textuelles de la description dans le Nouveau Roman, soutenue \u00e0 la Sorbonne Nouvelle-Paris III en 1997, R\u00e9da Bejjtit, professeur habilit\u00e9, enseigne \u00e0 la Facult\u00e9 des Lettres et des Sciences Humaines d\u2019El jadida de l\u2019Universit\u00e9 Choua\u00efb Doukkali au Maroc. Ses centres d\u2019int\u00e9r\u00eats sont les suivants : Patrimoine culturel (conte populaire), l\u2019interculturel (communication interculturelle, didactique interculturelle) ; la litt\u00e9rature g\u00e9n\u00e9rale et compar\u00e9e ; la litt\u00e9rature marocaine d\u2019expression fran\u00e7aise ; la traduction ; l\u2019image fixe et mouvante, le cin\u00e9ma, entre autres. Il est l\u2019auteur de plusieurs articles publi\u00e9s dans la sph\u00e8re francophone : dont \u00ab Mise en sc\u00e8ne et sc\u00e9nographie du conte : les documents authentiques \u00bb, dans SALIH Fatima-Zahra, <em>Entre histoire et Histoire. Le conte en question<\/em>, paru en 2018.<\/p>\n<p><strong>Salma Fellahi<\/strong><br \/>\nN\u00e9e \u00e0 Rabat, au Maroc, Salma Fellahi est professeur de Litt\u00e9rature et de Langue Fran\u00e7aises \u00e0 la Facult\u00e9 des Lettres et des Sciences Humaines d\u2019El Jadida au Maroc. Elle compte \u00e0 son actif trois ouvrages : Luttes et Chim\u00e8res (2018), L\u2019Amalgame de l\u2019\u00c9ros et du Thanatos dans Les Contemplations de Victor Hugo (2018) et La Po\u00e9tique du Melhoun marocain (2017), ainsi que quelques articles principalement li\u00e9s \u00e0 la po\u00e9sie et \u00e0 la psychanalyse.<\/p>\n<hr \/>\n<p><a href=\"https:\/\/legsedition.net\/public\/wp-content\/uploads\/2021\/08\/Sommaire_Legs_17_vol_1.pdf\" target=\"_blank\" rel=\"noopener\">Pour acc\u00e9der au sommaire, cliquer ICI<\/a><\/p>\n<p><a href=\"https:\/\/legsedition.net\/public\/wp-content\/uploads\/2021\/09\/Bio-bibliographie-des-contributeurs.pdf\" target=\"_blank\" rel=\"noopener\">Pour consulter la bio-bibliographie des contributeurs, cliquer ICI\u00a0<\/a><\/p>\n<hr \/>\n<p><strong>Dans la presse :\u00a0<\/strong><\/p>\n<p>Schultz Laurent Junior,\u00a0<a href=\"https:\/\/legsedition.net\/public\/wp-content\/uploads\/2023\/09\/Legs-et-Litterature-no-17_Le-national.pdf\" target=\"_blank\" rel=\"noopener\">L\u2019Afrique vue par Legs et Litt\u00e9rature<\/a>,\u00a0<em>Le National,\u00a0<\/em>1er septembre\u00a02023.<\/p>\n<p><a href=\"https:\/\/legsedition.net\/public\/2021\/09\/10\/deux-professeurs-marocains-contribuent-dans-une-publication-dediee-lafrique\/\" target=\"_blank\" rel=\"noopener\">Deux professeurs marocains contribuent dans une publication d\u00e9di\u00e9e \u00e0 l\u2019Afrique<\/a>,\u00a0<em>Aujourd\u2019hui Le Maroc<\/em>, 10-12 septembre 2021.<\/p>\n","protected":false},"excerpt":{"rendered":"<p>Auteur :\u00a0Collectif\u00a0 (Sous la direction de Salma Fellahi et\u00a0 R\u00e9da Bejjitt) Titre :\u00a0Arts et litt\u00e9ratures d\u2019Afrique. R\u00e9cits, Discours, Images. Revue Legs et Litt\u00e9rature\u00a0no17, vol 1 et 2 Collection :\u00a0Revue Legs et Litt\u00e9rature Date de parution :\u00a0\u00a0 1 septembre 2021 (Avec&#8230;<\/p>\n","protected":false},"author":2,"featured_media":4029,"parent":0,"menu_order":0,"comment_status":"closed","ping_status":"closed","template":"","meta":{"footnotes":""},"class_list":["post-4236","page","type-page","status-publish","has-post-thumbnail","hentry"],"yoast_head":"<!-- This site is optimized with the Yoast SEO plugin v27.3 - https:\/\/yoast.com\/product\/yoast-seo-wordpress\/ -->\n<title>Arts et Litt\u00e9ratures d&#039;Afrique. R\u00e9cits, Discours, Images. Legs et Litt\u00e9rature no 17, vol. 2 | LEGS &Eacute;DITION<\/title>\n<meta name=\"robots\" content=\"index, follow, max-snippet:-1, max-image-preview:large, max-video-preview:-1\" \/>\n<link rel=\"canonical\" href=\"https:\/\/legsedition.net\/public\/arts-et-litteratures-dafrique-recits-discours-images-legs-et-litterature-no-17-vol-2\/\" \/>\n<meta property=\"og:locale\" content=\"fr_FR\" \/>\n<meta property=\"og:type\" content=\"article\" \/>\n<meta property=\"og:title\" content=\"Arts et Litt\u00e9ratures d&#039;Afrique. R\u00e9cits, Discours, Images. Legs et Litt\u00e9rature no 17, vol. 2 | LEGS &Eacute;DITION\" \/>\n<meta property=\"og:description\" content=\"Auteur :\u00a0Collectif\u00a0 (Sous la direction de Salma Fellahi et\u00a0 R\u00e9da Bejjitt) Titre :\u00a0Arts et litt\u00e9ratures d\u2019Afrique. R\u00e9cits, Discours, Images. Revue Legs et Litt\u00e9rature\u00a0no17, vol 1 et 2 Collection :\u00a0Revue Legs et Litt\u00e9rature Date de parution :\u00a0\u00a0 1 septembre 2021 (Avec...\" \/>\n<meta property=\"og:url\" content=\"https:\/\/legsedition.net\/public\/arts-et-litteratures-dafrique-recits-discours-images-legs-et-litterature-no-17-vol-2\/\" \/>\n<meta property=\"og:site_name\" content=\"LEGS &Eacute;DITION\" \/>\n<meta property=\"article:publisher\" content=\"https:\/\/web.facebook.com\/LegsEtLitterature\/\" \/>\n<meta property=\"article:modified_time\" content=\"2025-01-04T10:20:35+00:00\" \/>\n<meta property=\"og:image\" content=\"https:\/\/legsedition.net\/public\/wp-content\/uploads\/2021\/07\/COver_legs_17_2.png\" \/>\n\t<meta property=\"og:image:width\" content=\"341\" \/>\n\t<meta property=\"og:image:height\" content=\"509\" \/>\n\t<meta property=\"og:image:type\" content=\"image\/png\" \/>\n<meta name=\"twitter:card\" content=\"summary_large_image\" \/>\n<meta name=\"twitter:label1\" content=\"Dur\u00e9e de lecture estim\u00e9e\" \/>\n\t<meta name=\"twitter:data1\" content=\"3 minutes\" \/>\n<script type=\"application\/ld+json\" class=\"yoast-schema-graph\">{\"@context\":\"https:\\\/\\\/schema.org\",\"@graph\":[{\"@type\":\"WebPage\",\"@id\":\"https:\\\/\\\/legsedition.net\\\/public\\\/arts-et-litteratures-dafrique-recits-discours-images-legs-et-litterature-no-17-vol-2\\\/\",\"url\":\"https:\\\/\\\/legsedition.net\\\/public\\\/arts-et-litteratures-dafrique-recits-discours-images-legs-et-litterature-no-17-vol-2\\\/\",\"name\":\"Arts et Litt\u00e9ratures d'Afrique. R\u00e9cits, Discours, Images. Legs et Litt\u00e9rature no 17, vol. 2 | LEGS &Eacute;DITION\",\"isPartOf\":{\"@id\":\"https:\\\/\\\/legsedition.net\\\/public\\\/#website\"},\"primaryImageOfPage\":{\"@id\":\"https:\\\/\\\/legsedition.net\\\/public\\\/arts-et-litteratures-dafrique-recits-discours-images-legs-et-litterature-no-17-vol-2\\\/#primaryimage\"},\"image\":{\"@id\":\"https:\\\/\\\/legsedition.net\\\/public\\\/arts-et-litteratures-dafrique-recits-discours-images-legs-et-litterature-no-17-vol-2\\\/#primaryimage\"},\"thumbnailUrl\":\"https:\\\/\\\/legsedition.net\\\/public\\\/wp-content\\\/uploads\\\/2021\\\/07\\\/COver_legs_17_2.png\",\"datePublished\":\"2021-12-06T09:46:11+00:00\",\"dateModified\":\"2025-01-04T10:20:35+00:00\",\"breadcrumb\":{\"@id\":\"https:\\\/\\\/legsedition.net\\\/public\\\/arts-et-litteratures-dafrique-recits-discours-images-legs-et-litterature-no-17-vol-2\\\/#breadcrumb\"},\"inLanguage\":\"fr-FR\",\"potentialAction\":[{\"@type\":\"ReadAction\",\"target\":[\"https:\\\/\\\/legsedition.net\\\/public\\\/arts-et-litteratures-dafrique-recits-discours-images-legs-et-litterature-no-17-vol-2\\\/\"]}]},{\"@type\":\"ImageObject\",\"inLanguage\":\"fr-FR\",\"@id\":\"https:\\\/\\\/legsedition.net\\\/public\\\/arts-et-litteratures-dafrique-recits-discours-images-legs-et-litterature-no-17-vol-2\\\/#primaryimage\",\"url\":\"https:\\\/\\\/legsedition.net\\\/public\\\/wp-content\\\/uploads\\\/2021\\\/07\\\/COver_legs_17_2.png\",\"contentUrl\":\"https:\\\/\\\/legsedition.net\\\/public\\\/wp-content\\\/uploads\\\/2021\\\/07\\\/COver_legs_17_2.png\",\"width\":341,\"height\":509},{\"@type\":\"BreadcrumbList\",\"@id\":\"https:\\\/\\\/legsedition.net\\\/public\\\/arts-et-litteratures-dafrique-recits-discours-images-legs-et-litterature-no-17-vol-2\\\/#breadcrumb\",\"itemListElement\":[{\"@type\":\"ListItem\",\"position\":1,\"name\":\"Home\",\"item\":\"https:\\\/\\\/legsedition.net\\\/public\\\/\"},{\"@type\":\"ListItem\",\"position\":2,\"name\":\"Arts et Litt\u00e9ratures d&rsquo;Afrique. R\u00e9cits, Discours, Images. Legs et Litt\u00e9rature no 17, vol. 2\"}]},{\"@type\":\"WebSite\",\"@id\":\"https:\\\/\\\/legsedition.net\\\/public\\\/#website\",\"url\":\"https:\\\/\\\/legsedition.net\\\/public\\\/\",\"name\":\"LEGS &Eacute;DITION\",\"description\":\"\",\"potentialAction\":[{\"@type\":\"SearchAction\",\"target\":{\"@type\":\"EntryPoint\",\"urlTemplate\":\"https:\\\/\\\/legsedition.net\\\/public\\\/?s={search_term_string}\"},\"query-input\":{\"@type\":\"PropertyValueSpecification\",\"valueRequired\":true,\"valueName\":\"search_term_string\"}}],\"inLanguage\":\"fr-FR\"}]}<\/script>\n<!-- \/ Yoast SEO plugin. -->","yoast_head_json":{"title":"Arts et Litt\u00e9ratures d'Afrique. R\u00e9cits, Discours, Images. Legs et Litt\u00e9rature no 17, vol. 2 | LEGS &Eacute;DITION","robots":{"index":"index","follow":"follow","max-snippet":"max-snippet:-1","max-image-preview":"max-image-preview:large","max-video-preview":"max-video-preview:-1"},"canonical":"https:\/\/legsedition.net\/public\/arts-et-litteratures-dafrique-recits-discours-images-legs-et-litterature-no-17-vol-2\/","og_locale":"fr_FR","og_type":"article","og_title":"Arts et Litt\u00e9ratures d'Afrique. R\u00e9cits, Discours, Images. Legs et Litt\u00e9rature no 17, vol. 2 | LEGS &Eacute;DITION","og_description":"Auteur :\u00a0Collectif\u00a0 (Sous la direction de Salma Fellahi et\u00a0 R\u00e9da Bejjitt) Titre :\u00a0Arts et litt\u00e9ratures d\u2019Afrique. R\u00e9cits, Discours, Images. Revue Legs et Litt\u00e9rature\u00a0no17, vol 1 et 2 Collection :\u00a0Revue Legs et Litt\u00e9rature Date de parution :\u00a0\u00a0 1 septembre 2021 (Avec...","og_url":"https:\/\/legsedition.net\/public\/arts-et-litteratures-dafrique-recits-discours-images-legs-et-litterature-no-17-vol-2\/","og_site_name":"LEGS &Eacute;DITION","article_publisher":"https:\/\/web.facebook.com\/LegsEtLitterature\/","article_modified_time":"2025-01-04T10:20:35+00:00","og_image":[{"width":341,"height":509,"url":"https:\/\/legsedition.net\/public\/wp-content\/uploads\/2021\/07\/COver_legs_17_2.png","type":"image\/png"}],"twitter_card":"summary_large_image","twitter_misc":{"Dur\u00e9e de lecture estim\u00e9e":"3 minutes"},"schema":{"@context":"https:\/\/schema.org","@graph":[{"@type":"WebPage","@id":"https:\/\/legsedition.net\/public\/arts-et-litteratures-dafrique-recits-discours-images-legs-et-litterature-no-17-vol-2\/","url":"https:\/\/legsedition.net\/public\/arts-et-litteratures-dafrique-recits-discours-images-legs-et-litterature-no-17-vol-2\/","name":"Arts et Litt\u00e9ratures d'Afrique. R\u00e9cits, Discours, Images. Legs et Litt\u00e9rature no 17, vol. 2 | LEGS &Eacute;DITION","isPartOf":{"@id":"https:\/\/legsedition.net\/public\/#website"},"primaryImageOfPage":{"@id":"https:\/\/legsedition.net\/public\/arts-et-litteratures-dafrique-recits-discours-images-legs-et-litterature-no-17-vol-2\/#primaryimage"},"image":{"@id":"https:\/\/legsedition.net\/public\/arts-et-litteratures-dafrique-recits-discours-images-legs-et-litterature-no-17-vol-2\/#primaryimage"},"thumbnailUrl":"https:\/\/legsedition.net\/public\/wp-content\/uploads\/2021\/07\/COver_legs_17_2.png","datePublished":"2021-12-06T09:46:11+00:00","dateModified":"2025-01-04T10:20:35+00:00","breadcrumb":{"@id":"https:\/\/legsedition.net\/public\/arts-et-litteratures-dafrique-recits-discours-images-legs-et-litterature-no-17-vol-2\/#breadcrumb"},"inLanguage":"fr-FR","potentialAction":[{"@type":"ReadAction","target":["https:\/\/legsedition.net\/public\/arts-et-litteratures-dafrique-recits-discours-images-legs-et-litterature-no-17-vol-2\/"]}]},{"@type":"ImageObject","inLanguage":"fr-FR","@id":"https:\/\/legsedition.net\/public\/arts-et-litteratures-dafrique-recits-discours-images-legs-et-litterature-no-17-vol-2\/#primaryimage","url":"https:\/\/legsedition.net\/public\/wp-content\/uploads\/2021\/07\/COver_legs_17_2.png","contentUrl":"https:\/\/legsedition.net\/public\/wp-content\/uploads\/2021\/07\/COver_legs_17_2.png","width":341,"height":509},{"@type":"BreadcrumbList","@id":"https:\/\/legsedition.net\/public\/arts-et-litteratures-dafrique-recits-discours-images-legs-et-litterature-no-17-vol-2\/#breadcrumb","itemListElement":[{"@type":"ListItem","position":1,"name":"Home","item":"https:\/\/legsedition.net\/public\/"},{"@type":"ListItem","position":2,"name":"Arts et Litt\u00e9ratures d&rsquo;Afrique. R\u00e9cits, Discours, Images. Legs et Litt\u00e9rature no 17, vol. 2"}]},{"@type":"WebSite","@id":"https:\/\/legsedition.net\/public\/#website","url":"https:\/\/legsedition.net\/public\/","name":"LEGS &Eacute;DITION","description":"","potentialAction":[{"@type":"SearchAction","target":{"@type":"EntryPoint","urlTemplate":"https:\/\/legsedition.net\/public\/?s={search_term_string}"},"query-input":{"@type":"PropertyValueSpecification","valueRequired":true,"valueName":"search_term_string"}}],"inLanguage":"fr-FR"}]}},"_links":{"self":[{"href":"https:\/\/legsedition.net\/public\/wp-json\/wp\/v2\/pages\/4236","targetHints":{"allow":["GET"]}}],"collection":[{"href":"https:\/\/legsedition.net\/public\/wp-json\/wp\/v2\/pages"}],"about":[{"href":"https:\/\/legsedition.net\/public\/wp-json\/wp\/v2\/types\/page"}],"author":[{"embeddable":true,"href":"https:\/\/legsedition.net\/public\/wp-json\/wp\/v2\/users\/2"}],"replies":[{"embeddable":true,"href":"https:\/\/legsedition.net\/public\/wp-json\/wp\/v2\/comments?post=4236"}],"version-history":[{"count":4,"href":"https:\/\/legsedition.net\/public\/wp-json\/wp\/v2\/pages\/4236\/revisions"}],"predecessor-version":[{"id":8058,"href":"https:\/\/legsedition.net\/public\/wp-json\/wp\/v2\/pages\/4236\/revisions\/8058"}],"wp:featuredmedia":[{"embeddable":true,"href":"https:\/\/legsedition.net\/public\/wp-json\/wp\/v2\/media\/4029"}],"wp:attachment":[{"href":"https:\/\/legsedition.net\/public\/wp-json\/wp\/v2\/media?parent=4236"}],"curies":[{"name":"wp","href":"https:\/\/api.w.org\/{rel}","templated":true}]}}