{"id":4331,"date":"2022-02-02T11:54:51","date_gmt":"2022-02-02T11:54:51","guid":{"rendered":"https:\/\/legsedition.net\/public\/?page_id=4331"},"modified":"2023-04-07T20:42:36","modified_gmt":"2023-04-07T20:42:36","slug":"watson-charles","status":"publish","type":"page","link":"https:\/\/legsedition.net\/public\/watson-charles\/","title":{"rendered":"Watson Charles"},"content":{"rendered":"<p><a href=\"https:\/\/legsedition.net\/public\/wp-content\/uploads\/2015\/10\/charles_jean.jpg\"><img fetchpriority=\"high\" decoding=\"async\" class=\"alignleft wp-image-1236 \" src=\"https:\/\/legsedition.net\/public\/wp-content\/uploads\/2015\/10\/charles_jean.jpg\" alt=\"\" width=\"206\" height=\"252\" srcset=\"https:\/\/legsedition.net\/public\/wp-content\/uploads\/2015\/10\/charles_jean.jpg 300w, https:\/\/legsedition.net\/public\/wp-content\/uploads\/2015\/10\/charles_jean-245x300.jpg 245w, https:\/\/legsedition.net\/public\/wp-content\/uploads\/2015\/10\/charles_jean-130x160.jpg 130w\" sizes=\"(max-width: 206px) 100vw, 206px\" \/><\/a>Watson Charles a fait des \u00e9tudes de lettres \u00e0 l&rsquo;\u00c9cole normale sup\u00e9rieure et de sociologie \u00e0 la Facult\u00e9 d&rsquo;Ethnologie de l\u2019Universit\u00e9 d&rsquo;\u00c9tat d&rsquo;Ha\u00efti. Po\u00e8te et nouvelliste, il a publi\u00e9 de nombreux articles dans les colonnes des quotidiens <em><a href=\"http:\/\/lenouvelliste.com\/apropos\" data-content=\"http:\/\/lenouvelliste.com\/apropos\" data-type=\"external\">Le Nouvelliste<\/a><\/em><em>\u00a0<\/em>et <em>Le Matin <\/em><em>et\u00a0<\/em>collabor\u00e9 aux \u00e9ditions Bas de Page \u00e0 Port-au-Prince. Aux c\u00f4t\u00e9s de W\u00e9bert Charles, Dieulermesson Petit Fr\u00e8re et Mirline Pierre, il a particip\u00e9 \u00e0 la cr\u00e9ation de la revue <em><a href=\"https:\/\/legsedition.net\/public\/propos-de-nous\/\" target=\"_blank\" rel=\"noopener\">Legs et Litt\u00e9rature<\/a>.\u00a0<\/em>Il est l&rsquo;auteur de\u00a0<em>Pour que la terre s\u2019en souvienne<\/em>\u00a0(avec W\u00e9bert Charles, 2010), <em>Lenglensou<\/em> (2012), <em>Plus loin qu&rsquo;ailleurs\u00a0<\/em>(2013) et\u00a0<em>Le chant des\u00a0<\/em><em>mar\u00e9es<\/em>\u00a0(2018). Son premier roman,\u00a0<em>Le ciel sans boussole,\u00a0<\/em>para\u00eet en 2021 chez les \u00e9ditions Moires en France.<\/p>\n<p>[<a href=\"http:\/\/ile-en-ile.org\/charles_watson\/\" target=\"_blank\" rel=\"noopener\">Voir la page de pr\u00e9sentation de Watson Charles sur \u00cele en \u00cele<\/a>]<\/p>\n<p><strong>Publications chez LEGS \u00c9DITION<\/strong><\/p>\n<p><a href=\"https:\/\/legsedition.net\/public\/des-hommes-et-des-ombres\/\" target=\"_blank\" rel=\"noopener\"><em>&#8230;des hommes et des ombres<\/em><\/a>, 2018<\/p>\n<p><a href=\"https:\/\/legsedition.net\/public\/wp-content\/uploads\/2018\/08\/cover_1_le_pere.png\"><img decoding=\"async\" class=\"alignnone wp-image-1967 size-medium\" src=\"https:\/\/legsedition.net\/public\/wp-content\/uploads\/2018\/08\/cover_1_le_pere-154x300.png\" alt=\"\" width=\"154\" height=\"300\" srcset=\"https:\/\/legsedition.net\/public\/wp-content\/uploads\/2018\/08\/cover_1_le_pere-154x300.png 154w, https:\/\/legsedition.net\/public\/wp-content\/uploads\/2018\/08\/cover_1_le_pere-82x160.png 82w, https:\/\/legsedition.net\/public\/wp-content\/uploads\/2018\/08\/cover_1_le_pere.png 249w\" sizes=\"(max-width: 154px) 100vw, 154px\" \/><\/a><\/p>\n<p><em><a href=\"http:\/\/legsedition.net\/public\/des-maux-et-des-rues-2\/\" target=\"_blank\" rel=\"noopener\">\u2026des maux et des rues,<\/a>\u00a0<\/em>\u00a02014<\/p>\n<p><a href=\"http:\/\/legsedition.net\/public\/wp-content\/uploads\/2017\/12\/Des-maux-et-des-rues-Unique.jpg\"><img decoding=\"async\" class=\"alignnone size-medium wp-image-118\" src=\"http:\/\/legsedition.net\/public\/wp-content\/uploads\/2017\/12\/Des-maux-et-des-rues-Unique-159x300.jpg\" sizes=\"(max-width: 159px) 100vw, 159px\" srcset=\"https:\/\/legsedition.net\/public\/wp-content\/uploads\/2017\/12\/Des-maux-et-des-rues-Unique-159x300.jpg 159w, https:\/\/legsedition.net\/public\/wp-content\/uploads\/2017\/12\/Des-maux-et-des-rues-Unique.jpg 393w\" alt=\"\" width=\"159\" height=\"300\" \/><\/a><\/p>\n<p><em><a href=\"http:\/\/legsedition.net\/public\/traduction-reecriture-et-plagiat\/\" target=\"_blank\" rel=\"noopener\">Traduction, R\u00e9\u00e9criture et Plagiat<\/a>,\u00a0<\/em>2014<\/p>\n<p><a href=\"http:\/\/legsedition.net\/public\/wp-content\/uploads\/2017\/12\/Numero-4-LEGS.jpg\"><img loading=\"lazy\" decoding=\"async\" class=\"alignnone size-medium wp-image-133\" src=\"http:\/\/legsedition.net\/public\/wp-content\/uploads\/2017\/12\/Numero-4-LEGS-188x300.jpg\" sizes=\"(max-width: 188px) 100vw, 188px\" srcset=\"https:\/\/legsedition.net\/public\/wp-content\/uploads\/2017\/12\/Numero-4-LEGS-188x300.jpg 188w, https:\/\/legsedition.net\/public\/wp-content\/uploads\/2017\/12\/Numero-4-LEGS-416x666.jpg 416w, https:\/\/legsedition.net\/public\/wp-content\/uploads\/2017\/12\/Numero-4-LEGS-400x640.jpg 400w, https:\/\/legsedition.net\/public\/wp-content\/uploads\/2017\/12\/Numero-4-LEGS.jpg 470w\" alt=\"\" width=\"188\" height=\"300\" \/><\/a><\/p>\n<p><em><a href=\"http:\/\/legsedition.net\/public\/dictature-revolte-et-ecritures-feminines\/\" target=\"_blank\" rel=\"noopener\">Dictatures, R\u00e9voltes et \u00c9critures f\u00e9minines<\/a>,\u00a0<\/em>2014<\/p>\n<p><a href=\"http:\/\/legsedition.net\/public\/wp-content\/uploads\/2017\/12\/LEGS3.jpg\"><img loading=\"lazy\" decoding=\"async\" class=\"alignnone size-medium wp-image-128\" src=\"http:\/\/legsedition.net\/public\/wp-content\/uploads\/2017\/12\/LEGS3-191x300.jpg\" sizes=\"(max-width: 191px) 100vw, 191px\" srcset=\"https:\/\/legsedition.net\/public\/wp-content\/uploads\/2017\/12\/LEGS3-191x300.jpg 191w, https:\/\/legsedition.net\/public\/wp-content\/uploads\/2017\/12\/LEGS3-416x652.jpg 416w, https:\/\/legsedition.net\/public\/wp-content\/uploads\/2017\/12\/LEGS3-400x627.jpg 400w, https:\/\/legsedition.net\/public\/wp-content\/uploads\/2017\/12\/LEGS3.jpg 493w\" alt=\"\" width=\"191\" height=\"300\" \/><\/a><\/p>\n<p><em><a href=\"http:\/\/legsedition.net\/public\/erotisme-et-tabou\/\" target=\"_blank\" rel=\"noopener\">\u00c9rotisme et Tabou<\/a>,\u00a0<\/em>2013<\/p>\n<p><a href=\"http:\/\/legsedition.net\/public\/wp-content\/uploads\/2017\/12\/aaaaaaafiche.jpg\"><img loading=\"lazy\" decoding=\"async\" class=\"alignnone size-medium wp-image-70\" src=\"http:\/\/legsedition.net\/public\/wp-content\/uploads\/2017\/12\/aaaaaaafiche-193x300.jpg\" sizes=\"(max-width: 193px) 100vw, 193px\" srcset=\"https:\/\/legsedition.net\/public\/wp-content\/uploads\/2017\/12\/aaaaaaafiche-193x300.jpg 193w, https:\/\/legsedition.net\/public\/wp-content\/uploads\/2017\/12\/aaaaaaafiche-416x647.jpg 416w, https:\/\/legsedition.net\/public\/wp-content\/uploads\/2017\/12\/aaaaaaafiche-400x622.jpg 400w, https:\/\/legsedition.net\/public\/wp-content\/uploads\/2017\/12\/aaaaaaafiche.jpg 486w\" alt=\"\" width=\"193\" height=\"300\" \/><\/a><\/p>\n<p><em><a href=\"http:\/\/legsedition.net\/public\/insularites\/\" target=\"_blank\" rel=\"noopener\">Insularit\u00e9 (s)<\/a>,<\/em>\u00a02013<\/p>\n<p><a href=\"http:\/\/legsedition.net\/public\/wp-content\/uploads\/2017\/12\/Revue-1.jpg\"><img loading=\"lazy\" decoding=\"async\" class=\"alignnone size-medium wp-image-144\" src=\"http:\/\/legsedition.net\/public\/wp-content\/uploads\/2017\/12\/Revue-1-191x300.jpg\" sizes=\"(max-width: 191px) 100vw, 191px\" srcset=\"https:\/\/legsedition.net\/public\/wp-content\/uploads\/2017\/12\/Revue-1-191x300.jpg 191w, https:\/\/legsedition.net\/public\/wp-content\/uploads\/2017\/12\/Revue-1-416x655.jpg 416w, https:\/\/legsedition.net\/public\/wp-content\/uploads\/2017\/12\/Revue-1-400x630.jpg 400w, https:\/\/legsedition.net\/public\/wp-content\/uploads\/2017\/12\/Revue-1.jpg 571w\" alt=\"\" width=\"191\" height=\"300\" \/><\/a><\/p>\n<p>&nbsp;<\/p>\n","protected":false},"excerpt":{"rendered":"<p>Watson Charles a fait des \u00e9tudes de lettres \u00e0 l&rsquo;\u00c9cole normale sup\u00e9rieure et de sociologie \u00e0 la Facult\u00e9 d&rsquo;Ethnologie de l\u2019Universit\u00e9 d&rsquo;\u00c9tat d&rsquo;Ha\u00efti. Po\u00e8te et nouvelliste, il a publi\u00e9 de nombreux articles dans les colonnes des quotidiens Le Nouvelliste\u00a0et Le&#8230;<\/p>\n","protected":false},"author":2,"featured_media":0,"parent":0,"menu_order":0,"comment_status":"closed","ping_status":"closed","template":"","meta":{"footnotes":""},"class_list":["post-4331","page","type-page","status-publish","hentry","no-post-thumbnail"],"yoast_head":"<!-- This site is optimized with the Yoast SEO plugin v27.3 - https:\/\/yoast.com\/product\/yoast-seo-wordpress\/ -->\n<title>Watson Charles | LEGS &Eacute;DITION<\/title>\n<meta name=\"robots\" content=\"index, follow, max-snippet:-1, max-image-preview:large, max-video-preview:-1\" \/>\n<link rel=\"canonical\" href=\"https:\/\/legsedition.net\/public\/watson-charles\/\" \/>\n<meta property=\"og:locale\" content=\"fr_FR\" \/>\n<meta property=\"og:type\" content=\"article\" \/>\n<meta property=\"og:title\" content=\"Watson Charles | LEGS &Eacute;DITION\" \/>\n<meta property=\"og:description\" content=\"Watson Charles a fait des \u00e9tudes de lettres \u00e0 l&rsquo;\u00c9cole normale sup\u00e9rieure et de sociologie \u00e0 la Facult\u00e9 d&rsquo;Ethnologie de l\u2019Universit\u00e9 d&rsquo;\u00c9tat d&rsquo;Ha\u00efti. Po\u00e8te et nouvelliste, il a publi\u00e9 de nombreux articles dans les colonnes des quotidiens Le Nouvelliste\u00a0et Le...\" \/>\n<meta property=\"og:url\" content=\"https:\/\/legsedition.net\/public\/watson-charles\/\" \/>\n<meta property=\"og:site_name\" content=\"LEGS &Eacute;DITION\" \/>\n<meta property=\"article:publisher\" content=\"https:\/\/web.facebook.com\/LegsEtLitterature\/\" \/>\n<meta property=\"article:modified_time\" content=\"2023-04-07T20:42:36+00:00\" \/>\n<meta property=\"og:image\" content=\"https:\/\/legsedition.net\/public\/wp-content\/uploads\/2015\/10\/charles_jean.jpg\" \/>\n<meta name=\"twitter:card\" content=\"summary_large_image\" \/>\n<meta name=\"twitter:label1\" content=\"Dur\u00e9e de lecture estim\u00e9e\" \/>\n\t<meta name=\"twitter:data1\" content=\"1 minute\" \/>\n<script type=\"application\/ld+json\" class=\"yoast-schema-graph\">{\"@context\":\"https:\\\/\\\/schema.org\",\"@graph\":[{\"@type\":\"WebPage\",\"@id\":\"https:\\\/\\\/legsedition.net\\\/public\\\/watson-charles\\\/\",\"url\":\"https:\\\/\\\/legsedition.net\\\/public\\\/watson-charles\\\/\",\"name\":\"Watson Charles | LEGS &Eacute;DITION\",\"isPartOf\":{\"@id\":\"https:\\\/\\\/legsedition.net\\\/public\\\/#website\"},\"primaryImageOfPage\":{\"@id\":\"https:\\\/\\\/legsedition.net\\\/public\\\/watson-charles\\\/#primaryimage\"},\"image\":{\"@id\":\"https:\\\/\\\/legsedition.net\\\/public\\\/watson-charles\\\/#primaryimage\"},\"thumbnailUrl\":\"https:\\\/\\\/legsedition.net\\\/public\\\/wp-content\\\/uploads\\\/2015\\\/10\\\/charles_jean.jpg\",\"datePublished\":\"2022-02-02T11:54:51+00:00\",\"dateModified\":\"2023-04-07T20:42:36+00:00\",\"breadcrumb\":{\"@id\":\"https:\\\/\\\/legsedition.net\\\/public\\\/watson-charles\\\/#breadcrumb\"},\"inLanguage\":\"fr-FR\",\"potentialAction\":[{\"@type\":\"ReadAction\",\"target\":[\"https:\\\/\\\/legsedition.net\\\/public\\\/watson-charles\\\/\"]}]},{\"@type\":\"ImageObject\",\"inLanguage\":\"fr-FR\",\"@id\":\"https:\\\/\\\/legsedition.net\\\/public\\\/watson-charles\\\/#primaryimage\",\"url\":\"https:\\\/\\\/legsedition.net\\\/public\\\/wp-content\\\/uploads\\\/2015\\\/10\\\/charles_jean.jpg\",\"contentUrl\":\"https:\\\/\\\/legsedition.net\\\/public\\\/wp-content\\\/uploads\\\/2015\\\/10\\\/charles_jean.jpg\",\"width\":300,\"height\":368},{\"@type\":\"BreadcrumbList\",\"@id\":\"https:\\\/\\\/legsedition.net\\\/public\\\/watson-charles\\\/#breadcrumb\",\"itemListElement\":[{\"@type\":\"ListItem\",\"position\":1,\"name\":\"Home\",\"item\":\"https:\\\/\\\/legsedition.net\\\/public\\\/\"},{\"@type\":\"ListItem\",\"position\":2,\"name\":\"Watson Charles\"}]},{\"@type\":\"WebSite\",\"@id\":\"https:\\\/\\\/legsedition.net\\\/public\\\/#website\",\"url\":\"https:\\\/\\\/legsedition.net\\\/public\\\/\",\"name\":\"LEGS &Eacute;DITION\",\"description\":\"\",\"potentialAction\":[{\"@type\":\"SearchAction\",\"target\":{\"@type\":\"EntryPoint\",\"urlTemplate\":\"https:\\\/\\\/legsedition.net\\\/public\\\/?s={search_term_string}\"},\"query-input\":{\"@type\":\"PropertyValueSpecification\",\"valueRequired\":true,\"valueName\":\"search_term_string\"}}],\"inLanguage\":\"fr-FR\"}]}<\/script>\n<!-- \/ Yoast SEO plugin. -->","yoast_head_json":{"title":"Watson Charles | LEGS &Eacute;DITION","robots":{"index":"index","follow":"follow","max-snippet":"max-snippet:-1","max-image-preview":"max-image-preview:large","max-video-preview":"max-video-preview:-1"},"canonical":"https:\/\/legsedition.net\/public\/watson-charles\/","og_locale":"fr_FR","og_type":"article","og_title":"Watson Charles | LEGS &Eacute;DITION","og_description":"Watson Charles a fait des \u00e9tudes de lettres \u00e0 l&rsquo;\u00c9cole normale sup\u00e9rieure et de sociologie \u00e0 la Facult\u00e9 d&rsquo;Ethnologie de l\u2019Universit\u00e9 d&rsquo;\u00c9tat d&rsquo;Ha\u00efti. Po\u00e8te et nouvelliste, il a publi\u00e9 de nombreux articles dans les colonnes des quotidiens Le Nouvelliste\u00a0et Le...","og_url":"https:\/\/legsedition.net\/public\/watson-charles\/","og_site_name":"LEGS &Eacute;DITION","article_publisher":"https:\/\/web.facebook.com\/LegsEtLitterature\/","article_modified_time":"2023-04-07T20:42:36+00:00","og_image":[{"url":"https:\/\/legsedition.net\/public\/wp-content\/uploads\/2015\/10\/charles_jean.jpg","type":"","width":"","height":""}],"twitter_card":"summary_large_image","twitter_misc":{"Dur\u00e9e de lecture estim\u00e9e":"1 minute"},"schema":{"@context":"https:\/\/schema.org","@graph":[{"@type":"WebPage","@id":"https:\/\/legsedition.net\/public\/watson-charles\/","url":"https:\/\/legsedition.net\/public\/watson-charles\/","name":"Watson Charles | LEGS &Eacute;DITION","isPartOf":{"@id":"https:\/\/legsedition.net\/public\/#website"},"primaryImageOfPage":{"@id":"https:\/\/legsedition.net\/public\/watson-charles\/#primaryimage"},"image":{"@id":"https:\/\/legsedition.net\/public\/watson-charles\/#primaryimage"},"thumbnailUrl":"https:\/\/legsedition.net\/public\/wp-content\/uploads\/2015\/10\/charles_jean.jpg","datePublished":"2022-02-02T11:54:51+00:00","dateModified":"2023-04-07T20:42:36+00:00","breadcrumb":{"@id":"https:\/\/legsedition.net\/public\/watson-charles\/#breadcrumb"},"inLanguage":"fr-FR","potentialAction":[{"@type":"ReadAction","target":["https:\/\/legsedition.net\/public\/watson-charles\/"]}]},{"@type":"ImageObject","inLanguage":"fr-FR","@id":"https:\/\/legsedition.net\/public\/watson-charles\/#primaryimage","url":"https:\/\/legsedition.net\/public\/wp-content\/uploads\/2015\/10\/charles_jean.jpg","contentUrl":"https:\/\/legsedition.net\/public\/wp-content\/uploads\/2015\/10\/charles_jean.jpg","width":300,"height":368},{"@type":"BreadcrumbList","@id":"https:\/\/legsedition.net\/public\/watson-charles\/#breadcrumb","itemListElement":[{"@type":"ListItem","position":1,"name":"Home","item":"https:\/\/legsedition.net\/public\/"},{"@type":"ListItem","position":2,"name":"Watson Charles"}]},{"@type":"WebSite","@id":"https:\/\/legsedition.net\/public\/#website","url":"https:\/\/legsedition.net\/public\/","name":"LEGS &Eacute;DITION","description":"","potentialAction":[{"@type":"SearchAction","target":{"@type":"EntryPoint","urlTemplate":"https:\/\/legsedition.net\/public\/?s={search_term_string}"},"query-input":{"@type":"PropertyValueSpecification","valueRequired":true,"valueName":"search_term_string"}}],"inLanguage":"fr-FR"}]}},"_links":{"self":[{"href":"https:\/\/legsedition.net\/public\/wp-json\/wp\/v2\/pages\/4331","targetHints":{"allow":["GET"]}}],"collection":[{"href":"https:\/\/legsedition.net\/public\/wp-json\/wp\/v2\/pages"}],"about":[{"href":"https:\/\/legsedition.net\/public\/wp-json\/wp\/v2\/types\/page"}],"author":[{"embeddable":true,"href":"https:\/\/legsedition.net\/public\/wp-json\/wp\/v2\/users\/2"}],"replies":[{"embeddable":true,"href":"https:\/\/legsedition.net\/public\/wp-json\/wp\/v2\/comments?post=4331"}],"version-history":[{"count":9,"href":"https:\/\/legsedition.net\/public\/wp-json\/wp\/v2\/pages\/4331\/revisions"}],"predecessor-version":[{"id":5506,"href":"https:\/\/legsedition.net\/public\/wp-json\/wp\/v2\/pages\/4331\/revisions\/5506"}],"wp:attachment":[{"href":"https:\/\/legsedition.net\/public\/wp-json\/wp\/v2\/media?parent=4331"}],"curies":[{"name":"wp","href":"https:\/\/api.w.org\/{rel}","templated":true}]}}