{"id":4555,"date":"2022-06-12T18:52:14","date_gmt":"2022-06-12T18:52:14","guid":{"rendered":"https:\/\/legsedition.net\/public\/?page_id=4555"},"modified":"2024-11-07T11:17:15","modified_gmt":"2024-11-07T11:17:15","slug":"ronald-jn-georges","status":"publish","type":"page","link":"https:\/\/legsedition.net\/public\/ronald-jn-georges\/","title":{"rendered":"Ronald Jn-Georges"},"content":{"rendered":"<p><a href=\"https:\/\/legsedition.net\/public\/wp-content\/uploads\/2022\/07\/ronaldjg.jpg\"><img fetchpriority=\"high\" decoding=\"async\" class=\"alignleft wp-image-4696 \" src=\"https:\/\/legsedition.net\/public\/wp-content\/uploads\/2022\/07\/ronaldjg.jpg\" alt=\"\" width=\"214\" height=\"250\" srcset=\"https:\/\/legsedition.net\/public\/wp-content\/uploads\/2022\/07\/ronaldjg.jpg 486w, https:\/\/legsedition.net\/public\/wp-content\/uploads\/2022\/07\/ronaldjg-257x300.jpg 257w, https:\/\/legsedition.net\/public\/wp-content\/uploads\/2022\/07\/ronaldjg-137x160.jpg 137w\" sizes=\"(max-width: 214px) 100vw, 214px\" \/><\/a>N\u00e9 \u00e0 Port-au-Prince, Ronald Jn-Georges (Roldy de son nom d&rsquo;artiste) a fait des \u00e9tudes de lettres \u00e0 l\u2019\u00c9cole Normale Sup\u00e9rieure de l\u2019Universit\u00e9 d\u2019\u00c9tat d\u2019Ha\u00efti et \u00e0 l\u2019Universit\u00e9 des Antilles et de la Guyane. Il d\u00e9tient une ma\u00eetrise en lettres de l\u2019Universit\u00e9 de Rouen. Il enseigne la litt\u00e9rature au secondaire \u00e0 Port-au-Prince. Po\u00e8te, musicien, guitariste, chanteur, il a adapt\u00e9 en cr\u00e9ole les textes de plusieurs chanteurs dont Georges Brassens, Jean Ferrat, Francis Cabrel, Charles Aznavour et Louis Amstrong.<\/p>\n<p>Parolier, il met aussi en musique les textes d\u2019auteurs ha\u00eftiens tels \u00c9velyne Trouillot, Kermonde Lovely Fifi, Bonel Auguste, Lyonel Trouillot, In\u00e9ma Jeudi et Georges Castera.\u00a0 Il chante aussi les auteurs fran\u00e7ais Victor Hugo et Arthur Rimbaud.<\/p>\n<p>Il est membre de l\u2019Atelier Jeudi Soir \u00e0 Port-au-Prince.<\/p>\n<p><strong>Publication chez LEGS \u00c9DITION<\/strong><\/p>\n<p><a href=\"https:\/\/legsedition.net\/public\/2022\/06\/08\/douvan-deye\/\" target=\"_blank\" rel=\"noopener\"><em>Douvan d\u00e8y\u00e8<\/em><\/a>, 2022<\/p>\n<p><a href=\"https:\/\/legsedition.net\/public\/wp-content\/uploads\/2022\/05\/cover-douvan-deye.png\"><img decoding=\"async\" class=\"alignnone wp-image-4512 \" src=\"https:\/\/legsedition.net\/public\/wp-content\/uploads\/2022\/05\/cover-douvan-deye-189x300.png\" alt=\"\" width=\"183\" height=\"290\" srcset=\"https:\/\/legsedition.net\/public\/wp-content\/uploads\/2022\/05\/cover-douvan-deye-189x300.png 189w, https:\/\/legsedition.net\/public\/wp-content\/uploads\/2022\/05\/cover-douvan-deye-101x160.png 101w, https:\/\/legsedition.net\/public\/wp-content\/uploads\/2022\/05\/cover-douvan-deye.png 302w\" sizes=\"(max-width: 183px) 100vw, 183px\" \/><\/a><\/p>\n","protected":false},"excerpt":{"rendered":"<p>N\u00e9 \u00e0 Port-au-Prince, Ronald Jn-Georges (Roldy de son nom d&rsquo;artiste) a fait des \u00e9tudes de lettres \u00e0 l\u2019\u00c9cole Normale Sup\u00e9rieure de l\u2019Universit\u00e9 d\u2019\u00c9tat d\u2019Ha\u00efti et \u00e0 l\u2019Universit\u00e9 des Antilles et de la Guyane. Il d\u00e9tient une ma\u00eetrise en lettres de&#8230;<\/p>\n","protected":false},"author":2,"featured_media":0,"parent":0,"menu_order":0,"comment_status":"closed","ping_status":"closed","template":"","meta":{"footnotes":""},"class_list":["post-4555","page","type-page","status-publish","hentry","no-post-thumbnail"],"yoast_head":"<!-- This site is optimized with the Yoast SEO plugin v27.4 - https:\/\/yoast.com\/product\/yoast-seo-wordpress\/ -->\n<title>Ronald Jn-Georges | LEGS &Eacute;DITION<\/title>\n<meta name=\"robots\" content=\"index, follow, max-snippet:-1, max-image-preview:large, max-video-preview:-1\" \/>\n<link rel=\"canonical\" href=\"https:\/\/legsedition.net\/public\/ronald-jn-georges\/\" \/>\n<meta property=\"og:locale\" content=\"fr_FR\" \/>\n<meta property=\"og:type\" content=\"article\" \/>\n<meta property=\"og:title\" content=\"Ronald Jn-Georges | LEGS &Eacute;DITION\" \/>\n<meta property=\"og:description\" content=\"N\u00e9 \u00e0 Port-au-Prince, Ronald Jn-Georges (Roldy de son nom d&rsquo;artiste) a fait des \u00e9tudes de lettres \u00e0 l\u2019\u00c9cole Normale Sup\u00e9rieure de l\u2019Universit\u00e9 d\u2019\u00c9tat d\u2019Ha\u00efti et \u00e0 l\u2019Universit\u00e9 des Antilles et de la Guyane. Il d\u00e9tient une ma\u00eetrise en lettres de...\" \/>\n<meta property=\"og:url\" content=\"https:\/\/legsedition.net\/public\/ronald-jn-georges\/\" \/>\n<meta property=\"og:site_name\" content=\"LEGS &Eacute;DITION\" \/>\n<meta property=\"article:publisher\" content=\"https:\/\/web.facebook.com\/LegsEtLitterature\/\" \/>\n<meta property=\"article:modified_time\" content=\"2024-11-07T11:17:15+00:00\" \/>\n<meta property=\"og:image\" content=\"https:\/\/legsedition.net\/public\/wp-content\/uploads\/2022\/07\/ronaldjg.jpg\" \/>\n\t<meta property=\"og:image:width\" content=\"486\" \/>\n\t<meta property=\"og:image:height\" content=\"568\" \/>\n\t<meta property=\"og:image:type\" content=\"image\/jpeg\" \/>\n<meta name=\"twitter:card\" content=\"summary_large_image\" \/>\n<meta name=\"twitter:label1\" content=\"Dur\u00e9e de lecture estim\u00e9e\" \/>\n\t<meta name=\"twitter:data1\" content=\"2 minutes\" \/>\n<script type=\"application\/ld+json\" class=\"yoast-schema-graph\">{\"@context\":\"https:\\\/\\\/schema.org\",\"@graph\":[{\"@type\":\"WebPage\",\"@id\":\"https:\\\/\\\/legsedition.net\\\/public\\\/ronald-jn-georges\\\/\",\"url\":\"https:\\\/\\\/legsedition.net\\\/public\\\/ronald-jn-georges\\\/\",\"name\":\"Ronald Jn-Georges | LEGS &Eacute;DITION\",\"isPartOf\":{\"@id\":\"https:\\\/\\\/legsedition.net\\\/public\\\/#website\"},\"primaryImageOfPage\":{\"@id\":\"https:\\\/\\\/legsedition.net\\\/public\\\/ronald-jn-georges\\\/#primaryimage\"},\"image\":{\"@id\":\"https:\\\/\\\/legsedition.net\\\/public\\\/ronald-jn-georges\\\/#primaryimage\"},\"thumbnailUrl\":\"https:\\\/\\\/legsedition.net\\\/public\\\/wp-content\\\/uploads\\\/2022\\\/07\\\/ronaldjg.jpg\",\"datePublished\":\"2022-06-12T18:52:14+00:00\",\"dateModified\":\"2024-11-07T11:17:15+00:00\",\"breadcrumb\":{\"@id\":\"https:\\\/\\\/legsedition.net\\\/public\\\/ronald-jn-georges\\\/#breadcrumb\"},\"inLanguage\":\"fr-FR\",\"potentialAction\":[{\"@type\":\"ReadAction\",\"target\":[\"https:\\\/\\\/legsedition.net\\\/public\\\/ronald-jn-georges\\\/\"]}]},{\"@type\":\"ImageObject\",\"inLanguage\":\"fr-FR\",\"@id\":\"https:\\\/\\\/legsedition.net\\\/public\\\/ronald-jn-georges\\\/#primaryimage\",\"url\":\"https:\\\/\\\/legsedition.net\\\/public\\\/wp-content\\\/uploads\\\/2022\\\/07\\\/ronaldjg.jpg\",\"contentUrl\":\"https:\\\/\\\/legsedition.net\\\/public\\\/wp-content\\\/uploads\\\/2022\\\/07\\\/ronaldjg.jpg\",\"width\":486,\"height\":568},{\"@type\":\"BreadcrumbList\",\"@id\":\"https:\\\/\\\/legsedition.net\\\/public\\\/ronald-jn-georges\\\/#breadcrumb\",\"itemListElement\":[{\"@type\":\"ListItem\",\"position\":1,\"name\":\"Home\",\"item\":\"https:\\\/\\\/legsedition.net\\\/public\\\/\"},{\"@type\":\"ListItem\",\"position\":2,\"name\":\"Ronald Jn-Georges\"}]},{\"@type\":\"WebSite\",\"@id\":\"https:\\\/\\\/legsedition.net\\\/public\\\/#website\",\"url\":\"https:\\\/\\\/legsedition.net\\\/public\\\/\",\"name\":\"LEGS &Eacute;DITION\",\"description\":\"\",\"potentialAction\":[{\"@type\":\"SearchAction\",\"target\":{\"@type\":\"EntryPoint\",\"urlTemplate\":\"https:\\\/\\\/legsedition.net\\\/public\\\/?s={search_term_string}\"},\"query-input\":{\"@type\":\"PropertyValueSpecification\",\"valueRequired\":true,\"valueName\":\"search_term_string\"}}],\"inLanguage\":\"fr-FR\"}]}<\/script>\n<!-- \/ Yoast SEO plugin. -->","yoast_head_json":{"title":"Ronald Jn-Georges | LEGS &Eacute;DITION","robots":{"index":"index","follow":"follow","max-snippet":"max-snippet:-1","max-image-preview":"max-image-preview:large","max-video-preview":"max-video-preview:-1"},"canonical":"https:\/\/legsedition.net\/public\/ronald-jn-georges\/","og_locale":"fr_FR","og_type":"article","og_title":"Ronald Jn-Georges | LEGS &Eacute;DITION","og_description":"N\u00e9 \u00e0 Port-au-Prince, Ronald Jn-Georges (Roldy de son nom d&rsquo;artiste) a fait des \u00e9tudes de lettres \u00e0 l\u2019\u00c9cole Normale Sup\u00e9rieure de l\u2019Universit\u00e9 d\u2019\u00c9tat d\u2019Ha\u00efti et \u00e0 l\u2019Universit\u00e9 des Antilles et de la Guyane. Il d\u00e9tient une ma\u00eetrise en lettres de...","og_url":"https:\/\/legsedition.net\/public\/ronald-jn-georges\/","og_site_name":"LEGS &Eacute;DITION","article_publisher":"https:\/\/web.facebook.com\/LegsEtLitterature\/","article_modified_time":"2024-11-07T11:17:15+00:00","og_image":[{"width":486,"height":568,"url":"https:\/\/legsedition.net\/public\/wp-content\/uploads\/2022\/07\/ronaldjg.jpg","type":"image\/jpeg"}],"twitter_card":"summary_large_image","twitter_misc":{"Dur\u00e9e de lecture estim\u00e9e":"2 minutes"},"schema":{"@context":"https:\/\/schema.org","@graph":[{"@type":"WebPage","@id":"https:\/\/legsedition.net\/public\/ronald-jn-georges\/","url":"https:\/\/legsedition.net\/public\/ronald-jn-georges\/","name":"Ronald Jn-Georges | LEGS &Eacute;DITION","isPartOf":{"@id":"https:\/\/legsedition.net\/public\/#website"},"primaryImageOfPage":{"@id":"https:\/\/legsedition.net\/public\/ronald-jn-georges\/#primaryimage"},"image":{"@id":"https:\/\/legsedition.net\/public\/ronald-jn-georges\/#primaryimage"},"thumbnailUrl":"https:\/\/legsedition.net\/public\/wp-content\/uploads\/2022\/07\/ronaldjg.jpg","datePublished":"2022-06-12T18:52:14+00:00","dateModified":"2024-11-07T11:17:15+00:00","breadcrumb":{"@id":"https:\/\/legsedition.net\/public\/ronald-jn-georges\/#breadcrumb"},"inLanguage":"fr-FR","potentialAction":[{"@type":"ReadAction","target":["https:\/\/legsedition.net\/public\/ronald-jn-georges\/"]}]},{"@type":"ImageObject","inLanguage":"fr-FR","@id":"https:\/\/legsedition.net\/public\/ronald-jn-georges\/#primaryimage","url":"https:\/\/legsedition.net\/public\/wp-content\/uploads\/2022\/07\/ronaldjg.jpg","contentUrl":"https:\/\/legsedition.net\/public\/wp-content\/uploads\/2022\/07\/ronaldjg.jpg","width":486,"height":568},{"@type":"BreadcrumbList","@id":"https:\/\/legsedition.net\/public\/ronald-jn-georges\/#breadcrumb","itemListElement":[{"@type":"ListItem","position":1,"name":"Home","item":"https:\/\/legsedition.net\/public\/"},{"@type":"ListItem","position":2,"name":"Ronald Jn-Georges"}]},{"@type":"WebSite","@id":"https:\/\/legsedition.net\/public\/#website","url":"https:\/\/legsedition.net\/public\/","name":"LEGS &Eacute;DITION","description":"","potentialAction":[{"@type":"SearchAction","target":{"@type":"EntryPoint","urlTemplate":"https:\/\/legsedition.net\/public\/?s={search_term_string}"},"query-input":{"@type":"PropertyValueSpecification","valueRequired":true,"valueName":"search_term_string"}}],"inLanguage":"fr-FR"}]}},"_links":{"self":[{"href":"https:\/\/legsedition.net\/public\/wp-json\/wp\/v2\/pages\/4555","targetHints":{"allow":["GET"]}}],"collection":[{"href":"https:\/\/legsedition.net\/public\/wp-json\/wp\/v2\/pages"}],"about":[{"href":"https:\/\/legsedition.net\/public\/wp-json\/wp\/v2\/types\/page"}],"author":[{"embeddable":true,"href":"https:\/\/legsedition.net\/public\/wp-json\/wp\/v2\/users\/2"}],"replies":[{"embeddable":true,"href":"https:\/\/legsedition.net\/public\/wp-json\/wp\/v2\/comments?post=4555"}],"version-history":[{"count":6,"href":"https:\/\/legsedition.net\/public\/wp-json\/wp\/v2\/pages\/4555\/revisions"}],"predecessor-version":[{"id":7139,"href":"https:\/\/legsedition.net\/public\/wp-json\/wp\/v2\/pages\/4555\/revisions\/7139"}],"wp:attachment":[{"href":"https:\/\/legsedition.net\/public\/wp-json\/wp\/v2\/media?parent=4555"}],"curies":[{"name":"wp","href":"https:\/\/api.w.org\/{rel}","templated":true}]}}