{"id":4560,"date":"2022-06-12T18:55:35","date_gmt":"2022-06-12T18:55:35","guid":{"rendered":"https:\/\/legsedition.net\/public\/?page_id=4560"},"modified":"2024-11-07T11:36:19","modified_gmt":"2024-11-07T11:36:19","slug":"snayder-pierre-louis","status":"publish","type":"page","link":"https:\/\/legsedition.net\/public\/snayder-pierre-louis\/","title":{"rendered":"Snayder Pierre-Louis"},"content":{"rendered":"<p><a href=\"https:\/\/legsedition.net\/public\/wp-content\/uploads\/2022\/06\/snayder.jpg\"><img fetchpriority=\"high\" decoding=\"async\" class=\"alignleft wp-image-4562 \" src=\"https:\/\/legsedition.net\/public\/wp-content\/uploads\/2022\/06\/snayder.jpg\" alt=\"\" width=\"227\" height=\"303\" srcset=\"https:\/\/legsedition.net\/public\/wp-content\/uploads\/2022\/06\/snayder.jpg 715w, https:\/\/legsedition.net\/public\/wp-content\/uploads\/2022\/06\/snayder-225x300.jpg 225w, https:\/\/legsedition.net\/public\/wp-content\/uploads\/2022\/06\/snayder-450x600.jpg 450w, https:\/\/legsedition.net\/public\/wp-content\/uploads\/2022\/06\/snayder-120x160.jpg 120w, https:\/\/legsedition.net\/public\/wp-content\/uploads\/2022\/06\/snayder-600x800.jpg 600w\" sizes=\"(max-width: 227px) 100vw, 227px\" \/><\/a><\/p>\n<p>Snayder Pierre-Louis est n\u00e9 \u00e0 Port-au-Prince en 1994. Po\u00e8te et journaliste, il a fait des \u00e9tudes de Droit \u00e0 l\u2019Universit\u00e9 d\u2019\u00c9tat d\u2019Ha\u00efti avant de se consacrer au journalisme et \u00e0 la litt\u00e9rature. Journaliste \u00e0 <em>Ayibopost<\/em>, <em>Correspondant<\/em> de <em>Le Journal de Montr\u00e9al<\/em>, il a publi\u00e9 nombre d&rsquo;articles dans les journaux en Ha\u00efti et \u00e0 l&rsquo;\u00e9tranger. Auteur des recueils <em>Kadans K\u00e8<\/em> (2015), <em>Que les mots se souviennent<\/em> (2016) et <em>Le mur blanc de ton nombril<\/em> (2017), il a dirig\u00e9 l\u2018anthologie <em>Nous sommes tous africains<\/em>\u00a0paru en 2017.<\/p>\n<p>En 2017, il\u00a0a re\u00e7u le troisi\u00e8me Prix ex-aequo en Langue Fran\u00e7aise du concours Plume du Paon et le Prix Mila du Livre Francophone pour <em>Le mur blanc de ton nombril<\/em>.<\/p>\n<p><strong>Publication chez LEGS \u00c9DITION<\/strong><\/p>\n<p><em><a href=\"https:\/\/legsedition.net\/public\/2022\/06\/22\/nulle-veine-nest-fumante-quand-la-joie-est-borgne\/\" target=\"_blank\" rel=\"noopener\">Nulle veine n\u2019est fumante quand la joie est borgne<\/a>, <\/em>2022.<\/p>\n<p><a href=\"https:\/\/legsedition.net\/public\/wp-content\/uploads\/2022\/04\/cover-1.png\"><img decoding=\"async\" class=\"alignnone wp-image-4515 \" src=\"https:\/\/legsedition.net\/public\/wp-content\/uploads\/2022\/04\/cover-1-192x300.png\" alt=\"\" width=\"184\" height=\"288\" srcset=\"https:\/\/legsedition.net\/public\/wp-content\/uploads\/2022\/04\/cover-1-192x300.png 192w, https:\/\/legsedition.net\/public\/wp-content\/uploads\/2022\/04\/cover-1-102x160.png 102w, https:\/\/legsedition.net\/public\/wp-content\/uploads\/2022\/04\/cover-1.png 261w\" sizes=\"(max-width: 184px) 100vw, 184px\" \/><\/a><\/p>\n","protected":false},"excerpt":{"rendered":"<p>Snayder Pierre-Louis est n\u00e9 \u00e0 Port-au-Prince en 1994. Po\u00e8te et journaliste, il a fait des \u00e9tudes de Droit \u00e0 l\u2019Universit\u00e9 d\u2019\u00c9tat d\u2019Ha\u00efti avant de se consacrer au journalisme et \u00e0 la litt\u00e9rature. Journaliste \u00e0 Ayibopost, Correspondant de Le Journal de&#8230;<\/p>\n","protected":false},"author":2,"featured_media":0,"parent":0,"menu_order":0,"comment_status":"closed","ping_status":"closed","template":"","meta":{"footnotes":""},"class_list":["post-4560","page","type-page","status-publish","hentry","no-post-thumbnail"],"yoast_head":"<!-- This site is optimized with the Yoast SEO plugin v27.3 - https:\/\/yoast.com\/product\/yoast-seo-wordpress\/ -->\n<title>Snayder Pierre-Louis | LEGS &Eacute;DITION<\/title>\n<meta name=\"robots\" content=\"index, follow, max-snippet:-1, max-image-preview:large, max-video-preview:-1\" \/>\n<link rel=\"canonical\" href=\"https:\/\/legsedition.net\/public\/snayder-pierre-louis\/\" \/>\n<meta property=\"og:locale\" content=\"fr_FR\" \/>\n<meta property=\"og:type\" content=\"article\" \/>\n<meta property=\"og:title\" content=\"Snayder Pierre-Louis | LEGS &Eacute;DITION\" \/>\n<meta property=\"og:description\" content=\"Snayder Pierre-Louis est n\u00e9 \u00e0 Port-au-Prince en 1994. Po\u00e8te et journaliste, il a fait des \u00e9tudes de Droit \u00e0 l\u2019Universit\u00e9 d\u2019\u00c9tat d\u2019Ha\u00efti avant de se consacrer au journalisme et \u00e0 la litt\u00e9rature. Journaliste \u00e0 Ayibopost, Correspondant de Le Journal de...\" \/>\n<meta property=\"og:url\" content=\"https:\/\/legsedition.net\/public\/snayder-pierre-louis\/\" \/>\n<meta property=\"og:site_name\" content=\"LEGS &Eacute;DITION\" \/>\n<meta property=\"article:publisher\" content=\"https:\/\/web.facebook.com\/LegsEtLitterature\/\" \/>\n<meta property=\"article:modified_time\" content=\"2024-11-07T11:36:19+00:00\" \/>\n<meta property=\"og:image\" content=\"https:\/\/legsedition.net\/public\/wp-content\/uploads\/2022\/06\/snayder.jpg\" \/>\n\t<meta property=\"og:image:width\" content=\"715\" \/>\n\t<meta property=\"og:image:height\" content=\"953\" \/>\n\t<meta property=\"og:image:type\" content=\"image\/jpeg\" \/>\n<meta name=\"twitter:card\" content=\"summary_large_image\" \/>\n<meta name=\"twitter:label1\" content=\"Dur\u00e9e de lecture estim\u00e9e\" \/>\n\t<meta name=\"twitter:data1\" content=\"2 minutes\" \/>\n<script type=\"application\/ld+json\" class=\"yoast-schema-graph\">{\"@context\":\"https:\\\/\\\/schema.org\",\"@graph\":[{\"@type\":\"WebPage\",\"@id\":\"https:\\\/\\\/legsedition.net\\\/public\\\/snayder-pierre-louis\\\/\",\"url\":\"https:\\\/\\\/legsedition.net\\\/public\\\/snayder-pierre-louis\\\/\",\"name\":\"Snayder Pierre-Louis | LEGS &Eacute;DITION\",\"isPartOf\":{\"@id\":\"https:\\\/\\\/legsedition.net\\\/public\\\/#website\"},\"primaryImageOfPage\":{\"@id\":\"https:\\\/\\\/legsedition.net\\\/public\\\/snayder-pierre-louis\\\/#primaryimage\"},\"image\":{\"@id\":\"https:\\\/\\\/legsedition.net\\\/public\\\/snayder-pierre-louis\\\/#primaryimage\"},\"thumbnailUrl\":\"https:\\\/\\\/legsedition.net\\\/public\\\/wp-content\\\/uploads\\\/2022\\\/06\\\/snayder.jpg\",\"datePublished\":\"2022-06-12T18:55:35+00:00\",\"dateModified\":\"2024-11-07T11:36:19+00:00\",\"breadcrumb\":{\"@id\":\"https:\\\/\\\/legsedition.net\\\/public\\\/snayder-pierre-louis\\\/#breadcrumb\"},\"inLanguage\":\"fr-FR\",\"potentialAction\":[{\"@type\":\"ReadAction\",\"target\":[\"https:\\\/\\\/legsedition.net\\\/public\\\/snayder-pierre-louis\\\/\"]}]},{\"@type\":\"ImageObject\",\"inLanguage\":\"fr-FR\",\"@id\":\"https:\\\/\\\/legsedition.net\\\/public\\\/snayder-pierre-louis\\\/#primaryimage\",\"url\":\"https:\\\/\\\/legsedition.net\\\/public\\\/wp-content\\\/uploads\\\/2022\\\/06\\\/snayder.jpg\",\"contentUrl\":\"https:\\\/\\\/legsedition.net\\\/public\\\/wp-content\\\/uploads\\\/2022\\\/06\\\/snayder.jpg\",\"width\":715,\"height\":953},{\"@type\":\"BreadcrumbList\",\"@id\":\"https:\\\/\\\/legsedition.net\\\/public\\\/snayder-pierre-louis\\\/#breadcrumb\",\"itemListElement\":[{\"@type\":\"ListItem\",\"position\":1,\"name\":\"Home\",\"item\":\"https:\\\/\\\/legsedition.net\\\/public\\\/\"},{\"@type\":\"ListItem\",\"position\":2,\"name\":\"Snayder Pierre-Louis\"}]},{\"@type\":\"WebSite\",\"@id\":\"https:\\\/\\\/legsedition.net\\\/public\\\/#website\",\"url\":\"https:\\\/\\\/legsedition.net\\\/public\\\/\",\"name\":\"LEGS &Eacute;DITION\",\"description\":\"\",\"potentialAction\":[{\"@type\":\"SearchAction\",\"target\":{\"@type\":\"EntryPoint\",\"urlTemplate\":\"https:\\\/\\\/legsedition.net\\\/public\\\/?s={search_term_string}\"},\"query-input\":{\"@type\":\"PropertyValueSpecification\",\"valueRequired\":true,\"valueName\":\"search_term_string\"}}],\"inLanguage\":\"fr-FR\"}]}<\/script>\n<!-- \/ Yoast SEO plugin. -->","yoast_head_json":{"title":"Snayder Pierre-Louis | LEGS &Eacute;DITION","robots":{"index":"index","follow":"follow","max-snippet":"max-snippet:-1","max-image-preview":"max-image-preview:large","max-video-preview":"max-video-preview:-1"},"canonical":"https:\/\/legsedition.net\/public\/snayder-pierre-louis\/","og_locale":"fr_FR","og_type":"article","og_title":"Snayder Pierre-Louis | LEGS &Eacute;DITION","og_description":"Snayder Pierre-Louis est n\u00e9 \u00e0 Port-au-Prince en 1994. Po\u00e8te et journaliste, il a fait des \u00e9tudes de Droit \u00e0 l\u2019Universit\u00e9 d\u2019\u00c9tat d\u2019Ha\u00efti avant de se consacrer au journalisme et \u00e0 la litt\u00e9rature. Journaliste \u00e0 Ayibopost, Correspondant de Le Journal de...","og_url":"https:\/\/legsedition.net\/public\/snayder-pierre-louis\/","og_site_name":"LEGS &Eacute;DITION","article_publisher":"https:\/\/web.facebook.com\/LegsEtLitterature\/","article_modified_time":"2024-11-07T11:36:19+00:00","og_image":[{"width":715,"height":953,"url":"https:\/\/legsedition.net\/public\/wp-content\/uploads\/2022\/06\/snayder.jpg","type":"image\/jpeg"}],"twitter_card":"summary_large_image","twitter_misc":{"Dur\u00e9e de lecture estim\u00e9e":"2 minutes"},"schema":{"@context":"https:\/\/schema.org","@graph":[{"@type":"WebPage","@id":"https:\/\/legsedition.net\/public\/snayder-pierre-louis\/","url":"https:\/\/legsedition.net\/public\/snayder-pierre-louis\/","name":"Snayder Pierre-Louis | LEGS &Eacute;DITION","isPartOf":{"@id":"https:\/\/legsedition.net\/public\/#website"},"primaryImageOfPage":{"@id":"https:\/\/legsedition.net\/public\/snayder-pierre-louis\/#primaryimage"},"image":{"@id":"https:\/\/legsedition.net\/public\/snayder-pierre-louis\/#primaryimage"},"thumbnailUrl":"https:\/\/legsedition.net\/public\/wp-content\/uploads\/2022\/06\/snayder.jpg","datePublished":"2022-06-12T18:55:35+00:00","dateModified":"2024-11-07T11:36:19+00:00","breadcrumb":{"@id":"https:\/\/legsedition.net\/public\/snayder-pierre-louis\/#breadcrumb"},"inLanguage":"fr-FR","potentialAction":[{"@type":"ReadAction","target":["https:\/\/legsedition.net\/public\/snayder-pierre-louis\/"]}]},{"@type":"ImageObject","inLanguage":"fr-FR","@id":"https:\/\/legsedition.net\/public\/snayder-pierre-louis\/#primaryimage","url":"https:\/\/legsedition.net\/public\/wp-content\/uploads\/2022\/06\/snayder.jpg","contentUrl":"https:\/\/legsedition.net\/public\/wp-content\/uploads\/2022\/06\/snayder.jpg","width":715,"height":953},{"@type":"BreadcrumbList","@id":"https:\/\/legsedition.net\/public\/snayder-pierre-louis\/#breadcrumb","itemListElement":[{"@type":"ListItem","position":1,"name":"Home","item":"https:\/\/legsedition.net\/public\/"},{"@type":"ListItem","position":2,"name":"Snayder Pierre-Louis"}]},{"@type":"WebSite","@id":"https:\/\/legsedition.net\/public\/#website","url":"https:\/\/legsedition.net\/public\/","name":"LEGS &Eacute;DITION","description":"","potentialAction":[{"@type":"SearchAction","target":{"@type":"EntryPoint","urlTemplate":"https:\/\/legsedition.net\/public\/?s={search_term_string}"},"query-input":{"@type":"PropertyValueSpecification","valueRequired":true,"valueName":"search_term_string"}}],"inLanguage":"fr-FR"}]}},"_links":{"self":[{"href":"https:\/\/legsedition.net\/public\/wp-json\/wp\/v2\/pages\/4560","targetHints":{"allow":["GET"]}}],"collection":[{"href":"https:\/\/legsedition.net\/public\/wp-json\/wp\/v2\/pages"}],"about":[{"href":"https:\/\/legsedition.net\/public\/wp-json\/wp\/v2\/types\/page"}],"author":[{"embeddable":true,"href":"https:\/\/legsedition.net\/public\/wp-json\/wp\/v2\/users\/2"}],"replies":[{"embeddable":true,"href":"https:\/\/legsedition.net\/public\/wp-json\/wp\/v2\/comments?post=4560"}],"version-history":[{"count":4,"href":"https:\/\/legsedition.net\/public\/wp-json\/wp\/v2\/pages\/4560\/revisions"}],"predecessor-version":[{"id":7153,"href":"https:\/\/legsedition.net\/public\/wp-json\/wp\/v2\/pages\/4560\/revisions\/7153"}],"wp:attachment":[{"href":"https:\/\/legsedition.net\/public\/wp-json\/wp\/v2\/media?parent=4560"}],"curies":[{"name":"wp","href":"https:\/\/api.w.org\/{rel}","templated":true}]}}