{"id":482,"date":"2017-12-18T22:23:30","date_gmt":"2017-12-18T22:23:30","guid":{"rendered":"http:\/\/legsedition.net\/public\/?page_id=482"},"modified":"2024-12-02T14:53:00","modified_gmt":"2024-12-02T14:53:00","slug":"collection-voix-feminines","status":"publish","type":"page","link":"https:\/\/legsedition.net\/public\/collection-voix-feminines\/","title":{"rendered":"Collection Voix F\u00e9minines"},"content":{"rendered":"<p>Dir. <a href=\"https:\/\/www.mtholyoke.edu\/directory\/faculty-staff\/carolyn-shread\" target=\"_blank\" rel=\"noopener\">Carolyn Shread<\/a><\/p>\n<p><a href=\"https:\/\/legsedition.net\/public\/wp-content\/uploads\/2023\/07\/carolyn-1.jpg\"><img decoding=\"async\" class=\"wp-image-5714 alignleft\" src=\"https:\/\/legsedition.net\/public\/wp-content\/uploads\/2023\/07\/carolyn-1.jpg\" alt=\"\" width=\"121\" height=\"123\" srcset=\"https:\/\/legsedition.net\/public\/wp-content\/uploads\/2023\/07\/carolyn-1.jpg 212w, https:\/\/legsedition.net\/public\/wp-content\/uploads\/2023\/07\/carolyn-1-157x160.jpg 157w\" sizes=\"(max-width: 121px) 100vw, 121px\" \/><\/a>Les manuels d&rsquo;histoire litt\u00e9raire ha\u00eftienne font rarement mention de la production des femmes en Ha\u00efti. Ainsi, de 1804 \u00e0 1904, les critiques et historiens de la litt\u00e9rature n&rsquo;ont fait mention que de Virginie Sampeur. Mais, l\u00e0 encore, c&rsquo;est toujours par rapport \u00e0 son amant Oswald Durand qu&rsquo;on la d\u00e9crit. De telle sorte que lorsqu&rsquo;on parle de Virginie Sampeur, c&rsquo;est d&rsquo;Oswald Durand qu&rsquo;on finit par parler.<\/p>\n<p style=\"text-align: justify;\">Durant toute la p\u00e9riode baptis\u00e9e \u00ab Indig\u00e9nisme \u00bb, on ne retiendra que le nom d&rsquo;Ida Faubert. Plus pr\u00e8s de nous, lorsque Pradel Pompilus et Rapha\u00ebl Berrou \u00e9voquent l\u2019\u0153uvre de Cl\u00e9ante Desgraves Valcin (la premi\u00e8re romanci\u00e8re d&rsquo;Ha\u00efti), Marie Vieux-Chauvet, Janine Tavernier, Jacqueline Beaug\u00e9, Marie Th\u00e9r\u00e8se Collimon-Hall, c&rsquo;est en quelques lignes, parfois en trois mots&#8230;<\/p>\n<p style=\"text-align: justify;\">L\u2019\u0153uvre d&rsquo;Eddy Arnold Jean ne laisse aucune place aux femmes-\u00e9crivains. M\u00eame cas de figure pour l&rsquo;histoire litt\u00e9raire racont\u00e9e par Dieudonn\u00e9 Fardin en cinq tomes&#8230;<\/p>\n<p style=\"text-align: justify;\">C&rsquo;est pour renouveler le discours sur la production des femmes d&rsquo;Ha\u00efti que LEGS \u00c9DITION a lanc\u00e9 sa collection <em>Voix F\u00e9minines<\/em>, rendant ainsi les textes accessibles \u00e0 tous.<\/p>\n<p><strong>\u0152uvres publi\u00e9es<\/strong><\/p>\n<p><a href=\"https:\/\/legsedition.net\/public\/2024\/11\/04\/bain-de-lune\/\" target=\"_blank\" rel=\"noopener\"><em>Bain de lune,<\/em><\/a> Yanick Lahens<\/p>\n<p><a href=\"https:\/\/legsedition.net\/public\/wp-content\/uploads\/2024\/11\/Cover-bain-de-lune-2.png\"><img fetchpriority=\"high\" decoding=\"async\" class=\"alignnone wp-image-7284 \" src=\"https:\/\/legsedition.net\/public\/wp-content\/uploads\/2024\/11\/Cover-bain-de-lune-2.png\" alt=\"\" width=\"222\" height=\"344\" srcset=\"https:\/\/legsedition.net\/public\/wp-content\/uploads\/2024\/11\/Cover-bain-de-lune-2.png 568w, https:\/\/legsedition.net\/public\/wp-content\/uploads\/2024\/11\/Cover-bain-de-lune-2-194x300.png 194w\" sizes=\"(max-width: 222px) 100vw, 222px\" \/><\/a><em>____________________________________________________<\/em><\/p>\n<p><a href=\"https:\/\/legsedition.net\/public\/2022\/06\/10\/guillaume-et-nathalie\/\" target=\"_blank\" rel=\"noopener\"><em>Guillaume et Nathalie<\/em><\/a>, Yanick Lahens<\/p>\n<p><a href=\"https:\/\/legsedition.net\/public\/wp-content\/uploads\/2022\/04\/cover-guillaume-et-nathalie.png\"><img decoding=\"async\" class=\"alignnone wp-image-4549 \" src=\"https:\/\/legsedition.net\/public\/wp-content\/uploads\/2022\/04\/cover-guillaume-et-nathalie.png\" alt=\"\" width=\"212\" height=\"334\" srcset=\"https:\/\/legsedition.net\/public\/wp-content\/uploads\/2022\/04\/cover-guillaume-et-nathalie.png 307w, https:\/\/legsedition.net\/public\/wp-content\/uploads\/2022\/04\/cover-guillaume-et-nathalie-191x300.png 191w, https:\/\/legsedition.net\/public\/wp-content\/uploads\/2022\/04\/cover-guillaume-et-nathalie-102x160.png 102w\" sizes=\"(max-width: 212px) 100vw, 212px\" \/><\/a><em>____________________________________________________<\/em><\/p>\n<p><a href=\"https:\/\/legsedition.net\/public\/legsedition\/aparaitre\/tante-resia-et-les-dieux\/\" target=\"_blank\" rel=\"noopener\">Tante R\u00e9sia et les Dieux<\/a>, Yanick Lahens<\/p>\n<p><a href=\"https:\/\/legsedition.net\/public\/wp-content\/uploads\/2019\/05\/cover_tante_resia_1.png\"><img loading=\"lazy\" decoding=\"async\" class=\"alignleft wp-image-2755 \" src=\"https:\/\/legsedition.net\/public\/wp-content\/uploads\/2019\/05\/cover_tante_resia_1.png\" alt=\"\" width=\"193\" height=\"300\" srcset=\"https:\/\/legsedition.net\/public\/wp-content\/uploads\/2019\/05\/cover_tante_resia_1.png 295w, https:\/\/legsedition.net\/public\/wp-content\/uploads\/2019\/05\/cover_tante_resia_1-193x300.png 193w, https:\/\/legsedition.net\/public\/wp-content\/uploads\/2019\/05\/cover_tante_resia_1-103x160.png 103w\" sizes=\"(max-width: 193px) 100vw, 193px\" \/><\/a><\/p>\n<p><em>____________________________________________________<br \/>\n<a href=\"http:\/\/legsedition.net\/public\/legsedition\/aparaitre\/douces-deroutes\/\" target=\"_blank\" rel=\"noopener\">Douces d\u00e9routes<\/a>,\u00a0<\/em>Yanick Lahens<\/p>\n<p><a href=\"https:\/\/legsedition.net\/public\/wp-content\/uploads\/2018\/07\/doucesderoutescover1.png\"><img loading=\"lazy\" decoding=\"async\" class=\"wp-image-1791  alignleft\" src=\"https:\/\/legsedition.net\/public\/wp-content\/uploads\/2018\/07\/doucesderoutescover1.png\" alt=\"\" width=\"210\" height=\"327\" srcset=\"https:\/\/legsedition.net\/public\/wp-content\/uploads\/2018\/07\/doucesderoutescover1.png 298w, https:\/\/legsedition.net\/public\/wp-content\/uploads\/2018\/07\/doucesderoutescover1-192x300.png 192w, https:\/\/legsedition.net\/public\/wp-content\/uploads\/2018\/07\/doucesderoutescover1-103x160.png 103w\" sizes=\"(max-width: 210px) 100vw, 210px\" \/><\/a><\/p>\n<p><em>____________________________________________________<\/em><\/p>\n<p><em><a href=\"https:\/\/legsedition.net\/public\/2016\/08\/13\/star\/\" target=\"_blank\" rel=\"noopener\">Star<\/a>,\u00a0<\/em>Marie Alice Th\u00e9ard<\/p>\n<p><a href=\"https:\/\/legsedition.net\/public\/wp-content\/uploads\/2017\/12\/Star_MAT.png\"><img loading=\"lazy\" decoding=\"async\" class=\"alignleft wp-image-148 \" src=\"https:\/\/legsedition.net\/public\/wp-content\/uploads\/2017\/12\/Star_MAT.png\" alt=\"\" width=\"193\" height=\"314\" srcset=\"https:\/\/legsedition.net\/public\/wp-content\/uploads\/2017\/12\/Star_MAT.png 480w, https:\/\/legsedition.net\/public\/wp-content\/uploads\/2017\/12\/Star_MAT-416x676.png 416w, https:\/\/legsedition.net\/public\/wp-content\/uploads\/2017\/12\/Star_MAT-185x300.png 185w, https:\/\/legsedition.net\/public\/wp-content\/uploads\/2017\/12\/Star_MAT-400x650.png 400w\" sizes=\"(max-width: 193px) 100vw, 193px\" \/><\/a><\/p>\n<p><em>____________________________________________________<\/em><\/p>\n<p><a href=\"https:\/\/legsedition.net\/public\/ombre-ensoleillee-suivi-de-splendeur\/\" target=\"_blank\" rel=\"noopener\"><em>Ombre ensoleill\u00e9e\u00a0<\/em>suivi de\u00a0<\/a><em>Splendeur,\u00a0<\/em>Janine Tavernier<\/p>\n<p><a href=\"https:\/\/legsedition.net\/public\/wp-content\/uploads\/2017\/12\/Ombre-ensoleillee-Face.jpg\"><img loading=\"lazy\" decoding=\"async\" class=\"alignleft wp-image-136 \" src=\"https:\/\/legsedition.net\/public\/wp-content\/uploads\/2017\/12\/Ombre-ensoleillee-Face.jpg\" alt=\"\" width=\"192\" height=\"313\" srcset=\"https:\/\/legsedition.net\/public\/wp-content\/uploads\/2017\/12\/Ombre-ensoleillee-Face.jpg 466w, https:\/\/legsedition.net\/public\/wp-content\/uploads\/2017\/12\/Ombre-ensoleillee-Face-416x678.jpg 416w, https:\/\/legsedition.net\/public\/wp-content\/uploads\/2017\/12\/Ombre-ensoleillee-Face-184x300.jpg 184w, https:\/\/legsedition.net\/public\/wp-content\/uploads\/2017\/12\/Ombre-ensoleillee-Face-400x652.jpg 400w\" sizes=\"(max-width: 192px) 100vw, 192px\" \/><\/a><\/p>\n<p><em>____________________________________________________<\/em><\/p>\n<p><em><a href=\"https:\/\/legsedition.net\/public\/la-folie-etait-venue-avec-la-pluie\/\" target=\"_blank\" rel=\"noopener\">La folie \u00e9tait venue avec la pluie<\/a>,\u00a0<\/em>Yanick Lahens<\/p>\n<p><a href=\"https:\/\/legsedition.net\/public\/wp-content\/uploads\/2017\/12\/Cover-La-folie-yanick-1-page001.jpeg\"><img loading=\"lazy\" decoding=\"async\" class=\"alignleft wp-image-101 \" src=\"https:\/\/legsedition.net\/public\/wp-content\/uploads\/2017\/12\/Cover-La-folie-yanick-1-page001.jpeg\" alt=\"\" width=\"194\" height=\"309\" srcset=\"https:\/\/legsedition.net\/public\/wp-content\/uploads\/2017\/12\/Cover-La-folie-yanick-1-page001.jpeg 1464w, https:\/\/legsedition.net\/public\/wp-content\/uploads\/2017\/12\/Cover-La-folie-yanick-1-page001-600x957.jpeg 600w, https:\/\/legsedition.net\/public\/wp-content\/uploads\/2017\/12\/Cover-La-folie-yanick-1-page001-188x300.jpeg 188w, https:\/\/legsedition.net\/public\/wp-content\/uploads\/2017\/12\/Cover-La-folie-yanick-1-page001-768x1225.jpeg 768w, https:\/\/legsedition.net\/public\/wp-content\/uploads\/2017\/12\/Cover-La-folie-yanick-1-page001-642x1024.jpeg 642w, https:\/\/legsedition.net\/public\/wp-content\/uploads\/2017\/12\/Cover-La-folie-yanick-1-page001-400x638.jpeg 400w\" sizes=\"(max-width: 194px) 100vw, 194px\" \/><\/a><\/p>\n<p><em>____________________________________________________<\/em><\/p>\n<p><em><a href=\"https:\/\/legsedition.net\/public\/la-petite-corruption\/\" target=\"_blank\" rel=\"noopener\">La petite corruption<\/a>,\u00a0<\/em>Yanick Lahens<\/p>\n<p><a href=\"https:\/\/legsedition.net\/public\/wp-content\/uploads\/2017\/12\/yanick-1-1.bmp\"><img loading=\"lazy\" decoding=\"async\" class=\"alignleft wp-image-151 \" src=\"https:\/\/legsedition.net\/public\/wp-content\/uploads\/2017\/12\/yanick-1-1.bmp\" alt=\"\" width=\"197\" height=\"313\" srcset=\"https:\/\/legsedition.net\/public\/wp-content\/uploads\/2017\/12\/yanick-1-1.bmp 476w, https:\/\/legsedition.net\/public\/wp-content\/uploads\/2017\/12\/yanick-1-1-416x661.jpg 416w, https:\/\/legsedition.net\/public\/wp-content\/uploads\/2017\/12\/yanick-1-1-189x300.jpg 189w, https:\/\/legsedition.net\/public\/wp-content\/uploads\/2017\/12\/yanick-1-1-400x635.jpg 400w\" sizes=\"(max-width: 197px) 100vw, 197px\" \/><\/a><\/p>\n<p><em>____________________________________________________<\/em><\/p>\n<p><em><a href=\"https:\/\/legsedition.net\/public\/le-sexe-mythique\/\" target=\"_blank\" rel=\"noopener\">Le sexe mythique<\/a>, <\/em>Nadine Magloire<\/p>\n<p><a href=\"https:\/\/legsedition.net\/public\/wp-content\/uploads\/2017\/12\/Nadine-unique.jpg\"><img loading=\"lazy\" decoding=\"async\" class=\"alignnone wp-image-132 \" src=\"https:\/\/legsedition.net\/public\/wp-content\/uploads\/2017\/12\/Nadine-unique.jpg\" alt=\"\" width=\"195\" height=\"325\" srcset=\"https:\/\/legsedition.net\/public\/wp-content\/uploads\/2017\/12\/Nadine-unique.jpg 584w, https:\/\/legsedition.net\/public\/wp-content\/uploads\/2017\/12\/Nadine-unique-416x694.jpg 416w, https:\/\/legsedition.net\/public\/wp-content\/uploads\/2017\/12\/Nadine-unique-180x300.jpg 180w, https:\/\/legsedition.net\/public\/wp-content\/uploads\/2017\/12\/Nadine-unique-400x667.jpg 400w\" sizes=\"(max-width: 195px) 100vw, 195px\" \/><\/a><\/p>\n","protected":false},"excerpt":{"rendered":"<p>Dir. Carolyn Shread Les manuels d&rsquo;histoire litt\u00e9raire ha\u00eftienne font rarement mention de la production des femmes en Ha\u00efti. Ainsi, de 1804 \u00e0 1904, les critiques et historiens de la litt\u00e9rature n&rsquo;ont fait mention que de Virginie Sampeur. Mais, l\u00e0 encore,&#8230;<\/p>\n","protected":false},"author":1,"featured_media":0,"parent":0,"menu_order":0,"comment_status":"closed","ping_status":"closed","template":"","meta":{"footnotes":""},"class_list":["post-482","page","type-page","status-publish","hentry","no-post-thumbnail"],"yoast_head":"<!-- This site is optimized with the Yoast SEO plugin v27.3 - https:\/\/yoast.com\/product\/yoast-seo-wordpress\/ -->\n<title>Collection Voix F\u00e9minines | LEGS &Eacute;DITION<\/title>\n<meta name=\"robots\" content=\"index, follow, max-snippet:-1, max-image-preview:large, max-video-preview:-1\" \/>\n<link rel=\"canonical\" href=\"https:\/\/legsedition.net\/public\/collection-voix-feminines\/\" \/>\n<meta property=\"og:locale\" content=\"fr_FR\" \/>\n<meta property=\"og:type\" content=\"article\" \/>\n<meta property=\"og:title\" content=\"Collection Voix F\u00e9minines | LEGS &Eacute;DITION\" \/>\n<meta property=\"og:description\" content=\"Dir. Carolyn Shread Les manuels d&rsquo;histoire litt\u00e9raire ha\u00eftienne font rarement mention de la production des femmes en Ha\u00efti. Ainsi, de 1804 \u00e0 1904, les critiques et historiens de la litt\u00e9rature n&rsquo;ont fait mention que de Virginie Sampeur. Mais, l\u00e0 encore,...\" \/>\n<meta property=\"og:url\" content=\"https:\/\/legsedition.net\/public\/collection-voix-feminines\/\" \/>\n<meta property=\"og:site_name\" content=\"LEGS &Eacute;DITION\" \/>\n<meta property=\"article:publisher\" content=\"https:\/\/web.facebook.com\/LegsEtLitterature\/\" \/>\n<meta property=\"article:modified_time\" content=\"2024-12-02T14:53:00+00:00\" \/>\n<meta property=\"og:image\" content=\"https:\/\/legsedition.net\/public\/wp-content\/uploads\/2023\/07\/carolyn-1.jpg\" \/>\n\t<meta property=\"og:image:width\" content=\"212\" \/>\n\t<meta property=\"og:image:height\" content=\"216\" \/>\n\t<meta property=\"og:image:type\" content=\"image\/jpeg\" \/>\n<meta name=\"twitter:card\" content=\"summary_large_image\" \/>\n<meta name=\"twitter:label1\" content=\"Dur\u00e9e de lecture estim\u00e9e\" \/>\n\t<meta name=\"twitter:data1\" content=\"4 minutes\" \/>\n<script type=\"application\/ld+json\" class=\"yoast-schema-graph\">{\"@context\":\"https:\\\/\\\/schema.org\",\"@graph\":[{\"@type\":\"WebPage\",\"@id\":\"https:\\\/\\\/legsedition.net\\\/public\\\/collection-voix-feminines\\\/\",\"url\":\"https:\\\/\\\/legsedition.net\\\/public\\\/collection-voix-feminines\\\/\",\"name\":\"Collection Voix F\u00e9minines | LEGS &Eacute;DITION\",\"isPartOf\":{\"@id\":\"https:\\\/\\\/legsedition.net\\\/public\\\/#website\"},\"primaryImageOfPage\":{\"@id\":\"https:\\\/\\\/legsedition.net\\\/public\\\/collection-voix-feminines\\\/#primaryimage\"},\"image\":{\"@id\":\"https:\\\/\\\/legsedition.net\\\/public\\\/collection-voix-feminines\\\/#primaryimage\"},\"thumbnailUrl\":\"https:\\\/\\\/legsedition.net\\\/public\\\/wp-content\\\/uploads\\\/2023\\\/07\\\/carolyn-1.jpg\",\"datePublished\":\"2017-12-18T22:23:30+00:00\",\"dateModified\":\"2024-12-02T14:53:00+00:00\",\"breadcrumb\":{\"@id\":\"https:\\\/\\\/legsedition.net\\\/public\\\/collection-voix-feminines\\\/#breadcrumb\"},\"inLanguage\":\"fr-FR\",\"potentialAction\":[{\"@type\":\"ReadAction\",\"target\":[\"https:\\\/\\\/legsedition.net\\\/public\\\/collection-voix-feminines\\\/\"]}]},{\"@type\":\"ImageObject\",\"inLanguage\":\"fr-FR\",\"@id\":\"https:\\\/\\\/legsedition.net\\\/public\\\/collection-voix-feminines\\\/#primaryimage\",\"url\":\"https:\\\/\\\/legsedition.net\\\/public\\\/wp-content\\\/uploads\\\/2023\\\/07\\\/carolyn-1.jpg\",\"contentUrl\":\"https:\\\/\\\/legsedition.net\\\/public\\\/wp-content\\\/uploads\\\/2023\\\/07\\\/carolyn-1.jpg\",\"width\":212,\"height\":216},{\"@type\":\"BreadcrumbList\",\"@id\":\"https:\\\/\\\/legsedition.net\\\/public\\\/collection-voix-feminines\\\/#breadcrumb\",\"itemListElement\":[{\"@type\":\"ListItem\",\"position\":1,\"name\":\"Home\",\"item\":\"https:\\\/\\\/legsedition.net\\\/public\\\/\"},{\"@type\":\"ListItem\",\"position\":2,\"name\":\"Collection Voix F\u00e9minines\"}]},{\"@type\":\"WebSite\",\"@id\":\"https:\\\/\\\/legsedition.net\\\/public\\\/#website\",\"url\":\"https:\\\/\\\/legsedition.net\\\/public\\\/\",\"name\":\"LEGS &Eacute;DITION\",\"description\":\"\",\"potentialAction\":[{\"@type\":\"SearchAction\",\"target\":{\"@type\":\"EntryPoint\",\"urlTemplate\":\"https:\\\/\\\/legsedition.net\\\/public\\\/?s={search_term_string}\"},\"query-input\":{\"@type\":\"PropertyValueSpecification\",\"valueRequired\":true,\"valueName\":\"search_term_string\"}}],\"inLanguage\":\"fr-FR\"}]}<\/script>\n<!-- \/ Yoast SEO plugin. -->","yoast_head_json":{"title":"Collection Voix F\u00e9minines | LEGS &Eacute;DITION","robots":{"index":"index","follow":"follow","max-snippet":"max-snippet:-1","max-image-preview":"max-image-preview:large","max-video-preview":"max-video-preview:-1"},"canonical":"https:\/\/legsedition.net\/public\/collection-voix-feminines\/","og_locale":"fr_FR","og_type":"article","og_title":"Collection Voix F\u00e9minines | LEGS &Eacute;DITION","og_description":"Dir. Carolyn Shread Les manuels d&rsquo;histoire litt\u00e9raire ha\u00eftienne font rarement mention de la production des femmes en Ha\u00efti. Ainsi, de 1804 \u00e0 1904, les critiques et historiens de la litt\u00e9rature n&rsquo;ont fait mention que de Virginie Sampeur. Mais, l\u00e0 encore,...","og_url":"https:\/\/legsedition.net\/public\/collection-voix-feminines\/","og_site_name":"LEGS &Eacute;DITION","article_publisher":"https:\/\/web.facebook.com\/LegsEtLitterature\/","article_modified_time":"2024-12-02T14:53:00+00:00","og_image":[{"width":212,"height":216,"url":"https:\/\/legsedition.net\/public\/wp-content\/uploads\/2023\/07\/carolyn-1.jpg","type":"image\/jpeg"}],"twitter_card":"summary_large_image","twitter_misc":{"Dur\u00e9e de lecture estim\u00e9e":"4 minutes"},"schema":{"@context":"https:\/\/schema.org","@graph":[{"@type":"WebPage","@id":"https:\/\/legsedition.net\/public\/collection-voix-feminines\/","url":"https:\/\/legsedition.net\/public\/collection-voix-feminines\/","name":"Collection Voix F\u00e9minines | LEGS &Eacute;DITION","isPartOf":{"@id":"https:\/\/legsedition.net\/public\/#website"},"primaryImageOfPage":{"@id":"https:\/\/legsedition.net\/public\/collection-voix-feminines\/#primaryimage"},"image":{"@id":"https:\/\/legsedition.net\/public\/collection-voix-feminines\/#primaryimage"},"thumbnailUrl":"https:\/\/legsedition.net\/public\/wp-content\/uploads\/2023\/07\/carolyn-1.jpg","datePublished":"2017-12-18T22:23:30+00:00","dateModified":"2024-12-02T14:53:00+00:00","breadcrumb":{"@id":"https:\/\/legsedition.net\/public\/collection-voix-feminines\/#breadcrumb"},"inLanguage":"fr-FR","potentialAction":[{"@type":"ReadAction","target":["https:\/\/legsedition.net\/public\/collection-voix-feminines\/"]}]},{"@type":"ImageObject","inLanguage":"fr-FR","@id":"https:\/\/legsedition.net\/public\/collection-voix-feminines\/#primaryimage","url":"https:\/\/legsedition.net\/public\/wp-content\/uploads\/2023\/07\/carolyn-1.jpg","contentUrl":"https:\/\/legsedition.net\/public\/wp-content\/uploads\/2023\/07\/carolyn-1.jpg","width":212,"height":216},{"@type":"BreadcrumbList","@id":"https:\/\/legsedition.net\/public\/collection-voix-feminines\/#breadcrumb","itemListElement":[{"@type":"ListItem","position":1,"name":"Home","item":"https:\/\/legsedition.net\/public\/"},{"@type":"ListItem","position":2,"name":"Collection Voix F\u00e9minines"}]},{"@type":"WebSite","@id":"https:\/\/legsedition.net\/public\/#website","url":"https:\/\/legsedition.net\/public\/","name":"LEGS &Eacute;DITION","description":"","potentialAction":[{"@type":"SearchAction","target":{"@type":"EntryPoint","urlTemplate":"https:\/\/legsedition.net\/public\/?s={search_term_string}"},"query-input":{"@type":"PropertyValueSpecification","valueRequired":true,"valueName":"search_term_string"}}],"inLanguage":"fr-FR"}]}},"_links":{"self":[{"href":"https:\/\/legsedition.net\/public\/wp-json\/wp\/v2\/pages\/482","targetHints":{"allow":["GET"]}}],"collection":[{"href":"https:\/\/legsedition.net\/public\/wp-json\/wp\/v2\/pages"}],"about":[{"href":"https:\/\/legsedition.net\/public\/wp-json\/wp\/v2\/types\/page"}],"author":[{"embeddable":true,"href":"https:\/\/legsedition.net\/public\/wp-json\/wp\/v2\/users\/1"}],"replies":[{"embeddable":true,"href":"https:\/\/legsedition.net\/public\/wp-json\/wp\/v2\/comments?post=482"}],"version-history":[{"count":29,"href":"https:\/\/legsedition.net\/public\/wp-json\/wp\/v2\/pages\/482\/revisions"}],"predecessor-version":[{"id":7543,"href":"https:\/\/legsedition.net\/public\/wp-json\/wp\/v2\/pages\/482\/revisions\/7543"}],"wp:attachment":[{"href":"https:\/\/legsedition.net\/public\/wp-json\/wp\/v2\/media?parent=482"}],"curies":[{"name":"wp","href":"https:\/\/api.w.org\/{rel}","templated":true}]}}