{"id":4867,"date":"2022-08-15T10:58:08","date_gmt":"2022-08-15T10:58:08","guid":{"rendered":"https:\/\/legsedition.net\/public\/?page_id=4867"},"modified":"2023-04-07T20:27:03","modified_gmt":"2023-04-07T20:27:03","slug":"sergine-andre","status":"publish","type":"page","link":"https:\/\/legsedition.net\/public\/sergine-andre\/","title":{"rendered":"Sergine Andr\u00e9"},"content":{"rendered":"<p><a href=\"https:\/\/legsedition.net\/public\/wp-content\/uploads\/2022\/08\/sergine-andre.jpg\"><img fetchpriority=\"high\" decoding=\"async\" class=\"alignleft wp-image-4871 size-full\" src=\"https:\/\/legsedition.net\/public\/wp-content\/uploads\/2022\/08\/sergine-andre.jpg\" alt=\"\" width=\"194\" height=\"259\" srcset=\"https:\/\/legsedition.net\/public\/wp-content\/uploads\/2022\/08\/sergine-andre.jpg 194w, https:\/\/legsedition.net\/public\/wp-content\/uploads\/2022\/08\/sergine-andre-120x160.jpg 120w\" sizes=\"(max-width: 194px) 100vw, 194px\" \/><\/a>N\u00e9e \u00e0 Verrettes en 1969 dans le d\u00e9partement de l\u2019Artibonite, <a href=\"https:\/\/www.sergineandre.org\/\" target=\"_blank\" rel=\"noopener\">Sergine Andr\u00e9<\/a>, de son nom d\u2019artiste Djinn, vit et travaille \u00e0 Bruxelles depuis 2010.<\/p>\n<p>En 1997, elle suit une formation artistique et technique \u00e0 l\u2019\u00e9cole d\u2019Art d\u2019Ottawa. Elle gagne un prix de l\u2019Institut Fran\u00e7ais et est invit\u00e9e \u00e0 l\u2019\u00c9cole Nationale des Beaux-Arts de Paris. En 2006, elle participe \u00e0 un programme de r\u00e9sidence artistique \u00e0 The Bag Factory en Afrique du Sud et en 2011 elle repr\u00e9sente Ha\u00efti \u00e0 la Biennale de Venise.<\/p>\n<p>Son travail a \u00e9t\u00e9 expos\u00e9 en Am\u00e9rique du Nord, principalement aux \u00c9tats-Unis (New York City, Miami, Pittsburgh, Washington DC) et \u00e0 Montr\u00e9al, aux Cara\u00efbes (Ha\u00efti, Martinique, R\u00e9publique Dominicaine) ainsi qu\u2019en Europe (Paris, Berlin, Bruxelles, Lyon, Luxembourg) et en Afrique (Johannesbourg, Afrique du Sud).<\/p>\n<p><strong>\u0152uvres illustr\u00e9es<\/strong><\/p>\n<p><a href=\"https:\/\/legsedition.net\/public\/2022\/06\/08\/douvan-deye\/\" target=\"_blank\" rel=\"noopener\"><em>Douvan d<\/em><em>\u00e8<\/em><\/a><em>y\u00e8,\u00a0<\/em>2022<\/p>\n<p><a href=\"https:\/\/legsedition.net\/public\/wp-content\/uploads\/2022\/05\/cover-douvan-deye.png\"><img decoding=\"async\" class=\"alignnone wp-image-4512 size-medium\" src=\"https:\/\/legsedition.net\/public\/wp-content\/uploads\/2022\/05\/cover-douvan-deye-189x300.png\" alt=\"\" width=\"189\" height=\"300\" srcset=\"https:\/\/legsedition.net\/public\/wp-content\/uploads\/2022\/05\/cover-douvan-deye-189x300.png 189w, https:\/\/legsedition.net\/public\/wp-content\/uploads\/2022\/05\/cover-douvan-deye-101x160.png 101w, https:\/\/legsedition.net\/public\/wp-content\/uploads\/2022\/05\/cover-douvan-deye.png 302w\" sizes=\"(max-width: 189px) 100vw, 189px\" \/><\/a><\/p>\n<p><a href=\"https:\/\/legsedition.net\/public\/2022\/07\/08\/miwo-miba-2\/\" target=\"_blank\" rel=\"noopener\"><em>Miwo miba<\/em><\/a>, 2022<\/p>\n<p><a href=\"https:\/\/legsedition.net\/public\/wp-content\/uploads\/2022\/05\/cover-miwo-miba.png\"><img decoding=\"async\" class=\"alignnone wp-image-4510 size-medium\" src=\"https:\/\/legsedition.net\/public\/wp-content\/uploads\/2022\/05\/cover-miwo-miba-192x300.png\" alt=\"\" width=\"192\" height=\"300\" srcset=\"https:\/\/legsedition.net\/public\/wp-content\/uploads\/2022\/05\/cover-miwo-miba-192x300.png 192w, https:\/\/legsedition.net\/public\/wp-content\/uploads\/2022\/05\/cover-miwo-miba-102x160.png 102w, https:\/\/legsedition.net\/public\/wp-content\/uploads\/2022\/05\/cover-miwo-miba.png 309w\" sizes=\"(max-width: 192px) 100vw, 192px\" \/><\/a><\/p>\n<p><a href=\"https:\/\/legsedition.net\/public\/2022\/06\/22\/nulle-veine-nest-fumante-quand-la-joie-est-borgne\/\" target=\"_blank\" rel=\"noopener\"><em>nulle veine n&rsquo;est fumante quand la joie est borgne<\/em><\/a>, 2022<\/p>\n<p><a href=\"https:\/\/legsedition.net\/public\/wp-content\/uploads\/2022\/04\/cover-1.png\"><img loading=\"lazy\" decoding=\"async\" class=\"alignnone wp-image-4515 \" src=\"https:\/\/legsedition.net\/public\/wp-content\/uploads\/2022\/04\/cover-1-192x300.png\" alt=\"\" width=\"189\" height=\"296\" srcset=\"https:\/\/legsedition.net\/public\/wp-content\/uploads\/2022\/04\/cover-1-192x300.png 192w, https:\/\/legsedition.net\/public\/wp-content\/uploads\/2022\/04\/cover-1-102x160.png 102w, https:\/\/legsedition.net\/public\/wp-content\/uploads\/2022\/04\/cover-1.png 261w\" sizes=\"(max-width: 189px) 100vw, 189px\" \/><\/a><\/p>\n<p><em><a href=\"https:\/\/legsedition.net\/public\/2020\/02\/20\/il-nest-de-solitude-que-lile-lointaine-3\/\" target=\"_blank\" rel=\"noopener\">Il n&rsquo;est de solitude que l&rsquo;ile lointaine<\/a>,<\/em>\u00a02020<\/p>\n<p><a href=\"https:\/\/legsedition.net\/public\/wp-content\/uploads\/2020\/08\/Cover-il-n-est-de-solitude-1.png\"><img loading=\"lazy\" decoding=\"async\" class=\"alignnone wp-image-3610 size-medium\" src=\"https:\/\/legsedition.net\/public\/wp-content\/uploads\/2020\/08\/Cover-il-n-est-de-solitude-1-187x300.png\" alt=\"\" width=\"187\" height=\"300\" srcset=\"https:\/\/legsedition.net\/public\/wp-content\/uploads\/2020\/08\/Cover-il-n-est-de-solitude-1-187x300.png 187w, https:\/\/legsedition.net\/public\/wp-content\/uploads\/2020\/08\/Cover-il-n-est-de-solitude-1-100x160.png 100w, https:\/\/legsedition.net\/public\/wp-content\/uploads\/2020\/08\/Cover-il-n-est-de-solitude-1.png 301w\" sizes=\"(max-width: 187px) 100vw, 187px\" \/><\/a><\/p>\n<p><em><a href=\"https:\/\/legsedition.net\/public\/2020\/02\/20\/powem-entedi-ak-lot-powem\/\" target=\"_blank\" rel=\"noopener\">pow\u00e8m ent\u00e8di ak l\u00f2t pow\u00e8m<\/a>,\u00a0<\/em>2020<\/p>\n<p><a href=\"https:\/\/legsedition.net\/public\/wp-content\/uploads\/2019\/12\/guy_cover.png\"><img loading=\"lazy\" decoding=\"async\" class=\"alignnone wp-image-3287 size-medium\" src=\"https:\/\/legsedition.net\/public\/wp-content\/uploads\/2019\/12\/guy_cover-191x300.png\" alt=\"\" width=\"191\" height=\"300\" srcset=\"https:\/\/legsedition.net\/public\/wp-content\/uploads\/2019\/12\/guy_cover-191x300.png 191w, https:\/\/legsedition.net\/public\/wp-content\/uploads\/2019\/12\/guy_cover-102x160.png 102w, https:\/\/legsedition.net\/public\/wp-content\/uploads\/2019\/12\/guy_cover.png 307w\" sizes=\"(max-width: 191px) 100vw, 191px\" \/><\/a><\/p>\n<p><em><a href=\"https:\/\/legsedition.net\/public\/la-critique-litteraire\/\" target=\"_blank\" rel=\"noopener\">La critique litt\u00e9raire. Legs et Litt\u00e9rature\u00a0no 10<\/a>,\u00a0\u00a0<\/em>2017<\/p>\n<p><a href=\"https:\/\/legsedition.net\/public\/wp-content\/uploads\/2017\/12\/9789997086303.jpg.png\"><img loading=\"lazy\" decoding=\"async\" class=\"alignnone wp-image-543 size-medium\" src=\"https:\/\/legsedition.net\/public\/wp-content\/uploads\/2017\/12\/9789997086303.jpg-195x300.png\" alt=\"\" width=\"195\" height=\"300\" srcset=\"https:\/\/legsedition.net\/public\/wp-content\/uploads\/2017\/12\/9789997086303.jpg-195x300.png 195w, https:\/\/legsedition.net\/public\/wp-content\/uploads\/2017\/12\/9789997086303.jpg-104x160.png 104w, https:\/\/legsedition.net\/public\/wp-content\/uploads\/2017\/12\/9789997086303.jpg.png 333w\" sizes=\"(max-width: 195px) 100vw, 195px\" \/><\/a><\/p>\n<p>&nbsp;<\/p>\n","protected":false},"excerpt":{"rendered":"<p>N\u00e9e \u00e0 Verrettes en 1969 dans le d\u00e9partement de l\u2019Artibonite, Sergine Andr\u00e9, de son nom d\u2019artiste Djinn, vit et travaille \u00e0 Bruxelles depuis 2010. En 1997, elle suit une formation artistique et technique \u00e0 l\u2019\u00e9cole d\u2019Art d\u2019Ottawa. Elle gagne un&#8230;<\/p>\n","protected":false},"author":2,"featured_media":0,"parent":0,"menu_order":0,"comment_status":"closed","ping_status":"closed","template":"","meta":{"footnotes":""},"class_list":["post-4867","page","type-page","status-publish","hentry","no-post-thumbnail"],"yoast_head":"<!-- This site is optimized with the Yoast SEO plugin v27.3 - https:\/\/yoast.com\/product\/yoast-seo-wordpress\/ -->\n<title>Sergine Andr\u00e9 | LEGS &Eacute;DITION<\/title>\n<meta name=\"robots\" content=\"index, follow, max-snippet:-1, max-image-preview:large, max-video-preview:-1\" \/>\n<link rel=\"canonical\" href=\"https:\/\/legsedition.net\/public\/sergine-andre\/\" \/>\n<meta property=\"og:locale\" content=\"fr_FR\" \/>\n<meta property=\"og:type\" content=\"article\" \/>\n<meta property=\"og:title\" content=\"Sergine Andr\u00e9 | LEGS &Eacute;DITION\" \/>\n<meta property=\"og:description\" content=\"N\u00e9e \u00e0 Verrettes en 1969 dans le d\u00e9partement de l\u2019Artibonite, Sergine Andr\u00e9, de son nom d\u2019artiste Djinn, vit et travaille \u00e0 Bruxelles depuis 2010. En 1997, elle suit une formation artistique et technique \u00e0 l\u2019\u00e9cole d\u2019Art d\u2019Ottawa. Elle gagne un...\" \/>\n<meta property=\"og:url\" content=\"https:\/\/legsedition.net\/public\/sergine-andre\/\" \/>\n<meta property=\"og:site_name\" content=\"LEGS &Eacute;DITION\" \/>\n<meta property=\"article:publisher\" content=\"https:\/\/web.facebook.com\/LegsEtLitterature\/\" \/>\n<meta property=\"article:modified_time\" content=\"2023-04-07T20:27:03+00:00\" \/>\n<meta property=\"og:image\" content=\"https:\/\/legsedition.net\/public\/wp-content\/uploads\/2022\/08\/sergine-andre.jpg\" \/>\n<meta name=\"twitter:card\" content=\"summary_large_image\" \/>\n<meta name=\"twitter:label1\" content=\"Dur\u00e9e de lecture estim\u00e9e\" \/>\n\t<meta name=\"twitter:data1\" content=\"1 minute\" \/>\n<script type=\"application\/ld+json\" class=\"yoast-schema-graph\">{\"@context\":\"https:\\\/\\\/schema.org\",\"@graph\":[{\"@type\":\"WebPage\",\"@id\":\"https:\\\/\\\/legsedition.net\\\/public\\\/sergine-andre\\\/\",\"url\":\"https:\\\/\\\/legsedition.net\\\/public\\\/sergine-andre\\\/\",\"name\":\"Sergine Andr\u00e9 | LEGS &Eacute;DITION\",\"isPartOf\":{\"@id\":\"https:\\\/\\\/legsedition.net\\\/public\\\/#website\"},\"primaryImageOfPage\":{\"@id\":\"https:\\\/\\\/legsedition.net\\\/public\\\/sergine-andre\\\/#primaryimage\"},\"image\":{\"@id\":\"https:\\\/\\\/legsedition.net\\\/public\\\/sergine-andre\\\/#primaryimage\"},\"thumbnailUrl\":\"https:\\\/\\\/legsedition.net\\\/public\\\/wp-content\\\/uploads\\\/2022\\\/08\\\/sergine-andre.jpg\",\"datePublished\":\"2022-08-15T10:58:08+00:00\",\"dateModified\":\"2023-04-07T20:27:03+00:00\",\"breadcrumb\":{\"@id\":\"https:\\\/\\\/legsedition.net\\\/public\\\/sergine-andre\\\/#breadcrumb\"},\"inLanguage\":\"fr-FR\",\"potentialAction\":[{\"@type\":\"ReadAction\",\"target\":[\"https:\\\/\\\/legsedition.net\\\/public\\\/sergine-andre\\\/\"]}]},{\"@type\":\"ImageObject\",\"inLanguage\":\"fr-FR\",\"@id\":\"https:\\\/\\\/legsedition.net\\\/public\\\/sergine-andre\\\/#primaryimage\",\"url\":\"https:\\\/\\\/legsedition.net\\\/public\\\/wp-content\\\/uploads\\\/2022\\\/08\\\/sergine-andre.jpg\",\"contentUrl\":\"https:\\\/\\\/legsedition.net\\\/public\\\/wp-content\\\/uploads\\\/2022\\\/08\\\/sergine-andre.jpg\",\"width\":194,\"height\":259},{\"@type\":\"BreadcrumbList\",\"@id\":\"https:\\\/\\\/legsedition.net\\\/public\\\/sergine-andre\\\/#breadcrumb\",\"itemListElement\":[{\"@type\":\"ListItem\",\"position\":1,\"name\":\"Home\",\"item\":\"https:\\\/\\\/legsedition.net\\\/public\\\/\"},{\"@type\":\"ListItem\",\"position\":2,\"name\":\"Sergine Andr\u00e9\"}]},{\"@type\":\"WebSite\",\"@id\":\"https:\\\/\\\/legsedition.net\\\/public\\\/#website\",\"url\":\"https:\\\/\\\/legsedition.net\\\/public\\\/\",\"name\":\"LEGS &Eacute;DITION\",\"description\":\"\",\"potentialAction\":[{\"@type\":\"SearchAction\",\"target\":{\"@type\":\"EntryPoint\",\"urlTemplate\":\"https:\\\/\\\/legsedition.net\\\/public\\\/?s={search_term_string}\"},\"query-input\":{\"@type\":\"PropertyValueSpecification\",\"valueRequired\":true,\"valueName\":\"search_term_string\"}}],\"inLanguage\":\"fr-FR\"}]}<\/script>\n<!-- \/ Yoast SEO plugin. -->","yoast_head_json":{"title":"Sergine Andr\u00e9 | LEGS &Eacute;DITION","robots":{"index":"index","follow":"follow","max-snippet":"max-snippet:-1","max-image-preview":"max-image-preview:large","max-video-preview":"max-video-preview:-1"},"canonical":"https:\/\/legsedition.net\/public\/sergine-andre\/","og_locale":"fr_FR","og_type":"article","og_title":"Sergine Andr\u00e9 | LEGS &Eacute;DITION","og_description":"N\u00e9e \u00e0 Verrettes en 1969 dans le d\u00e9partement de l\u2019Artibonite, Sergine Andr\u00e9, de son nom d\u2019artiste Djinn, vit et travaille \u00e0 Bruxelles depuis 2010. En 1997, elle suit une formation artistique et technique \u00e0 l\u2019\u00e9cole d\u2019Art d\u2019Ottawa. Elle gagne un...","og_url":"https:\/\/legsedition.net\/public\/sergine-andre\/","og_site_name":"LEGS &Eacute;DITION","article_publisher":"https:\/\/web.facebook.com\/LegsEtLitterature\/","article_modified_time":"2023-04-07T20:27:03+00:00","og_image":[{"url":"https:\/\/legsedition.net\/public\/wp-content\/uploads\/2022\/08\/sergine-andre.jpg","type":"","width":"","height":""}],"twitter_card":"summary_large_image","twitter_misc":{"Dur\u00e9e de lecture estim\u00e9e":"1 minute"},"schema":{"@context":"https:\/\/schema.org","@graph":[{"@type":"WebPage","@id":"https:\/\/legsedition.net\/public\/sergine-andre\/","url":"https:\/\/legsedition.net\/public\/sergine-andre\/","name":"Sergine Andr\u00e9 | LEGS &Eacute;DITION","isPartOf":{"@id":"https:\/\/legsedition.net\/public\/#website"},"primaryImageOfPage":{"@id":"https:\/\/legsedition.net\/public\/sergine-andre\/#primaryimage"},"image":{"@id":"https:\/\/legsedition.net\/public\/sergine-andre\/#primaryimage"},"thumbnailUrl":"https:\/\/legsedition.net\/public\/wp-content\/uploads\/2022\/08\/sergine-andre.jpg","datePublished":"2022-08-15T10:58:08+00:00","dateModified":"2023-04-07T20:27:03+00:00","breadcrumb":{"@id":"https:\/\/legsedition.net\/public\/sergine-andre\/#breadcrumb"},"inLanguage":"fr-FR","potentialAction":[{"@type":"ReadAction","target":["https:\/\/legsedition.net\/public\/sergine-andre\/"]}]},{"@type":"ImageObject","inLanguage":"fr-FR","@id":"https:\/\/legsedition.net\/public\/sergine-andre\/#primaryimage","url":"https:\/\/legsedition.net\/public\/wp-content\/uploads\/2022\/08\/sergine-andre.jpg","contentUrl":"https:\/\/legsedition.net\/public\/wp-content\/uploads\/2022\/08\/sergine-andre.jpg","width":194,"height":259},{"@type":"BreadcrumbList","@id":"https:\/\/legsedition.net\/public\/sergine-andre\/#breadcrumb","itemListElement":[{"@type":"ListItem","position":1,"name":"Home","item":"https:\/\/legsedition.net\/public\/"},{"@type":"ListItem","position":2,"name":"Sergine Andr\u00e9"}]},{"@type":"WebSite","@id":"https:\/\/legsedition.net\/public\/#website","url":"https:\/\/legsedition.net\/public\/","name":"LEGS &Eacute;DITION","description":"","potentialAction":[{"@type":"SearchAction","target":{"@type":"EntryPoint","urlTemplate":"https:\/\/legsedition.net\/public\/?s={search_term_string}"},"query-input":{"@type":"PropertyValueSpecification","valueRequired":true,"valueName":"search_term_string"}}],"inLanguage":"fr-FR"}]}},"_links":{"self":[{"href":"https:\/\/legsedition.net\/public\/wp-json\/wp\/v2\/pages\/4867","targetHints":{"allow":["GET"]}}],"collection":[{"href":"https:\/\/legsedition.net\/public\/wp-json\/wp\/v2\/pages"}],"about":[{"href":"https:\/\/legsedition.net\/public\/wp-json\/wp\/v2\/types\/page"}],"author":[{"embeddable":true,"href":"https:\/\/legsedition.net\/public\/wp-json\/wp\/v2\/users\/2"}],"replies":[{"embeddable":true,"href":"https:\/\/legsedition.net\/public\/wp-json\/wp\/v2\/comments?post=4867"}],"version-history":[{"count":3,"href":"https:\/\/legsedition.net\/public\/wp-json\/wp\/v2\/pages\/4867\/revisions"}],"predecessor-version":[{"id":5491,"href":"https:\/\/legsedition.net\/public\/wp-json\/wp\/v2\/pages\/4867\/revisions\/5491"}],"wp:attachment":[{"href":"https:\/\/legsedition.net\/public\/wp-json\/wp\/v2\/media?parent=4867"}],"curies":[{"name":"wp","href":"https:\/\/api.w.org\/{rel}","templated":true}]}}