{"id":4876,"date":"2022-08-15T11:10:10","date_gmt":"2022-08-15T11:10:10","guid":{"rendered":"https:\/\/legsedition.net\/public\/?page_id=4876"},"modified":"2023-04-07T20:00:38","modified_gmt":"2023-04-07T20:00:38","slug":"evains-weche","status":"publish","type":"page","link":"https:\/\/legsedition.net\/public\/evains-weche\/","title":{"rendered":"\u00c9vains W\u00eache"},"content":{"rendered":"<p><a href=\"https:\/\/legsedition.net\/public\/wp-content\/uploads\/2018\/04\/evains-weche.jpg\"><img fetchpriority=\"high\" decoding=\"async\" class=\"alignleft wp-image-1452 size-full\" src=\"https:\/\/legsedition.net\/public\/wp-content\/uploads\/2018\/04\/evains-weche.jpg\" alt=\"\" width=\"275\" height=\"183\" srcset=\"https:\/\/legsedition.net\/public\/wp-content\/uploads\/2018\/04\/evains-weche.jpg 275w, https:\/\/legsedition.net\/public\/wp-content\/uploads\/2018\/04\/evains-weche-240x160.jpg 240w, https:\/\/legsedition.net\/public\/wp-content\/uploads\/2018\/04\/evains-weche-272x182.jpg 272w\" sizes=\"(max-width: 275px) 100vw, 275px\" \/><\/a>\u00c9vains W\u00eache est m\u00e9decin de formation. En 2013, il re\u00e7oit le Prix Henry Deschamps pour son recueil de nouvelles\u00a0<em>Le trou du voyeur<\/em>. Son premier livre\u00a0<em>Les brasseurs de la ville\u00a0<\/em>est paru chez M\u00e9moire d\u2019encrier en 2014 et repris aux \u00e9ditions Philippe Rey en France. Ancien secr\u00e9taire du centre Pen Haiti, il vit et travaille \u00e0 Port-au-Prince.\u00a0\u00a0[<a href=\"http:\/\/ile-en-ile.org\/weche\/\" target=\"_blank\" rel=\"noopener\">Voir la page de pr\u00e9sentation d&rsquo;\u00c9vains W\u00eache sur \u00cele en \u00cele<\/a>]<\/p>\n<p>&nbsp;<\/p>\n<p><strong>Publication chez LEGS \u00c9DITION<\/strong><\/p>\n<p><a href=\"http:\/\/legsedition.net\/public\/des-maux-et-des-rues-2\/\" target=\"_blank\" rel=\"noopener\">\u2026des maux et des rues<\/a>, 2014<\/p>\n<p><a href=\"http:\/\/legsedition.net\/public\/wp-content\/uploads\/2017\/12\/Des-maux-et-des-rues-Unique.jpg\"><img decoding=\"async\" class=\"alignnone size-medium wp-image-118\" src=\"http:\/\/legsedition.net\/public\/wp-content\/uploads\/2017\/12\/Des-maux-et-des-rues-Unique-159x300.jpg\" sizes=\"(max-width: 159px) 100vw, 159px\" srcset=\"https:\/\/legsedition.net\/public\/wp-content\/uploads\/2017\/12\/Des-maux-et-des-rues-Unique-159x300.jpg 159w, https:\/\/legsedition.net\/public\/wp-content\/uploads\/2017\/12\/Des-maux-et-des-rues-Unique.jpg 393w\" alt=\"\" width=\"159\" height=\"300\" \/><\/a><\/p>\n","protected":false},"excerpt":{"rendered":"<p>\u00c9vains W\u00eache est m\u00e9decin de formation. En 2013, il re\u00e7oit le Prix Henry Deschamps pour son recueil de nouvelles\u00a0Le trou du voyeur. Son premier livre\u00a0Les brasseurs de la ville\u00a0est paru chez M\u00e9moire d\u2019encrier en 2014 et repris aux \u00e9ditions Philippe&#8230;<\/p>\n","protected":false},"author":2,"featured_media":0,"parent":0,"menu_order":0,"comment_status":"closed","ping_status":"closed","template":"","meta":{"footnotes":""},"class_list":["post-4876","page","type-page","status-publish","hentry","no-post-thumbnail"],"yoast_head":"<!-- This site is optimized with the Yoast SEO plugin v27.3 - https:\/\/yoast.com\/product\/yoast-seo-wordpress\/ -->\n<title>\u00c9vains W\u00eache | LEGS &Eacute;DITION<\/title>\n<meta name=\"robots\" content=\"index, follow, max-snippet:-1, max-image-preview:large, max-video-preview:-1\" \/>\n<link rel=\"canonical\" href=\"https:\/\/legsedition.net\/public\/evains-weche\/\" \/>\n<meta property=\"og:locale\" content=\"fr_FR\" \/>\n<meta property=\"og:type\" content=\"article\" \/>\n<meta property=\"og:title\" content=\"\u00c9vains W\u00eache | LEGS &Eacute;DITION\" \/>\n<meta property=\"og:description\" content=\"\u00c9vains W\u00eache est m\u00e9decin de formation. En 2013, il re\u00e7oit le Prix Henry Deschamps pour son recueil de nouvelles\u00a0Le trou du voyeur. Son premier livre\u00a0Les brasseurs de la ville\u00a0est paru chez M\u00e9moire d\u2019encrier en 2014 et repris aux \u00e9ditions Philippe...\" \/>\n<meta property=\"og:url\" content=\"https:\/\/legsedition.net\/public\/evains-weche\/\" \/>\n<meta property=\"og:site_name\" content=\"LEGS &Eacute;DITION\" \/>\n<meta property=\"article:publisher\" content=\"https:\/\/web.facebook.com\/LegsEtLitterature\/\" \/>\n<meta property=\"article:modified_time\" content=\"2023-04-07T20:00:38+00:00\" \/>\n<meta property=\"og:image\" content=\"https:\/\/legsedition.net\/public\/wp-content\/uploads\/2018\/04\/evains-weche.jpg\" \/>\n<meta name=\"twitter:card\" content=\"summary_large_image\" \/>\n<script type=\"application\/ld+json\" class=\"yoast-schema-graph\">{\"@context\":\"https:\\\/\\\/schema.org\",\"@graph\":[{\"@type\":\"WebPage\",\"@id\":\"https:\\\/\\\/legsedition.net\\\/public\\\/evains-weche\\\/\",\"url\":\"https:\\\/\\\/legsedition.net\\\/public\\\/evains-weche\\\/\",\"name\":\"\u00c9vains W\u00eache | LEGS &Eacute;DITION\",\"isPartOf\":{\"@id\":\"https:\\\/\\\/legsedition.net\\\/public\\\/#website\"},\"primaryImageOfPage\":{\"@id\":\"https:\\\/\\\/legsedition.net\\\/public\\\/evains-weche\\\/#primaryimage\"},\"image\":{\"@id\":\"https:\\\/\\\/legsedition.net\\\/public\\\/evains-weche\\\/#primaryimage\"},\"thumbnailUrl\":\"https:\\\/\\\/legsedition.net\\\/public\\\/wp-content\\\/uploads\\\/2018\\\/04\\\/evains-weche.jpg\",\"datePublished\":\"2022-08-15T11:10:10+00:00\",\"dateModified\":\"2023-04-07T20:00:38+00:00\",\"breadcrumb\":{\"@id\":\"https:\\\/\\\/legsedition.net\\\/public\\\/evains-weche\\\/#breadcrumb\"},\"inLanguage\":\"fr-FR\",\"potentialAction\":[{\"@type\":\"ReadAction\",\"target\":[\"https:\\\/\\\/legsedition.net\\\/public\\\/evains-weche\\\/\"]}]},{\"@type\":\"ImageObject\",\"inLanguage\":\"fr-FR\",\"@id\":\"https:\\\/\\\/legsedition.net\\\/public\\\/evains-weche\\\/#primaryimage\",\"url\":\"https:\\\/\\\/legsedition.net\\\/public\\\/wp-content\\\/uploads\\\/2018\\\/04\\\/evains-weche.jpg\",\"contentUrl\":\"https:\\\/\\\/legsedition.net\\\/public\\\/wp-content\\\/uploads\\\/2018\\\/04\\\/evains-weche.jpg\",\"width\":275,\"height\":183},{\"@type\":\"BreadcrumbList\",\"@id\":\"https:\\\/\\\/legsedition.net\\\/public\\\/evains-weche\\\/#breadcrumb\",\"itemListElement\":[{\"@type\":\"ListItem\",\"position\":1,\"name\":\"Home\",\"item\":\"https:\\\/\\\/legsedition.net\\\/public\\\/\"},{\"@type\":\"ListItem\",\"position\":2,\"name\":\"\u00c9vains W\u00eache\"}]},{\"@type\":\"WebSite\",\"@id\":\"https:\\\/\\\/legsedition.net\\\/public\\\/#website\",\"url\":\"https:\\\/\\\/legsedition.net\\\/public\\\/\",\"name\":\"LEGS &Eacute;DITION\",\"description\":\"\",\"potentialAction\":[{\"@type\":\"SearchAction\",\"target\":{\"@type\":\"EntryPoint\",\"urlTemplate\":\"https:\\\/\\\/legsedition.net\\\/public\\\/?s={search_term_string}\"},\"query-input\":{\"@type\":\"PropertyValueSpecification\",\"valueRequired\":true,\"valueName\":\"search_term_string\"}}],\"inLanguage\":\"fr-FR\"}]}<\/script>\n<!-- \/ Yoast SEO plugin. -->","yoast_head_json":{"title":"\u00c9vains W\u00eache | LEGS &Eacute;DITION","robots":{"index":"index","follow":"follow","max-snippet":"max-snippet:-1","max-image-preview":"max-image-preview:large","max-video-preview":"max-video-preview:-1"},"canonical":"https:\/\/legsedition.net\/public\/evains-weche\/","og_locale":"fr_FR","og_type":"article","og_title":"\u00c9vains W\u00eache | LEGS &Eacute;DITION","og_description":"\u00c9vains W\u00eache est m\u00e9decin de formation. En 2013, il re\u00e7oit le Prix Henry Deschamps pour son recueil de nouvelles\u00a0Le trou du voyeur. Son premier livre\u00a0Les brasseurs de la ville\u00a0est paru chez M\u00e9moire d\u2019encrier en 2014 et repris aux \u00e9ditions Philippe...","og_url":"https:\/\/legsedition.net\/public\/evains-weche\/","og_site_name":"LEGS &Eacute;DITION","article_publisher":"https:\/\/web.facebook.com\/LegsEtLitterature\/","article_modified_time":"2023-04-07T20:00:38+00:00","og_image":[{"url":"https:\/\/legsedition.net\/public\/wp-content\/uploads\/2018\/04\/evains-weche.jpg","type":"","width":"","height":""}],"twitter_card":"summary_large_image","schema":{"@context":"https:\/\/schema.org","@graph":[{"@type":"WebPage","@id":"https:\/\/legsedition.net\/public\/evains-weche\/","url":"https:\/\/legsedition.net\/public\/evains-weche\/","name":"\u00c9vains W\u00eache | LEGS &Eacute;DITION","isPartOf":{"@id":"https:\/\/legsedition.net\/public\/#website"},"primaryImageOfPage":{"@id":"https:\/\/legsedition.net\/public\/evains-weche\/#primaryimage"},"image":{"@id":"https:\/\/legsedition.net\/public\/evains-weche\/#primaryimage"},"thumbnailUrl":"https:\/\/legsedition.net\/public\/wp-content\/uploads\/2018\/04\/evains-weche.jpg","datePublished":"2022-08-15T11:10:10+00:00","dateModified":"2023-04-07T20:00:38+00:00","breadcrumb":{"@id":"https:\/\/legsedition.net\/public\/evains-weche\/#breadcrumb"},"inLanguage":"fr-FR","potentialAction":[{"@type":"ReadAction","target":["https:\/\/legsedition.net\/public\/evains-weche\/"]}]},{"@type":"ImageObject","inLanguage":"fr-FR","@id":"https:\/\/legsedition.net\/public\/evains-weche\/#primaryimage","url":"https:\/\/legsedition.net\/public\/wp-content\/uploads\/2018\/04\/evains-weche.jpg","contentUrl":"https:\/\/legsedition.net\/public\/wp-content\/uploads\/2018\/04\/evains-weche.jpg","width":275,"height":183},{"@type":"BreadcrumbList","@id":"https:\/\/legsedition.net\/public\/evains-weche\/#breadcrumb","itemListElement":[{"@type":"ListItem","position":1,"name":"Home","item":"https:\/\/legsedition.net\/public\/"},{"@type":"ListItem","position":2,"name":"\u00c9vains W\u00eache"}]},{"@type":"WebSite","@id":"https:\/\/legsedition.net\/public\/#website","url":"https:\/\/legsedition.net\/public\/","name":"LEGS &Eacute;DITION","description":"","potentialAction":[{"@type":"SearchAction","target":{"@type":"EntryPoint","urlTemplate":"https:\/\/legsedition.net\/public\/?s={search_term_string}"},"query-input":{"@type":"PropertyValueSpecification","valueRequired":true,"valueName":"search_term_string"}}],"inLanguage":"fr-FR"}]}},"_links":{"self":[{"href":"https:\/\/legsedition.net\/public\/wp-json\/wp\/v2\/pages\/4876","targetHints":{"allow":["GET"]}}],"collection":[{"href":"https:\/\/legsedition.net\/public\/wp-json\/wp\/v2\/pages"}],"about":[{"href":"https:\/\/legsedition.net\/public\/wp-json\/wp\/v2\/types\/page"}],"author":[{"embeddable":true,"href":"https:\/\/legsedition.net\/public\/wp-json\/wp\/v2\/users\/2"}],"replies":[{"embeddable":true,"href":"https:\/\/legsedition.net\/public\/wp-json\/wp\/v2\/comments?post=4876"}],"version-history":[{"count":2,"href":"https:\/\/legsedition.net\/public\/wp-json\/wp\/v2\/pages\/4876\/revisions"}],"predecessor-version":[{"id":5470,"href":"https:\/\/legsedition.net\/public\/wp-json\/wp\/v2\/pages\/4876\/revisions\/5470"}],"wp:attachment":[{"href":"https:\/\/legsedition.net\/public\/wp-json\/wp\/v2\/media?parent=4876"}],"curies":[{"name":"wp","href":"https:\/\/api.w.org\/{rel}","templated":true}]}}