{"id":4880,"date":"2022-08-15T11:28:18","date_gmt":"2022-08-15T11:28:18","guid":{"rendered":"https:\/\/legsedition.net\/public\/?page_id=4880"},"modified":"2024-11-07T11:30:56","modified_gmt":"2024-11-07T11:30:56","slug":"marc-exavier","status":"publish","type":"page","link":"https:\/\/legsedition.net\/public\/marc-exavier\/","title":{"rendered":"Marc Exavier"},"content":{"rendered":"<p><a href=\"https:\/\/legsedition.net\/public\/wp-content\/uploads\/2018\/04\/Marc-Exavier-Compress\u00e9.jpg\"><img fetchpriority=\"high\" decoding=\"async\" class=\"alignleft wp-image-1442 \" src=\"https:\/\/legsedition.net\/public\/wp-content\/uploads\/2018\/04\/Marc-Exavier-Compress\u00e9.jpg\" alt=\"\" width=\"408\" height=\"194\" srcset=\"https:\/\/legsedition.net\/public\/wp-content\/uploads\/2018\/04\/Marc-Exavier-Compress\u00e9.jpg 1024w, https:\/\/legsedition.net\/public\/wp-content\/uploads\/2018\/04\/Marc-Exavier-Compress\u00e9-600x285.jpg 600w, https:\/\/legsedition.net\/public\/wp-content\/uploads\/2018\/04\/Marc-Exavier-Compress\u00e9-300x142.jpg 300w, https:\/\/legsedition.net\/public\/wp-content\/uploads\/2018\/04\/Marc-Exavier-Compress\u00e9-768x365.jpg 768w, https:\/\/legsedition.net\/public\/wp-content\/uploads\/2018\/04\/Marc-Exavier-Compress\u00e9-280x133.jpg 280w\" sizes=\"(max-width: 408px) 100vw, 408px\" \/><\/a><\/p>\n<p>Marc Exavier est n\u00e9 en 1962 \u00e0 Saint-Louis du Nord (Ha\u00efti). Apr\u00e8s des \u00e9tudes de Lettres \u00e0 l\u2019Universit\u00e9 de Montr\u00e9al, il devient professeur de litt\u00e9rature \u00e0 l\u2019\u00c9cole Normale Sup\u00e9rieure de Port-au-Prince. Po\u00e8te, nouvelliste, animateur d&rsquo;ateliers de lecture et d&rsquo;\u00e9criture, il a anim\u00e9 des \u00e9missions consacr\u00e9es aux livre et\u00a0\u00e0 la lecture, entre autres Lecture et Compagnie, C&rsquo;est dimanche, on d\u00e9branche, \u00e0 la radio en Haiti pour insufler le go\u00fbt de le lecture chez les jeunes. Fondateur du club Apolect (Actions pour la lecture). Il a\u00a0\u00e9t\u00e9 en 2012, aux cot\u00e9s de l&rsquo;ancien d\u00e9put\u00e9 Vickens D\u00e9rilus, l&rsquo;instigateur de la foire Verrettes \u00e0 la d\u00e9couverte du livre dans le d\u00e9partement de l&rsquo;Artibonite. [<a href=\"http:\/\/ile-en-ile.org\/exavier\/\" target=\"_blank\" rel=\"noopener\">Voir la page de pr\u00e9sentation de Marc Exavier sur \u00cele en \u00cele<\/a>]<\/p>\n<p><strong>Publication chez LEGS \u00c9DITION<\/strong><\/p>\n<p><a href=\"http:\/\/legsedition.net\/public\/des-maux-et-des-rues-2\/\" target=\"_blank\" rel=\"noopener\">\u2026des maux et des rues<\/a>, 2014<\/p>\n<p><a href=\"http:\/\/legsedition.net\/public\/wp-content\/uploads\/2017\/12\/Des-maux-et-des-rues-Unique.jpg\"><img decoding=\"async\" class=\"alignnone size-medium wp-image-118\" src=\"http:\/\/legsedition.net\/public\/wp-content\/uploads\/2017\/12\/Des-maux-et-des-rues-Unique-159x300.jpg\" sizes=\"(max-width: 159px) 100vw, 159px\" srcset=\"https:\/\/legsedition.net\/public\/wp-content\/uploads\/2017\/12\/Des-maux-et-des-rues-Unique-159x300.jpg 159w, https:\/\/legsedition.net\/public\/wp-content\/uploads\/2017\/12\/Des-maux-et-des-rues-Unique.jpg 393w\" alt=\"\" width=\"159\" height=\"300\" \/><\/a><\/p>\n","protected":false},"excerpt":{"rendered":"<p>Marc Exavier est n\u00e9 en 1962 \u00e0 Saint-Louis du Nord (Ha\u00efti). Apr\u00e8s des \u00e9tudes de Lettres \u00e0 l\u2019Universit\u00e9 de Montr\u00e9al, il devient professeur de litt\u00e9rature \u00e0 l\u2019\u00c9cole Normale Sup\u00e9rieure de Port-au-Prince. Po\u00e8te, nouvelliste, animateur d&rsquo;ateliers de lecture et d&rsquo;\u00e9criture, il&#8230;<\/p>\n","protected":false},"author":2,"featured_media":0,"parent":0,"menu_order":0,"comment_status":"closed","ping_status":"closed","template":"","meta":{"footnotes":""},"class_list":["post-4880","page","type-page","status-publish","hentry","no-post-thumbnail"],"yoast_head":"<!-- This site is optimized with the Yoast SEO plugin v27.3 - https:\/\/yoast.com\/product\/yoast-seo-wordpress\/ -->\n<title>Marc Exavier | LEGS &Eacute;DITION<\/title>\n<meta name=\"robots\" content=\"index, follow, max-snippet:-1, max-image-preview:large, max-video-preview:-1\" \/>\n<link rel=\"canonical\" href=\"https:\/\/legsedition.net\/public\/marc-exavier\/\" \/>\n<meta property=\"og:locale\" content=\"fr_FR\" \/>\n<meta property=\"og:type\" content=\"article\" \/>\n<meta property=\"og:title\" content=\"Marc Exavier | LEGS &Eacute;DITION\" \/>\n<meta property=\"og:description\" content=\"Marc Exavier est n\u00e9 en 1962 \u00e0 Saint-Louis du Nord (Ha\u00efti). Apr\u00e8s des \u00e9tudes de Lettres \u00e0 l\u2019Universit\u00e9 de Montr\u00e9al, il devient professeur de litt\u00e9rature \u00e0 l\u2019\u00c9cole Normale Sup\u00e9rieure de Port-au-Prince. Po\u00e8te, nouvelliste, animateur d&rsquo;ateliers de lecture et d&rsquo;\u00e9criture, il...\" \/>\n<meta property=\"og:url\" content=\"https:\/\/legsedition.net\/public\/marc-exavier\/\" \/>\n<meta property=\"og:site_name\" content=\"LEGS &Eacute;DITION\" \/>\n<meta property=\"article:publisher\" content=\"https:\/\/web.facebook.com\/LegsEtLitterature\/\" \/>\n<meta property=\"article:modified_time\" content=\"2024-11-07T11:30:56+00:00\" \/>\n<meta property=\"og:image\" content=\"http:\/\/legsedition.net\/public\/wp-content\/uploads\/2017\/12\/Des-maux-et-des-rues-Unique-159x300.jpg\" \/>\n<meta name=\"twitter:card\" content=\"summary_large_image\" \/>\n<meta name=\"twitter:label1\" content=\"Dur\u00e9e de lecture estim\u00e9e\" \/>\n\t<meta name=\"twitter:data1\" content=\"2 minutes\" \/>\n<script type=\"application\/ld+json\" class=\"yoast-schema-graph\">{\"@context\":\"https:\\\/\\\/schema.org\",\"@graph\":[{\"@type\":\"WebPage\",\"@id\":\"https:\\\/\\\/legsedition.net\\\/public\\\/marc-exavier\\\/\",\"url\":\"https:\\\/\\\/legsedition.net\\\/public\\\/marc-exavier\\\/\",\"name\":\"Marc Exavier | LEGS &Eacute;DITION\",\"isPartOf\":{\"@id\":\"https:\\\/\\\/legsedition.net\\\/public\\\/#website\"},\"primaryImageOfPage\":{\"@id\":\"https:\\\/\\\/legsedition.net\\\/public\\\/marc-exavier\\\/#primaryimage\"},\"image\":{\"@id\":\"https:\\\/\\\/legsedition.net\\\/public\\\/marc-exavier\\\/#primaryimage\"},\"thumbnailUrl\":\"http:\\\/\\\/legsedition.net\\\/public\\\/wp-content\\\/uploads\\\/2017\\\/12\\\/Des-maux-et-des-rues-Unique-159x300.jpg\",\"datePublished\":\"2022-08-15T11:28:18+00:00\",\"dateModified\":\"2024-11-07T11:30:56+00:00\",\"breadcrumb\":{\"@id\":\"https:\\\/\\\/legsedition.net\\\/public\\\/marc-exavier\\\/#breadcrumb\"},\"inLanguage\":\"fr-FR\",\"potentialAction\":[{\"@type\":\"ReadAction\",\"target\":[\"https:\\\/\\\/legsedition.net\\\/public\\\/marc-exavier\\\/\"]}]},{\"@type\":\"ImageObject\",\"inLanguage\":\"fr-FR\",\"@id\":\"https:\\\/\\\/legsedition.net\\\/public\\\/marc-exavier\\\/#primaryimage\",\"url\":\"http:\\\/\\\/legsedition.net\\\/public\\\/wp-content\\\/uploads\\\/2017\\\/12\\\/Des-maux-et-des-rues-Unique-159x300.jpg\",\"contentUrl\":\"http:\\\/\\\/legsedition.net\\\/public\\\/wp-content\\\/uploads\\\/2017\\\/12\\\/Des-maux-et-des-rues-Unique-159x300.jpg\"},{\"@type\":\"BreadcrumbList\",\"@id\":\"https:\\\/\\\/legsedition.net\\\/public\\\/marc-exavier\\\/#breadcrumb\",\"itemListElement\":[{\"@type\":\"ListItem\",\"position\":1,\"name\":\"Home\",\"item\":\"https:\\\/\\\/legsedition.net\\\/public\\\/\"},{\"@type\":\"ListItem\",\"position\":2,\"name\":\"Marc Exavier\"}]},{\"@type\":\"WebSite\",\"@id\":\"https:\\\/\\\/legsedition.net\\\/public\\\/#website\",\"url\":\"https:\\\/\\\/legsedition.net\\\/public\\\/\",\"name\":\"LEGS &Eacute;DITION\",\"description\":\"\",\"potentialAction\":[{\"@type\":\"SearchAction\",\"target\":{\"@type\":\"EntryPoint\",\"urlTemplate\":\"https:\\\/\\\/legsedition.net\\\/public\\\/?s={search_term_string}\"},\"query-input\":{\"@type\":\"PropertyValueSpecification\",\"valueRequired\":true,\"valueName\":\"search_term_string\"}}],\"inLanguage\":\"fr-FR\"}]}<\/script>\n<!-- \/ Yoast SEO plugin. -->","yoast_head_json":{"title":"Marc Exavier | LEGS &Eacute;DITION","robots":{"index":"index","follow":"follow","max-snippet":"max-snippet:-1","max-image-preview":"max-image-preview:large","max-video-preview":"max-video-preview:-1"},"canonical":"https:\/\/legsedition.net\/public\/marc-exavier\/","og_locale":"fr_FR","og_type":"article","og_title":"Marc Exavier | LEGS &Eacute;DITION","og_description":"Marc Exavier est n\u00e9 en 1962 \u00e0 Saint-Louis du Nord (Ha\u00efti). Apr\u00e8s des \u00e9tudes de Lettres \u00e0 l\u2019Universit\u00e9 de Montr\u00e9al, il devient professeur de litt\u00e9rature \u00e0 l\u2019\u00c9cole Normale Sup\u00e9rieure de Port-au-Prince. Po\u00e8te, nouvelliste, animateur d&rsquo;ateliers de lecture et d&rsquo;\u00e9criture, il...","og_url":"https:\/\/legsedition.net\/public\/marc-exavier\/","og_site_name":"LEGS &Eacute;DITION","article_publisher":"https:\/\/web.facebook.com\/LegsEtLitterature\/","article_modified_time":"2024-11-07T11:30:56+00:00","og_image":[{"url":"http:\/\/legsedition.net\/public\/wp-content\/uploads\/2017\/12\/Des-maux-et-des-rues-Unique-159x300.jpg","type":"","width":"","height":""}],"twitter_card":"summary_large_image","twitter_misc":{"Dur\u00e9e de lecture estim\u00e9e":"2 minutes"},"schema":{"@context":"https:\/\/schema.org","@graph":[{"@type":"WebPage","@id":"https:\/\/legsedition.net\/public\/marc-exavier\/","url":"https:\/\/legsedition.net\/public\/marc-exavier\/","name":"Marc Exavier | LEGS &Eacute;DITION","isPartOf":{"@id":"https:\/\/legsedition.net\/public\/#website"},"primaryImageOfPage":{"@id":"https:\/\/legsedition.net\/public\/marc-exavier\/#primaryimage"},"image":{"@id":"https:\/\/legsedition.net\/public\/marc-exavier\/#primaryimage"},"thumbnailUrl":"http:\/\/legsedition.net\/public\/wp-content\/uploads\/2017\/12\/Des-maux-et-des-rues-Unique-159x300.jpg","datePublished":"2022-08-15T11:28:18+00:00","dateModified":"2024-11-07T11:30:56+00:00","breadcrumb":{"@id":"https:\/\/legsedition.net\/public\/marc-exavier\/#breadcrumb"},"inLanguage":"fr-FR","potentialAction":[{"@type":"ReadAction","target":["https:\/\/legsedition.net\/public\/marc-exavier\/"]}]},{"@type":"ImageObject","inLanguage":"fr-FR","@id":"https:\/\/legsedition.net\/public\/marc-exavier\/#primaryimage","url":"http:\/\/legsedition.net\/public\/wp-content\/uploads\/2017\/12\/Des-maux-et-des-rues-Unique-159x300.jpg","contentUrl":"http:\/\/legsedition.net\/public\/wp-content\/uploads\/2017\/12\/Des-maux-et-des-rues-Unique-159x300.jpg"},{"@type":"BreadcrumbList","@id":"https:\/\/legsedition.net\/public\/marc-exavier\/#breadcrumb","itemListElement":[{"@type":"ListItem","position":1,"name":"Home","item":"https:\/\/legsedition.net\/public\/"},{"@type":"ListItem","position":2,"name":"Marc Exavier"}]},{"@type":"WebSite","@id":"https:\/\/legsedition.net\/public\/#website","url":"https:\/\/legsedition.net\/public\/","name":"LEGS &Eacute;DITION","description":"","potentialAction":[{"@type":"SearchAction","target":{"@type":"EntryPoint","urlTemplate":"https:\/\/legsedition.net\/public\/?s={search_term_string}"},"query-input":{"@type":"PropertyValueSpecification","valueRequired":true,"valueName":"search_term_string"}}],"inLanguage":"fr-FR"}]}},"_links":{"self":[{"href":"https:\/\/legsedition.net\/public\/wp-json\/wp\/v2\/pages\/4880","targetHints":{"allow":["GET"]}}],"collection":[{"href":"https:\/\/legsedition.net\/public\/wp-json\/wp\/v2\/pages"}],"about":[{"href":"https:\/\/legsedition.net\/public\/wp-json\/wp\/v2\/types\/page"}],"author":[{"embeddable":true,"href":"https:\/\/legsedition.net\/public\/wp-json\/wp\/v2\/users\/2"}],"replies":[{"embeddable":true,"href":"https:\/\/legsedition.net\/public\/wp-json\/wp\/v2\/comments?post=4880"}],"version-history":[{"count":5,"href":"https:\/\/legsedition.net\/public\/wp-json\/wp\/v2\/pages\/4880\/revisions"}],"predecessor-version":[{"id":7148,"href":"https:\/\/legsedition.net\/public\/wp-json\/wp\/v2\/pages\/4880\/revisions\/7148"}],"wp:attachment":[{"href":"https:\/\/legsedition.net\/public\/wp-json\/wp\/v2\/media?parent=4880"}],"curies":[{"name":"wp","href":"https:\/\/api.w.org\/{rel}","templated":true}]}}