{"id":4884,"date":"2022-08-15T11:41:18","date_gmt":"2022-08-15T11:41:18","guid":{"rendered":"https:\/\/legsedition.net\/public\/?page_id=4884"},"modified":"2023-04-07T19:58:07","modified_gmt":"2023-04-07T19:58:07","slug":"dominique-batraville","status":"publish","type":"page","link":"https:\/\/legsedition.net\/public\/dominique-batraville\/","title":{"rendered":"Dominique Batraville"},"content":{"rendered":"<p><a href=\"https:\/\/legsedition.net\/public\/wp-content\/uploads\/2023\/04\/dodo-batra.jpg\"><img decoding=\"async\" class=\"wp-image-5463 alignleft\" src=\"https:\/\/legsedition.net\/public\/wp-content\/uploads\/2023\/04\/dodo-batra.jpg\" alt=\"\" width=\"270\" height=\"180\" srcset=\"https:\/\/legsedition.net\/public\/wp-content\/uploads\/2023\/04\/dodo-batra.jpg 275w, https:\/\/legsedition.net\/public\/wp-content\/uploads\/2023\/04\/dodo-batra-240x160.jpg 240w, https:\/\/legsedition.net\/public\/wp-content\/uploads\/2023\/04\/dodo-batra-272x182.jpg 272w\" sizes=\"(max-width: 270px) 100vw, 270px\" \/><\/a>Dominique Batraville est n\u00e9 en 1962 \u00e0 Port-au-Prince. Po\u00e8te, romancier et chroniqueur culturel \u00e0 la radio M\u00e9lodie FM, il est \u00e9galement acteur de cinema. Critique litt\u00e9raire et critique d&rsquo;art, il a publi\u00e9 nombres d&rsquo;articles sur l&rsquo;art et la litt\u00e9rature dans les colonnes des journaux tels <em>Le Nouvelliste\u00a0<\/em> et\u00a0<em>Le Matin.\u00a0<\/em>Lecteur de Marcel Proust et fin connaisseur de l&rsquo;oeuvre de Jean M\u00e9tellus\u00a0il a anim\u00e9 pendant plusieurs ann\u00e9es\u00a0<em>A Haute Voix,<\/em> une emission culturelle sur la Radio M\u00e9lodie FM \u00e0 Port-au-Prince.<\/p>\n<p>En 2014, il a publi\u00e9 son dernier roman,\u00a0<em>L\u2019Ange de charbon<\/em>, qui met en scene un n\u00e8gre d&rsquo;origine italienne en plein c\u0153ur de Port-au-Prince, une capitale en ruine apr\u00e8s les \u00e9v\u00e8nements de 2010, aux \u00e9ditions Zulma en France.\u00a0\u00a0[<a href=\"http:\/\/ile-en-ile.org\/batraville\/\" target=\"_blank\" rel=\"noopener\">Voir la page de pr\u00e9sentation de Dominique Batraville sur \u00cele en \u00cele<\/a>]<\/p>\n<p><strong>Publication chez LEGS \u00c9DITION<\/strong><\/p>\n<p><a href=\"http:\/\/legsedition.net\/public\/des-maux-et-des-rues-2\/\" target=\"_blank\" rel=\"noopener\">\u2026des maux et des rues<\/a>, 2014<\/p>\n<p><a href=\"http:\/\/legsedition.net\/public\/wp-content\/uploads\/2017\/12\/Des-maux-et-des-rues-Unique.jpg\"><img decoding=\"async\" class=\"alignnone size-medium wp-image-118\" src=\"http:\/\/legsedition.net\/public\/wp-content\/uploads\/2017\/12\/Des-maux-et-des-rues-Unique-159x300.jpg\" sizes=\"(max-width: 159px) 100vw, 159px\" srcset=\"https:\/\/legsedition.net\/public\/wp-content\/uploads\/2017\/12\/Des-maux-et-des-rues-Unique-159x300.jpg 159w, https:\/\/legsedition.net\/public\/wp-content\/uploads\/2017\/12\/Des-maux-et-des-rues-Unique.jpg 393w\" alt=\"\" width=\"159\" height=\"300\" \/><\/a><\/p>\n<div class=\"apss-social-share apss-theme-1 clearfix\">\n<div class=\"apss-facebook apss-single-icon\"><\/div>\n<\/div>\n","protected":false},"excerpt":{"rendered":"<p>Dominique Batraville est n\u00e9 en 1962 \u00e0 Port-au-Prince. Po\u00e8te, romancier et chroniqueur culturel \u00e0 la radio M\u00e9lodie FM, il est \u00e9galement acteur de cinema. Critique litt\u00e9raire et critique d&rsquo;art, il a publi\u00e9 nombres d&rsquo;articles sur l&rsquo;art et la litt\u00e9rature dans&#8230;<\/p>\n","protected":false},"author":2,"featured_media":0,"parent":0,"menu_order":0,"comment_status":"closed","ping_status":"closed","template":"","meta":{"footnotes":""},"class_list":["post-4884","page","type-page","status-publish","hentry","no-post-thumbnail"],"yoast_head":"<!-- This site is optimized with the Yoast SEO plugin v27.3 - https:\/\/yoast.com\/product\/yoast-seo-wordpress\/ -->\n<title>Dominique Batraville | LEGS &Eacute;DITION<\/title>\n<meta name=\"robots\" content=\"index, follow, max-snippet:-1, max-image-preview:large, max-video-preview:-1\" \/>\n<link rel=\"canonical\" href=\"https:\/\/legsedition.net\/public\/dominique-batraville\/\" \/>\n<meta property=\"og:locale\" content=\"fr_FR\" \/>\n<meta property=\"og:type\" content=\"article\" \/>\n<meta property=\"og:title\" content=\"Dominique Batraville | LEGS &Eacute;DITION\" \/>\n<meta property=\"og:description\" content=\"Dominique Batraville est n\u00e9 en 1962 \u00e0 Port-au-Prince. Po\u00e8te, romancier et chroniqueur culturel \u00e0 la radio M\u00e9lodie FM, il est \u00e9galement acteur de cinema. Critique litt\u00e9raire et critique d&rsquo;art, il a publi\u00e9 nombres d&rsquo;articles sur l&rsquo;art et la litt\u00e9rature dans...\" \/>\n<meta property=\"og:url\" content=\"https:\/\/legsedition.net\/public\/dominique-batraville\/\" \/>\n<meta property=\"og:site_name\" content=\"LEGS &Eacute;DITION\" \/>\n<meta property=\"article:publisher\" content=\"https:\/\/web.facebook.com\/LegsEtLitterature\/\" \/>\n<meta property=\"article:modified_time\" content=\"2023-04-07T19:58:07+00:00\" \/>\n<meta property=\"og:image\" content=\"https:\/\/legsedition.net\/public\/wp-content\/uploads\/2023\/04\/dodo-batra.jpg\" \/>\n<meta name=\"twitter:card\" content=\"summary_large_image\" \/>\n<meta name=\"twitter:label1\" content=\"Dur\u00e9e de lecture estim\u00e9e\" \/>\n\t<meta name=\"twitter:data1\" content=\"1 minute\" \/>\n<script type=\"application\/ld+json\" class=\"yoast-schema-graph\">{\"@context\":\"https:\\\/\\\/schema.org\",\"@graph\":[{\"@type\":\"WebPage\",\"@id\":\"https:\\\/\\\/legsedition.net\\\/public\\\/dominique-batraville\\\/\",\"url\":\"https:\\\/\\\/legsedition.net\\\/public\\\/dominique-batraville\\\/\",\"name\":\"Dominique Batraville | LEGS &Eacute;DITION\",\"isPartOf\":{\"@id\":\"https:\\\/\\\/legsedition.net\\\/public\\\/#website\"},\"primaryImageOfPage\":{\"@id\":\"https:\\\/\\\/legsedition.net\\\/public\\\/dominique-batraville\\\/#primaryimage\"},\"image\":{\"@id\":\"https:\\\/\\\/legsedition.net\\\/public\\\/dominique-batraville\\\/#primaryimage\"},\"thumbnailUrl\":\"https:\\\/\\\/legsedition.net\\\/public\\\/wp-content\\\/uploads\\\/2023\\\/04\\\/dodo-batra.jpg\",\"datePublished\":\"2022-08-15T11:41:18+00:00\",\"dateModified\":\"2023-04-07T19:58:07+00:00\",\"breadcrumb\":{\"@id\":\"https:\\\/\\\/legsedition.net\\\/public\\\/dominique-batraville\\\/#breadcrumb\"},\"inLanguage\":\"fr-FR\",\"potentialAction\":[{\"@type\":\"ReadAction\",\"target\":[\"https:\\\/\\\/legsedition.net\\\/public\\\/dominique-batraville\\\/\"]}]},{\"@type\":\"ImageObject\",\"inLanguage\":\"fr-FR\",\"@id\":\"https:\\\/\\\/legsedition.net\\\/public\\\/dominique-batraville\\\/#primaryimage\",\"url\":\"https:\\\/\\\/legsedition.net\\\/public\\\/wp-content\\\/uploads\\\/2023\\\/04\\\/dodo-batra.jpg\",\"contentUrl\":\"https:\\\/\\\/legsedition.net\\\/public\\\/wp-content\\\/uploads\\\/2023\\\/04\\\/dodo-batra.jpg\",\"width\":275,\"height\":183},{\"@type\":\"BreadcrumbList\",\"@id\":\"https:\\\/\\\/legsedition.net\\\/public\\\/dominique-batraville\\\/#breadcrumb\",\"itemListElement\":[{\"@type\":\"ListItem\",\"position\":1,\"name\":\"Home\",\"item\":\"https:\\\/\\\/legsedition.net\\\/public\\\/\"},{\"@type\":\"ListItem\",\"position\":2,\"name\":\"Dominique Batraville\"}]},{\"@type\":\"WebSite\",\"@id\":\"https:\\\/\\\/legsedition.net\\\/public\\\/#website\",\"url\":\"https:\\\/\\\/legsedition.net\\\/public\\\/\",\"name\":\"LEGS &Eacute;DITION\",\"description\":\"\",\"potentialAction\":[{\"@type\":\"SearchAction\",\"target\":{\"@type\":\"EntryPoint\",\"urlTemplate\":\"https:\\\/\\\/legsedition.net\\\/public\\\/?s={search_term_string}\"},\"query-input\":{\"@type\":\"PropertyValueSpecification\",\"valueRequired\":true,\"valueName\":\"search_term_string\"}}],\"inLanguage\":\"fr-FR\"}]}<\/script>\n<!-- \/ Yoast SEO plugin. -->","yoast_head_json":{"title":"Dominique Batraville | LEGS &Eacute;DITION","robots":{"index":"index","follow":"follow","max-snippet":"max-snippet:-1","max-image-preview":"max-image-preview:large","max-video-preview":"max-video-preview:-1"},"canonical":"https:\/\/legsedition.net\/public\/dominique-batraville\/","og_locale":"fr_FR","og_type":"article","og_title":"Dominique Batraville | LEGS &Eacute;DITION","og_description":"Dominique Batraville est n\u00e9 en 1962 \u00e0 Port-au-Prince. Po\u00e8te, romancier et chroniqueur culturel \u00e0 la radio M\u00e9lodie FM, il est \u00e9galement acteur de cinema. Critique litt\u00e9raire et critique d&rsquo;art, il a publi\u00e9 nombres d&rsquo;articles sur l&rsquo;art et la litt\u00e9rature dans...","og_url":"https:\/\/legsedition.net\/public\/dominique-batraville\/","og_site_name":"LEGS &Eacute;DITION","article_publisher":"https:\/\/web.facebook.com\/LegsEtLitterature\/","article_modified_time":"2023-04-07T19:58:07+00:00","og_image":[{"url":"https:\/\/legsedition.net\/public\/wp-content\/uploads\/2023\/04\/dodo-batra.jpg","type":"","width":"","height":""}],"twitter_card":"summary_large_image","twitter_misc":{"Dur\u00e9e de lecture estim\u00e9e":"1 minute"},"schema":{"@context":"https:\/\/schema.org","@graph":[{"@type":"WebPage","@id":"https:\/\/legsedition.net\/public\/dominique-batraville\/","url":"https:\/\/legsedition.net\/public\/dominique-batraville\/","name":"Dominique Batraville | LEGS &Eacute;DITION","isPartOf":{"@id":"https:\/\/legsedition.net\/public\/#website"},"primaryImageOfPage":{"@id":"https:\/\/legsedition.net\/public\/dominique-batraville\/#primaryimage"},"image":{"@id":"https:\/\/legsedition.net\/public\/dominique-batraville\/#primaryimage"},"thumbnailUrl":"https:\/\/legsedition.net\/public\/wp-content\/uploads\/2023\/04\/dodo-batra.jpg","datePublished":"2022-08-15T11:41:18+00:00","dateModified":"2023-04-07T19:58:07+00:00","breadcrumb":{"@id":"https:\/\/legsedition.net\/public\/dominique-batraville\/#breadcrumb"},"inLanguage":"fr-FR","potentialAction":[{"@type":"ReadAction","target":["https:\/\/legsedition.net\/public\/dominique-batraville\/"]}]},{"@type":"ImageObject","inLanguage":"fr-FR","@id":"https:\/\/legsedition.net\/public\/dominique-batraville\/#primaryimage","url":"https:\/\/legsedition.net\/public\/wp-content\/uploads\/2023\/04\/dodo-batra.jpg","contentUrl":"https:\/\/legsedition.net\/public\/wp-content\/uploads\/2023\/04\/dodo-batra.jpg","width":275,"height":183},{"@type":"BreadcrumbList","@id":"https:\/\/legsedition.net\/public\/dominique-batraville\/#breadcrumb","itemListElement":[{"@type":"ListItem","position":1,"name":"Home","item":"https:\/\/legsedition.net\/public\/"},{"@type":"ListItem","position":2,"name":"Dominique Batraville"}]},{"@type":"WebSite","@id":"https:\/\/legsedition.net\/public\/#website","url":"https:\/\/legsedition.net\/public\/","name":"LEGS &Eacute;DITION","description":"","potentialAction":[{"@type":"SearchAction","target":{"@type":"EntryPoint","urlTemplate":"https:\/\/legsedition.net\/public\/?s={search_term_string}"},"query-input":{"@type":"PropertyValueSpecification","valueRequired":true,"valueName":"search_term_string"}}],"inLanguage":"fr-FR"}]}},"_links":{"self":[{"href":"https:\/\/legsedition.net\/public\/wp-json\/wp\/v2\/pages\/4884","targetHints":{"allow":["GET"]}}],"collection":[{"href":"https:\/\/legsedition.net\/public\/wp-json\/wp\/v2\/pages"}],"about":[{"href":"https:\/\/legsedition.net\/public\/wp-json\/wp\/v2\/types\/page"}],"author":[{"embeddable":true,"href":"https:\/\/legsedition.net\/public\/wp-json\/wp\/v2\/users\/2"}],"replies":[{"embeddable":true,"href":"https:\/\/legsedition.net\/public\/wp-json\/wp\/v2\/comments?post=4884"}],"version-history":[{"count":4,"href":"https:\/\/legsedition.net\/public\/wp-json\/wp\/v2\/pages\/4884\/revisions"}],"predecessor-version":[{"id":5466,"href":"https:\/\/legsedition.net\/public\/wp-json\/wp\/v2\/pages\/4884\/revisions\/5466"}],"wp:attachment":[{"href":"https:\/\/legsedition.net\/public\/wp-json\/wp\/v2\/media?parent=4884"}],"curies":[{"name":"wp","href":"https:\/\/api.w.org\/{rel}","templated":true}]}}