{"id":4886,"date":"2022-08-15T11:47:06","date_gmt":"2022-08-15T11:47:06","guid":{"rendered":"https:\/\/legsedition.net\/public\/?page_id=4886"},"modified":"2023-04-07T19:51:57","modified_gmt":"2023-04-07T19:51:57","slug":"charles-fredo-grand-pierre","status":"publish","type":"page","link":"https:\/\/legsedition.net\/public\/charles-fredo-grand-pierre\/","title":{"rendered":"Charles Fr\u00e9do Grand-Pierre"},"content":{"rendered":"<p><a href=\"https:\/\/legsedition.net\/public\/wp-content\/uploads\/2018\/04\/fredo.png\"><img decoding=\"async\" class=\"alignleft wp-image-1434 size-full\" src=\"https:\/\/legsedition.net\/public\/wp-content\/uploads\/2018\/04\/fredo.png\" alt=\"\" width=\"150\" height=\"211\" srcset=\"https:\/\/legsedition.net\/public\/wp-content\/uploads\/2018\/04\/fredo.png 150w, https:\/\/legsedition.net\/public\/wp-content\/uploads\/2018\/04\/fredo-114x160.png 114w\" sizes=\"(max-width: 150px) 100vw, 150px\" \/><\/a>Charles Fr\u00e9do Grand-Pierre est philosophe. Il a fait des etudes philosophie \u00e0 l&rsquo;Ecole Normale Sup\u00e9rieure et\u00a0\u00e0 l&rsquo;Universit\u00e9 Paris 8. Passionn\u00e9 de lecture, il a co-fond\u00e9 avec Marc Exavier le club Apolect (Actions pour la lecture) pour faire la promotion du livre et de la lecture en Haiti. Il enseigne la philosophie aux jeunes esprits \u00e0 l\u2019\u00e9cole Les petits soleils. Sa maison \u00e0 la rue de l\u2019Enterrement a \u00e9t\u00e9 d\u00e9molie lors de la destruction du centre-ville de Port-au-Prince.<\/p>\n<p>&nbsp;<\/p>\n<p>&nbsp;<\/p>\n<p><strong>Publication chez LEGS \u00c9DITION<\/strong><\/p>\n<p><a href=\"http:\/\/legsedition.net\/public\/des-maux-et-des-rues-2\/\" target=\"_blank\" rel=\"noopener\">\u2026des maux et des rues<\/a>, 2014<\/p>\n<p><a href=\"http:\/\/legsedition.net\/public\/wp-content\/uploads\/2017\/12\/Des-maux-et-des-rues-Unique.jpg\"><img decoding=\"async\" class=\"alignnone size-medium wp-image-118\" src=\"http:\/\/legsedition.net\/public\/wp-content\/uploads\/2017\/12\/Des-maux-et-des-rues-Unique-159x300.jpg\" sizes=\"(max-width: 159px) 100vw, 159px\" srcset=\"https:\/\/legsedition.net\/public\/wp-content\/uploads\/2017\/12\/Des-maux-et-des-rues-Unique-159x300.jpg 159w, https:\/\/legsedition.net\/public\/wp-content\/uploads\/2017\/12\/Des-maux-et-des-rues-Unique.jpg 393w\" alt=\"\" width=\"159\" height=\"300\" \/><\/a><\/p>\n","protected":false},"excerpt":{"rendered":"<p>Charles Fr\u00e9do Grand-Pierre est philosophe. Il a fait des etudes philosophie \u00e0 l&rsquo;Ecole Normale Sup\u00e9rieure et\u00a0\u00e0 l&rsquo;Universit\u00e9 Paris 8. Passionn\u00e9 de lecture, il a co-fond\u00e9 avec Marc Exavier le club Apolect (Actions pour la lecture) pour faire la promotion du&#8230;<\/p>\n","protected":false},"author":2,"featured_media":0,"parent":0,"menu_order":0,"comment_status":"closed","ping_status":"closed","template":"","meta":{"footnotes":""},"class_list":["post-4886","page","type-page","status-publish","hentry","no-post-thumbnail"],"yoast_head":"<!-- This site is optimized with the Yoast SEO plugin v27.3 - https:\/\/yoast.com\/product\/yoast-seo-wordpress\/ -->\n<title>Charles Fr\u00e9do Grand-Pierre | LEGS &Eacute;DITION<\/title>\n<meta name=\"robots\" content=\"index, follow, max-snippet:-1, max-image-preview:large, max-video-preview:-1\" \/>\n<link rel=\"canonical\" href=\"https:\/\/legsedition.net\/public\/charles-fredo-grand-pierre\/\" \/>\n<meta property=\"og:locale\" content=\"fr_FR\" \/>\n<meta property=\"og:type\" content=\"article\" \/>\n<meta property=\"og:title\" content=\"Charles Fr\u00e9do Grand-Pierre | LEGS &Eacute;DITION\" \/>\n<meta property=\"og:description\" content=\"Charles Fr\u00e9do Grand-Pierre est philosophe. Il a fait des etudes philosophie \u00e0 l&rsquo;Ecole Normale Sup\u00e9rieure et\u00a0\u00e0 l&rsquo;Universit\u00e9 Paris 8. Passionn\u00e9 de lecture, il a co-fond\u00e9 avec Marc Exavier le club Apolect (Actions pour la lecture) pour faire la promotion du...\" \/>\n<meta property=\"og:url\" content=\"https:\/\/legsedition.net\/public\/charles-fredo-grand-pierre\/\" \/>\n<meta property=\"og:site_name\" content=\"LEGS &Eacute;DITION\" \/>\n<meta property=\"article:publisher\" content=\"https:\/\/web.facebook.com\/LegsEtLitterature\/\" \/>\n<meta property=\"article:modified_time\" content=\"2023-04-07T19:51:57+00:00\" \/>\n<meta property=\"og:image\" content=\"https:\/\/legsedition.net\/public\/wp-content\/uploads\/2018\/04\/fredo.png\" \/>\n<meta name=\"twitter:card\" content=\"summary_large_image\" \/>\n<script type=\"application\/ld+json\" class=\"yoast-schema-graph\">{\"@context\":\"https:\\\/\\\/schema.org\",\"@graph\":[{\"@type\":\"WebPage\",\"@id\":\"https:\\\/\\\/legsedition.net\\\/public\\\/charles-fredo-grand-pierre\\\/\",\"url\":\"https:\\\/\\\/legsedition.net\\\/public\\\/charles-fredo-grand-pierre\\\/\",\"name\":\"Charles Fr\u00e9do Grand-Pierre | LEGS &Eacute;DITION\",\"isPartOf\":{\"@id\":\"https:\\\/\\\/legsedition.net\\\/public\\\/#website\"},\"primaryImageOfPage\":{\"@id\":\"https:\\\/\\\/legsedition.net\\\/public\\\/charles-fredo-grand-pierre\\\/#primaryimage\"},\"image\":{\"@id\":\"https:\\\/\\\/legsedition.net\\\/public\\\/charles-fredo-grand-pierre\\\/#primaryimage\"},\"thumbnailUrl\":\"https:\\\/\\\/legsedition.net\\\/public\\\/wp-content\\\/uploads\\\/2018\\\/04\\\/fredo.png\",\"datePublished\":\"2022-08-15T11:47:06+00:00\",\"dateModified\":\"2023-04-07T19:51:57+00:00\",\"breadcrumb\":{\"@id\":\"https:\\\/\\\/legsedition.net\\\/public\\\/charles-fredo-grand-pierre\\\/#breadcrumb\"},\"inLanguage\":\"fr-FR\",\"potentialAction\":[{\"@type\":\"ReadAction\",\"target\":[\"https:\\\/\\\/legsedition.net\\\/public\\\/charles-fredo-grand-pierre\\\/\"]}]},{\"@type\":\"ImageObject\",\"inLanguage\":\"fr-FR\",\"@id\":\"https:\\\/\\\/legsedition.net\\\/public\\\/charles-fredo-grand-pierre\\\/#primaryimage\",\"url\":\"https:\\\/\\\/legsedition.net\\\/public\\\/wp-content\\\/uploads\\\/2018\\\/04\\\/fredo.png\",\"contentUrl\":\"https:\\\/\\\/legsedition.net\\\/public\\\/wp-content\\\/uploads\\\/2018\\\/04\\\/fredo.png\",\"width\":150,\"height\":211},{\"@type\":\"BreadcrumbList\",\"@id\":\"https:\\\/\\\/legsedition.net\\\/public\\\/charles-fredo-grand-pierre\\\/#breadcrumb\",\"itemListElement\":[{\"@type\":\"ListItem\",\"position\":1,\"name\":\"Home\",\"item\":\"https:\\\/\\\/legsedition.net\\\/public\\\/\"},{\"@type\":\"ListItem\",\"position\":2,\"name\":\"Charles Fr\u00e9do Grand-Pierre\"}]},{\"@type\":\"WebSite\",\"@id\":\"https:\\\/\\\/legsedition.net\\\/public\\\/#website\",\"url\":\"https:\\\/\\\/legsedition.net\\\/public\\\/\",\"name\":\"LEGS &Eacute;DITION\",\"description\":\"\",\"potentialAction\":[{\"@type\":\"SearchAction\",\"target\":{\"@type\":\"EntryPoint\",\"urlTemplate\":\"https:\\\/\\\/legsedition.net\\\/public\\\/?s={search_term_string}\"},\"query-input\":{\"@type\":\"PropertyValueSpecification\",\"valueRequired\":true,\"valueName\":\"search_term_string\"}}],\"inLanguage\":\"fr-FR\"}]}<\/script>\n<!-- \/ Yoast SEO plugin. -->","yoast_head_json":{"title":"Charles Fr\u00e9do Grand-Pierre | LEGS &Eacute;DITION","robots":{"index":"index","follow":"follow","max-snippet":"max-snippet:-1","max-image-preview":"max-image-preview:large","max-video-preview":"max-video-preview:-1"},"canonical":"https:\/\/legsedition.net\/public\/charles-fredo-grand-pierre\/","og_locale":"fr_FR","og_type":"article","og_title":"Charles Fr\u00e9do Grand-Pierre | LEGS &Eacute;DITION","og_description":"Charles Fr\u00e9do Grand-Pierre est philosophe. Il a fait des etudes philosophie \u00e0 l&rsquo;Ecole Normale Sup\u00e9rieure et\u00a0\u00e0 l&rsquo;Universit\u00e9 Paris 8. Passionn\u00e9 de lecture, il a co-fond\u00e9 avec Marc Exavier le club Apolect (Actions pour la lecture) pour faire la promotion du...","og_url":"https:\/\/legsedition.net\/public\/charles-fredo-grand-pierre\/","og_site_name":"LEGS &Eacute;DITION","article_publisher":"https:\/\/web.facebook.com\/LegsEtLitterature\/","article_modified_time":"2023-04-07T19:51:57+00:00","og_image":[{"url":"https:\/\/legsedition.net\/public\/wp-content\/uploads\/2018\/04\/fredo.png","type":"","width":"","height":""}],"twitter_card":"summary_large_image","schema":{"@context":"https:\/\/schema.org","@graph":[{"@type":"WebPage","@id":"https:\/\/legsedition.net\/public\/charles-fredo-grand-pierre\/","url":"https:\/\/legsedition.net\/public\/charles-fredo-grand-pierre\/","name":"Charles Fr\u00e9do Grand-Pierre | LEGS &Eacute;DITION","isPartOf":{"@id":"https:\/\/legsedition.net\/public\/#website"},"primaryImageOfPage":{"@id":"https:\/\/legsedition.net\/public\/charles-fredo-grand-pierre\/#primaryimage"},"image":{"@id":"https:\/\/legsedition.net\/public\/charles-fredo-grand-pierre\/#primaryimage"},"thumbnailUrl":"https:\/\/legsedition.net\/public\/wp-content\/uploads\/2018\/04\/fredo.png","datePublished":"2022-08-15T11:47:06+00:00","dateModified":"2023-04-07T19:51:57+00:00","breadcrumb":{"@id":"https:\/\/legsedition.net\/public\/charles-fredo-grand-pierre\/#breadcrumb"},"inLanguage":"fr-FR","potentialAction":[{"@type":"ReadAction","target":["https:\/\/legsedition.net\/public\/charles-fredo-grand-pierre\/"]}]},{"@type":"ImageObject","inLanguage":"fr-FR","@id":"https:\/\/legsedition.net\/public\/charles-fredo-grand-pierre\/#primaryimage","url":"https:\/\/legsedition.net\/public\/wp-content\/uploads\/2018\/04\/fredo.png","contentUrl":"https:\/\/legsedition.net\/public\/wp-content\/uploads\/2018\/04\/fredo.png","width":150,"height":211},{"@type":"BreadcrumbList","@id":"https:\/\/legsedition.net\/public\/charles-fredo-grand-pierre\/#breadcrumb","itemListElement":[{"@type":"ListItem","position":1,"name":"Home","item":"https:\/\/legsedition.net\/public\/"},{"@type":"ListItem","position":2,"name":"Charles Fr\u00e9do Grand-Pierre"}]},{"@type":"WebSite","@id":"https:\/\/legsedition.net\/public\/#website","url":"https:\/\/legsedition.net\/public\/","name":"LEGS &Eacute;DITION","description":"","potentialAction":[{"@type":"SearchAction","target":{"@type":"EntryPoint","urlTemplate":"https:\/\/legsedition.net\/public\/?s={search_term_string}"},"query-input":{"@type":"PropertyValueSpecification","valueRequired":true,"valueName":"search_term_string"}}],"inLanguage":"fr-FR"}]}},"_links":{"self":[{"href":"https:\/\/legsedition.net\/public\/wp-json\/wp\/v2\/pages\/4886","targetHints":{"allow":["GET"]}}],"collection":[{"href":"https:\/\/legsedition.net\/public\/wp-json\/wp\/v2\/pages"}],"about":[{"href":"https:\/\/legsedition.net\/public\/wp-json\/wp\/v2\/types\/page"}],"author":[{"embeddable":true,"href":"https:\/\/legsedition.net\/public\/wp-json\/wp\/v2\/users\/2"}],"replies":[{"embeddable":true,"href":"https:\/\/legsedition.net\/public\/wp-json\/wp\/v2\/comments?post=4886"}],"version-history":[{"count":3,"href":"https:\/\/legsedition.net\/public\/wp-json\/wp\/v2\/pages\/4886\/revisions"}],"predecessor-version":[{"id":5460,"href":"https:\/\/legsedition.net\/public\/wp-json\/wp\/v2\/pages\/4886\/revisions\/5460"}],"wp:attachment":[{"href":"https:\/\/legsedition.net\/public\/wp-json\/wp\/v2\/media?parent=4886"}],"curies":[{"name":"wp","href":"https:\/\/api.w.org\/{rel}","templated":true}]}}