{"id":492,"date":"2017-12-18T22:30:48","date_gmt":"2017-12-18T22:30:48","guid":{"rendered":"http:\/\/legsedition.net\/public\/?page_id=492"},"modified":"2025-12-25T12:42:52","modified_gmt":"2025-12-25T12:42:52","slug":"collection-textes-courts","status":"publish","type":"page","link":"https:\/\/legsedition.net\/public\/collection-textes-courts\/","title":{"rendered":"Collection Textes courts"},"content":{"rendered":"<p>\u00c9crire pour dire la rumeur du monde, les chants d\u2019aurore et les bruits du cr\u00e9puscule. Voil\u00e0 une \u00e9nigme \u00e0 laquelle tout cr\u00e9ateur est confront\u00e9 et dont il se propose de r\u00e9soudre. \u00c9crire pour retenir chaque trait de nos actes manqu\u00e9s, chaque signe de nos silences et chaque ombre qui se dissout dans le sillage des nuages blancs.<\/p>\n<p>Ce sont ces instants tout frais capt\u00e9s au hasard d\u2019un d\u00e9tour, ces tranches de vie laiss\u00e9es quelque part que la collection<em> Textes courts<\/em> se propose de mettre au go\u00fbt du jour. En \u00e9voquant des univers et des imaginaires multiples, le temps d\u2019un clin d\u2019\u0153il. Du r\u00e9cit court \u00e0 la nouvelle ou au roman en miniature, le lecteur d\u00e9couvre, en quelques pages, des instants de bonheur m\u00e9morables.<\/p>\n<p><strong>\u0152uvres publi\u00e9es<\/strong><\/p>\n<p><em><a href=\"https:\/\/legsedition.net\/public\/2025\/10\/23\/port-au-prince-de-souffre-et-de-sang\/\" target=\"_blank\" rel=\"noopener\">Port-au-Prince, de soufre et de sang<\/a>,\u00a0<\/em>Soucaneau Gabriel<\/p>\n<p><a href=\"https:\/\/legsedition.net\/public\/wp-content\/uploads\/2025\/10\/Cover-Port-au-Prince-de-soufre-1.png\"><img fetchpriority=\"high\" decoding=\"async\" class=\"alignnone wp-image-9013 \" src=\"https:\/\/legsedition.net\/public\/wp-content\/uploads\/2025\/10\/Cover-Port-au-Prince-de-soufre-1.png\" alt=\"\" width=\"184\" height=\"339\" srcset=\"https:\/\/legsedition.net\/public\/wp-content\/uploads\/2025\/10\/Cover-Port-au-Prince-de-soufre-1.png 504w, https:\/\/legsedition.net\/public\/wp-content\/uploads\/2025\/10\/Cover-Port-au-Prince-de-soufre-1-163x300.png 163w\" sizes=\"(max-width: 184px) 100vw, 184px\" \/><\/a><\/p>\n<p>_________________________________________________________<\/p>\n<p><a href=\"https:\/\/legsedition.net\/public\/2023\/11\/10\/indecences\/\" target=\"_blank\" rel=\"noopener\"><em>Ind\u00e9cences<\/em><\/a>,\u00a0Collectif (Textes r\u00e9unis et pr\u00e9sent\u00e9s par Dieulermesson Petit Fr\u00e8re)<\/p>\n<p><a href=\"https:\/\/legsedition.net\/public\/wp-content\/uploads\/2023\/09\/Cover_indecences.png\"><img decoding=\"async\" class=\"alignnone wp-image-6017 \" src=\"https:\/\/legsedition.net\/public\/wp-content\/uploads\/2023\/09\/Cover_indecences.png\" alt=\"\" width=\"174\" height=\"326\" srcset=\"https:\/\/legsedition.net\/public\/wp-content\/uploads\/2023\/09\/Cover_indecences.png 260w, https:\/\/legsedition.net\/public\/wp-content\/uploads\/2023\/09\/Cover_indecences-160x300.png 160w, https:\/\/legsedition.net\/public\/wp-content\/uploads\/2023\/09\/Cover_indecences-86x160.png 86w\" sizes=\"(max-width: 174px) 100vw, 174px\" \/><\/a><\/p>\n<p>_________________________________________________________<\/p>\n<p><a href=\"https:\/\/legsedition.net\/public\/lile-impasse\/\" target=\"_blank\" rel=\"noopener\"><em>L&rsquo;\u00eele impasse<\/em><\/a>, St\u00e9phane Chaumet<\/p>\n<p><a href=\"https:\/\/legsedition.net\/public\/wp-content\/uploads\/2019\/07\/cover_l-ile_impasse.png\"><img decoding=\"async\" class=\"alignleft wp-image-2974 \" src=\"https:\/\/legsedition.net\/public\/wp-content\/uploads\/2019\/07\/cover_l-ile_impasse.png\" alt=\"\" width=\"191\" height=\"344\" srcset=\"https:\/\/legsedition.net\/public\/wp-content\/uploads\/2019\/07\/cover_l-ile_impasse.png 282w, https:\/\/legsedition.net\/public\/wp-content\/uploads\/2019\/07\/cover_l-ile_impasse-167x300.png 167w, https:\/\/legsedition.net\/public\/wp-content\/uploads\/2019\/07\/cover_l-ile_impasse-89x160.png 89w\" sizes=\"(max-width: 191px) 100vw, 191px\" \/><\/a><\/p>\n<p>_________________________________________________________<\/p>\n<p style=\"text-align: left;\"><em><a href=\"http:\/\/legsedition.net\/public\/des-hommes-et-des-ombres\/\" target=\"_blank\" rel=\"noopener\">&#8230;des hommes et des ombres<\/a>,<\/em>\u00a0Collectif (Textes r\u00e9unis et pr\u00e9sent\u00e9s par Dieulermesson Petit Fr\u00e8re)<\/p>\n<p><a href=\"https:\/\/legsedition.net\/public\/wp-content\/uploads\/2019\/06\/cover_1_le_pere.png\"><img loading=\"lazy\" decoding=\"async\" class=\"alignleft wp-image-2890 \" src=\"https:\/\/legsedition.net\/public\/wp-content\/uploads\/2019\/06\/cover_1_le_pere.png\" alt=\"\" width=\"189\" height=\"369\" srcset=\"https:\/\/legsedition.net\/public\/wp-content\/uploads\/2019\/06\/cover_1_le_pere.png 249w, https:\/\/legsedition.net\/public\/wp-content\/uploads\/2019\/06\/cover_1_le_pere-154x300.png 154w, https:\/\/legsedition.net\/public\/wp-content\/uploads\/2019\/06\/cover_1_le_pere-82x160.png 82w\" sizes=\"(max-width: 189px) 100vw, 189px\" \/><\/a><\/p>\n<p>_________________________________________________________<\/p>\n<p><a href=\"http:\/\/legsedition.net\/public\/rencontres\/\" target=\"_blank\" rel=\"noopener\"><em>Rencontres<\/em><\/a>, Nadine Magloire<\/p>\n<p><a href=\"https:\/\/legsedition.net\/public\/wp-content\/uploads\/2018\/02\/cover_rencontres_1.png\"><img loading=\"lazy\" decoding=\"async\" class=\"alignleft wp-image-1332 \" src=\"https:\/\/legsedition.net\/public\/wp-content\/uploads\/2018\/02\/cover_rencontres_1.png\" alt=\"\" width=\"190\" height=\"369\" srcset=\"https:\/\/legsedition.net\/public\/wp-content\/uploads\/2018\/02\/cover_rencontres_1.png 257w, https:\/\/legsedition.net\/public\/wp-content\/uploads\/2018\/02\/cover_rencontres_1-155x300.png 155w, https:\/\/legsedition.net\/public\/wp-content\/uploads\/2018\/02\/cover_rencontres_1-82x160.png 82w\" sizes=\"(max-width: 190px) 100vw, 190px\" \/><\/a><\/p>\n<p>_________________________________________________________<\/p>\n<p><em><a href=\"http:\/\/legsedition.net\/public\/le-chant-des-blessures\/\" target=\"_blank\" rel=\"noopener\">Le chant des blessures<\/a>,\u00a0<\/em>Sybille Claude<\/p>\n<p><a href=\"https:\/\/legsedition.net\/public\/wp-content\/uploads\/2018\/02\/cover_sybille_1.png\"><img loading=\"lazy\" decoding=\"async\" class=\"alignleft wp-image-1309 \" src=\"https:\/\/legsedition.net\/public\/wp-content\/uploads\/2018\/02\/cover_sybille_1.png\" alt=\"\" width=\"190\" height=\"364\" srcset=\"https:\/\/legsedition.net\/public\/wp-content\/uploads\/2018\/02\/cover_sybille_1.png 267w, https:\/\/legsedition.net\/public\/wp-content\/uploads\/2018\/02\/cover_sybille_1-156x300.png 156w, https:\/\/legsedition.net\/public\/wp-content\/uploads\/2018\/02\/cover_sybille_1-83x160.png 83w\" sizes=\"(max-width: 190px) 100vw, 190px\" \/><\/a><\/p>\n<p>_________________________________________________________<\/p>\n<p><a href=\"http:\/\/legsedition.net\/public\/des-maux-et-des-rues-2\/\" target=\"_blank\" rel=\"noopener\">&#8230;des maux et des rues<\/a>, Collectif (Pr\u00e9sentation par Georges Eddy Lucien)<\/p>\n<p><a href=\"https:\/\/legsedition.net\/public\/wp-content\/uploads\/2017\/12\/Des-maux-et-des-rues-Unique.jpg\"><img loading=\"lazy\" decoding=\"async\" class=\"alignleft wp-image-118 \" src=\"https:\/\/legsedition.net\/public\/wp-content\/uploads\/2017\/12\/Des-maux-et-des-rues-Unique.jpg\" alt=\"\" width=\"189\" height=\"357\" srcset=\"https:\/\/legsedition.net\/public\/wp-content\/uploads\/2017\/12\/Des-maux-et-des-rues-Unique.jpg 393w, https:\/\/legsedition.net\/public\/wp-content\/uploads\/2017\/12\/Des-maux-et-des-rues-Unique-159x300.jpg 159w\" sizes=\"(max-width: 189px) 100vw, 189px\" \/><\/a><\/p>\n","protected":false},"excerpt":{"rendered":"<p>\u00c9crire pour dire la rumeur du monde, les chants d\u2019aurore et les bruits du cr\u00e9puscule. Voil\u00e0 une \u00e9nigme \u00e0 laquelle tout cr\u00e9ateur est confront\u00e9 et dont il se propose de r\u00e9soudre. \u00c9crire pour retenir chaque trait de nos actes manqu\u00e9s,&#8230;<\/p>\n","protected":false},"author":1,"featured_media":0,"parent":0,"menu_order":0,"comment_status":"closed","ping_status":"closed","template":"","meta":{"footnotes":""},"class_list":["post-492","page","type-page","status-publish","hentry","no-post-thumbnail"],"yoast_head":"<!-- This site is optimized with the Yoast SEO plugin v27.3 - https:\/\/yoast.com\/product\/yoast-seo-wordpress\/ -->\n<title>Collection Textes courts | LEGS &Eacute;DITION<\/title>\n<meta name=\"robots\" content=\"index, follow, max-snippet:-1, max-image-preview:large, max-video-preview:-1\" \/>\n<link rel=\"canonical\" href=\"https:\/\/legsedition.net\/public\/collection-textes-courts\/\" \/>\n<meta property=\"og:locale\" content=\"fr_FR\" \/>\n<meta property=\"og:type\" content=\"article\" \/>\n<meta property=\"og:title\" content=\"Collection Textes courts | LEGS &Eacute;DITION\" \/>\n<meta property=\"og:description\" content=\"\u00c9crire pour dire la rumeur du monde, les chants d\u2019aurore et les bruits du cr\u00e9puscule. Voil\u00e0 une \u00e9nigme \u00e0 laquelle tout cr\u00e9ateur est confront\u00e9 et dont il se propose de r\u00e9soudre. \u00c9crire pour retenir chaque trait de nos actes manqu\u00e9s,...\" \/>\n<meta property=\"og:url\" content=\"https:\/\/legsedition.net\/public\/collection-textes-courts\/\" \/>\n<meta property=\"og:site_name\" content=\"LEGS &Eacute;DITION\" \/>\n<meta property=\"article:publisher\" content=\"https:\/\/web.facebook.com\/LegsEtLitterature\/\" \/>\n<meta property=\"article:modified_time\" content=\"2025-12-25T12:42:52+00:00\" \/>\n<meta property=\"og:image\" content=\"https:\/\/legsedition.net\/public\/wp-content\/uploads\/2025\/10\/Cover-Port-au-Prince-de-soufre-1.png\" \/>\n\t<meta property=\"og:image:width\" content=\"504\" \/>\n\t<meta property=\"og:image:height\" content=\"928\" \/>\n\t<meta property=\"og:image:type\" content=\"image\/png\" \/>\n<meta name=\"twitter:card\" content=\"summary_large_image\" \/>\n<meta name=\"twitter:label1\" content=\"Dur\u00e9e de lecture estim\u00e9e\" \/>\n\t<meta name=\"twitter:data1\" content=\"3 minutes\" \/>\n<script type=\"application\/ld+json\" class=\"yoast-schema-graph\">{\"@context\":\"https:\\\/\\\/schema.org\",\"@graph\":[{\"@type\":\"WebPage\",\"@id\":\"https:\\\/\\\/legsedition.net\\\/public\\\/collection-textes-courts\\\/\",\"url\":\"https:\\\/\\\/legsedition.net\\\/public\\\/collection-textes-courts\\\/\",\"name\":\"Collection Textes courts | LEGS &Eacute;DITION\",\"isPartOf\":{\"@id\":\"https:\\\/\\\/legsedition.net\\\/public\\\/#website\"},\"primaryImageOfPage\":{\"@id\":\"https:\\\/\\\/legsedition.net\\\/public\\\/collection-textes-courts\\\/#primaryimage\"},\"image\":{\"@id\":\"https:\\\/\\\/legsedition.net\\\/public\\\/collection-textes-courts\\\/#primaryimage\"},\"thumbnailUrl\":\"https:\\\/\\\/legsedition.net\\\/public\\\/wp-content\\\/uploads\\\/2025\\\/10\\\/Cover-Port-au-Prince-de-soufre-1.png\",\"datePublished\":\"2017-12-18T22:30:48+00:00\",\"dateModified\":\"2025-12-25T12:42:52+00:00\",\"breadcrumb\":{\"@id\":\"https:\\\/\\\/legsedition.net\\\/public\\\/collection-textes-courts\\\/#breadcrumb\"},\"inLanguage\":\"fr-FR\",\"potentialAction\":[{\"@type\":\"ReadAction\",\"target\":[\"https:\\\/\\\/legsedition.net\\\/public\\\/collection-textes-courts\\\/\"]}]},{\"@type\":\"ImageObject\",\"inLanguage\":\"fr-FR\",\"@id\":\"https:\\\/\\\/legsedition.net\\\/public\\\/collection-textes-courts\\\/#primaryimage\",\"url\":\"https:\\\/\\\/legsedition.net\\\/public\\\/wp-content\\\/uploads\\\/2025\\\/10\\\/Cover-Port-au-Prince-de-soufre-1.png\",\"contentUrl\":\"https:\\\/\\\/legsedition.net\\\/public\\\/wp-content\\\/uploads\\\/2025\\\/10\\\/Cover-Port-au-Prince-de-soufre-1.png\",\"width\":504,\"height\":928},{\"@type\":\"BreadcrumbList\",\"@id\":\"https:\\\/\\\/legsedition.net\\\/public\\\/collection-textes-courts\\\/#breadcrumb\",\"itemListElement\":[{\"@type\":\"ListItem\",\"position\":1,\"name\":\"Home\",\"item\":\"https:\\\/\\\/legsedition.net\\\/public\\\/\"},{\"@type\":\"ListItem\",\"position\":2,\"name\":\"Collection Textes courts\"}]},{\"@type\":\"WebSite\",\"@id\":\"https:\\\/\\\/legsedition.net\\\/public\\\/#website\",\"url\":\"https:\\\/\\\/legsedition.net\\\/public\\\/\",\"name\":\"LEGS &Eacute;DITION\",\"description\":\"\",\"potentialAction\":[{\"@type\":\"SearchAction\",\"target\":{\"@type\":\"EntryPoint\",\"urlTemplate\":\"https:\\\/\\\/legsedition.net\\\/public\\\/?s={search_term_string}\"},\"query-input\":{\"@type\":\"PropertyValueSpecification\",\"valueRequired\":true,\"valueName\":\"search_term_string\"}}],\"inLanguage\":\"fr-FR\"}]}<\/script>\n<!-- \/ Yoast SEO plugin. -->","yoast_head_json":{"title":"Collection Textes courts | LEGS &Eacute;DITION","robots":{"index":"index","follow":"follow","max-snippet":"max-snippet:-1","max-image-preview":"max-image-preview:large","max-video-preview":"max-video-preview:-1"},"canonical":"https:\/\/legsedition.net\/public\/collection-textes-courts\/","og_locale":"fr_FR","og_type":"article","og_title":"Collection Textes courts | LEGS &Eacute;DITION","og_description":"\u00c9crire pour dire la rumeur du monde, les chants d\u2019aurore et les bruits du cr\u00e9puscule. Voil\u00e0 une \u00e9nigme \u00e0 laquelle tout cr\u00e9ateur est confront\u00e9 et dont il se propose de r\u00e9soudre. \u00c9crire pour retenir chaque trait de nos actes manqu\u00e9s,...","og_url":"https:\/\/legsedition.net\/public\/collection-textes-courts\/","og_site_name":"LEGS &Eacute;DITION","article_publisher":"https:\/\/web.facebook.com\/LegsEtLitterature\/","article_modified_time":"2025-12-25T12:42:52+00:00","og_image":[{"width":504,"height":928,"url":"https:\/\/legsedition.net\/public\/wp-content\/uploads\/2025\/10\/Cover-Port-au-Prince-de-soufre-1.png","type":"image\/png"}],"twitter_card":"summary_large_image","twitter_misc":{"Dur\u00e9e de lecture estim\u00e9e":"3 minutes"},"schema":{"@context":"https:\/\/schema.org","@graph":[{"@type":"WebPage","@id":"https:\/\/legsedition.net\/public\/collection-textes-courts\/","url":"https:\/\/legsedition.net\/public\/collection-textes-courts\/","name":"Collection Textes courts | LEGS &Eacute;DITION","isPartOf":{"@id":"https:\/\/legsedition.net\/public\/#website"},"primaryImageOfPage":{"@id":"https:\/\/legsedition.net\/public\/collection-textes-courts\/#primaryimage"},"image":{"@id":"https:\/\/legsedition.net\/public\/collection-textes-courts\/#primaryimage"},"thumbnailUrl":"https:\/\/legsedition.net\/public\/wp-content\/uploads\/2025\/10\/Cover-Port-au-Prince-de-soufre-1.png","datePublished":"2017-12-18T22:30:48+00:00","dateModified":"2025-12-25T12:42:52+00:00","breadcrumb":{"@id":"https:\/\/legsedition.net\/public\/collection-textes-courts\/#breadcrumb"},"inLanguage":"fr-FR","potentialAction":[{"@type":"ReadAction","target":["https:\/\/legsedition.net\/public\/collection-textes-courts\/"]}]},{"@type":"ImageObject","inLanguage":"fr-FR","@id":"https:\/\/legsedition.net\/public\/collection-textes-courts\/#primaryimage","url":"https:\/\/legsedition.net\/public\/wp-content\/uploads\/2025\/10\/Cover-Port-au-Prince-de-soufre-1.png","contentUrl":"https:\/\/legsedition.net\/public\/wp-content\/uploads\/2025\/10\/Cover-Port-au-Prince-de-soufre-1.png","width":504,"height":928},{"@type":"BreadcrumbList","@id":"https:\/\/legsedition.net\/public\/collection-textes-courts\/#breadcrumb","itemListElement":[{"@type":"ListItem","position":1,"name":"Home","item":"https:\/\/legsedition.net\/public\/"},{"@type":"ListItem","position":2,"name":"Collection Textes courts"}]},{"@type":"WebSite","@id":"https:\/\/legsedition.net\/public\/#website","url":"https:\/\/legsedition.net\/public\/","name":"LEGS &Eacute;DITION","description":"","potentialAction":[{"@type":"SearchAction","target":{"@type":"EntryPoint","urlTemplate":"https:\/\/legsedition.net\/public\/?s={search_term_string}"},"query-input":{"@type":"PropertyValueSpecification","valueRequired":true,"valueName":"search_term_string"}}],"inLanguage":"fr-FR"}]}},"_links":{"self":[{"href":"https:\/\/legsedition.net\/public\/wp-json\/wp\/v2\/pages\/492","targetHints":{"allow":["GET"]}}],"collection":[{"href":"https:\/\/legsedition.net\/public\/wp-json\/wp\/v2\/pages"}],"about":[{"href":"https:\/\/legsedition.net\/public\/wp-json\/wp\/v2\/types\/page"}],"author":[{"embeddable":true,"href":"https:\/\/legsedition.net\/public\/wp-json\/wp\/v2\/users\/1"}],"replies":[{"embeddable":true,"href":"https:\/\/legsedition.net\/public\/wp-json\/wp\/v2\/comments?post=492"}],"version-history":[{"count":39,"href":"https:\/\/legsedition.net\/public\/wp-json\/wp\/v2\/pages\/492\/revisions"}],"predecessor-version":[{"id":9061,"href":"https:\/\/legsedition.net\/public\/wp-json\/wp\/v2\/pages\/492\/revisions\/9061"}],"wp:attachment":[{"href":"https:\/\/legsedition.net\/public\/wp-json\/wp\/v2\/media?parent=492"}],"curies":[{"name":"wp","href":"https:\/\/api.w.org\/{rel}","templated":true}]}}