{"id":496,"date":"2017-12-18T22:33:33","date_gmt":"2017-12-18T22:33:33","guid":{"rendered":"http:\/\/legsedition.net\/public\/?page_id=496"},"modified":"2026-02-18T14:27:09","modified_gmt":"2026-02-18T14:27:09","slug":"collection-je-decouvre-jeunesse","status":"publish","type":"page","link":"https:\/\/legsedition.net\/public\/collection-je-decouvre-jeunesse\/","title":{"rendered":"Collection Je d\u00e9couvre&#8230;\/Jeunesse"},"content":{"rendered":"<p>Dir. <a href=\"https:\/\/legsedition.net\/public\/mirline-pierre\/\" target=\"_blank\" rel=\"noopener\">Mirline Pierre<\/a><\/p>\n<p><a href=\"http:\/\/legsedition.net\/public\/wp-content\/uploads\/2018\/08\/mpkkchen.jpg\"><img decoding=\"async\" class=\"alignleft wp-image-1852 \" src=\"https:\/\/legsedition.net\/public\/wp-content\/uploads\/2018\/08\/mpkkchen.jpg\" alt=\"\" width=\"146\" height=\"194\" srcset=\"https:\/\/legsedition.net\/public\/wp-content\/uploads\/2018\/08\/mpkkchen.jpg 720w, https:\/\/legsedition.net\/public\/wp-content\/uploads\/2018\/08\/mpkkchen-600x800.jpg 600w, https:\/\/legsedition.net\/public\/wp-content\/uploads\/2018\/08\/mpkkchen-225x300.jpg 225w, https:\/\/legsedition.net\/public\/wp-content\/uploads\/2018\/08\/mpkkchen-450x600.jpg 450w, https:\/\/legsedition.net\/public\/wp-content\/uploads\/2018\/08\/mpkkchen-120x160.jpg 120w\" sizes=\"(max-width: 146px) 100vw, 146px\" \/><\/a>\u00c9crire pour les enfants est un acte noble. C\u2019est une belle formule pour les affranchir de l\u2019ennui, la solitude et de leur permettre de se r\u00e9aliser pleinement. La collection <em>Je d\u00e9couvre\u2026<\/em> pr\u00e9sente aux enfants les personnages c\u00e9l\u00e8bres qui ont marqu\u00e9 l\u2019histoire de l\u2019humanit\u00e9 et des textes susceptibles de susciter chez eux le go\u00fbt et l&rsquo;amour du livre.<\/p>\n<p>L\u2019ambition premi\u00e8re est surtout de les familiariser avec ces c\u00e9l\u00e9brit\u00e9s et de les inviter \u00e0 marcher pas \u00e0 pas dans leur sillage. Un beau pr\u00e9texte pour les initier \u00e0 la lecture.<\/p>\n<p><b>\u0152uvres<\/b><strong>\u00a0publi\u00e9es<\/strong><\/p>\n<p><a href=\"https:\/\/legsedition.net\/public\/2023\/11\/15\/je-decouvre-jean-claude-charles\/\" target=\"_blank\" rel=\"noopener\"><em>Je d\u00e9couvre\u2026 Jean-Claude Charles<\/em><\/a>, St\u00e9phane Saintil<\/p>\n<p><a href=\"https:\/\/legsedition.net\/public\/wp-content\/uploads\/2023\/10\/JE-DEC-JCC-oct-2023.png\"><img fetchpriority=\"high\" decoding=\"async\" class=\"alignnone wp-image-6006 \" src=\"https:\/\/legsedition.net\/public\/wp-content\/uploads\/2023\/10\/JE-DEC-JCC-oct-2023.png\" alt=\"\" width=\"198\" height=\"308\" srcset=\"https:\/\/legsedition.net\/public\/wp-content\/uploads\/2023\/10\/JE-DEC-JCC-oct-2023.png 323w, https:\/\/legsedition.net\/public\/wp-content\/uploads\/2023\/10\/JE-DEC-JCC-oct-2023-193x300.png 193w, https:\/\/legsedition.net\/public\/wp-content\/uploads\/2023\/10\/JE-DEC-JCC-oct-2023-103x160.png 103w\" sizes=\"(max-width: 198px) 100vw, 198px\" \/><\/a><\/p>\n<p><em><a href=\"https:\/\/legsedition.net\/public\/je-decouvre-jacques-stephen-alexis\/\" target=\"_blank\" rel=\"noopener\">Je d\u00e9couvre\u00a0Jacques Stephen Alexis<\/a>,\u00a0<\/em>Dieulermesson Petit Fr\u00e8re<\/p>\n<p style=\"text-align: justify;\"><a href=\"https:\/\/legsedition.net\/public\/wp-content\/uploads\/2021\/11\/Cover_2_JSA.png\"><img decoding=\"async\" class=\"alignnone wp-image-4299 size-medium\" src=\"https:\/\/legsedition.net\/public\/wp-content\/uploads\/2021\/11\/Cover_2_JSA-200x300.png\" alt=\"\" width=\"200\" height=\"300\" srcset=\"https:\/\/legsedition.net\/public\/wp-content\/uploads\/2021\/11\/Cover_2_JSA-200x300.png 200w, https:\/\/legsedition.net\/public\/wp-content\/uploads\/2021\/11\/Cover_2_JSA-107x160.png 107w, https:\/\/legsedition.net\/public\/wp-content\/uploads\/2021\/11\/Cover_2_JSA.png 323w\" sizes=\"(max-width: 200px) 100vw, 200px\" \/><\/a><\/p>\n<p style=\"text-align: left;\"><a href=\"https:\/\/legsedition.net\/public\/2021\/06\/30\/elderic-et-le-livre-des-mondes-2\/\" target=\"_blank\" rel=\"noopener\"><em>Eld\u00e9ric et le Livre des Mondes 2<\/em><\/a>, Marie Desvignes<\/p>\n<p><a href=\"https:\/\/legsedition.net\/public\/wp-content\/uploads\/2021\/06\/Elderic_cover_1.png\"><img loading=\"lazy\" decoding=\"async\" class=\"wp-image-3989 size-medium alignleft\" src=\"https:\/\/legsedition.net\/public\/wp-content\/uploads\/2021\/06\/Elderic_cover_1-195x300.png\" alt=\"\" width=\"195\" height=\"300\" srcset=\"https:\/\/legsedition.net\/public\/wp-content\/uploads\/2021\/06\/Elderic_cover_1-195x300.png 195w, https:\/\/legsedition.net\/public\/wp-content\/uploads\/2021\/06\/Elderic_cover_1-104x160.png 104w, https:\/\/legsedition.net\/public\/wp-content\/uploads\/2021\/06\/Elderic_cover_1.png 312w\" sizes=\"(max-width: 195px) 100vw, 195px\" \/><\/a><\/p>\n<p style=\"text-align: justify;\">\n<p>_________________________________________________________________<\/p>\n<p><a href=\"https:\/\/legsedition.net\/public\/elderic-et-le-livre-des-mondes\/\" target=\"_blank\" rel=\"noopener\"><em>Eld\u00e9ric et le Livre des Mondes<\/em><\/a>, Marie Desvignes<\/p>\n<p><a href=\"https:\/\/legsedition.net\/public\/wp-content\/uploads\/2019\/04\/cover_elderic_et_le_livre_des_mondes_1.png\"><img loading=\"lazy\" decoding=\"async\" class=\"alignnone size-medium wp-image-2742 alignleft\" src=\"https:\/\/legsedition.net\/public\/wp-content\/uploads\/2019\/04\/cover_elderic_et_le_livre_des_mondes_1-200x300.png\" alt=\"\" width=\"200\" height=\"300\" srcset=\"https:\/\/legsedition.net\/public\/wp-content\/uploads\/2019\/04\/cover_elderic_et_le_livre_des_mondes_1-200x300.png 200w, https:\/\/legsedition.net\/public\/wp-content\/uploads\/2019\/04\/cover_elderic_et_le_livre_des_mondes_1-106x160.png 106w, https:\/\/legsedition.net\/public\/wp-content\/uploads\/2019\/04\/cover_elderic_et_le_livre_des_mondes_1.png 336w\" sizes=\"(max-width: 200px) 100vw, 200px\" \/><\/a><\/p>\n<p style=\"text-align: left;\">\n<p style=\"text-align: justify;\">\n<p>_________________________________________________________________<\/p>\n<p style=\"text-align: left;\"><a href=\"https:\/\/legsedition.net\/public\/2019\/05\/20\/je-decouvre-maurice-sixto-2\/\" target=\"_blank\" rel=\"noopener\">Je d\u00e9couvre&#8230; Maurice Sixto<\/a>, Mirline Pierre<\/p>\n<p><a href=\"https:\/\/legsedition.net\/public\/wp-content\/uploads\/2019\/03\/cover_je_dec_maurice_1.png\"><img loading=\"lazy\" decoding=\"async\" class=\"alignnone size-medium wp-image-2706\" src=\"https:\/\/legsedition.net\/public\/wp-content\/uploads\/2019\/03\/cover_je_dec_maurice_1-200x300.png\" alt=\"\" width=\"200\" height=\"300\" srcset=\"https:\/\/legsedition.net\/public\/wp-content\/uploads\/2019\/03\/cover_je_dec_maurice_1-200x300.png 200w, https:\/\/legsedition.net\/public\/wp-content\/uploads\/2019\/03\/cover_je_dec_maurice_1-107x160.png 107w, https:\/\/legsedition.net\/public\/wp-content\/uploads\/2019\/03\/cover_je_dec_maurice_1.png 326w\" sizes=\"(max-width: 200px) 100vw, 200px\" \/><\/a>_________________________________________________________________<\/p>\n<p><em><a href=\"https:\/\/legsedition.net\/public\/le-voyage-de-calou\/\" target=\"_blank\" rel=\"noopener\">Le voyage de Calou et autres histoires<\/a>,<\/em><a href=\"http:\/\/legsedition.net\/public\/legsedition\/aparaitre\/les-petites-chaussures-rouges-et-autres-histoires-2\/\" target=\"_blank\" rel=\"noopener\">\u00a0<\/a>Soussoule Guerrier<\/p>\n<p><em><a href=\"http:\/\/legsedition.net\/public\/wp-content\/uploads\/2018\/06\/cover_voyage_de_calou_1.png\"><img loading=\"lazy\" decoding=\"async\" class=\"size-medium wp-image-1969 alignleft\" src=\"http:\/\/legsedition.net\/public\/wp-content\/uploads\/2018\/06\/cover_voyage_de_calou_1-198x300.png\" alt=\"\" width=\"198\" height=\"300\" srcset=\"https:\/\/legsedition.net\/public\/wp-content\/uploads\/2018\/06\/cover_voyage_de_calou_1-198x300.png 198w, https:\/\/legsedition.net\/public\/wp-content\/uploads\/2018\/06\/cover_voyage_de_calou_1-106x160.png 106w, https:\/\/legsedition.net\/public\/wp-content\/uploads\/2018\/06\/cover_voyage_de_calou_1.png 329w\" sizes=\"(max-width: 198px) 100vw, 198px\" \/><\/a><br \/>\n<\/em><\/p>\n<p style=\"text-align: justify;\">\n<p>_________________________________________________________________<\/p>\n<p><em><a href=\"https:\/\/legsedition.net\/public\/2018\/08\/05\/les-petites-chaussures-rouges-et-autres-histoires-2\/\" target=\"_blank\" rel=\"noopener\">Les petites chaussures rouges<\/a>,\u00a0<\/em>Ta\u00efna Tranquille<\/p>\n<p style=\"text-align: justify;\"><a href=\"http:\/\/legsedition.net\/public\/wp-content\/uploads\/2018\/06\/petites_chaussure.png\"><img loading=\"lazy\" decoding=\"async\" class=\"alignnone size-medium wp-image-1667\" src=\"http:\/\/legsedition.net\/public\/wp-content\/uploads\/2018\/06\/petites_chaussure-195x300.png\" alt=\"\" width=\"195\" height=\"300\" srcset=\"https:\/\/legsedition.net\/public\/wp-content\/uploads\/2018\/06\/petites_chaussure-195x300.png 195w, https:\/\/legsedition.net\/public\/wp-content\/uploads\/2018\/06\/petites_chaussure-104x160.png 104w, https:\/\/legsedition.net\/public\/wp-content\/uploads\/2018\/06\/petites_chaussure.png 327w\" sizes=\"(max-width: 195px) 100vw, 195px\" \/><\/a>_________________________________________________________________<\/p>\n<p><em><a href=\"http:\/\/legsedition.net\/public\/je-decouvre-marie-vieux-chauvet\/\" target=\"_blank\" rel=\"noopener\">Je d\u00e9couvre&#8230; Marie Vieux-Chauvet<\/a>,\u00a0<\/em>Dieulermesson Petit Fr\u00e8re<\/p>\n<p style=\"text-align: justify;\"><a href=\"http:\/\/legsedition.net\/public\/wp-content\/uploads\/2017\/12\/Cover-Je-decouvre-MVCHaiti-page001.png\"><img loading=\"lazy\" decoding=\"async\" class=\"alignnone size-medium wp-image-99\" src=\"http:\/\/legsedition.net\/public\/wp-content\/uploads\/2017\/12\/Cover-Je-decouvre-MVCHaiti-page001-197x300.png\" alt=\"\" width=\"197\" height=\"300\" srcset=\"https:\/\/legsedition.net\/public\/wp-content\/uploads\/2017\/12\/Cover-Je-decouvre-MVCHaiti-page001-197x300.png 197w, https:\/\/legsedition.net\/public\/wp-content\/uploads\/2017\/12\/Cover-Je-decouvre-MVCHaiti-page001.png 329w\" sizes=\"(max-width: 197px) 100vw, 197px\" \/><\/a><\/p>\n<p><em><a href=\"http:\/\/legsedition.net\/public\/je-decouvre-charlemagne-peralte\/\" target=\"_blank\" rel=\"noopener\">Je d\u00e9couvre&#8230; Charlemagne P\u00e9ralte<\/a>,\u00a0<\/em>Mirline Pierre<\/p>\n<p style=\"text-align: justify;\"><a href=\"http:\/\/legsedition.net\/public\/wp-content\/uploads\/2017\/12\/1ere-de-couverture.png\"><img loading=\"lazy\" decoding=\"async\" class=\"alignnone size-medium wp-image-66\" src=\"http:\/\/legsedition.net\/public\/wp-content\/uploads\/2017\/12\/1ere-de-couverture-196x300.png\" alt=\"\" width=\"196\" height=\"300\" srcset=\"https:\/\/legsedition.net\/public\/wp-content\/uploads\/2017\/12\/1ere-de-couverture-196x300.png 196w, https:\/\/legsedition.net\/public\/wp-content\/uploads\/2017\/12\/1ere-de-couverture.png 329w\" sizes=\"(max-width: 196px) 100vw, 196px\" \/><\/a><\/p>\n<p><em><a href=\"http:\/\/legsedition.net\/public\/je-decouvre-leopold-s-senghor\/\" target=\"_blank\" rel=\"noopener\">Je d\u00e9couvre&#8230; L\u00e9opold Sedar Senghor<\/a>,\u00a0<\/em>W\u00e9bert Charles<\/p>\n<p><a href=\"http:\/\/legsedition.net\/public\/wp-content\/uploads\/2017\/12\/1ere-de-couv.png\"><img loading=\"lazy\" decoding=\"async\" class=\"alignnone size-medium wp-image-64\" src=\"http:\/\/legsedition.net\/public\/wp-content\/uploads\/2017\/12\/1ere-de-couv-196x300.png\" alt=\"\" width=\"196\" height=\"300\" srcset=\"https:\/\/legsedition.net\/public\/wp-content\/uploads\/2017\/12\/1ere-de-couv-196x300.png 196w, https:\/\/legsedition.net\/public\/wp-content\/uploads\/2017\/12\/1ere-de-couv.png 330w\" sizes=\"(max-width: 196px) 100vw, 196px\" \/><\/a><\/p>\n<p><em><a href=\"http:\/\/legsedition.net\/public\/je-decouvre-dany-laferriere\/\" target=\"_blank\" rel=\"noopener\">Je d\u00e9couvre&#8230; Dany Laferri\u00e8re<\/a>,\u00a0<\/em>Mirline Pierre<\/p>\n<p><a href=\"http:\/\/legsedition.net\/public\/wp-content\/uploads\/2017\/12\/DANY.jpg\"><img loading=\"lazy\" decoding=\"async\" class=\"alignnone size-medium wp-image-116\" src=\"http:\/\/legsedition.net\/public\/wp-content\/uploads\/2017\/12\/DANY-194x300.jpg\" alt=\"\" width=\"194\" height=\"300\" srcset=\"https:\/\/legsedition.net\/public\/wp-content\/uploads\/2017\/12\/DANY-194x300.jpg 194w, https:\/\/legsedition.net\/public\/wp-content\/uploads\/2017\/12\/DANY-416x642.jpg 416w, https:\/\/legsedition.net\/public\/wp-content\/uploads\/2017\/12\/DANY-400x617.jpg 400w, https:\/\/legsedition.net\/public\/wp-content\/uploads\/2017\/12\/DANY.jpg 440w\" sizes=\"(max-width: 194px) 100vw, 194px\" \/><\/a><\/p>\n<p><em><a href=\"http:\/\/legsedition.net\/public\/je-decouvre-viviane-gauthier\/\" target=\"_blank\" rel=\"noopener\">Je d\u00e9couvre&#8230; Vivianne Gauthier<\/a>,\u00a0<\/em>Dieulermesson Petit Fr\u00e8re<\/p>\n<p><a href=\"http:\/\/legsedition.net\/public\/wp-content\/uploads\/2017\/12\/VIVIANNE.jpg\"><img loading=\"lazy\" decoding=\"async\" class=\"alignnone size-medium wp-image-150\" src=\"http:\/\/legsedition.net\/public\/wp-content\/uploads\/2017\/12\/VIVIANNE-194x300.jpg\" alt=\"\" width=\"194\" height=\"300\" srcset=\"https:\/\/legsedition.net\/public\/wp-content\/uploads\/2017\/12\/VIVIANNE-194x300.jpg 194w, https:\/\/legsedition.net\/public\/wp-content\/uploads\/2017\/12\/VIVIANNE-416x643.jpg 416w, https:\/\/legsedition.net\/public\/wp-content\/uploads\/2017\/12\/VIVIANNE-400x618.jpg 400w, https:\/\/legsedition.net\/public\/wp-content\/uploads\/2017\/12\/VIVIANNE.jpg 438w\" sizes=\"(max-width: 194px) 100vw, 194px\" \/><\/a><\/p>\n<p><em><a href=\"http:\/\/legsedition.net\/public\/je-decouvre-martin-luther-king\/\" target=\"_blank\" rel=\"noopener\">Je d\u00e9couvre&#8230; Martin Luther King<\/a>,\u00a0<\/em>W\u00e9bert Charles<\/p>\n<p><a href=\"http:\/\/legsedition.net\/public\/wp-content\/uploads\/2017\/12\/MARTIN.jpg\"><img loading=\"lazy\" decoding=\"async\" class=\"alignnone size-medium wp-image-130\" src=\"http:\/\/legsedition.net\/public\/wp-content\/uploads\/2017\/12\/MARTIN-191x300.jpg\" alt=\"\" width=\"191\" height=\"300\" srcset=\"https:\/\/legsedition.net\/public\/wp-content\/uploads\/2017\/12\/MARTIN-191x300.jpg 191w, https:\/\/legsedition.net\/public\/wp-content\/uploads\/2017\/12\/MARTIN-416x654.jpg 416w, https:\/\/legsedition.net\/public\/wp-content\/uploads\/2017\/12\/MARTIN-400x629.jpg 400w, https:\/\/legsedition.net\/public\/wp-content\/uploads\/2017\/12\/MARTIN.jpg 428w\" sizes=\"(max-width: 191px) 100vw, 191px\" \/><\/a><\/p>\n","protected":false},"excerpt":{"rendered":"<p>Dir. Mirline Pierre \u00c9crire pour les enfants est un acte noble. C\u2019est une belle formule pour les affranchir de l\u2019ennui, la solitude et de leur permettre de se r\u00e9aliser pleinement. La collection Je d\u00e9couvre\u2026 pr\u00e9sente aux enfants les personnages c\u00e9l\u00e8bres&#8230;<\/p>\n","protected":false},"author":1,"featured_media":0,"parent":0,"menu_order":0,"comment_status":"closed","ping_status":"closed","template":"","meta":{"footnotes":""},"class_list":["post-496","page","type-page","status-publish","hentry","no-post-thumbnail"],"yoast_head":"<!-- This site is optimized with the Yoast SEO plugin v27.3 - https:\/\/yoast.com\/product\/yoast-seo-wordpress\/ -->\n<title>Collection Je d\u00e9couvre...\/Jeunesse | LEGS &Eacute;DITION<\/title>\n<meta name=\"robots\" content=\"index, follow, max-snippet:-1, max-image-preview:large, max-video-preview:-1\" \/>\n<link rel=\"canonical\" href=\"https:\/\/legsedition.net\/public\/collection-je-decouvre-jeunesse\/\" \/>\n<meta property=\"og:locale\" content=\"fr_FR\" \/>\n<meta property=\"og:type\" content=\"article\" \/>\n<meta property=\"og:title\" content=\"Collection Je d\u00e9couvre...\/Jeunesse | LEGS &Eacute;DITION\" \/>\n<meta property=\"og:description\" content=\"Dir. Mirline Pierre \u00c9crire pour les enfants est un acte noble. C\u2019est une belle formule pour les affranchir de l\u2019ennui, la solitude et de leur permettre de se r\u00e9aliser pleinement. La collection Je d\u00e9couvre\u2026 pr\u00e9sente aux enfants les personnages c\u00e9l\u00e8bres...\" \/>\n<meta property=\"og:url\" content=\"https:\/\/legsedition.net\/public\/collection-je-decouvre-jeunesse\/\" \/>\n<meta property=\"og:site_name\" content=\"LEGS &Eacute;DITION\" \/>\n<meta property=\"article:publisher\" content=\"https:\/\/web.facebook.com\/LegsEtLitterature\/\" \/>\n<meta property=\"article:modified_time\" content=\"2026-02-18T14:27:09+00:00\" \/>\n<meta property=\"og:image\" content=\"https:\/\/legsedition.net\/public\/wp-content\/uploads\/2018\/08\/mpkkchen.jpg\" \/>\n\t<meta property=\"og:image:width\" content=\"720\" \/>\n\t<meta property=\"og:image:height\" content=\"960\" \/>\n\t<meta property=\"og:image:type\" content=\"image\/jpeg\" \/>\n<meta name=\"twitter:card\" content=\"summary_large_image\" \/>\n<meta name=\"twitter:label1\" content=\"Dur\u00e9e de lecture estim\u00e9e\" \/>\n\t<meta name=\"twitter:data1\" content=\"4 minutes\" \/>\n<script type=\"application\/ld+json\" class=\"yoast-schema-graph\">{\"@context\":\"https:\\\/\\\/schema.org\",\"@graph\":[{\"@type\":\"WebPage\",\"@id\":\"https:\\\/\\\/legsedition.net\\\/public\\\/collection-je-decouvre-jeunesse\\\/\",\"url\":\"https:\\\/\\\/legsedition.net\\\/public\\\/collection-je-decouvre-jeunesse\\\/\",\"name\":\"Collection Je d\u00e9couvre...\\\/Jeunesse | LEGS &Eacute;DITION\",\"isPartOf\":{\"@id\":\"https:\\\/\\\/legsedition.net\\\/public\\\/#website\"},\"primaryImageOfPage\":{\"@id\":\"https:\\\/\\\/legsedition.net\\\/public\\\/collection-je-decouvre-jeunesse\\\/#primaryimage\"},\"image\":{\"@id\":\"https:\\\/\\\/legsedition.net\\\/public\\\/collection-je-decouvre-jeunesse\\\/#primaryimage\"},\"thumbnailUrl\":\"https:\\\/\\\/legsedition.net\\\/public\\\/wp-content\\\/uploads\\\/2018\\\/08\\\/mpkkchen.jpg\",\"datePublished\":\"2017-12-18T22:33:33+00:00\",\"dateModified\":\"2026-02-18T14:27:09+00:00\",\"breadcrumb\":{\"@id\":\"https:\\\/\\\/legsedition.net\\\/public\\\/collection-je-decouvre-jeunesse\\\/#breadcrumb\"},\"inLanguage\":\"fr-FR\",\"potentialAction\":[{\"@type\":\"ReadAction\",\"target\":[\"https:\\\/\\\/legsedition.net\\\/public\\\/collection-je-decouvre-jeunesse\\\/\"]}]},{\"@type\":\"ImageObject\",\"inLanguage\":\"fr-FR\",\"@id\":\"https:\\\/\\\/legsedition.net\\\/public\\\/collection-je-decouvre-jeunesse\\\/#primaryimage\",\"url\":\"https:\\\/\\\/legsedition.net\\\/public\\\/wp-content\\\/uploads\\\/2018\\\/08\\\/mpkkchen.jpg\",\"contentUrl\":\"https:\\\/\\\/legsedition.net\\\/public\\\/wp-content\\\/uploads\\\/2018\\\/08\\\/mpkkchen.jpg\",\"width\":720,\"height\":960},{\"@type\":\"BreadcrumbList\",\"@id\":\"https:\\\/\\\/legsedition.net\\\/public\\\/collection-je-decouvre-jeunesse\\\/#breadcrumb\",\"itemListElement\":[{\"@type\":\"ListItem\",\"position\":1,\"name\":\"Home\",\"item\":\"https:\\\/\\\/legsedition.net\\\/public\\\/\"},{\"@type\":\"ListItem\",\"position\":2,\"name\":\"Collection Je d\u00e9couvre&#8230;\\\/Jeunesse\"}]},{\"@type\":\"WebSite\",\"@id\":\"https:\\\/\\\/legsedition.net\\\/public\\\/#website\",\"url\":\"https:\\\/\\\/legsedition.net\\\/public\\\/\",\"name\":\"LEGS &Eacute;DITION\",\"description\":\"\",\"potentialAction\":[{\"@type\":\"SearchAction\",\"target\":{\"@type\":\"EntryPoint\",\"urlTemplate\":\"https:\\\/\\\/legsedition.net\\\/public\\\/?s={search_term_string}\"},\"query-input\":{\"@type\":\"PropertyValueSpecification\",\"valueRequired\":true,\"valueName\":\"search_term_string\"}}],\"inLanguage\":\"fr-FR\"}]}<\/script>\n<!-- \/ Yoast SEO plugin. -->","yoast_head_json":{"title":"Collection Je d\u00e9couvre...\/Jeunesse | LEGS &Eacute;DITION","robots":{"index":"index","follow":"follow","max-snippet":"max-snippet:-1","max-image-preview":"max-image-preview:large","max-video-preview":"max-video-preview:-1"},"canonical":"https:\/\/legsedition.net\/public\/collection-je-decouvre-jeunesse\/","og_locale":"fr_FR","og_type":"article","og_title":"Collection Je d\u00e9couvre...\/Jeunesse | LEGS &Eacute;DITION","og_description":"Dir. Mirline Pierre \u00c9crire pour les enfants est un acte noble. C\u2019est une belle formule pour les affranchir de l\u2019ennui, la solitude et de leur permettre de se r\u00e9aliser pleinement. La collection Je d\u00e9couvre\u2026 pr\u00e9sente aux enfants les personnages c\u00e9l\u00e8bres...","og_url":"https:\/\/legsedition.net\/public\/collection-je-decouvre-jeunesse\/","og_site_name":"LEGS &Eacute;DITION","article_publisher":"https:\/\/web.facebook.com\/LegsEtLitterature\/","article_modified_time":"2026-02-18T14:27:09+00:00","og_image":[{"width":720,"height":960,"url":"https:\/\/legsedition.net\/public\/wp-content\/uploads\/2018\/08\/mpkkchen.jpg","type":"image\/jpeg"}],"twitter_card":"summary_large_image","twitter_misc":{"Dur\u00e9e de lecture estim\u00e9e":"4 minutes"},"schema":{"@context":"https:\/\/schema.org","@graph":[{"@type":"WebPage","@id":"https:\/\/legsedition.net\/public\/collection-je-decouvre-jeunesse\/","url":"https:\/\/legsedition.net\/public\/collection-je-decouvre-jeunesse\/","name":"Collection Je d\u00e9couvre...\/Jeunesse | LEGS &Eacute;DITION","isPartOf":{"@id":"https:\/\/legsedition.net\/public\/#website"},"primaryImageOfPage":{"@id":"https:\/\/legsedition.net\/public\/collection-je-decouvre-jeunesse\/#primaryimage"},"image":{"@id":"https:\/\/legsedition.net\/public\/collection-je-decouvre-jeunesse\/#primaryimage"},"thumbnailUrl":"https:\/\/legsedition.net\/public\/wp-content\/uploads\/2018\/08\/mpkkchen.jpg","datePublished":"2017-12-18T22:33:33+00:00","dateModified":"2026-02-18T14:27:09+00:00","breadcrumb":{"@id":"https:\/\/legsedition.net\/public\/collection-je-decouvre-jeunesse\/#breadcrumb"},"inLanguage":"fr-FR","potentialAction":[{"@type":"ReadAction","target":["https:\/\/legsedition.net\/public\/collection-je-decouvre-jeunesse\/"]}]},{"@type":"ImageObject","inLanguage":"fr-FR","@id":"https:\/\/legsedition.net\/public\/collection-je-decouvre-jeunesse\/#primaryimage","url":"https:\/\/legsedition.net\/public\/wp-content\/uploads\/2018\/08\/mpkkchen.jpg","contentUrl":"https:\/\/legsedition.net\/public\/wp-content\/uploads\/2018\/08\/mpkkchen.jpg","width":720,"height":960},{"@type":"BreadcrumbList","@id":"https:\/\/legsedition.net\/public\/collection-je-decouvre-jeunesse\/#breadcrumb","itemListElement":[{"@type":"ListItem","position":1,"name":"Home","item":"https:\/\/legsedition.net\/public\/"},{"@type":"ListItem","position":2,"name":"Collection Je d\u00e9couvre&#8230;\/Jeunesse"}]},{"@type":"WebSite","@id":"https:\/\/legsedition.net\/public\/#website","url":"https:\/\/legsedition.net\/public\/","name":"LEGS &Eacute;DITION","description":"","potentialAction":[{"@type":"SearchAction","target":{"@type":"EntryPoint","urlTemplate":"https:\/\/legsedition.net\/public\/?s={search_term_string}"},"query-input":{"@type":"PropertyValueSpecification","valueRequired":true,"valueName":"search_term_string"}}],"inLanguage":"fr-FR"}]}},"_links":{"self":[{"href":"https:\/\/legsedition.net\/public\/wp-json\/wp\/v2\/pages\/496","targetHints":{"allow":["GET"]}}],"collection":[{"href":"https:\/\/legsedition.net\/public\/wp-json\/wp\/v2\/pages"}],"about":[{"href":"https:\/\/legsedition.net\/public\/wp-json\/wp\/v2\/types\/page"}],"author":[{"embeddable":true,"href":"https:\/\/legsedition.net\/public\/wp-json\/wp\/v2\/users\/1"}],"replies":[{"embeddable":true,"href":"https:\/\/legsedition.net\/public\/wp-json\/wp\/v2\/comments?post=496"}],"version-history":[{"count":29,"href":"https:\/\/legsedition.net\/public\/wp-json\/wp\/v2\/pages\/496\/revisions"}],"predecessor-version":[{"id":9283,"href":"https:\/\/legsedition.net\/public\/wp-json\/wp\/v2\/pages\/496\/revisions\/9283"}],"wp:attachment":[{"href":"https:\/\/legsedition.net\/public\/wp-json\/wp\/v2\/media?parent=496"}],"curies":[{"name":"wp","href":"https:\/\/api.w.org\/{rel}","templated":true}]}}