{"id":5363,"date":"2023-03-31T11:57:57","date_gmt":"2023-03-31T11:57:57","guid":{"rendered":"https:\/\/legsedition.net\/public\/?page_id=5363"},"modified":"2024-11-07T11:33:27","modified_gmt":"2024-11-07T11:33:27","slug":"witensky-lauvince","status":"publish","type":"page","link":"https:\/\/legsedition.net\/public\/witensky-lauvince\/","title":{"rendered":"Witensky Lauvince"},"content":{"rendered":"<p><a href=\"https:\/\/legsedition.net\/public\/wp-content\/uploads\/2023\/03\/witensy-lauvince-1.jpg\"><img fetchpriority=\"high\" decoding=\"async\" class=\"alignleft wp-image-5283 \" src=\"https:\/\/legsedition.net\/public\/wp-content\/uploads\/2023\/03\/witensy-lauvince-1.jpg\" alt=\"\" width=\"263\" height=\"280\" srcset=\"https:\/\/legsedition.net\/public\/wp-content\/uploads\/2023\/03\/witensy-lauvince-1.jpg 768w, https:\/\/legsedition.net\/public\/wp-content\/uploads\/2023\/03\/witensy-lauvince-1-281x300.jpg 281w, https:\/\/legsedition.net\/public\/wp-content\/uploads\/2023\/03\/witensy-lauvince-1-563x600.jpg 563w, https:\/\/legsedition.net\/public\/wp-content\/uploads\/2023\/03\/witensy-lauvince-1-150x160.jpg 150w, https:\/\/legsedition.net\/public\/wp-content\/uploads\/2023\/03\/witensy-lauvince-1-600x640.jpg 600w\" sizes=\"(max-width: 263px) 100vw, 263px\" \/><\/a><\/p>\n<p>Witensky Lauvince est n\u00e9 dans la ville de L\u00e9og\u00e2ne, la cit\u00e9 d\u2019Anacaona, le 29 d\u00e9cembre 1996. Po\u00e8te, romancier, blogueur et journaliste, il a entrepris des \u00e9tudes de droit \u00e0 l\u2019Universit\u00e9 d\u2019\u00c9tat d\u2019Ha\u00efti. En 2014, il est demi-finaliste au concours international de nouvelles <em>Fi\u00e8vre Rouge<\/em>.\u00a0 Son po\u00e8me \u00ab\u00a0Mes mots\u00a0\u00bb para\u00eet la m\u00eame ann\u00e9e dans le collectif <em>Po\u00e8tes du monde pour le fran\u00e7ais et la francophonie. <\/em><\/p>\n<p>Auteur de deux romans,\u00a0<em>Le secret des Laraque<\/em> (2016), <em>Un ciel sous nos pieds<\/em>\u00a0(2020), il publie de nombreux articles dans des journaux et plateformes en ligne dont <em>Balistrad<\/em>\u00a0et<em>\u00a0PergolAyiti.\u00a0<\/em>\u00a0Blogueur, il tient \u00e9galement un blog, <em>Feuillets de Scribe, <\/em>o\u00f9 il publie r\u00e9guli\u00e8rement des textes po\u00e9tiques. En 2020, il est sorti finaliste de la 6<sup>e<\/sup> \u00e9dition du Prix International de po\u00e9sie\u00a0: Sur les traces de L\u00e9opold Sedar Senghor. Il re\u00e7oit en 2022 une mention sp\u00e9ciale du jury du \u00ab\u00a0Prix Matiah Eckhard pour \u00ab\u00a0Le chant du po\u00e8me\u00a0\u00bb.<\/p>\n<p>En 2017, il cr\u00e9e, avec Pradel Pompilus, le Club des Jacobins et, en 2022, l\u2019Atelier Renastere avec Ange Dany Joseph. II est laur\u00e9at de la premi\u00e8re \u00e9dition du\u00a0Prix international de l&rsquo;Invention Po\u00e9tique organis\u00e9 par l&rsquo;association BALISAILLE en 2022, pour son manuscrit <em>Br\u00fbler les t\u00e9n\u00e8bres<\/em>\u00a0qui est son premier recueil de po\u00e8mes.<\/p>\n<h4><strong>Publication chez LEGS \u00c9DITION<\/strong><\/h4>\n<p><a href=\"https:\/\/legsedition.net\/public\/2023\/04\/30\/bruler-les-tenebres\/\" target=\"_blank\" rel=\"noopener\"><em>Br\u00fbler les t\u00e9n\u00e8bres<\/em><\/a>, 2023<\/p>\n<p><a href=\"https:\/\/legsedition.net\/public\/wp-content\/uploads\/2023\/03\/Cover_jpg.png\"><img decoding=\"async\" class=\"alignnone wp-image-5364 size-medium\" src=\"https:\/\/legsedition.net\/public\/wp-content\/uploads\/2023\/03\/Cover_jpg-195x300.png\" alt=\"\" width=\"195\" height=\"300\" srcset=\"https:\/\/legsedition.net\/public\/wp-content\/uploads\/2023\/03\/Cover_jpg-195x300.png 195w, https:\/\/legsedition.net\/public\/wp-content\/uploads\/2023\/03\/Cover_jpg-104x160.png 104w, https:\/\/legsedition.net\/public\/wp-content\/uploads\/2023\/03\/Cover_jpg.png 322w\" sizes=\"(max-width: 195px) 100vw, 195px\" \/><\/a><\/p>\n<hr \/>\n","protected":false},"excerpt":{"rendered":"<p>Witensky Lauvince est n\u00e9 dans la ville de L\u00e9og\u00e2ne, la cit\u00e9 d\u2019Anacaona, le 29 d\u00e9cembre 1996. Po\u00e8te, romancier, blogueur et journaliste, il a entrepris des \u00e9tudes de droit \u00e0 l\u2019Universit\u00e9 d\u2019\u00c9tat d\u2019Ha\u00efti. En 2014, il est demi-finaliste au concours international&#8230;<\/p>\n","protected":false},"author":2,"featured_media":0,"parent":0,"menu_order":0,"comment_status":"closed","ping_status":"closed","template":"","meta":{"footnotes":""},"class_list":["post-5363","page","type-page","status-publish","hentry","no-post-thumbnail"],"yoast_head":"<!-- This site is optimized with the Yoast SEO plugin v27.3 - https:\/\/yoast.com\/product\/yoast-seo-wordpress\/ -->\n<title>Witensky Lauvince | LEGS &Eacute;DITION<\/title>\n<meta name=\"robots\" content=\"index, follow, max-snippet:-1, max-image-preview:large, max-video-preview:-1\" \/>\n<link rel=\"canonical\" href=\"https:\/\/legsedition.net\/public\/witensky-lauvince\/\" \/>\n<meta property=\"og:locale\" content=\"fr_FR\" \/>\n<meta property=\"og:type\" content=\"article\" \/>\n<meta property=\"og:title\" content=\"Witensky Lauvince | LEGS &Eacute;DITION\" \/>\n<meta property=\"og:description\" content=\"Witensky Lauvince est n\u00e9 dans la ville de L\u00e9og\u00e2ne, la cit\u00e9 d\u2019Anacaona, le 29 d\u00e9cembre 1996. Po\u00e8te, romancier, blogueur et journaliste, il a entrepris des \u00e9tudes de droit \u00e0 l\u2019Universit\u00e9 d\u2019\u00c9tat d\u2019Ha\u00efti. En 2014, il est demi-finaliste au concours international...\" \/>\n<meta property=\"og:url\" content=\"https:\/\/legsedition.net\/public\/witensky-lauvince\/\" \/>\n<meta property=\"og:site_name\" content=\"LEGS &Eacute;DITION\" \/>\n<meta property=\"article:publisher\" content=\"https:\/\/web.facebook.com\/LegsEtLitterature\/\" \/>\n<meta property=\"article:modified_time\" content=\"2024-11-07T11:33:27+00:00\" \/>\n<meta property=\"og:image\" content=\"https:\/\/legsedition.net\/public\/wp-content\/uploads\/2023\/03\/witensy-lauvince-1.jpg\" \/>\n\t<meta property=\"og:image:width\" content=\"768\" \/>\n\t<meta property=\"og:image:height\" content=\"819\" \/>\n\t<meta property=\"og:image:type\" content=\"image\/jpeg\" \/>\n<meta name=\"twitter:card\" content=\"summary_large_image\" \/>\n<meta name=\"twitter:label1\" content=\"Dur\u00e9e de lecture estim\u00e9e\" \/>\n\t<meta name=\"twitter:data1\" content=\"2 minutes\" \/>\n<script type=\"application\/ld+json\" class=\"yoast-schema-graph\">{\"@context\":\"https:\\\/\\\/schema.org\",\"@graph\":[{\"@type\":\"WebPage\",\"@id\":\"https:\\\/\\\/legsedition.net\\\/public\\\/witensky-lauvince\\\/\",\"url\":\"https:\\\/\\\/legsedition.net\\\/public\\\/witensky-lauvince\\\/\",\"name\":\"Witensky Lauvince | LEGS &Eacute;DITION\",\"isPartOf\":{\"@id\":\"https:\\\/\\\/legsedition.net\\\/public\\\/#website\"},\"primaryImageOfPage\":{\"@id\":\"https:\\\/\\\/legsedition.net\\\/public\\\/witensky-lauvince\\\/#primaryimage\"},\"image\":{\"@id\":\"https:\\\/\\\/legsedition.net\\\/public\\\/witensky-lauvince\\\/#primaryimage\"},\"thumbnailUrl\":\"https:\\\/\\\/legsedition.net\\\/public\\\/wp-content\\\/uploads\\\/2023\\\/03\\\/witensy-lauvince-1.jpg\",\"datePublished\":\"2023-03-31T11:57:57+00:00\",\"dateModified\":\"2024-11-07T11:33:27+00:00\",\"breadcrumb\":{\"@id\":\"https:\\\/\\\/legsedition.net\\\/public\\\/witensky-lauvince\\\/#breadcrumb\"},\"inLanguage\":\"fr-FR\",\"potentialAction\":[{\"@type\":\"ReadAction\",\"target\":[\"https:\\\/\\\/legsedition.net\\\/public\\\/witensky-lauvince\\\/\"]}]},{\"@type\":\"ImageObject\",\"inLanguage\":\"fr-FR\",\"@id\":\"https:\\\/\\\/legsedition.net\\\/public\\\/witensky-lauvince\\\/#primaryimage\",\"url\":\"https:\\\/\\\/legsedition.net\\\/public\\\/wp-content\\\/uploads\\\/2023\\\/03\\\/witensy-lauvince-1.jpg\",\"contentUrl\":\"https:\\\/\\\/legsedition.net\\\/public\\\/wp-content\\\/uploads\\\/2023\\\/03\\\/witensy-lauvince-1.jpg\",\"width\":768,\"height\":819},{\"@type\":\"BreadcrumbList\",\"@id\":\"https:\\\/\\\/legsedition.net\\\/public\\\/witensky-lauvince\\\/#breadcrumb\",\"itemListElement\":[{\"@type\":\"ListItem\",\"position\":1,\"name\":\"Home\",\"item\":\"https:\\\/\\\/legsedition.net\\\/public\\\/\"},{\"@type\":\"ListItem\",\"position\":2,\"name\":\"Witensky Lauvince\"}]},{\"@type\":\"WebSite\",\"@id\":\"https:\\\/\\\/legsedition.net\\\/public\\\/#website\",\"url\":\"https:\\\/\\\/legsedition.net\\\/public\\\/\",\"name\":\"LEGS &Eacute;DITION\",\"description\":\"\",\"potentialAction\":[{\"@type\":\"SearchAction\",\"target\":{\"@type\":\"EntryPoint\",\"urlTemplate\":\"https:\\\/\\\/legsedition.net\\\/public\\\/?s={search_term_string}\"},\"query-input\":{\"@type\":\"PropertyValueSpecification\",\"valueRequired\":true,\"valueName\":\"search_term_string\"}}],\"inLanguage\":\"fr-FR\"}]}<\/script>\n<!-- \/ Yoast SEO plugin. -->","yoast_head_json":{"title":"Witensky Lauvince | LEGS &Eacute;DITION","robots":{"index":"index","follow":"follow","max-snippet":"max-snippet:-1","max-image-preview":"max-image-preview:large","max-video-preview":"max-video-preview:-1"},"canonical":"https:\/\/legsedition.net\/public\/witensky-lauvince\/","og_locale":"fr_FR","og_type":"article","og_title":"Witensky Lauvince | LEGS &Eacute;DITION","og_description":"Witensky Lauvince est n\u00e9 dans la ville de L\u00e9og\u00e2ne, la cit\u00e9 d\u2019Anacaona, le 29 d\u00e9cembre 1996. Po\u00e8te, romancier, blogueur et journaliste, il a entrepris des \u00e9tudes de droit \u00e0 l\u2019Universit\u00e9 d\u2019\u00c9tat d\u2019Ha\u00efti. En 2014, il est demi-finaliste au concours international...","og_url":"https:\/\/legsedition.net\/public\/witensky-lauvince\/","og_site_name":"LEGS &Eacute;DITION","article_publisher":"https:\/\/web.facebook.com\/LegsEtLitterature\/","article_modified_time":"2024-11-07T11:33:27+00:00","og_image":[{"width":768,"height":819,"url":"https:\/\/legsedition.net\/public\/wp-content\/uploads\/2023\/03\/witensy-lauvince-1.jpg","type":"image\/jpeg"}],"twitter_card":"summary_large_image","twitter_misc":{"Dur\u00e9e de lecture estim\u00e9e":"2 minutes"},"schema":{"@context":"https:\/\/schema.org","@graph":[{"@type":"WebPage","@id":"https:\/\/legsedition.net\/public\/witensky-lauvince\/","url":"https:\/\/legsedition.net\/public\/witensky-lauvince\/","name":"Witensky Lauvince | LEGS &Eacute;DITION","isPartOf":{"@id":"https:\/\/legsedition.net\/public\/#website"},"primaryImageOfPage":{"@id":"https:\/\/legsedition.net\/public\/witensky-lauvince\/#primaryimage"},"image":{"@id":"https:\/\/legsedition.net\/public\/witensky-lauvince\/#primaryimage"},"thumbnailUrl":"https:\/\/legsedition.net\/public\/wp-content\/uploads\/2023\/03\/witensy-lauvince-1.jpg","datePublished":"2023-03-31T11:57:57+00:00","dateModified":"2024-11-07T11:33:27+00:00","breadcrumb":{"@id":"https:\/\/legsedition.net\/public\/witensky-lauvince\/#breadcrumb"},"inLanguage":"fr-FR","potentialAction":[{"@type":"ReadAction","target":["https:\/\/legsedition.net\/public\/witensky-lauvince\/"]}]},{"@type":"ImageObject","inLanguage":"fr-FR","@id":"https:\/\/legsedition.net\/public\/witensky-lauvince\/#primaryimage","url":"https:\/\/legsedition.net\/public\/wp-content\/uploads\/2023\/03\/witensy-lauvince-1.jpg","contentUrl":"https:\/\/legsedition.net\/public\/wp-content\/uploads\/2023\/03\/witensy-lauvince-1.jpg","width":768,"height":819},{"@type":"BreadcrumbList","@id":"https:\/\/legsedition.net\/public\/witensky-lauvince\/#breadcrumb","itemListElement":[{"@type":"ListItem","position":1,"name":"Home","item":"https:\/\/legsedition.net\/public\/"},{"@type":"ListItem","position":2,"name":"Witensky Lauvince"}]},{"@type":"WebSite","@id":"https:\/\/legsedition.net\/public\/#website","url":"https:\/\/legsedition.net\/public\/","name":"LEGS &Eacute;DITION","description":"","potentialAction":[{"@type":"SearchAction","target":{"@type":"EntryPoint","urlTemplate":"https:\/\/legsedition.net\/public\/?s={search_term_string}"},"query-input":{"@type":"PropertyValueSpecification","valueRequired":true,"valueName":"search_term_string"}}],"inLanguage":"fr-FR"}]}},"_links":{"self":[{"href":"https:\/\/legsedition.net\/public\/wp-json\/wp\/v2\/pages\/5363","targetHints":{"allow":["GET"]}}],"collection":[{"href":"https:\/\/legsedition.net\/public\/wp-json\/wp\/v2\/pages"}],"about":[{"href":"https:\/\/legsedition.net\/public\/wp-json\/wp\/v2\/types\/page"}],"author":[{"embeddable":true,"href":"https:\/\/legsedition.net\/public\/wp-json\/wp\/v2\/users\/2"}],"replies":[{"embeddable":true,"href":"https:\/\/legsedition.net\/public\/wp-json\/wp\/v2\/comments?post=5363"}],"version-history":[{"count":8,"href":"https:\/\/legsedition.net\/public\/wp-json\/wp\/v2\/pages\/5363\/revisions"}],"predecessor-version":[{"id":7151,"href":"https:\/\/legsedition.net\/public\/wp-json\/wp\/v2\/pages\/5363\/revisions\/7151"}],"wp:attachment":[{"href":"https:\/\/legsedition.net\/public\/wp-json\/wp\/v2\/media?parent=5363"}],"curies":[{"name":"wp","href":"https:\/\/api.w.org\/{rel}","templated":true}]}}