{"id":5367,"date":"2023-03-31T12:05:00","date_gmt":"2023-03-31T12:05:00","guid":{"rendered":"https:\/\/legsedition.net\/public\/?page_id=5367"},"modified":"2024-11-07T11:35:22","modified_gmt":"2024-11-07T11:35:22","slug":"ar-guens-jean-mary","status":"publish","type":"page","link":"https:\/\/legsedition.net\/public\/ar-guens-jean-mary\/","title":{"rendered":"Ar Guens Jean Mary"},"content":{"rendered":"<figure id=\"attachment_5451\" aria-describedby=\"caption-attachment-5451\" style=\"width: 257px\" class=\"wp-caption alignleft\"><a href=\"https:\/\/legsedition.net\/public\/wp-content\/uploads\/2023\/04\/arguens-j-mary.jpg\"><img fetchpriority=\"high\" decoding=\"async\" class=\"wp-image-5451 \" src=\"https:\/\/legsedition.net\/public\/wp-content\/uploads\/2023\/04\/arguens-j-mary.jpg\" alt=\"\" width=\"257\" height=\"268\" srcset=\"https:\/\/legsedition.net\/public\/wp-content\/uploads\/2023\/04\/arguens-j-mary.jpg 1080w, https:\/\/legsedition.net\/public\/wp-content\/uploads\/2023\/04\/arguens-j-mary-288x300.jpg 288w, https:\/\/legsedition.net\/public\/wp-content\/uploads\/2023\/04\/arguens-j-mary-768x801.jpg 768w, https:\/\/legsedition.net\/public\/wp-content\/uploads\/2023\/04\/arguens-j-mary-982x1024.jpg 982w, https:\/\/legsedition.net\/public\/wp-content\/uploads\/2023\/04\/arguens-j-mary-575x600.jpg 575w, https:\/\/legsedition.net\/public\/wp-content\/uploads\/2023\/04\/arguens-j-mary-153x160.jpg 153w, https:\/\/legsedition.net\/public\/wp-content\/uploads\/2023\/04\/arguens-j-mary-600x626.jpg 600w\" sizes=\"(max-width: 257px) 100vw, 257px\" \/><\/a><figcaption id=\"caption-attachment-5451\" class=\"wp-caption-text\">\u00a9 Louvensky Charlemagne<\/figcaption><\/figure>\n<p>Ar Guens Jean Mary est n\u00e9 \u00e0 Port-au-Prince en 1992.\u00a0Il a \u00e9tudi\u00e9 les sciences de l\u2019\u00c9ducation (philosophie et litt\u00e9rature) \u00e0 l\u2019Universit\u00e9 Publique du Sud-Est \u00e0 Jacmel. Il est form\u00e9 en \u00e9criture de sc\u00e9nario documentaire et photographie avec des professionnels de Cin\u00e9 Institute et l\u2019Organisation Culturelle Hetcor Berlioz. Po\u00e8te-performeur, ses po\u00e8mes sont parus dans diverses revues et magazines litt\u00e9raires dont <em>DO-KRE-I-S<\/em>, <em>Coquelicot<\/em>, \u00a0<em>Recours au po\u00e8me<\/em>\u00a0et <em>Pro\/prose Magazine<\/em>.<\/p>\n<p>Ar Guens Jean Mary a publi\u00e9 trois recueils de po\u00e8mes, <em>Le Nil noir de la vall\u00e9e blanche<\/em> (\u00c0 TOI Editions, 2017) <em>\u00c0<\/em> <em>la po\u00e9sie bless\u00e9e par balles<\/em> (Pont de l\u2019Europe, 2019) et <em>La bouche du po\u00e8te n\u2019est pas un anus ordinaire<\/em> suivi de <em>En plein c\u0153ur <\/em>\u00a0(Floraison, 2021). Jean Mary est boursier du programme de r\u00e9sidence de cr\u00e9ation Quatre Chemins pour son projet d\u2019\u00e9criture de contes en 2021. Il remporte le 2<sup>e<\/sup> prix du concours international d\u2019\u00e9critures de Chansons Sans Fronti\u00e8res (15<sup>e<\/sup> \u00e9dition) en Normandie pour \u00ab\u00a0Changer d\u2019air\u00a0\u00bb.<\/p>\n<p>Librettiste de l\u2019op\u00e9ra <em>S\u00e9isme-Un opus interactif<\/em> nomin\u00e9 au Prix Digital FEDORA Platform 2022\u00a0aux c\u00f4t\u00e9s de la metteuse en sc\u00e8ne Franciska Ery et du compositeur Alexander Ho. Egalement de <em>\u00c9tape par \u00e9tape<\/em> pr\u00e9sent\u00e9 \u00e0 l\u2019Op\u00e9ra Orchestre National de Montpellier Occitanie. Il vit \u00e0 Jacmel o\u00f9 il est responsable des affaires culturelles au Centre Culturel Maurice Cadet. S\u00e9lectionn\u00e9 au programme <em>Transcultura <\/em>de l\u2019UNESCO, il repr\u00e9sente Ha\u00efti au 40<sup>e<\/sup> March\u00e9 de la po\u00e9sie \u00e0 Paris en 2023.<\/p>\n<p>En 2022, il devient laur\u00e9at du Prix international de l\u2019Invention Po\u00e9tique organis\u00e9 par l\u2019association BALISAILLE pour son manuscrit <em>W<\/em>\u00f2<em>ch<\/em><em>\u00a0se premye pwen m voye deja. <\/em>Il\u00a0est son quatri\u00e8me recueil de po\u00e8mes.<\/p>\n<p><strong>\u00a0<\/strong><\/p>\n<h4><strong>Publication chez LEGS \u00c9DITION<\/strong><\/h4>\n<p><a href=\"https:\/\/legsedition.net\/public\/2023\/04\/30\/woch-se-premye-pwen-m-voye-deja\/\" target=\"_blank\" rel=\"noopener\"><em>W<\/em>\u00f2<em>ch se premye pwen m voye deja<\/em><\/a>, 2023<\/p>\n<p><a href=\"https:\/\/legsedition.net\/public\/wp-content\/uploads\/2023\/03\/Cover_jpg-1.png\"><img decoding=\"async\" class=\"alignnone wp-image-5373 size-medium\" src=\"https:\/\/legsedition.net\/public\/wp-content\/uploads\/2023\/03\/Cover_jpg-1-195x300.png\" alt=\"\" width=\"195\" height=\"300\" srcset=\"https:\/\/legsedition.net\/public\/wp-content\/uploads\/2023\/03\/Cover_jpg-1-195x300.png 195w, https:\/\/legsedition.net\/public\/wp-content\/uploads\/2023\/03\/Cover_jpg-1-104x160.png 104w, https:\/\/legsedition.net\/public\/wp-content\/uploads\/2023\/03\/Cover_jpg-1.png 319w\" sizes=\"(max-width: 195px) 100vw, 195px\" \/><\/a><\/p>\n<hr \/>\n","protected":false},"excerpt":{"rendered":"<p>Ar Guens Jean Mary est n\u00e9 \u00e0 Port-au-Prince en 1992.\u00a0Il a \u00e9tudi\u00e9 les sciences de l\u2019\u00c9ducation (philosophie et litt\u00e9rature) \u00e0 l\u2019Universit\u00e9 Publique du Sud-Est \u00e0 Jacmel. Il est form\u00e9 en \u00e9criture de sc\u00e9nario documentaire et photographie avec des professionnels de&#8230;<\/p>\n","protected":false},"author":2,"featured_media":0,"parent":0,"menu_order":0,"comment_status":"closed","ping_status":"closed","template":"","meta":{"footnotes":""},"class_list":["post-5367","page","type-page","status-publish","hentry","no-post-thumbnail"],"yoast_head":"<!-- This site is optimized with the Yoast SEO plugin v27.3 - https:\/\/yoast.com\/product\/yoast-seo-wordpress\/ -->\n<title>Ar Guens Jean Mary | LEGS &Eacute;DITION<\/title>\n<meta name=\"robots\" content=\"index, follow, max-snippet:-1, max-image-preview:large, max-video-preview:-1\" \/>\n<link rel=\"canonical\" href=\"https:\/\/legsedition.net\/public\/ar-guens-jean-mary\/\" \/>\n<meta property=\"og:locale\" content=\"fr_FR\" \/>\n<meta property=\"og:type\" content=\"article\" \/>\n<meta property=\"og:title\" content=\"Ar Guens Jean Mary | LEGS &Eacute;DITION\" \/>\n<meta property=\"og:description\" content=\"Ar Guens Jean Mary est n\u00e9 \u00e0 Port-au-Prince en 1992.\u00a0Il a \u00e9tudi\u00e9 les sciences de l\u2019\u00c9ducation (philosophie et litt\u00e9rature) \u00e0 l\u2019Universit\u00e9 Publique du Sud-Est \u00e0 Jacmel. Il est form\u00e9 en \u00e9criture de sc\u00e9nario documentaire et photographie avec des professionnels de...\" \/>\n<meta property=\"og:url\" content=\"https:\/\/legsedition.net\/public\/ar-guens-jean-mary\/\" \/>\n<meta property=\"og:site_name\" content=\"LEGS &Eacute;DITION\" \/>\n<meta property=\"article:publisher\" content=\"https:\/\/web.facebook.com\/LegsEtLitterature\/\" \/>\n<meta property=\"article:modified_time\" content=\"2024-11-07T11:35:22+00:00\" \/>\n<meta property=\"og:image\" content=\"https:\/\/legsedition.net\/public\/wp-content\/uploads\/2023\/04\/arguens-j-mary.jpg\" \/>\n\t<meta property=\"og:image:width\" content=\"1080\" \/>\n\t<meta property=\"og:image:height\" content=\"1126\" \/>\n\t<meta property=\"og:image:type\" content=\"image\/jpeg\" \/>\n<meta name=\"twitter:card\" content=\"summary_large_image\" \/>\n<meta name=\"twitter:label1\" content=\"Dur\u00e9e de lecture estim\u00e9e\" \/>\n\t<meta name=\"twitter:data1\" content=\"2 minutes\" \/>\n<script type=\"application\/ld+json\" class=\"yoast-schema-graph\">{\"@context\":\"https:\\\/\\\/schema.org\",\"@graph\":[{\"@type\":\"WebPage\",\"@id\":\"https:\\\/\\\/legsedition.net\\\/public\\\/ar-guens-jean-mary\\\/\",\"url\":\"https:\\\/\\\/legsedition.net\\\/public\\\/ar-guens-jean-mary\\\/\",\"name\":\"Ar Guens Jean Mary | LEGS &Eacute;DITION\",\"isPartOf\":{\"@id\":\"https:\\\/\\\/legsedition.net\\\/public\\\/#website\"},\"primaryImageOfPage\":{\"@id\":\"https:\\\/\\\/legsedition.net\\\/public\\\/ar-guens-jean-mary\\\/#primaryimage\"},\"image\":{\"@id\":\"https:\\\/\\\/legsedition.net\\\/public\\\/ar-guens-jean-mary\\\/#primaryimage\"},\"thumbnailUrl\":\"https:\\\/\\\/legsedition.net\\\/public\\\/wp-content\\\/uploads\\\/2023\\\/04\\\/arguens-j-mary.jpg\",\"datePublished\":\"2023-03-31T12:05:00+00:00\",\"dateModified\":\"2024-11-07T11:35:22+00:00\",\"breadcrumb\":{\"@id\":\"https:\\\/\\\/legsedition.net\\\/public\\\/ar-guens-jean-mary\\\/#breadcrumb\"},\"inLanguage\":\"fr-FR\",\"potentialAction\":[{\"@type\":\"ReadAction\",\"target\":[\"https:\\\/\\\/legsedition.net\\\/public\\\/ar-guens-jean-mary\\\/\"]}]},{\"@type\":\"ImageObject\",\"inLanguage\":\"fr-FR\",\"@id\":\"https:\\\/\\\/legsedition.net\\\/public\\\/ar-guens-jean-mary\\\/#primaryimage\",\"url\":\"https:\\\/\\\/legsedition.net\\\/public\\\/wp-content\\\/uploads\\\/2023\\\/04\\\/arguens-j-mary.jpg\",\"contentUrl\":\"https:\\\/\\\/legsedition.net\\\/public\\\/wp-content\\\/uploads\\\/2023\\\/04\\\/arguens-j-mary.jpg\",\"width\":1080,\"height\":1126},{\"@type\":\"BreadcrumbList\",\"@id\":\"https:\\\/\\\/legsedition.net\\\/public\\\/ar-guens-jean-mary\\\/#breadcrumb\",\"itemListElement\":[{\"@type\":\"ListItem\",\"position\":1,\"name\":\"Home\",\"item\":\"https:\\\/\\\/legsedition.net\\\/public\\\/\"},{\"@type\":\"ListItem\",\"position\":2,\"name\":\"Ar Guens Jean Mary\"}]},{\"@type\":\"WebSite\",\"@id\":\"https:\\\/\\\/legsedition.net\\\/public\\\/#website\",\"url\":\"https:\\\/\\\/legsedition.net\\\/public\\\/\",\"name\":\"LEGS &Eacute;DITION\",\"description\":\"\",\"potentialAction\":[{\"@type\":\"SearchAction\",\"target\":{\"@type\":\"EntryPoint\",\"urlTemplate\":\"https:\\\/\\\/legsedition.net\\\/public\\\/?s={search_term_string}\"},\"query-input\":{\"@type\":\"PropertyValueSpecification\",\"valueRequired\":true,\"valueName\":\"search_term_string\"}}],\"inLanguage\":\"fr-FR\"}]}<\/script>\n<!-- \/ Yoast SEO plugin. -->","yoast_head_json":{"title":"Ar Guens Jean Mary | LEGS &Eacute;DITION","robots":{"index":"index","follow":"follow","max-snippet":"max-snippet:-1","max-image-preview":"max-image-preview:large","max-video-preview":"max-video-preview:-1"},"canonical":"https:\/\/legsedition.net\/public\/ar-guens-jean-mary\/","og_locale":"fr_FR","og_type":"article","og_title":"Ar Guens Jean Mary | LEGS &Eacute;DITION","og_description":"Ar Guens Jean Mary est n\u00e9 \u00e0 Port-au-Prince en 1992.\u00a0Il a \u00e9tudi\u00e9 les sciences de l\u2019\u00c9ducation (philosophie et litt\u00e9rature) \u00e0 l\u2019Universit\u00e9 Publique du Sud-Est \u00e0 Jacmel. Il est form\u00e9 en \u00e9criture de sc\u00e9nario documentaire et photographie avec des professionnels de...","og_url":"https:\/\/legsedition.net\/public\/ar-guens-jean-mary\/","og_site_name":"LEGS &Eacute;DITION","article_publisher":"https:\/\/web.facebook.com\/LegsEtLitterature\/","article_modified_time":"2024-11-07T11:35:22+00:00","og_image":[{"width":1080,"height":1126,"url":"https:\/\/legsedition.net\/public\/wp-content\/uploads\/2023\/04\/arguens-j-mary.jpg","type":"image\/jpeg"}],"twitter_card":"summary_large_image","twitter_misc":{"Dur\u00e9e de lecture estim\u00e9e":"2 minutes"},"schema":{"@context":"https:\/\/schema.org","@graph":[{"@type":"WebPage","@id":"https:\/\/legsedition.net\/public\/ar-guens-jean-mary\/","url":"https:\/\/legsedition.net\/public\/ar-guens-jean-mary\/","name":"Ar Guens Jean Mary | LEGS &Eacute;DITION","isPartOf":{"@id":"https:\/\/legsedition.net\/public\/#website"},"primaryImageOfPage":{"@id":"https:\/\/legsedition.net\/public\/ar-guens-jean-mary\/#primaryimage"},"image":{"@id":"https:\/\/legsedition.net\/public\/ar-guens-jean-mary\/#primaryimage"},"thumbnailUrl":"https:\/\/legsedition.net\/public\/wp-content\/uploads\/2023\/04\/arguens-j-mary.jpg","datePublished":"2023-03-31T12:05:00+00:00","dateModified":"2024-11-07T11:35:22+00:00","breadcrumb":{"@id":"https:\/\/legsedition.net\/public\/ar-guens-jean-mary\/#breadcrumb"},"inLanguage":"fr-FR","potentialAction":[{"@type":"ReadAction","target":["https:\/\/legsedition.net\/public\/ar-guens-jean-mary\/"]}]},{"@type":"ImageObject","inLanguage":"fr-FR","@id":"https:\/\/legsedition.net\/public\/ar-guens-jean-mary\/#primaryimage","url":"https:\/\/legsedition.net\/public\/wp-content\/uploads\/2023\/04\/arguens-j-mary.jpg","contentUrl":"https:\/\/legsedition.net\/public\/wp-content\/uploads\/2023\/04\/arguens-j-mary.jpg","width":1080,"height":1126},{"@type":"BreadcrumbList","@id":"https:\/\/legsedition.net\/public\/ar-guens-jean-mary\/#breadcrumb","itemListElement":[{"@type":"ListItem","position":1,"name":"Home","item":"https:\/\/legsedition.net\/public\/"},{"@type":"ListItem","position":2,"name":"Ar Guens Jean Mary"}]},{"@type":"WebSite","@id":"https:\/\/legsedition.net\/public\/#website","url":"https:\/\/legsedition.net\/public\/","name":"LEGS &Eacute;DITION","description":"","potentialAction":[{"@type":"SearchAction","target":{"@type":"EntryPoint","urlTemplate":"https:\/\/legsedition.net\/public\/?s={search_term_string}"},"query-input":{"@type":"PropertyValueSpecification","valueRequired":true,"valueName":"search_term_string"}}],"inLanguage":"fr-FR"}]}},"_links":{"self":[{"href":"https:\/\/legsedition.net\/public\/wp-json\/wp\/v2\/pages\/5367","targetHints":{"allow":["GET"]}}],"collection":[{"href":"https:\/\/legsedition.net\/public\/wp-json\/wp\/v2\/pages"}],"about":[{"href":"https:\/\/legsedition.net\/public\/wp-json\/wp\/v2\/types\/page"}],"author":[{"embeddable":true,"href":"https:\/\/legsedition.net\/public\/wp-json\/wp\/v2\/users\/2"}],"replies":[{"embeddable":true,"href":"https:\/\/legsedition.net\/public\/wp-json\/wp\/v2\/comments?post=5367"}],"version-history":[{"count":13,"href":"https:\/\/legsedition.net\/public\/wp-json\/wp\/v2\/pages\/5367\/revisions"}],"predecessor-version":[{"id":7152,"href":"https:\/\/legsedition.net\/public\/wp-json\/wp\/v2\/pages\/5367\/revisions\/7152"}],"wp:attachment":[{"href":"https:\/\/legsedition.net\/public\/wp-json\/wp\/v2\/media?parent=5367"}],"curies":[{"name":"wp","href":"https:\/\/api.w.org\/{rel}","templated":true}]}}