{"id":5703,"date":"2023-07-03T16:40:22","date_gmt":"2023-07-03T16:40:22","guid":{"rendered":"https:\/\/legsedition.net\/public\/?page_id=5703"},"modified":"2025-03-26T13:34:37","modified_gmt":"2025-03-26T13:34:37","slug":"collection-paroles","status":"publish","type":"page","link":"https:\/\/legsedition.net\/public\/collection-paroles\/","title":{"rendered":"Collection Paroles"},"content":{"rendered":"<p style=\"text-align: left;\">Dir. <a href=\"https:\/\/legsedition.net\/public\/guy-junior-regis\/\" target=\"_blank\" rel=\"noopener\">Guy R\u00e9gis Jr<\/a><\/p>\n<p><a href=\"https:\/\/legsedition.net\/public\/wp-content\/uploads\/2021\/07\/guy-regis-junior-cpatrick-fabre-2018.jpg\"><img decoding=\"async\" class=\"alignleft wp-image-4007 \" src=\"https:\/\/legsedition.net\/public\/wp-content\/uploads\/2021\/07\/guy-regis-junior-cpatrick-fabre-2018.jpg\" alt=\"\" width=\"146\" height=\"146\" srcset=\"https:\/\/legsedition.net\/public\/wp-content\/uploads\/2021\/07\/guy-regis-junior-cpatrick-fabre-2018.jpg 465w, https:\/\/legsedition.net\/public\/wp-content\/uploads\/2021\/07\/guy-regis-junior-cpatrick-fabre-2018-150x150.jpg 150w, https:\/\/legsedition.net\/public\/wp-content\/uploads\/2021\/07\/guy-regis-junior-cpatrick-fabre-2018-300x300.jpg 300w, https:\/\/legsedition.net\/public\/wp-content\/uploads\/2021\/07\/guy-regis-junior-cpatrick-fabre-2018-160x160.jpg 160w, https:\/\/legsedition.net\/public\/wp-content\/uploads\/2021\/07\/guy-regis-junior-cpatrick-fabre-2018-100x100.jpg 100w\" sizes=\"(max-width: 146px) 100vw, 146px\" \/><\/a><em>Au commencement \u00e9tait la parole&#8230;.<br \/>\n<\/em><em>Et la parole a \u00e9t\u00e9\u00a0faite chair&#8230;<\/em><\/p>\n<p><em>Paroles<\/em>, \u00e0 la fois comme marqueur de temporalit\u00e9 et expression de la spatialit\u00e9, mais aussi pour \u00e9voquer l&rsquo;id\u00e9e que toute l&rsquo;histoire de la vie humaine est constitu\u00e9e de sc\u00e8nes et tout appelle \u00e0 la repr\u00e9sentation, la <em>mimesis<\/em>.<\/p>\n<p>Aussi parce que le <em>parler<\/em> se situe dans l&rsquo;ordre de l&rsquo;agir, de l&rsquo;<em>Acta Fabula,<\/em> pour signifier que la vie est une belle fable.\u00a0<em>Paroles<\/em>, parce que surtout, parler, c\u2019est donner voix et corps aux choses, parce qu&rsquo;en m\u00eame temps cela tient lieu de figuration, il fait \u0153uvre de fondement et de fondation.<\/p>\n<p>La collection <em>Paroles<\/em>, au m\u00eame titre que les po\u00e8mes de Pr\u00e9vert, entend restituer les diff\u00e9rentes fables constitutives de l&rsquo;art de la vie, les sc\u00e8nes et fragments du dire et faire ha\u00eftiens et francophones dans les limites du possible.\u00a0Du conte aux chants\/chansons populaires, du monologue aux chants sacr\u00e9s, de la fiction th\u00e9\u00e2tralis\u00e9e \u00e0 la parole perdue, elle s\u2019inscrit dans une d\u00e9marche de la parole lib\u00e9r\u00e9e pour p(a)enser le monde.<\/p>\n<p>Des paroles et des sc\u00e8nes de vies pour restituer l\u2019humanit\u00e9 aux hommes et femmes de notre monde.<\/p>\n<p><b>\u0152uvres<\/b><strong>\u00a0publi\u00e9es<\/strong><\/p>\n<p><a href=\"https:\/\/legsedition.net\/public\/2025\/02\/02\/tais-toi-et-creuse-suivi-de-la-mer-est-ma-nation\/\" target=\"_blank\" rel=\"noopener\"><em>Tais-toi et creuse <\/em>suivi de<\/a><em><a href=\"https:\/\/legsedition.net\/public\/2025\/02\/02\/tais-toi-et-creuse-suivi-de-la-mer-est-ma-nation\/\" target=\"_blank\" rel=\"noopener\"> La mer est ma nation<\/a>, <\/em>Hala Moughanie<\/p>\n<p><a href=\"https:\/\/legsedition.net\/public\/wp-content\/uploads\/2025\/02\/tais-toi-et-creuse_cover.png\"><img fetchpriority=\"high\" decoding=\"async\" class=\"alignnone wp-image-8308 \" src=\"https:\/\/legsedition.net\/public\/wp-content\/uploads\/2025\/02\/tais-toi-et-creuse_cover.png\" alt=\"\" width=\"204\" height=\"354\" srcset=\"https:\/\/legsedition.net\/public\/wp-content\/uploads\/2025\/02\/tais-toi-et-creuse_cover.png 513w, https:\/\/legsedition.net\/public\/wp-content\/uploads\/2025\/02\/tais-toi-et-creuse_cover-173x300.png 173w\" sizes=\"(max-width: 204px) 100vw, 204px\" \/><\/a><\/p>\n","protected":false},"excerpt":{"rendered":"<p>Dir. Guy R\u00e9gis Jr Au commencement \u00e9tait la parole&#8230;. Et la parole a \u00e9t\u00e9\u00a0faite chair&#8230; Paroles, \u00e0 la fois comme marqueur de temporalit\u00e9 et expression de la spatialit\u00e9, mais aussi pour \u00e9voquer l&rsquo;id\u00e9e que toute l&rsquo;histoire de la vie humaine&#8230;<\/p>\n","protected":false},"author":2,"featured_media":0,"parent":0,"menu_order":0,"comment_status":"closed","ping_status":"closed","template":"","meta":{"footnotes":""},"class_list":["post-5703","page","type-page","status-publish","hentry","no-post-thumbnail"],"yoast_head":"<!-- This site is optimized with the Yoast SEO plugin v27.3 - https:\/\/yoast.com\/product\/yoast-seo-wordpress\/ -->\n<title>Collection Paroles | LEGS &Eacute;DITION<\/title>\n<meta name=\"robots\" content=\"index, follow, max-snippet:-1, max-image-preview:large, max-video-preview:-1\" \/>\n<link rel=\"canonical\" href=\"https:\/\/legsedition.net\/public\/collection-paroles\/\" \/>\n<meta property=\"og:locale\" content=\"fr_FR\" \/>\n<meta property=\"og:type\" content=\"article\" \/>\n<meta property=\"og:title\" content=\"Collection Paroles | LEGS &Eacute;DITION\" \/>\n<meta property=\"og:description\" content=\"Dir. Guy R\u00e9gis Jr Au commencement \u00e9tait la parole&#8230;. Et la parole a \u00e9t\u00e9\u00a0faite chair&#8230; Paroles, \u00e0 la fois comme marqueur de temporalit\u00e9 et expression de la spatialit\u00e9, mais aussi pour \u00e9voquer l&rsquo;id\u00e9e que toute l&rsquo;histoire de la vie humaine...\" \/>\n<meta property=\"og:url\" content=\"https:\/\/legsedition.net\/public\/collection-paroles\/\" \/>\n<meta property=\"og:site_name\" content=\"LEGS &Eacute;DITION\" \/>\n<meta property=\"article:publisher\" content=\"https:\/\/web.facebook.com\/LegsEtLitterature\/\" \/>\n<meta property=\"article:modified_time\" content=\"2025-03-26T13:34:37+00:00\" \/>\n<meta property=\"og:image\" content=\"https:\/\/legsedition.net\/public\/wp-content\/uploads\/2021\/07\/guy-regis-junior-cpatrick-fabre-2018.jpg\" \/>\n\t<meta property=\"og:image:width\" content=\"465\" \/>\n\t<meta property=\"og:image:height\" content=\"465\" \/>\n\t<meta property=\"og:image:type\" content=\"image\/jpeg\" \/>\n<meta name=\"twitter:card\" content=\"summary_large_image\" \/>\n<meta name=\"twitter:label1\" content=\"Dur\u00e9e de lecture estim\u00e9e\" \/>\n\t<meta name=\"twitter:data1\" content=\"2 minutes\" \/>\n<script type=\"application\/ld+json\" class=\"yoast-schema-graph\">{\"@context\":\"https:\\\/\\\/schema.org\",\"@graph\":[{\"@type\":\"WebPage\",\"@id\":\"https:\\\/\\\/legsedition.net\\\/public\\\/collection-paroles\\\/\",\"url\":\"https:\\\/\\\/legsedition.net\\\/public\\\/collection-paroles\\\/\",\"name\":\"Collection Paroles | LEGS &Eacute;DITION\",\"isPartOf\":{\"@id\":\"https:\\\/\\\/legsedition.net\\\/public\\\/#website\"},\"primaryImageOfPage\":{\"@id\":\"https:\\\/\\\/legsedition.net\\\/public\\\/collection-paroles\\\/#primaryimage\"},\"image\":{\"@id\":\"https:\\\/\\\/legsedition.net\\\/public\\\/collection-paroles\\\/#primaryimage\"},\"thumbnailUrl\":\"https:\\\/\\\/legsedition.net\\\/public\\\/wp-content\\\/uploads\\\/2021\\\/07\\\/guy-regis-junior-cpatrick-fabre-2018.jpg\",\"datePublished\":\"2023-07-03T16:40:22+00:00\",\"dateModified\":\"2025-03-26T13:34:37+00:00\",\"breadcrumb\":{\"@id\":\"https:\\\/\\\/legsedition.net\\\/public\\\/collection-paroles\\\/#breadcrumb\"},\"inLanguage\":\"fr-FR\",\"potentialAction\":[{\"@type\":\"ReadAction\",\"target\":[\"https:\\\/\\\/legsedition.net\\\/public\\\/collection-paroles\\\/\"]}]},{\"@type\":\"ImageObject\",\"inLanguage\":\"fr-FR\",\"@id\":\"https:\\\/\\\/legsedition.net\\\/public\\\/collection-paroles\\\/#primaryimage\",\"url\":\"https:\\\/\\\/legsedition.net\\\/public\\\/wp-content\\\/uploads\\\/2021\\\/07\\\/guy-regis-junior-cpatrick-fabre-2018.jpg\",\"contentUrl\":\"https:\\\/\\\/legsedition.net\\\/public\\\/wp-content\\\/uploads\\\/2021\\\/07\\\/guy-regis-junior-cpatrick-fabre-2018.jpg\",\"width\":465,\"height\":465},{\"@type\":\"BreadcrumbList\",\"@id\":\"https:\\\/\\\/legsedition.net\\\/public\\\/collection-paroles\\\/#breadcrumb\",\"itemListElement\":[{\"@type\":\"ListItem\",\"position\":1,\"name\":\"Home\",\"item\":\"https:\\\/\\\/legsedition.net\\\/public\\\/\"},{\"@type\":\"ListItem\",\"position\":2,\"name\":\"Collection Paroles\"}]},{\"@type\":\"WebSite\",\"@id\":\"https:\\\/\\\/legsedition.net\\\/public\\\/#website\",\"url\":\"https:\\\/\\\/legsedition.net\\\/public\\\/\",\"name\":\"LEGS &Eacute;DITION\",\"description\":\"\",\"potentialAction\":[{\"@type\":\"SearchAction\",\"target\":{\"@type\":\"EntryPoint\",\"urlTemplate\":\"https:\\\/\\\/legsedition.net\\\/public\\\/?s={search_term_string}\"},\"query-input\":{\"@type\":\"PropertyValueSpecification\",\"valueRequired\":true,\"valueName\":\"search_term_string\"}}],\"inLanguage\":\"fr-FR\"}]}<\/script>\n<!-- \/ Yoast SEO plugin. -->","yoast_head_json":{"title":"Collection Paroles | LEGS &Eacute;DITION","robots":{"index":"index","follow":"follow","max-snippet":"max-snippet:-1","max-image-preview":"max-image-preview:large","max-video-preview":"max-video-preview:-1"},"canonical":"https:\/\/legsedition.net\/public\/collection-paroles\/","og_locale":"fr_FR","og_type":"article","og_title":"Collection Paroles | LEGS &Eacute;DITION","og_description":"Dir. Guy R\u00e9gis Jr Au commencement \u00e9tait la parole&#8230;. Et la parole a \u00e9t\u00e9\u00a0faite chair&#8230; Paroles, \u00e0 la fois comme marqueur de temporalit\u00e9 et expression de la spatialit\u00e9, mais aussi pour \u00e9voquer l&rsquo;id\u00e9e que toute l&rsquo;histoire de la vie humaine...","og_url":"https:\/\/legsedition.net\/public\/collection-paroles\/","og_site_name":"LEGS &Eacute;DITION","article_publisher":"https:\/\/web.facebook.com\/LegsEtLitterature\/","article_modified_time":"2025-03-26T13:34:37+00:00","og_image":[{"width":465,"height":465,"url":"https:\/\/legsedition.net\/public\/wp-content\/uploads\/2021\/07\/guy-regis-junior-cpatrick-fabre-2018.jpg","type":"image\/jpeg"}],"twitter_card":"summary_large_image","twitter_misc":{"Dur\u00e9e de lecture estim\u00e9e":"2 minutes"},"schema":{"@context":"https:\/\/schema.org","@graph":[{"@type":"WebPage","@id":"https:\/\/legsedition.net\/public\/collection-paroles\/","url":"https:\/\/legsedition.net\/public\/collection-paroles\/","name":"Collection Paroles | LEGS &Eacute;DITION","isPartOf":{"@id":"https:\/\/legsedition.net\/public\/#website"},"primaryImageOfPage":{"@id":"https:\/\/legsedition.net\/public\/collection-paroles\/#primaryimage"},"image":{"@id":"https:\/\/legsedition.net\/public\/collection-paroles\/#primaryimage"},"thumbnailUrl":"https:\/\/legsedition.net\/public\/wp-content\/uploads\/2021\/07\/guy-regis-junior-cpatrick-fabre-2018.jpg","datePublished":"2023-07-03T16:40:22+00:00","dateModified":"2025-03-26T13:34:37+00:00","breadcrumb":{"@id":"https:\/\/legsedition.net\/public\/collection-paroles\/#breadcrumb"},"inLanguage":"fr-FR","potentialAction":[{"@type":"ReadAction","target":["https:\/\/legsedition.net\/public\/collection-paroles\/"]}]},{"@type":"ImageObject","inLanguage":"fr-FR","@id":"https:\/\/legsedition.net\/public\/collection-paroles\/#primaryimage","url":"https:\/\/legsedition.net\/public\/wp-content\/uploads\/2021\/07\/guy-regis-junior-cpatrick-fabre-2018.jpg","contentUrl":"https:\/\/legsedition.net\/public\/wp-content\/uploads\/2021\/07\/guy-regis-junior-cpatrick-fabre-2018.jpg","width":465,"height":465},{"@type":"BreadcrumbList","@id":"https:\/\/legsedition.net\/public\/collection-paroles\/#breadcrumb","itemListElement":[{"@type":"ListItem","position":1,"name":"Home","item":"https:\/\/legsedition.net\/public\/"},{"@type":"ListItem","position":2,"name":"Collection Paroles"}]},{"@type":"WebSite","@id":"https:\/\/legsedition.net\/public\/#website","url":"https:\/\/legsedition.net\/public\/","name":"LEGS &Eacute;DITION","description":"","potentialAction":[{"@type":"SearchAction","target":{"@type":"EntryPoint","urlTemplate":"https:\/\/legsedition.net\/public\/?s={search_term_string}"},"query-input":{"@type":"PropertyValueSpecification","valueRequired":true,"valueName":"search_term_string"}}],"inLanguage":"fr-FR"}]}},"_links":{"self":[{"href":"https:\/\/legsedition.net\/public\/wp-json\/wp\/v2\/pages\/5703","targetHints":{"allow":["GET"]}}],"collection":[{"href":"https:\/\/legsedition.net\/public\/wp-json\/wp\/v2\/pages"}],"about":[{"href":"https:\/\/legsedition.net\/public\/wp-json\/wp\/v2\/types\/page"}],"author":[{"embeddable":true,"href":"https:\/\/legsedition.net\/public\/wp-json\/wp\/v2\/users\/2"}],"replies":[{"embeddable":true,"href":"https:\/\/legsedition.net\/public\/wp-json\/wp\/v2\/comments?post=5703"}],"version-history":[{"count":14,"href":"https:\/\/legsedition.net\/public\/wp-json\/wp\/v2\/pages\/5703\/revisions"}],"predecessor-version":[{"id":8505,"href":"https:\/\/legsedition.net\/public\/wp-json\/wp\/v2\/pages\/5703\/revisions\/8505"}],"wp:attachment":[{"href":"https:\/\/legsedition.net\/public\/wp-json\/wp\/v2\/media?parent=5703"}],"curies":[{"name":"wp","href":"https:\/\/api.w.org\/{rel}","templated":true}]}}