{"id":5828,"date":"2023-09-22T16:44:53","date_gmt":"2023-09-22T16:44:53","guid":{"rendered":"https:\/\/legsedition.net\/public\/?page_id=5828"},"modified":"2024-11-07T11:27:50","modified_gmt":"2024-11-07T11:27:50","slug":"negresse-colas","status":"publish","type":"page","link":"https:\/\/legsedition.net\/public\/negresse-colas\/","title":{"rendered":"N\u00e9gresse Colas"},"content":{"rendered":"<figure id=\"attachment_5829\" aria-describedby=\"caption-attachment-5829\" style=\"width: 189px\" class=\"wp-caption alignleft\"><a href=\"https:\/\/legsedition.net\/public\/wp-content\/uploads\/2023\/09\/Negresse.jpg\"><img decoding=\"async\" class=\"wp-image-5829\" src=\"https:\/\/legsedition.net\/public\/wp-content\/uploads\/2023\/09\/Negresse.jpg\" alt=\"\" width=\"189\" height=\"189\" srcset=\"https:\/\/legsedition.net\/public\/wp-content\/uploads\/2023\/09\/Negresse.jpg 731w, https:\/\/legsedition.net\/public\/wp-content\/uploads\/2023\/09\/Negresse-150x150.jpg 150w, https:\/\/legsedition.net\/public\/wp-content\/uploads\/2023\/09\/Negresse-300x300.jpg 300w, https:\/\/legsedition.net\/public\/wp-content\/uploads\/2023\/09\/Negresse-600x600.jpg 600w, https:\/\/legsedition.net\/public\/wp-content\/uploads\/2023\/09\/Negresse-160x160.jpg 160w, https:\/\/legsedition.net\/public\/wp-content\/uploads\/2023\/09\/Negresse-100x100.jpg 100w\" sizes=\"(max-width: 189px) 100vw, 189px\" \/><\/a><figcaption id=\"caption-attachment-5829\" class=\"wp-caption-text\">\u00a9 Moy&rsquo;Art<\/figcaption><\/figure>\n<p>N\u00e9gresse Colas est n\u00e9e \u00e0 Port-au-Prince le 19 novembre 1995. Po\u00e9tesse et slameuse, elle est l\u2019auteure d\u2019un recueil de po\u00e8mes, <em>Mes marques, mon histoire<\/em> (Les \u00c9ditions Plus, 2019), d\u2019une nouvelle parue dans le recueil collectif <em>Une soir\u00e9e ha\u00eftienne,<\/em>\u00a0(CIDIHCA, 2020) et de po\u00e8mes publi\u00e9s dans la revue <em>D\u00e9brid\u00e9 <\/em>et l&rsquo;anthologie <em>Voix de femmes. Anthologie de po\u00e9sie f\u00e9minine contemporaine\u00a0<\/em>(2021). Sa nouvelle \u00ab Le prix d\u2019une d\u00e9ception \u00bb a re\u00e7u le premier Prix de la saison des lettres congolaises en 2019.<\/p>\n<p><strong>Publication chez LEGS \u00c9DITION<\/strong><\/p>\n<p><a href=\"https:\/\/legsedition.net\/public\/2023\/11\/10\/indecences\/\" target=\"_blank\" rel=\"noopener\"><i>Ind\u00e9cences<\/i><\/a><em>,\u00a0<\/em>2023\u00a0(Textes r\u00e9unis et pr\u00e9sent\u00e9s par Dieulermesson Petit Fr\u00e8re)<\/p>\n<p><a href=\"https:\/\/legsedition.net\/public\/wp-content\/uploads\/2023\/09\/Cover_indecences.png\"><img fetchpriority=\"high\" decoding=\"async\" class=\"wp-image-6017 alignleft\" src=\"https:\/\/legsedition.net\/public\/wp-content\/uploads\/2023\/09\/Cover_indecences.png\" alt=\"\" width=\"195\" height=\"365\" srcset=\"https:\/\/legsedition.net\/public\/wp-content\/uploads\/2023\/09\/Cover_indecences.png 260w, https:\/\/legsedition.net\/public\/wp-content\/uploads\/2023\/09\/Cover_indecences-160x300.png 160w, https:\/\/legsedition.net\/public\/wp-content\/uploads\/2023\/09\/Cover_indecences-86x160.png 86w\" sizes=\"(max-width: 195px) 100vw, 195px\" \/><\/a><\/p>\n","protected":false},"excerpt":{"rendered":"<p>N\u00e9gresse Colas est n\u00e9e \u00e0 Port-au-Prince le 19 novembre 1995. Po\u00e9tesse et slameuse, elle est l\u2019auteure d\u2019un recueil de po\u00e8mes, Mes marques, mon histoire (Les \u00c9ditions Plus, 2019), d\u2019une nouvelle parue dans le recueil collectif Une soir\u00e9e ha\u00eftienne,\u00a0(CIDIHCA, 2020) et&#8230;<\/p>\n","protected":false},"author":2,"featured_media":0,"parent":0,"menu_order":0,"comment_status":"closed","ping_status":"closed","template":"","meta":{"footnotes":""},"class_list":["post-5828","page","type-page","status-publish","hentry","no-post-thumbnail"],"yoast_head":"<!-- This site is optimized with the Yoast SEO plugin v27.3 - https:\/\/yoast.com\/product\/yoast-seo-wordpress\/ -->\n<title>N\u00e9gresse Colas | LEGS &Eacute;DITION<\/title>\n<meta name=\"robots\" content=\"index, follow, max-snippet:-1, max-image-preview:large, max-video-preview:-1\" \/>\n<link rel=\"canonical\" href=\"https:\/\/legsedition.net\/public\/negresse-colas\/\" \/>\n<meta property=\"og:locale\" content=\"fr_FR\" \/>\n<meta property=\"og:type\" content=\"article\" \/>\n<meta property=\"og:title\" content=\"N\u00e9gresse Colas | LEGS &Eacute;DITION\" \/>\n<meta property=\"og:description\" content=\"N\u00e9gresse Colas est n\u00e9e \u00e0 Port-au-Prince le 19 novembre 1995. Po\u00e9tesse et slameuse, elle est l\u2019auteure d\u2019un recueil de po\u00e8mes, Mes marques, mon histoire (Les \u00c9ditions Plus, 2019), d\u2019une nouvelle parue dans le recueil collectif Une soir\u00e9e ha\u00eftienne,\u00a0(CIDIHCA, 2020) et...\" \/>\n<meta property=\"og:url\" content=\"https:\/\/legsedition.net\/public\/negresse-colas\/\" \/>\n<meta property=\"og:site_name\" content=\"LEGS &Eacute;DITION\" \/>\n<meta property=\"article:publisher\" content=\"https:\/\/web.facebook.com\/LegsEtLitterature\/\" \/>\n<meta property=\"article:modified_time\" content=\"2024-11-07T11:27:50+00:00\" \/>\n<meta property=\"og:image\" content=\"https:\/\/legsedition.net\/public\/wp-content\/uploads\/2023\/09\/Negresse.jpg\" \/>\n\t<meta property=\"og:image:width\" content=\"731\" \/>\n\t<meta property=\"og:image:height\" content=\"731\" \/>\n\t<meta property=\"og:image:type\" content=\"image\/jpeg\" \/>\n<meta name=\"twitter:card\" content=\"summary_large_image\" \/>\n<meta name=\"twitter:label1\" content=\"Dur\u00e9e de lecture estim\u00e9e\" \/>\n\t<meta name=\"twitter:data1\" content=\"1 minute\" \/>\n<script type=\"application\/ld+json\" class=\"yoast-schema-graph\">{\"@context\":\"https:\\\/\\\/schema.org\",\"@graph\":[{\"@type\":\"WebPage\",\"@id\":\"https:\\\/\\\/legsedition.net\\\/public\\\/negresse-colas\\\/\",\"url\":\"https:\\\/\\\/legsedition.net\\\/public\\\/negresse-colas\\\/\",\"name\":\"N\u00e9gresse Colas | LEGS &Eacute;DITION\",\"isPartOf\":{\"@id\":\"https:\\\/\\\/legsedition.net\\\/public\\\/#website\"},\"primaryImageOfPage\":{\"@id\":\"https:\\\/\\\/legsedition.net\\\/public\\\/negresse-colas\\\/#primaryimage\"},\"image\":{\"@id\":\"https:\\\/\\\/legsedition.net\\\/public\\\/negresse-colas\\\/#primaryimage\"},\"thumbnailUrl\":\"https:\\\/\\\/legsedition.net\\\/public\\\/wp-content\\\/uploads\\\/2023\\\/09\\\/Negresse.jpg\",\"datePublished\":\"2023-09-22T16:44:53+00:00\",\"dateModified\":\"2024-11-07T11:27:50+00:00\",\"breadcrumb\":{\"@id\":\"https:\\\/\\\/legsedition.net\\\/public\\\/negresse-colas\\\/#breadcrumb\"},\"inLanguage\":\"fr-FR\",\"potentialAction\":[{\"@type\":\"ReadAction\",\"target\":[\"https:\\\/\\\/legsedition.net\\\/public\\\/negresse-colas\\\/\"]}]},{\"@type\":\"ImageObject\",\"inLanguage\":\"fr-FR\",\"@id\":\"https:\\\/\\\/legsedition.net\\\/public\\\/negresse-colas\\\/#primaryimage\",\"url\":\"https:\\\/\\\/legsedition.net\\\/public\\\/wp-content\\\/uploads\\\/2023\\\/09\\\/Negresse.jpg\",\"contentUrl\":\"https:\\\/\\\/legsedition.net\\\/public\\\/wp-content\\\/uploads\\\/2023\\\/09\\\/Negresse.jpg\",\"width\":731,\"height\":731},{\"@type\":\"BreadcrumbList\",\"@id\":\"https:\\\/\\\/legsedition.net\\\/public\\\/negresse-colas\\\/#breadcrumb\",\"itemListElement\":[{\"@type\":\"ListItem\",\"position\":1,\"name\":\"Home\",\"item\":\"https:\\\/\\\/legsedition.net\\\/public\\\/\"},{\"@type\":\"ListItem\",\"position\":2,\"name\":\"N\u00e9gresse Colas\"}]},{\"@type\":\"WebSite\",\"@id\":\"https:\\\/\\\/legsedition.net\\\/public\\\/#website\",\"url\":\"https:\\\/\\\/legsedition.net\\\/public\\\/\",\"name\":\"LEGS &Eacute;DITION\",\"description\":\"\",\"potentialAction\":[{\"@type\":\"SearchAction\",\"target\":{\"@type\":\"EntryPoint\",\"urlTemplate\":\"https:\\\/\\\/legsedition.net\\\/public\\\/?s={search_term_string}\"},\"query-input\":{\"@type\":\"PropertyValueSpecification\",\"valueRequired\":true,\"valueName\":\"search_term_string\"}}],\"inLanguage\":\"fr-FR\"}]}<\/script>\n<!-- \/ Yoast SEO plugin. -->","yoast_head_json":{"title":"N\u00e9gresse Colas | LEGS &Eacute;DITION","robots":{"index":"index","follow":"follow","max-snippet":"max-snippet:-1","max-image-preview":"max-image-preview:large","max-video-preview":"max-video-preview:-1"},"canonical":"https:\/\/legsedition.net\/public\/negresse-colas\/","og_locale":"fr_FR","og_type":"article","og_title":"N\u00e9gresse Colas | LEGS &Eacute;DITION","og_description":"N\u00e9gresse Colas est n\u00e9e \u00e0 Port-au-Prince le 19 novembre 1995. Po\u00e9tesse et slameuse, elle est l\u2019auteure d\u2019un recueil de po\u00e8mes, Mes marques, mon histoire (Les \u00c9ditions Plus, 2019), d\u2019une nouvelle parue dans le recueil collectif Une soir\u00e9e ha\u00eftienne,\u00a0(CIDIHCA, 2020) et...","og_url":"https:\/\/legsedition.net\/public\/negresse-colas\/","og_site_name":"LEGS &Eacute;DITION","article_publisher":"https:\/\/web.facebook.com\/LegsEtLitterature\/","article_modified_time":"2024-11-07T11:27:50+00:00","og_image":[{"width":731,"height":731,"url":"https:\/\/legsedition.net\/public\/wp-content\/uploads\/2023\/09\/Negresse.jpg","type":"image\/jpeg"}],"twitter_card":"summary_large_image","twitter_misc":{"Dur\u00e9e de lecture estim\u00e9e":"1 minute"},"schema":{"@context":"https:\/\/schema.org","@graph":[{"@type":"WebPage","@id":"https:\/\/legsedition.net\/public\/negresse-colas\/","url":"https:\/\/legsedition.net\/public\/negresse-colas\/","name":"N\u00e9gresse Colas | LEGS &Eacute;DITION","isPartOf":{"@id":"https:\/\/legsedition.net\/public\/#website"},"primaryImageOfPage":{"@id":"https:\/\/legsedition.net\/public\/negresse-colas\/#primaryimage"},"image":{"@id":"https:\/\/legsedition.net\/public\/negresse-colas\/#primaryimage"},"thumbnailUrl":"https:\/\/legsedition.net\/public\/wp-content\/uploads\/2023\/09\/Negresse.jpg","datePublished":"2023-09-22T16:44:53+00:00","dateModified":"2024-11-07T11:27:50+00:00","breadcrumb":{"@id":"https:\/\/legsedition.net\/public\/negresse-colas\/#breadcrumb"},"inLanguage":"fr-FR","potentialAction":[{"@type":"ReadAction","target":["https:\/\/legsedition.net\/public\/negresse-colas\/"]}]},{"@type":"ImageObject","inLanguage":"fr-FR","@id":"https:\/\/legsedition.net\/public\/negresse-colas\/#primaryimage","url":"https:\/\/legsedition.net\/public\/wp-content\/uploads\/2023\/09\/Negresse.jpg","contentUrl":"https:\/\/legsedition.net\/public\/wp-content\/uploads\/2023\/09\/Negresse.jpg","width":731,"height":731},{"@type":"BreadcrumbList","@id":"https:\/\/legsedition.net\/public\/negresse-colas\/#breadcrumb","itemListElement":[{"@type":"ListItem","position":1,"name":"Home","item":"https:\/\/legsedition.net\/public\/"},{"@type":"ListItem","position":2,"name":"N\u00e9gresse Colas"}]},{"@type":"WebSite","@id":"https:\/\/legsedition.net\/public\/#website","url":"https:\/\/legsedition.net\/public\/","name":"LEGS &Eacute;DITION","description":"","potentialAction":[{"@type":"SearchAction","target":{"@type":"EntryPoint","urlTemplate":"https:\/\/legsedition.net\/public\/?s={search_term_string}"},"query-input":{"@type":"PropertyValueSpecification","valueRequired":true,"valueName":"search_term_string"}}],"inLanguage":"fr-FR"}]}},"_links":{"self":[{"href":"https:\/\/legsedition.net\/public\/wp-json\/wp\/v2\/pages\/5828","targetHints":{"allow":["GET"]}}],"collection":[{"href":"https:\/\/legsedition.net\/public\/wp-json\/wp\/v2\/pages"}],"about":[{"href":"https:\/\/legsedition.net\/public\/wp-json\/wp\/v2\/types\/page"}],"author":[{"embeddable":true,"href":"https:\/\/legsedition.net\/public\/wp-json\/wp\/v2\/users\/2"}],"replies":[{"embeddable":true,"href":"https:\/\/legsedition.net\/public\/wp-json\/wp\/v2\/comments?post=5828"}],"version-history":[{"count":6,"href":"https:\/\/legsedition.net\/public\/wp-json\/wp\/v2\/pages\/5828\/revisions"}],"predecessor-version":[{"id":7141,"href":"https:\/\/legsedition.net\/public\/wp-json\/wp\/v2\/pages\/5828\/revisions\/7141"}],"wp:attachment":[{"href":"https:\/\/legsedition.net\/public\/wp-json\/wp\/v2\/media?parent=5828"}],"curies":[{"name":"wp","href":"https:\/\/api.w.org\/{rel}","templated":true}]}}