{"id":5831,"date":"2023-09-22T16:49:57","date_gmt":"2023-09-22T16:49:57","guid":{"rendered":"https:\/\/legsedition.net\/public\/?page_id=5831"},"modified":"2024-11-07T11:28:16","modified_gmt":"2024-11-07T11:28:16","slug":"evens-dossous","status":"publish","type":"page","link":"https:\/\/legsedition.net\/public\/evens-dossous\/","title":{"rendered":"\u00c9vens Dossous"},"content":{"rendered":"<figure id=\"attachment_5832\" aria-describedby=\"caption-attachment-5832\" style=\"width: 164px\" class=\"wp-caption alignleft\"><a href=\"https:\/\/legsedition.net\/public\/wp-content\/uploads\/2023\/09\/MG_1658.jpg\"><img decoding=\"async\" class=\"wp-image-5832\" src=\"https:\/\/legsedition.net\/public\/wp-content\/uploads\/2023\/09\/MG_1658.jpg\" alt=\"\" width=\"164\" height=\"205\" srcset=\"https:\/\/legsedition.net\/public\/wp-content\/uploads\/2023\/09\/MG_1658.jpg 4160w, https:\/\/legsedition.net\/public\/wp-content\/uploads\/2023\/09\/MG_1658-240x300.jpg 240w, https:\/\/legsedition.net\/public\/wp-content\/uploads\/2023\/09\/MG_1658-768x960.jpg 768w, https:\/\/legsedition.net\/public\/wp-content\/uploads\/2023\/09\/MG_1658-819x1024.jpg 819w, https:\/\/legsedition.net\/public\/wp-content\/uploads\/2023\/09\/MG_1658-480x600.jpg 480w, https:\/\/legsedition.net\/public\/wp-content\/uploads\/2023\/09\/MG_1658-128x160.jpg 128w, https:\/\/legsedition.net\/public\/wp-content\/uploads\/2023\/09\/MG_1658-600x750.jpg 600w\" sizes=\"(max-width: 164px) 100vw, 164px\" \/><\/a><figcaption id=\"caption-attachment-5832\" class=\"wp-caption-text\">\u00a9 Wilbert Fortun\u00e9<\/figcaption><\/figure>\n<p>N\u00e9 \u00e0 Port-au-Prince le 24 septembre 1995, \u00c9vens Dossous est certifi\u00e9 \u00e8s lettres modernes \u00e0 l&rsquo;\u00c9cole normale sup\u00e9rieure (ENS) de Port-au-Prince. Ancien responsable de programmation au centre culturel ARAKA et coordonnateur du club de lecture SIGNET, il pr\u00e9pare actuellement un dipl\u00f4me de master en Litt\u00e9rature et Transculturalit\u00e9 \u00e0 l&rsquo;ENS de Port-au-Prince en partenariat avec l&rsquo;Universit\u00e9 Paris 8.<\/p>\n<p>Contributeur \u00e0 la revue <em>Legs et Litt\u00e9rature<\/em> o\u00f9 il a\u00a0publi\u00e9 des comptes rendus de lecture sur la litt\u00e9rature ha\u00eftienne, Dossous enseigne la culture litt\u00e9raire et anime des ateliers de lecture au secondaire.<\/p>\n<p><strong>Publication chez LEGS \u00c9DITION<\/strong><\/p>\n<p><a href=\"https:\/\/legsedition.net\/public\/2023\/11\/10\/indecences\/\" target=\"_blank\" rel=\"noopener\"><em>Ind\u00e9cences<\/em><\/a>, 2023 (Textes r\u00e9unis et pr\u00e9sent\u00e9s par Dieulermesson Petit Fr\u00e8re)<\/p>\n<p><a href=\"https:\/\/legsedition.net\/public\/wp-content\/uploads\/2023\/09\/Cover_indecences.png\"><img fetchpriority=\"high\" decoding=\"async\" class=\"wp-image-6017 alignleft\" src=\"https:\/\/legsedition.net\/public\/wp-content\/uploads\/2023\/09\/Cover_indecences.png\" alt=\"\" width=\"195\" height=\"365\" srcset=\"https:\/\/legsedition.net\/public\/wp-content\/uploads\/2023\/09\/Cover_indecences.png 260w, https:\/\/legsedition.net\/public\/wp-content\/uploads\/2023\/09\/Cover_indecences-160x300.png 160w, https:\/\/legsedition.net\/public\/wp-content\/uploads\/2023\/09\/Cover_indecences-86x160.png 86w\" sizes=\"(max-width: 195px) 100vw, 195px\" \/><\/a><\/p>\n","protected":false},"excerpt":{"rendered":"<p>N\u00e9 \u00e0 Port-au-Prince le 24 septembre 1995, \u00c9vens Dossous est certifi\u00e9 \u00e8s lettres modernes \u00e0 l&rsquo;\u00c9cole normale sup\u00e9rieure (ENS) de Port-au-Prince. Ancien responsable de programmation au centre culturel ARAKA et coordonnateur du club de lecture SIGNET, il pr\u00e9pare actuellement un&#8230;<\/p>\n","protected":false},"author":2,"featured_media":0,"parent":0,"menu_order":0,"comment_status":"closed","ping_status":"closed","template":"","meta":{"footnotes":""},"class_list":["post-5831","page","type-page","status-publish","hentry","no-post-thumbnail"],"yoast_head":"<!-- This site is optimized with the Yoast SEO plugin v27.3 - https:\/\/yoast.com\/product\/yoast-seo-wordpress\/ -->\n<title>\u00c9vens Dossous | LEGS &Eacute;DITION<\/title>\n<meta name=\"robots\" content=\"index, follow, max-snippet:-1, max-image-preview:large, max-video-preview:-1\" \/>\n<link rel=\"canonical\" href=\"https:\/\/legsedition.net\/public\/evens-dossous\/\" \/>\n<meta property=\"og:locale\" content=\"fr_FR\" \/>\n<meta property=\"og:type\" content=\"article\" \/>\n<meta property=\"og:title\" content=\"\u00c9vens Dossous | LEGS &Eacute;DITION\" \/>\n<meta property=\"og:description\" content=\"N\u00e9 \u00e0 Port-au-Prince le 24 septembre 1995, \u00c9vens Dossous est certifi\u00e9 \u00e8s lettres modernes \u00e0 l&rsquo;\u00c9cole normale sup\u00e9rieure (ENS) de Port-au-Prince. Ancien responsable de programmation au centre culturel ARAKA et coordonnateur du club de lecture SIGNET, il pr\u00e9pare actuellement un...\" \/>\n<meta property=\"og:url\" content=\"https:\/\/legsedition.net\/public\/evens-dossous\/\" \/>\n<meta property=\"og:site_name\" content=\"LEGS &Eacute;DITION\" \/>\n<meta property=\"article:publisher\" content=\"https:\/\/web.facebook.com\/LegsEtLitterature\/\" \/>\n<meta property=\"article:modified_time\" content=\"2024-11-07T11:28:16+00:00\" \/>\n<meta property=\"og:image\" content=\"https:\/\/legsedition.net\/public\/wp-content\/uploads\/2023\/09\/MG_1658-819x1024.jpg\" \/>\n\t<meta property=\"og:image:width\" content=\"819\" \/>\n\t<meta property=\"og:image:height\" content=\"1024\" \/>\n\t<meta property=\"og:image:type\" content=\"image\/jpeg\" \/>\n<meta name=\"twitter:card\" content=\"summary_large_image\" \/>\n<meta name=\"twitter:label1\" content=\"Dur\u00e9e de lecture estim\u00e9e\" \/>\n\t<meta name=\"twitter:data1\" content=\"1 minute\" \/>\n<script type=\"application\/ld+json\" class=\"yoast-schema-graph\">{\"@context\":\"https:\\\/\\\/schema.org\",\"@graph\":[{\"@type\":\"WebPage\",\"@id\":\"https:\\\/\\\/legsedition.net\\\/public\\\/evens-dossous\\\/\",\"url\":\"https:\\\/\\\/legsedition.net\\\/public\\\/evens-dossous\\\/\",\"name\":\"\u00c9vens Dossous | LEGS &Eacute;DITION\",\"isPartOf\":{\"@id\":\"https:\\\/\\\/legsedition.net\\\/public\\\/#website\"},\"primaryImageOfPage\":{\"@id\":\"https:\\\/\\\/legsedition.net\\\/public\\\/evens-dossous\\\/#primaryimage\"},\"image\":{\"@id\":\"https:\\\/\\\/legsedition.net\\\/public\\\/evens-dossous\\\/#primaryimage\"},\"thumbnailUrl\":\"https:\\\/\\\/legsedition.net\\\/public\\\/wp-content\\\/uploads\\\/2023\\\/09\\\/MG_1658.jpg\",\"datePublished\":\"2023-09-22T16:49:57+00:00\",\"dateModified\":\"2024-11-07T11:28:16+00:00\",\"breadcrumb\":{\"@id\":\"https:\\\/\\\/legsedition.net\\\/public\\\/evens-dossous\\\/#breadcrumb\"},\"inLanguage\":\"fr-FR\",\"potentialAction\":[{\"@type\":\"ReadAction\",\"target\":[\"https:\\\/\\\/legsedition.net\\\/public\\\/evens-dossous\\\/\"]}]},{\"@type\":\"ImageObject\",\"inLanguage\":\"fr-FR\",\"@id\":\"https:\\\/\\\/legsedition.net\\\/public\\\/evens-dossous\\\/#primaryimage\",\"url\":\"https:\\\/\\\/legsedition.net\\\/public\\\/wp-content\\\/uploads\\\/2023\\\/09\\\/MG_1658.jpg\",\"contentUrl\":\"https:\\\/\\\/legsedition.net\\\/public\\\/wp-content\\\/uploads\\\/2023\\\/09\\\/MG_1658.jpg\",\"width\":4160,\"height\":5200},{\"@type\":\"BreadcrumbList\",\"@id\":\"https:\\\/\\\/legsedition.net\\\/public\\\/evens-dossous\\\/#breadcrumb\",\"itemListElement\":[{\"@type\":\"ListItem\",\"position\":1,\"name\":\"Home\",\"item\":\"https:\\\/\\\/legsedition.net\\\/public\\\/\"},{\"@type\":\"ListItem\",\"position\":2,\"name\":\"\u00c9vens Dossous\"}]},{\"@type\":\"WebSite\",\"@id\":\"https:\\\/\\\/legsedition.net\\\/public\\\/#website\",\"url\":\"https:\\\/\\\/legsedition.net\\\/public\\\/\",\"name\":\"LEGS &Eacute;DITION\",\"description\":\"\",\"potentialAction\":[{\"@type\":\"SearchAction\",\"target\":{\"@type\":\"EntryPoint\",\"urlTemplate\":\"https:\\\/\\\/legsedition.net\\\/public\\\/?s={search_term_string}\"},\"query-input\":{\"@type\":\"PropertyValueSpecification\",\"valueRequired\":true,\"valueName\":\"search_term_string\"}}],\"inLanguage\":\"fr-FR\"}]}<\/script>\n<!-- \/ Yoast SEO plugin. -->","yoast_head_json":{"title":"\u00c9vens Dossous | LEGS &Eacute;DITION","robots":{"index":"index","follow":"follow","max-snippet":"max-snippet:-1","max-image-preview":"max-image-preview:large","max-video-preview":"max-video-preview:-1"},"canonical":"https:\/\/legsedition.net\/public\/evens-dossous\/","og_locale":"fr_FR","og_type":"article","og_title":"\u00c9vens Dossous | LEGS &Eacute;DITION","og_description":"N\u00e9 \u00e0 Port-au-Prince le 24 septembre 1995, \u00c9vens Dossous est certifi\u00e9 \u00e8s lettres modernes \u00e0 l&rsquo;\u00c9cole normale sup\u00e9rieure (ENS) de Port-au-Prince. Ancien responsable de programmation au centre culturel ARAKA et coordonnateur du club de lecture SIGNET, il pr\u00e9pare actuellement un...","og_url":"https:\/\/legsedition.net\/public\/evens-dossous\/","og_site_name":"LEGS &Eacute;DITION","article_publisher":"https:\/\/web.facebook.com\/LegsEtLitterature\/","article_modified_time":"2024-11-07T11:28:16+00:00","og_image":[{"width":819,"height":1024,"url":"https:\/\/legsedition.net\/public\/wp-content\/uploads\/2023\/09\/MG_1658-819x1024.jpg","type":"image\/jpeg"}],"twitter_card":"summary_large_image","twitter_misc":{"Dur\u00e9e de lecture estim\u00e9e":"1 minute"},"schema":{"@context":"https:\/\/schema.org","@graph":[{"@type":"WebPage","@id":"https:\/\/legsedition.net\/public\/evens-dossous\/","url":"https:\/\/legsedition.net\/public\/evens-dossous\/","name":"\u00c9vens Dossous | LEGS &Eacute;DITION","isPartOf":{"@id":"https:\/\/legsedition.net\/public\/#website"},"primaryImageOfPage":{"@id":"https:\/\/legsedition.net\/public\/evens-dossous\/#primaryimage"},"image":{"@id":"https:\/\/legsedition.net\/public\/evens-dossous\/#primaryimage"},"thumbnailUrl":"https:\/\/legsedition.net\/public\/wp-content\/uploads\/2023\/09\/MG_1658.jpg","datePublished":"2023-09-22T16:49:57+00:00","dateModified":"2024-11-07T11:28:16+00:00","breadcrumb":{"@id":"https:\/\/legsedition.net\/public\/evens-dossous\/#breadcrumb"},"inLanguage":"fr-FR","potentialAction":[{"@type":"ReadAction","target":["https:\/\/legsedition.net\/public\/evens-dossous\/"]}]},{"@type":"ImageObject","inLanguage":"fr-FR","@id":"https:\/\/legsedition.net\/public\/evens-dossous\/#primaryimage","url":"https:\/\/legsedition.net\/public\/wp-content\/uploads\/2023\/09\/MG_1658.jpg","contentUrl":"https:\/\/legsedition.net\/public\/wp-content\/uploads\/2023\/09\/MG_1658.jpg","width":4160,"height":5200},{"@type":"BreadcrumbList","@id":"https:\/\/legsedition.net\/public\/evens-dossous\/#breadcrumb","itemListElement":[{"@type":"ListItem","position":1,"name":"Home","item":"https:\/\/legsedition.net\/public\/"},{"@type":"ListItem","position":2,"name":"\u00c9vens Dossous"}]},{"@type":"WebSite","@id":"https:\/\/legsedition.net\/public\/#website","url":"https:\/\/legsedition.net\/public\/","name":"LEGS &Eacute;DITION","description":"","potentialAction":[{"@type":"SearchAction","target":{"@type":"EntryPoint","urlTemplate":"https:\/\/legsedition.net\/public\/?s={search_term_string}"},"query-input":{"@type":"PropertyValueSpecification","valueRequired":true,"valueName":"search_term_string"}}],"inLanguage":"fr-FR"}]}},"_links":{"self":[{"href":"https:\/\/legsedition.net\/public\/wp-json\/wp\/v2\/pages\/5831","targetHints":{"allow":["GET"]}}],"collection":[{"href":"https:\/\/legsedition.net\/public\/wp-json\/wp\/v2\/pages"}],"about":[{"href":"https:\/\/legsedition.net\/public\/wp-json\/wp\/v2\/types\/page"}],"author":[{"embeddable":true,"href":"https:\/\/legsedition.net\/public\/wp-json\/wp\/v2\/users\/2"}],"replies":[{"embeddable":true,"href":"https:\/\/legsedition.net\/public\/wp-json\/wp\/v2\/comments?post=5831"}],"version-history":[{"count":9,"href":"https:\/\/legsedition.net\/public\/wp-json\/wp\/v2\/pages\/5831\/revisions"}],"predecessor-version":[{"id":7142,"href":"https:\/\/legsedition.net\/public\/wp-json\/wp\/v2\/pages\/5831\/revisions\/7142"}],"wp:attachment":[{"href":"https:\/\/legsedition.net\/public\/wp-json\/wp\/v2\/media?parent=5831"}],"curies":[{"name":"wp","href":"https:\/\/api.w.org\/{rel}","templated":true}]}}