{"id":5836,"date":"2023-09-22T16:57:16","date_gmt":"2023-09-22T16:57:16","guid":{"rendered":"https:\/\/legsedition.net\/public\/?page_id=5836"},"modified":"2024-11-07T11:30:09","modified_gmt":"2024-11-07T11:30:09","slug":"sterlane-marie-michelle-mathelier","status":"publish","type":"page","link":"https:\/\/legsedition.net\/public\/sterlane-marie-michelle-mathelier\/","title":{"rendered":"Sterlane Marie Michelle Mathelier"},"content":{"rendered":"<figure id=\"attachment_5837\" aria-describedby=\"caption-attachment-5837\" style=\"width: 177px\" class=\"wp-caption alignleft\"><a href=\"https:\/\/legsedition.net\/public\/wp-content\/uploads\/2023\/09\/Sterlane.jpg\"><img decoding=\"async\" class=\"wp-image-5837\" src=\"https:\/\/legsedition.net\/public\/wp-content\/uploads\/2023\/09\/Sterlane.jpg\" alt=\"\" width=\"177\" height=\"236\" srcset=\"https:\/\/legsedition.net\/public\/wp-content\/uploads\/2023\/09\/Sterlane.jpg 810w, https:\/\/legsedition.net\/public\/wp-content\/uploads\/2023\/09\/Sterlane-225x300.jpg 225w, https:\/\/legsedition.net\/public\/wp-content\/uploads\/2023\/09\/Sterlane-768x1024.jpg 768w, https:\/\/legsedition.net\/public\/wp-content\/uploads\/2023\/09\/Sterlane-450x600.jpg 450w, https:\/\/legsedition.net\/public\/wp-content\/uploads\/2023\/09\/Sterlane-120x160.jpg 120w, https:\/\/legsedition.net\/public\/wp-content\/uploads\/2023\/09\/Sterlane-600x800.jpg 600w\" sizes=\"(max-width: 177px) 100vw, 177px\" \/><\/a><figcaption id=\"caption-attachment-5837\" class=\"wp-caption-text\">\u00a9 Jimson Duclair<\/figcaption><\/figure>\n<p>Sterlane Marie Michelle Mathelier est n\u00e9e le 31 mai 1999 \u00e0 Port-au-Prince o\u00f9 elle vit encore. Bloggeuse litt\u00e9raire et professeure de lettres au secondaire, elle fait des \u00e9tudes en philosophie \u00e0 l&rsquo;\u00c9cole normale sup\u00e9rieure (ENS) de Port-au-Prince.<\/p>\n<p>Ayant eu \u00e0 grandir dans l&rsquo;ambiance ins\u00e9curitaire port-au-princienne, la violence, la solitude et l&rsquo;exp\u00e9rience du deuil ont occup\u00e9 une grande place dans son adolescence et dans ses premiers essais d&rsquo;\u00e9criture. La litt\u00e9rature a \u00e9t\u00e9 pour elle durant cette p\u00e9riode, une forme de r\u00e9volte contre cette violence et de lutte contre l&rsquo;oubli.<\/p>\n<p>Sa plume se veut un combat contre tout ce que l&rsquo;histoire et les journaux passent sous silence.<\/p>\n<p><strong>Publication chez LEGS \u00c9DITION<\/strong><\/p>\n<p><a href=\"https:\/\/legsedition.net\/public\/2023\/11\/10\/indecences\/\" target=\"_blank\" rel=\"noopener\"><i>Ind\u00e9cences<\/i><\/a><em>,\u00a0<\/em>2023\u00a0(Textes r\u00e9unis et pr\u00e9sent\u00e9s par Dieulermesson Petit Fr\u00e8re)<\/p>\n<p><a href=\"https:\/\/legsedition.net\/public\/wp-content\/uploads\/2023\/09\/Cover_indecences.png\"><img fetchpriority=\"high\" decoding=\"async\" class=\"alignleft wp-image-6017 \" src=\"https:\/\/legsedition.net\/public\/wp-content\/uploads\/2023\/09\/Cover_indecences.png\" alt=\"\" width=\"196\" height=\"366\" srcset=\"https:\/\/legsedition.net\/public\/wp-content\/uploads\/2023\/09\/Cover_indecences.png 260w, https:\/\/legsedition.net\/public\/wp-content\/uploads\/2023\/09\/Cover_indecences-160x300.png 160w, https:\/\/legsedition.net\/public\/wp-content\/uploads\/2023\/09\/Cover_indecences-86x160.png 86w\" sizes=\"(max-width: 196px) 100vw, 196px\" \/><\/a><\/p>\n","protected":false},"excerpt":{"rendered":"<p>Sterlane Marie Michelle Mathelier est n\u00e9e le 31 mai 1999 \u00e0 Port-au-Prince o\u00f9 elle vit encore. Bloggeuse litt\u00e9raire et professeure de lettres au secondaire, elle fait des \u00e9tudes en philosophie \u00e0 l&rsquo;\u00c9cole normale sup\u00e9rieure (ENS) de Port-au-Prince. Ayant eu \u00e0&#8230;<\/p>\n","protected":false},"author":2,"featured_media":0,"parent":0,"menu_order":0,"comment_status":"closed","ping_status":"closed","template":"","meta":{"footnotes":""},"class_list":["post-5836","page","type-page","status-publish","hentry","no-post-thumbnail"],"yoast_head":"<!-- This site is optimized with the Yoast SEO plugin v27.3 - https:\/\/yoast.com\/product\/yoast-seo-wordpress\/ -->\n<title>Sterlane Marie Michelle Mathelier | LEGS &Eacute;DITION<\/title>\n<meta name=\"robots\" content=\"index, follow, max-snippet:-1, max-image-preview:large, max-video-preview:-1\" \/>\n<link rel=\"canonical\" href=\"https:\/\/legsedition.net\/public\/sterlane-marie-michelle-mathelier\/\" \/>\n<meta property=\"og:locale\" content=\"fr_FR\" \/>\n<meta property=\"og:type\" content=\"article\" \/>\n<meta property=\"og:title\" content=\"Sterlane Marie Michelle Mathelier | LEGS &Eacute;DITION\" \/>\n<meta property=\"og:description\" content=\"Sterlane Marie Michelle Mathelier est n\u00e9e le 31 mai 1999 \u00e0 Port-au-Prince o\u00f9 elle vit encore. Bloggeuse litt\u00e9raire et professeure de lettres au secondaire, elle fait des \u00e9tudes en philosophie \u00e0 l&rsquo;\u00c9cole normale sup\u00e9rieure (ENS) de Port-au-Prince. Ayant eu \u00e0...\" \/>\n<meta property=\"og:url\" content=\"https:\/\/legsedition.net\/public\/sterlane-marie-michelle-mathelier\/\" \/>\n<meta property=\"og:site_name\" content=\"LEGS &Eacute;DITION\" \/>\n<meta property=\"article:publisher\" content=\"https:\/\/web.facebook.com\/LegsEtLitterature\/\" \/>\n<meta property=\"article:modified_time\" content=\"2024-11-07T11:30:09+00:00\" \/>\n<meta property=\"og:image\" content=\"https:\/\/legsedition.net\/public\/wp-content\/uploads\/2023\/09\/Sterlane.jpg\" \/>\n\t<meta property=\"og:image:width\" content=\"810\" \/>\n\t<meta property=\"og:image:height\" content=\"1080\" \/>\n\t<meta property=\"og:image:type\" content=\"image\/jpeg\" \/>\n<meta name=\"twitter:card\" content=\"summary_large_image\" \/>\n<meta name=\"twitter:label1\" content=\"Dur\u00e9e de lecture estim\u00e9e\" \/>\n\t<meta name=\"twitter:data1\" content=\"2 minutes\" \/>\n<script type=\"application\/ld+json\" class=\"yoast-schema-graph\">{\"@context\":\"https:\\\/\\\/schema.org\",\"@graph\":[{\"@type\":\"WebPage\",\"@id\":\"https:\\\/\\\/legsedition.net\\\/public\\\/sterlane-marie-michelle-mathelier\\\/\",\"url\":\"https:\\\/\\\/legsedition.net\\\/public\\\/sterlane-marie-michelle-mathelier\\\/\",\"name\":\"Sterlane Marie Michelle Mathelier | LEGS &Eacute;DITION\",\"isPartOf\":{\"@id\":\"https:\\\/\\\/legsedition.net\\\/public\\\/#website\"},\"primaryImageOfPage\":{\"@id\":\"https:\\\/\\\/legsedition.net\\\/public\\\/sterlane-marie-michelle-mathelier\\\/#primaryimage\"},\"image\":{\"@id\":\"https:\\\/\\\/legsedition.net\\\/public\\\/sterlane-marie-michelle-mathelier\\\/#primaryimage\"},\"thumbnailUrl\":\"https:\\\/\\\/legsedition.net\\\/public\\\/wp-content\\\/uploads\\\/2023\\\/09\\\/Sterlane.jpg\",\"datePublished\":\"2023-09-22T16:57:16+00:00\",\"dateModified\":\"2024-11-07T11:30:09+00:00\",\"breadcrumb\":{\"@id\":\"https:\\\/\\\/legsedition.net\\\/public\\\/sterlane-marie-michelle-mathelier\\\/#breadcrumb\"},\"inLanguage\":\"fr-FR\",\"potentialAction\":[{\"@type\":\"ReadAction\",\"target\":[\"https:\\\/\\\/legsedition.net\\\/public\\\/sterlane-marie-michelle-mathelier\\\/\"]}]},{\"@type\":\"ImageObject\",\"inLanguage\":\"fr-FR\",\"@id\":\"https:\\\/\\\/legsedition.net\\\/public\\\/sterlane-marie-michelle-mathelier\\\/#primaryimage\",\"url\":\"https:\\\/\\\/legsedition.net\\\/public\\\/wp-content\\\/uploads\\\/2023\\\/09\\\/Sterlane.jpg\",\"contentUrl\":\"https:\\\/\\\/legsedition.net\\\/public\\\/wp-content\\\/uploads\\\/2023\\\/09\\\/Sterlane.jpg\",\"width\":810,\"height\":1080},{\"@type\":\"BreadcrumbList\",\"@id\":\"https:\\\/\\\/legsedition.net\\\/public\\\/sterlane-marie-michelle-mathelier\\\/#breadcrumb\",\"itemListElement\":[{\"@type\":\"ListItem\",\"position\":1,\"name\":\"Home\",\"item\":\"https:\\\/\\\/legsedition.net\\\/public\\\/\"},{\"@type\":\"ListItem\",\"position\":2,\"name\":\"Sterlane Marie Michelle Mathelier\"}]},{\"@type\":\"WebSite\",\"@id\":\"https:\\\/\\\/legsedition.net\\\/public\\\/#website\",\"url\":\"https:\\\/\\\/legsedition.net\\\/public\\\/\",\"name\":\"LEGS &Eacute;DITION\",\"description\":\"\",\"potentialAction\":[{\"@type\":\"SearchAction\",\"target\":{\"@type\":\"EntryPoint\",\"urlTemplate\":\"https:\\\/\\\/legsedition.net\\\/public\\\/?s={search_term_string}\"},\"query-input\":{\"@type\":\"PropertyValueSpecification\",\"valueRequired\":true,\"valueName\":\"search_term_string\"}}],\"inLanguage\":\"fr-FR\"}]}<\/script>\n<!-- \/ Yoast SEO plugin. -->","yoast_head_json":{"title":"Sterlane Marie Michelle Mathelier | LEGS &Eacute;DITION","robots":{"index":"index","follow":"follow","max-snippet":"max-snippet:-1","max-image-preview":"max-image-preview:large","max-video-preview":"max-video-preview:-1"},"canonical":"https:\/\/legsedition.net\/public\/sterlane-marie-michelle-mathelier\/","og_locale":"fr_FR","og_type":"article","og_title":"Sterlane Marie Michelle Mathelier | LEGS &Eacute;DITION","og_description":"Sterlane Marie Michelle Mathelier est n\u00e9e le 31 mai 1999 \u00e0 Port-au-Prince o\u00f9 elle vit encore. Bloggeuse litt\u00e9raire et professeure de lettres au secondaire, elle fait des \u00e9tudes en philosophie \u00e0 l&rsquo;\u00c9cole normale sup\u00e9rieure (ENS) de Port-au-Prince. Ayant eu \u00e0...","og_url":"https:\/\/legsedition.net\/public\/sterlane-marie-michelle-mathelier\/","og_site_name":"LEGS &Eacute;DITION","article_publisher":"https:\/\/web.facebook.com\/LegsEtLitterature\/","article_modified_time":"2024-11-07T11:30:09+00:00","og_image":[{"width":810,"height":1080,"url":"https:\/\/legsedition.net\/public\/wp-content\/uploads\/2023\/09\/Sterlane.jpg","type":"image\/jpeg"}],"twitter_card":"summary_large_image","twitter_misc":{"Dur\u00e9e de lecture estim\u00e9e":"2 minutes"},"schema":{"@context":"https:\/\/schema.org","@graph":[{"@type":"WebPage","@id":"https:\/\/legsedition.net\/public\/sterlane-marie-michelle-mathelier\/","url":"https:\/\/legsedition.net\/public\/sterlane-marie-michelle-mathelier\/","name":"Sterlane Marie Michelle Mathelier | LEGS &Eacute;DITION","isPartOf":{"@id":"https:\/\/legsedition.net\/public\/#website"},"primaryImageOfPage":{"@id":"https:\/\/legsedition.net\/public\/sterlane-marie-michelle-mathelier\/#primaryimage"},"image":{"@id":"https:\/\/legsedition.net\/public\/sterlane-marie-michelle-mathelier\/#primaryimage"},"thumbnailUrl":"https:\/\/legsedition.net\/public\/wp-content\/uploads\/2023\/09\/Sterlane.jpg","datePublished":"2023-09-22T16:57:16+00:00","dateModified":"2024-11-07T11:30:09+00:00","breadcrumb":{"@id":"https:\/\/legsedition.net\/public\/sterlane-marie-michelle-mathelier\/#breadcrumb"},"inLanguage":"fr-FR","potentialAction":[{"@type":"ReadAction","target":["https:\/\/legsedition.net\/public\/sterlane-marie-michelle-mathelier\/"]}]},{"@type":"ImageObject","inLanguage":"fr-FR","@id":"https:\/\/legsedition.net\/public\/sterlane-marie-michelle-mathelier\/#primaryimage","url":"https:\/\/legsedition.net\/public\/wp-content\/uploads\/2023\/09\/Sterlane.jpg","contentUrl":"https:\/\/legsedition.net\/public\/wp-content\/uploads\/2023\/09\/Sterlane.jpg","width":810,"height":1080},{"@type":"BreadcrumbList","@id":"https:\/\/legsedition.net\/public\/sterlane-marie-michelle-mathelier\/#breadcrumb","itemListElement":[{"@type":"ListItem","position":1,"name":"Home","item":"https:\/\/legsedition.net\/public\/"},{"@type":"ListItem","position":2,"name":"Sterlane Marie Michelle Mathelier"}]},{"@type":"WebSite","@id":"https:\/\/legsedition.net\/public\/#website","url":"https:\/\/legsedition.net\/public\/","name":"LEGS &Eacute;DITION","description":"","potentialAction":[{"@type":"SearchAction","target":{"@type":"EntryPoint","urlTemplate":"https:\/\/legsedition.net\/public\/?s={search_term_string}"},"query-input":{"@type":"PropertyValueSpecification","valueRequired":true,"valueName":"search_term_string"}}],"inLanguage":"fr-FR"}]}},"_links":{"self":[{"href":"https:\/\/legsedition.net\/public\/wp-json\/wp\/v2\/pages\/5836","targetHints":{"allow":["GET"]}}],"collection":[{"href":"https:\/\/legsedition.net\/public\/wp-json\/wp\/v2\/pages"}],"about":[{"href":"https:\/\/legsedition.net\/public\/wp-json\/wp\/v2\/types\/page"}],"author":[{"embeddable":true,"href":"https:\/\/legsedition.net\/public\/wp-json\/wp\/v2\/users\/2"}],"replies":[{"embeddable":true,"href":"https:\/\/legsedition.net\/public\/wp-json\/wp\/v2\/comments?post=5836"}],"version-history":[{"count":6,"href":"https:\/\/legsedition.net\/public\/wp-json\/wp\/v2\/pages\/5836\/revisions"}],"predecessor-version":[{"id":7146,"href":"https:\/\/legsedition.net\/public\/wp-json\/wp\/v2\/pages\/5836\/revisions\/7146"}],"wp:attachment":[{"href":"https:\/\/legsedition.net\/public\/wp-json\/wp\/v2\/media?parent=5836"}],"curies":[{"name":"wp","href":"https:\/\/api.w.org\/{rel}","templated":true}]}}