{"id":5843,"date":"2023-09-22T17:09:56","date_gmt":"2023-09-22T17:09:56","guid":{"rendered":"https:\/\/legsedition.net\/public\/?page_id=5843"},"modified":"2024-11-07T11:29:40","modified_gmt":"2024-11-07T11:29:40","slug":"deborah-pepe","status":"publish","type":"page","link":"https:\/\/legsedition.net\/public\/deborah-pepe\/","title":{"rendered":"D\u00e9borah P\u00e9p\u00e9"},"content":{"rendered":"<p><a href=\"https:\/\/legsedition.net\/public\/wp-content\/uploads\/2023\/11\/Deborah_Pepe.jpg\"><img decoding=\"async\" class=\"alignleft wp-image-6056 \" src=\"https:\/\/legsedition.net\/public\/wp-content\/uploads\/2023\/11\/Deborah_Pepe.jpg\" alt=\"\" width=\"203\" height=\"204\" srcset=\"https:\/\/legsedition.net\/public\/wp-content\/uploads\/2023\/11\/Deborah_Pepe.jpg 720w, https:\/\/legsedition.net\/public\/wp-content\/uploads\/2023\/11\/Deborah_Pepe-150x150.jpg 150w, https:\/\/legsedition.net\/public\/wp-content\/uploads\/2023\/11\/Deborah_Pepe-298x300.jpg 298w, https:\/\/legsedition.net\/public\/wp-content\/uploads\/2023\/11\/Deborah_Pepe-597x600.jpg 597w, https:\/\/legsedition.net\/public\/wp-content\/uploads\/2023\/11\/Deborah_Pepe-159x160.jpg 159w, https:\/\/legsedition.net\/public\/wp-content\/uploads\/2023\/11\/Deborah_Pepe-300x300.jpg 300w, https:\/\/legsedition.net\/public\/wp-content\/uploads\/2023\/11\/Deborah_Pepe-600x603.jpg 600w, https:\/\/legsedition.net\/public\/wp-content\/uploads\/2023\/11\/Deborah_Pepe-100x100.jpg 100w\" sizes=\"(max-width: 203px) 100vw, 203px\" \/><\/a>N\u00e9e \u00e0 Port-au-Prince en 1999, D\u00e9borah P\u00e9p\u00e9 est \u00e9tudiante en psychologie \u00e0 la Facult\u00e9 des sciences humaines de l&rsquo;Universit\u00e9 d&rsquo;\u00c9tat d&rsquo;Ha\u00efti. Passionn\u00e9e de lecture et d&rsquo;\u00e9criture, au creux des livres, elle savoure la po\u00e9sie des mots qui lui procurent r\u00e9confort et \u00e9vasion. Dans les mondes qui naissent sous sa plume, elle trouve le pouvoir de la pens\u00e9e cr\u00e9atrice qui lui permet d&rsquo;\u00e9branler la fatalit\u00e9 de l&rsquo;existence.<\/p>\n<p>D\u00e9borah P\u00e9p\u00e9 est l\u2019auteure de comptes rendus de lecture parus dans les colonnes de la revue <em>Legs et Litt\u00e9rature<\/em>.<\/p>\n<p><strong>Publication chez LEGS \u00c9DITION<\/strong><\/p>\n<p><a href=\"https:\/\/legsedition.net\/public\/2023\/11\/10\/indecences\/\" target=\"_blank\" rel=\"noopener\"><i>Ind\u00e9cences<\/i><\/a><em>,\u00a0<\/em>2023\u00a0(Textes r\u00e9unis et pr\u00e9sent\u00e9s par Dieulermesson Petit Fr\u00e8re)<\/p>\n<p><a href=\"https:\/\/legsedition.net\/public\/wp-content\/uploads\/2023\/09\/Cover_indecences.png\"><img fetchpriority=\"high\" decoding=\"async\" class=\"wp-image-6017 alignleft\" src=\"https:\/\/legsedition.net\/public\/wp-content\/uploads\/2023\/09\/Cover_indecences.png\" alt=\"\" width=\"197\" height=\"368\" srcset=\"https:\/\/legsedition.net\/public\/wp-content\/uploads\/2023\/09\/Cover_indecences.png 260w, https:\/\/legsedition.net\/public\/wp-content\/uploads\/2023\/09\/Cover_indecences-160x300.png 160w, https:\/\/legsedition.net\/public\/wp-content\/uploads\/2023\/09\/Cover_indecences-86x160.png 86w\" sizes=\"(max-width: 197px) 100vw, 197px\" \/><\/a><\/p>\n","protected":false},"excerpt":{"rendered":"<p>N\u00e9e \u00e0 Port-au-Prince en 1999, D\u00e9borah P\u00e9p\u00e9 est \u00e9tudiante en psychologie \u00e0 la Facult\u00e9 des sciences humaines de l&rsquo;Universit\u00e9 d&rsquo;\u00c9tat d&rsquo;Ha\u00efti. Passionn\u00e9e de lecture et d&rsquo;\u00e9criture, au creux des livres, elle savoure la po\u00e9sie des mots qui lui procurent r\u00e9confort&#8230;<\/p>\n","protected":false},"author":2,"featured_media":0,"parent":0,"menu_order":0,"comment_status":"closed","ping_status":"closed","template":"","meta":{"footnotes":""},"class_list":["post-5843","page","type-page","status-publish","hentry","no-post-thumbnail"],"yoast_head":"<!-- This site is optimized with the Yoast SEO plugin v27.3 - https:\/\/yoast.com\/product\/yoast-seo-wordpress\/ -->\n<title>D\u00e9borah P\u00e9p\u00e9 | LEGS &Eacute;DITION<\/title>\n<meta name=\"robots\" content=\"index, follow, max-snippet:-1, max-image-preview:large, max-video-preview:-1\" \/>\n<link rel=\"canonical\" href=\"https:\/\/legsedition.net\/public\/deborah-pepe\/\" \/>\n<meta property=\"og:locale\" content=\"fr_FR\" \/>\n<meta property=\"og:type\" content=\"article\" \/>\n<meta property=\"og:title\" content=\"D\u00e9borah P\u00e9p\u00e9 | LEGS &Eacute;DITION\" \/>\n<meta property=\"og:description\" content=\"N\u00e9e \u00e0 Port-au-Prince en 1999, D\u00e9borah P\u00e9p\u00e9 est \u00e9tudiante en psychologie \u00e0 la Facult\u00e9 des sciences humaines de l&rsquo;Universit\u00e9 d&rsquo;\u00c9tat d&rsquo;Ha\u00efti. Passionn\u00e9e de lecture et d&rsquo;\u00e9criture, au creux des livres, elle savoure la po\u00e9sie des mots qui lui procurent r\u00e9confort...\" \/>\n<meta property=\"og:url\" content=\"https:\/\/legsedition.net\/public\/deborah-pepe\/\" \/>\n<meta property=\"og:site_name\" content=\"LEGS &Eacute;DITION\" \/>\n<meta property=\"article:publisher\" content=\"https:\/\/web.facebook.com\/LegsEtLitterature\/\" \/>\n<meta property=\"article:modified_time\" content=\"2024-11-07T11:29:40+00:00\" \/>\n<meta property=\"og:image\" content=\"https:\/\/legsedition.net\/public\/wp-content\/uploads\/2023\/11\/Deborah_Pepe.jpg\" \/>\n\t<meta property=\"og:image:width\" content=\"720\" \/>\n\t<meta property=\"og:image:height\" content=\"724\" \/>\n\t<meta property=\"og:image:type\" content=\"image\/jpeg\" \/>\n<meta name=\"twitter:card\" content=\"summary_large_image\" \/>\n<meta name=\"twitter:label1\" content=\"Dur\u00e9e de lecture estim\u00e9e\" \/>\n\t<meta name=\"twitter:data1\" content=\"1 minute\" \/>\n<script type=\"application\/ld+json\" class=\"yoast-schema-graph\">{\"@context\":\"https:\\\/\\\/schema.org\",\"@graph\":[{\"@type\":\"WebPage\",\"@id\":\"https:\\\/\\\/legsedition.net\\\/public\\\/deborah-pepe\\\/\",\"url\":\"https:\\\/\\\/legsedition.net\\\/public\\\/deborah-pepe\\\/\",\"name\":\"D\u00e9borah P\u00e9p\u00e9 | LEGS &Eacute;DITION\",\"isPartOf\":{\"@id\":\"https:\\\/\\\/legsedition.net\\\/public\\\/#website\"},\"primaryImageOfPage\":{\"@id\":\"https:\\\/\\\/legsedition.net\\\/public\\\/deborah-pepe\\\/#primaryimage\"},\"image\":{\"@id\":\"https:\\\/\\\/legsedition.net\\\/public\\\/deborah-pepe\\\/#primaryimage\"},\"thumbnailUrl\":\"https:\\\/\\\/legsedition.net\\\/public\\\/wp-content\\\/uploads\\\/2023\\\/11\\\/Deborah_Pepe.jpg\",\"datePublished\":\"2023-09-22T17:09:56+00:00\",\"dateModified\":\"2024-11-07T11:29:40+00:00\",\"breadcrumb\":{\"@id\":\"https:\\\/\\\/legsedition.net\\\/public\\\/deborah-pepe\\\/#breadcrumb\"},\"inLanguage\":\"fr-FR\",\"potentialAction\":[{\"@type\":\"ReadAction\",\"target\":[\"https:\\\/\\\/legsedition.net\\\/public\\\/deborah-pepe\\\/\"]}]},{\"@type\":\"ImageObject\",\"inLanguage\":\"fr-FR\",\"@id\":\"https:\\\/\\\/legsedition.net\\\/public\\\/deborah-pepe\\\/#primaryimage\",\"url\":\"https:\\\/\\\/legsedition.net\\\/public\\\/wp-content\\\/uploads\\\/2023\\\/11\\\/Deborah_Pepe.jpg\",\"contentUrl\":\"https:\\\/\\\/legsedition.net\\\/public\\\/wp-content\\\/uploads\\\/2023\\\/11\\\/Deborah_Pepe.jpg\",\"width\":720,\"height\":724},{\"@type\":\"BreadcrumbList\",\"@id\":\"https:\\\/\\\/legsedition.net\\\/public\\\/deborah-pepe\\\/#breadcrumb\",\"itemListElement\":[{\"@type\":\"ListItem\",\"position\":1,\"name\":\"Home\",\"item\":\"https:\\\/\\\/legsedition.net\\\/public\\\/\"},{\"@type\":\"ListItem\",\"position\":2,\"name\":\"D\u00e9borah P\u00e9p\u00e9\"}]},{\"@type\":\"WebSite\",\"@id\":\"https:\\\/\\\/legsedition.net\\\/public\\\/#website\",\"url\":\"https:\\\/\\\/legsedition.net\\\/public\\\/\",\"name\":\"LEGS &Eacute;DITION\",\"description\":\"\",\"potentialAction\":[{\"@type\":\"SearchAction\",\"target\":{\"@type\":\"EntryPoint\",\"urlTemplate\":\"https:\\\/\\\/legsedition.net\\\/public\\\/?s={search_term_string}\"},\"query-input\":{\"@type\":\"PropertyValueSpecification\",\"valueRequired\":true,\"valueName\":\"search_term_string\"}}],\"inLanguage\":\"fr-FR\"}]}<\/script>\n<!-- \/ Yoast SEO plugin. -->","yoast_head_json":{"title":"D\u00e9borah P\u00e9p\u00e9 | LEGS &Eacute;DITION","robots":{"index":"index","follow":"follow","max-snippet":"max-snippet:-1","max-image-preview":"max-image-preview:large","max-video-preview":"max-video-preview:-1"},"canonical":"https:\/\/legsedition.net\/public\/deborah-pepe\/","og_locale":"fr_FR","og_type":"article","og_title":"D\u00e9borah P\u00e9p\u00e9 | LEGS &Eacute;DITION","og_description":"N\u00e9e \u00e0 Port-au-Prince en 1999, D\u00e9borah P\u00e9p\u00e9 est \u00e9tudiante en psychologie \u00e0 la Facult\u00e9 des sciences humaines de l&rsquo;Universit\u00e9 d&rsquo;\u00c9tat d&rsquo;Ha\u00efti. Passionn\u00e9e de lecture et d&rsquo;\u00e9criture, au creux des livres, elle savoure la po\u00e9sie des mots qui lui procurent r\u00e9confort...","og_url":"https:\/\/legsedition.net\/public\/deborah-pepe\/","og_site_name":"LEGS &Eacute;DITION","article_publisher":"https:\/\/web.facebook.com\/LegsEtLitterature\/","article_modified_time":"2024-11-07T11:29:40+00:00","og_image":[{"width":720,"height":724,"url":"https:\/\/legsedition.net\/public\/wp-content\/uploads\/2023\/11\/Deborah_Pepe.jpg","type":"image\/jpeg"}],"twitter_card":"summary_large_image","twitter_misc":{"Dur\u00e9e de lecture estim\u00e9e":"1 minute"},"schema":{"@context":"https:\/\/schema.org","@graph":[{"@type":"WebPage","@id":"https:\/\/legsedition.net\/public\/deborah-pepe\/","url":"https:\/\/legsedition.net\/public\/deborah-pepe\/","name":"D\u00e9borah P\u00e9p\u00e9 | LEGS &Eacute;DITION","isPartOf":{"@id":"https:\/\/legsedition.net\/public\/#website"},"primaryImageOfPage":{"@id":"https:\/\/legsedition.net\/public\/deborah-pepe\/#primaryimage"},"image":{"@id":"https:\/\/legsedition.net\/public\/deborah-pepe\/#primaryimage"},"thumbnailUrl":"https:\/\/legsedition.net\/public\/wp-content\/uploads\/2023\/11\/Deborah_Pepe.jpg","datePublished":"2023-09-22T17:09:56+00:00","dateModified":"2024-11-07T11:29:40+00:00","breadcrumb":{"@id":"https:\/\/legsedition.net\/public\/deborah-pepe\/#breadcrumb"},"inLanguage":"fr-FR","potentialAction":[{"@type":"ReadAction","target":["https:\/\/legsedition.net\/public\/deborah-pepe\/"]}]},{"@type":"ImageObject","inLanguage":"fr-FR","@id":"https:\/\/legsedition.net\/public\/deborah-pepe\/#primaryimage","url":"https:\/\/legsedition.net\/public\/wp-content\/uploads\/2023\/11\/Deborah_Pepe.jpg","contentUrl":"https:\/\/legsedition.net\/public\/wp-content\/uploads\/2023\/11\/Deborah_Pepe.jpg","width":720,"height":724},{"@type":"BreadcrumbList","@id":"https:\/\/legsedition.net\/public\/deborah-pepe\/#breadcrumb","itemListElement":[{"@type":"ListItem","position":1,"name":"Home","item":"https:\/\/legsedition.net\/public\/"},{"@type":"ListItem","position":2,"name":"D\u00e9borah P\u00e9p\u00e9"}]},{"@type":"WebSite","@id":"https:\/\/legsedition.net\/public\/#website","url":"https:\/\/legsedition.net\/public\/","name":"LEGS &Eacute;DITION","description":"","potentialAction":[{"@type":"SearchAction","target":{"@type":"EntryPoint","urlTemplate":"https:\/\/legsedition.net\/public\/?s={search_term_string}"},"query-input":{"@type":"PropertyValueSpecification","valueRequired":true,"valueName":"search_term_string"}}],"inLanguage":"fr-FR"}]}},"_links":{"self":[{"href":"https:\/\/legsedition.net\/public\/wp-json\/wp\/v2\/pages\/5843","targetHints":{"allow":["GET"]}}],"collection":[{"href":"https:\/\/legsedition.net\/public\/wp-json\/wp\/v2\/pages"}],"about":[{"href":"https:\/\/legsedition.net\/public\/wp-json\/wp\/v2\/types\/page"}],"author":[{"embeddable":true,"href":"https:\/\/legsedition.net\/public\/wp-json\/wp\/v2\/users\/2"}],"replies":[{"embeddable":true,"href":"https:\/\/legsedition.net\/public\/wp-json\/wp\/v2\/comments?post=5843"}],"version-history":[{"count":5,"href":"https:\/\/legsedition.net\/public\/wp-json\/wp\/v2\/pages\/5843\/revisions"}],"predecessor-version":[{"id":7145,"href":"https:\/\/legsedition.net\/public\/wp-json\/wp\/v2\/pages\/5843\/revisions\/7145"}],"wp:attachment":[{"href":"https:\/\/legsedition.net\/public\/wp-json\/wp\/v2\/media?parent=5843"}],"curies":[{"name":"wp","href":"https:\/\/api.w.org\/{rel}","templated":true}]}}