{"id":5846,"date":"2023-09-22T17:26:26","date_gmt":"2023-09-22T17:26:26","guid":{"rendered":"https:\/\/legsedition.net\/public\/?page_id=5846"},"modified":"2024-11-07T11:29:11","modified_gmt":"2024-11-07T11:29:11","slug":"carl-pierrecq","status":"publish","type":"page","link":"https:\/\/legsedition.net\/public\/carl-pierrecq\/","title":{"rendered":"Carl Pierrecq"},"content":{"rendered":"<figure id=\"attachment_5848\" aria-describedby=\"caption-attachment-5848\" style=\"width: 190px\" class=\"wp-caption alignleft\"><a href=\"https:\/\/legsedition.net\/public\/wp-content\/uploads\/2023\/09\/Carl_Pierrecq_1.jpg\"><img decoding=\"async\" class=\"wp-image-5848\" src=\"https:\/\/legsedition.net\/public\/wp-content\/uploads\/2023\/09\/Carl_Pierrecq_1.jpg\" alt=\"\" width=\"190\" height=\"175\" srcset=\"https:\/\/legsedition.net\/public\/wp-content\/uploads\/2023\/09\/Carl_Pierrecq_1.jpg 640w, https:\/\/legsedition.net\/public\/wp-content\/uploads\/2023\/09\/Carl_Pierrecq_1-300x276.jpg 300w, https:\/\/legsedition.net\/public\/wp-content\/uploads\/2023\/09\/Carl_Pierrecq_1-600x552.jpg 600w, https:\/\/legsedition.net\/public\/wp-content\/uploads\/2023\/09\/Carl_Pierrecq_1-174x160.jpg 174w\" sizes=\"(max-width: 190px) 100vw, 190px\" \/><\/a><figcaption id=\"caption-attachment-5848\" class=\"wp-caption-text\">\u00a9 Me\u00efka D\u00e9cime<\/figcaption><\/figure>\n<p>N\u00e9 \u00e0 Petit-Go\u00e2ve le 25 avril 1994, Carl Pierrecq est journaliste et vit \u00e0 Port-au-Prince. Il a fait des \u00e9tudes en Sciences juridiques \u00e0 l\u2019\u00c9cole de droit et des sciences \u00e9conomiques des Gona\u00efves (EDSEG). S\u00e9lectionn\u00e9 aux 9<sup>e<\/sup> Jeux de la Francophonie (cat\u00e9gorie : litt\u00e9rature), il a \u00e9t\u00e9 finaliste du Prix du jeune \u00e9crivain de langue fran\u00e7aise (PJEF) en 2019 pour sa nouvelle intitul\u00e9e \u00ab\u00a0La collectionneuse\u00a0\u00bb et du Prix de l\u2019Institut de recherche et d&rsquo;application des m\u00e9thodes de d\u00e9veloppement (IRAM) en 2019 pour sa nouvelle \u00ab\u00a0L\u2019autre-soi\u00a0\u00bb.<\/p>\n<p>Collaborateur de plusieurs journaux et magazines dont <em>Le Nouvelliste, RAJ, Africultures <\/em>et <em>Brittle Paper<\/em>, il a publi\u00e9 des comptes rendus de lecture dans de nombreuses revues telles <em>Legs et Litt\u00e9rature<\/em>, <em>Trois-Cent-Soixante<\/em> et <em>Do-Kre-I-S<\/em>.<\/p>\n<p><strong>Publication chez LEGS \u00c9DITION<\/strong><\/p>\n<p><a href=\"https:\/\/legsedition.net\/public\/2023\/11\/10\/indecences\/\" target=\"_blank\" rel=\"noopener\"><em>Ind\u00e9cences<\/em><\/a>, 2023 (Textes r\u00e9unis et pr\u00e9sent\u00e9s par Dieulermesson Petit Fr\u00e8re)<\/p>\n<p><a href=\"https:\/\/legsedition.net\/public\/wp-content\/uploads\/2023\/09\/Cover_indecences.png\"><img fetchpriority=\"high\" decoding=\"async\" class=\"wp-image-6017 alignleft\" src=\"https:\/\/legsedition.net\/public\/wp-content\/uploads\/2023\/09\/Cover_indecences.png\" alt=\"\" width=\"197\" height=\"368\" srcset=\"https:\/\/legsedition.net\/public\/wp-content\/uploads\/2023\/09\/Cover_indecences.png 260w, https:\/\/legsedition.net\/public\/wp-content\/uploads\/2023\/09\/Cover_indecences-160x300.png 160w, https:\/\/legsedition.net\/public\/wp-content\/uploads\/2023\/09\/Cover_indecences-86x160.png 86w\" sizes=\"(max-width: 197px) 100vw, 197px\" \/><\/a><\/p>\n","protected":false},"excerpt":{"rendered":"<p>N\u00e9 \u00e0 Petit-Go\u00e2ve le 25 avril 1994, Carl Pierrecq est journaliste et vit \u00e0 Port-au-Prince. Il a fait des \u00e9tudes en Sciences juridiques \u00e0 l\u2019\u00c9cole de droit et des sciences \u00e9conomiques des Gona\u00efves (EDSEG). S\u00e9lectionn\u00e9 aux 9e Jeux de la&#8230;<\/p>\n","protected":false},"author":2,"featured_media":0,"parent":0,"menu_order":0,"comment_status":"closed","ping_status":"closed","template":"","meta":{"footnotes":""},"class_list":["post-5846","page","type-page","status-publish","hentry","no-post-thumbnail"],"yoast_head":"<!-- This site is optimized with the Yoast SEO plugin v27.3 - https:\/\/yoast.com\/product\/yoast-seo-wordpress\/ -->\n<title>Carl Pierrecq | LEGS &Eacute;DITION<\/title>\n<meta name=\"robots\" content=\"index, follow, max-snippet:-1, max-image-preview:large, max-video-preview:-1\" \/>\n<link rel=\"canonical\" href=\"https:\/\/legsedition.net\/public\/carl-pierrecq\/\" \/>\n<meta property=\"og:locale\" content=\"fr_FR\" \/>\n<meta property=\"og:type\" content=\"article\" \/>\n<meta property=\"og:title\" content=\"Carl Pierrecq | LEGS &Eacute;DITION\" \/>\n<meta property=\"og:description\" content=\"N\u00e9 \u00e0 Petit-Go\u00e2ve le 25 avril 1994, Carl Pierrecq est journaliste et vit \u00e0 Port-au-Prince. Il a fait des \u00e9tudes en Sciences juridiques \u00e0 l\u2019\u00c9cole de droit et des sciences \u00e9conomiques des Gona\u00efves (EDSEG). S\u00e9lectionn\u00e9 aux 9e Jeux de la...\" \/>\n<meta property=\"og:url\" content=\"https:\/\/legsedition.net\/public\/carl-pierrecq\/\" \/>\n<meta property=\"og:site_name\" content=\"LEGS &Eacute;DITION\" \/>\n<meta property=\"article:publisher\" content=\"https:\/\/web.facebook.com\/LegsEtLitterature\/\" \/>\n<meta property=\"article:modified_time\" content=\"2024-11-07T11:29:11+00:00\" \/>\n<meta property=\"og:image\" content=\"https:\/\/legsedition.net\/public\/wp-content\/uploads\/2023\/09\/Carl_Pierrecq_1.jpg\" \/>\n\t<meta property=\"og:image:width\" content=\"640\" \/>\n\t<meta property=\"og:image:height\" content=\"589\" \/>\n\t<meta property=\"og:image:type\" content=\"image\/jpeg\" \/>\n<meta name=\"twitter:card\" content=\"summary_large_image\" \/>\n<meta name=\"twitter:label1\" content=\"Dur\u00e9e de lecture estim\u00e9e\" \/>\n\t<meta name=\"twitter:data1\" content=\"2 minutes\" \/>\n<script type=\"application\/ld+json\" class=\"yoast-schema-graph\">{\"@context\":\"https:\\\/\\\/schema.org\",\"@graph\":[{\"@type\":\"WebPage\",\"@id\":\"https:\\\/\\\/legsedition.net\\\/public\\\/carl-pierrecq\\\/\",\"url\":\"https:\\\/\\\/legsedition.net\\\/public\\\/carl-pierrecq\\\/\",\"name\":\"Carl Pierrecq | LEGS &Eacute;DITION\",\"isPartOf\":{\"@id\":\"https:\\\/\\\/legsedition.net\\\/public\\\/#website\"},\"primaryImageOfPage\":{\"@id\":\"https:\\\/\\\/legsedition.net\\\/public\\\/carl-pierrecq\\\/#primaryimage\"},\"image\":{\"@id\":\"https:\\\/\\\/legsedition.net\\\/public\\\/carl-pierrecq\\\/#primaryimage\"},\"thumbnailUrl\":\"https:\\\/\\\/legsedition.net\\\/public\\\/wp-content\\\/uploads\\\/2023\\\/09\\\/Carl_Pierrecq_1.jpg\",\"datePublished\":\"2023-09-22T17:26:26+00:00\",\"dateModified\":\"2024-11-07T11:29:11+00:00\",\"breadcrumb\":{\"@id\":\"https:\\\/\\\/legsedition.net\\\/public\\\/carl-pierrecq\\\/#breadcrumb\"},\"inLanguage\":\"fr-FR\",\"potentialAction\":[{\"@type\":\"ReadAction\",\"target\":[\"https:\\\/\\\/legsedition.net\\\/public\\\/carl-pierrecq\\\/\"]}]},{\"@type\":\"ImageObject\",\"inLanguage\":\"fr-FR\",\"@id\":\"https:\\\/\\\/legsedition.net\\\/public\\\/carl-pierrecq\\\/#primaryimage\",\"url\":\"https:\\\/\\\/legsedition.net\\\/public\\\/wp-content\\\/uploads\\\/2023\\\/09\\\/Carl_Pierrecq_1.jpg\",\"contentUrl\":\"https:\\\/\\\/legsedition.net\\\/public\\\/wp-content\\\/uploads\\\/2023\\\/09\\\/Carl_Pierrecq_1.jpg\",\"width\":640,\"height\":589},{\"@type\":\"BreadcrumbList\",\"@id\":\"https:\\\/\\\/legsedition.net\\\/public\\\/carl-pierrecq\\\/#breadcrumb\",\"itemListElement\":[{\"@type\":\"ListItem\",\"position\":1,\"name\":\"Home\",\"item\":\"https:\\\/\\\/legsedition.net\\\/public\\\/\"},{\"@type\":\"ListItem\",\"position\":2,\"name\":\"Carl Pierrecq\"}]},{\"@type\":\"WebSite\",\"@id\":\"https:\\\/\\\/legsedition.net\\\/public\\\/#website\",\"url\":\"https:\\\/\\\/legsedition.net\\\/public\\\/\",\"name\":\"LEGS &Eacute;DITION\",\"description\":\"\",\"potentialAction\":[{\"@type\":\"SearchAction\",\"target\":{\"@type\":\"EntryPoint\",\"urlTemplate\":\"https:\\\/\\\/legsedition.net\\\/public\\\/?s={search_term_string}\"},\"query-input\":{\"@type\":\"PropertyValueSpecification\",\"valueRequired\":true,\"valueName\":\"search_term_string\"}}],\"inLanguage\":\"fr-FR\"}]}<\/script>\n<!-- \/ Yoast SEO plugin. -->","yoast_head_json":{"title":"Carl Pierrecq | LEGS &Eacute;DITION","robots":{"index":"index","follow":"follow","max-snippet":"max-snippet:-1","max-image-preview":"max-image-preview:large","max-video-preview":"max-video-preview:-1"},"canonical":"https:\/\/legsedition.net\/public\/carl-pierrecq\/","og_locale":"fr_FR","og_type":"article","og_title":"Carl Pierrecq | LEGS &Eacute;DITION","og_description":"N\u00e9 \u00e0 Petit-Go\u00e2ve le 25 avril 1994, Carl Pierrecq est journaliste et vit \u00e0 Port-au-Prince. Il a fait des \u00e9tudes en Sciences juridiques \u00e0 l\u2019\u00c9cole de droit et des sciences \u00e9conomiques des Gona\u00efves (EDSEG). S\u00e9lectionn\u00e9 aux 9e Jeux de la...","og_url":"https:\/\/legsedition.net\/public\/carl-pierrecq\/","og_site_name":"LEGS &Eacute;DITION","article_publisher":"https:\/\/web.facebook.com\/LegsEtLitterature\/","article_modified_time":"2024-11-07T11:29:11+00:00","og_image":[{"width":640,"height":589,"url":"https:\/\/legsedition.net\/public\/wp-content\/uploads\/2023\/09\/Carl_Pierrecq_1.jpg","type":"image\/jpeg"}],"twitter_card":"summary_large_image","twitter_misc":{"Dur\u00e9e de lecture estim\u00e9e":"2 minutes"},"schema":{"@context":"https:\/\/schema.org","@graph":[{"@type":"WebPage","@id":"https:\/\/legsedition.net\/public\/carl-pierrecq\/","url":"https:\/\/legsedition.net\/public\/carl-pierrecq\/","name":"Carl Pierrecq | LEGS &Eacute;DITION","isPartOf":{"@id":"https:\/\/legsedition.net\/public\/#website"},"primaryImageOfPage":{"@id":"https:\/\/legsedition.net\/public\/carl-pierrecq\/#primaryimage"},"image":{"@id":"https:\/\/legsedition.net\/public\/carl-pierrecq\/#primaryimage"},"thumbnailUrl":"https:\/\/legsedition.net\/public\/wp-content\/uploads\/2023\/09\/Carl_Pierrecq_1.jpg","datePublished":"2023-09-22T17:26:26+00:00","dateModified":"2024-11-07T11:29:11+00:00","breadcrumb":{"@id":"https:\/\/legsedition.net\/public\/carl-pierrecq\/#breadcrumb"},"inLanguage":"fr-FR","potentialAction":[{"@type":"ReadAction","target":["https:\/\/legsedition.net\/public\/carl-pierrecq\/"]}]},{"@type":"ImageObject","inLanguage":"fr-FR","@id":"https:\/\/legsedition.net\/public\/carl-pierrecq\/#primaryimage","url":"https:\/\/legsedition.net\/public\/wp-content\/uploads\/2023\/09\/Carl_Pierrecq_1.jpg","contentUrl":"https:\/\/legsedition.net\/public\/wp-content\/uploads\/2023\/09\/Carl_Pierrecq_1.jpg","width":640,"height":589},{"@type":"BreadcrumbList","@id":"https:\/\/legsedition.net\/public\/carl-pierrecq\/#breadcrumb","itemListElement":[{"@type":"ListItem","position":1,"name":"Home","item":"https:\/\/legsedition.net\/public\/"},{"@type":"ListItem","position":2,"name":"Carl Pierrecq"}]},{"@type":"WebSite","@id":"https:\/\/legsedition.net\/public\/#website","url":"https:\/\/legsedition.net\/public\/","name":"LEGS &Eacute;DITION","description":"","potentialAction":[{"@type":"SearchAction","target":{"@type":"EntryPoint","urlTemplate":"https:\/\/legsedition.net\/public\/?s={search_term_string}"},"query-input":{"@type":"PropertyValueSpecification","valueRequired":true,"valueName":"search_term_string"}}],"inLanguage":"fr-FR"}]}},"_links":{"self":[{"href":"https:\/\/legsedition.net\/public\/wp-json\/wp\/v2\/pages\/5846","targetHints":{"allow":["GET"]}}],"collection":[{"href":"https:\/\/legsedition.net\/public\/wp-json\/wp\/v2\/pages"}],"about":[{"href":"https:\/\/legsedition.net\/public\/wp-json\/wp\/v2\/types\/page"}],"author":[{"embeddable":true,"href":"https:\/\/legsedition.net\/public\/wp-json\/wp\/v2\/users\/2"}],"replies":[{"embeddable":true,"href":"https:\/\/legsedition.net\/public\/wp-json\/wp\/v2\/comments?post=5846"}],"version-history":[{"count":11,"href":"https:\/\/legsedition.net\/public\/wp-json\/wp\/v2\/pages\/5846\/revisions"}],"predecessor-version":[{"id":7144,"href":"https:\/\/legsedition.net\/public\/wp-json\/wp\/v2\/pages\/5846\/revisions\/7144"}],"wp:attachment":[{"href":"https:\/\/legsedition.net\/public\/wp-json\/wp\/v2\/media?parent=5846"}],"curies":[{"name":"wp","href":"https:\/\/api.w.org\/{rel}","templated":true}]}}