{"id":5854,"date":"2023-09-22T17:41:03","date_gmt":"2023-09-22T17:41:03","guid":{"rendered":"https:\/\/legsedition.net\/public\/?page_id=5854"},"modified":"2024-11-07T11:28:50","modified_gmt":"2024-11-07T11:28:50","slug":"judicaelle-trujy-sully","status":"publish","type":"page","link":"https:\/\/legsedition.net\/public\/judicaelle-trujy-sully\/","title":{"rendered":"Judica\u00eblle Trujy Sully"},"content":{"rendered":"<p><a href=\"https:\/\/legsedition.net\/public\/wp-content\/uploads\/2023\/09\/Judicaelle.jpg\"><img decoding=\"async\" class=\"alignleft wp-image-5855 \" src=\"https:\/\/legsedition.net\/public\/wp-content\/uploads\/2023\/09\/Judicaelle.jpg\" alt=\"\" width=\"194\" height=\"242\" srcset=\"https:\/\/legsedition.net\/public\/wp-content\/uploads\/2023\/09\/Judicaelle.jpg 819w, https:\/\/legsedition.net\/public\/wp-content\/uploads\/2023\/09\/Judicaelle-240x300.jpg 240w, https:\/\/legsedition.net\/public\/wp-content\/uploads\/2023\/09\/Judicaelle-768x960.jpg 768w, https:\/\/legsedition.net\/public\/wp-content\/uploads\/2023\/09\/Judicaelle-480x600.jpg 480w, https:\/\/legsedition.net\/public\/wp-content\/uploads\/2023\/09\/Judicaelle-128x160.jpg 128w, https:\/\/legsedition.net\/public\/wp-content\/uploads\/2023\/09\/Judicaelle-600x750.jpg 600w\" sizes=\"(max-width: 194px) 100vw, 194px\" \/><\/a>N\u00e9e le 4 avril 1996 \u00e0 Port-au-Prince, Judica\u00eblle Trujy SULLY est certifi\u00e9e en Sciences juridiques de l&rsquo;\u00c9cole de droit et des sciences \u00e9conomiques des Gonaives (EDSEG) et \u00e9tudiante en psychologie \u00e0 la Facult\u00e9 d&rsquo;Ethnologie de l\u2019Universit\u00e9 d\u2019\u00c9tat d\u2019Ha\u00efti.<\/p>\n<p>Ayant grandi \u00e0 Carrefour, sa passion pour les livres s&rsquo;est d\u00e9velopp\u00e9e dans la biblioth\u00e8que de l&rsquo;Institution Marie R\u00e9gine au contact des Pi\u00e8ces Classiques et d&rsquo;autres textes de la litt\u00e9rature ha\u00eftienne tels <em>Gouverneurs de la ros\u00e9e<\/em> de Jacques Roumain et<em> Les immortelles<\/em> de Makenzy Orcel.<\/p>\n<p>Elle est l&rsquo;auteure de deux romans : <em>Au-del\u00e0 de l&rsquo;orgasme<\/em> (2017), <em>Plaisir du p\u00e9ch\u00e9 obsessionne<\/em>l\u00a0(2016) parus chez les \u00e9ditions Kopivit L&rsquo;action Sociale.<\/p>\n<p><strong>Publication chez LEGS \u00c9DITION<\/strong><\/p>\n<p><a href=\"https:\/\/legsedition.net\/public\/2023\/11\/10\/indecences\/\" target=\"_blank\" rel=\"noopener\"><i>Ind\u00e9cences<\/i><\/a><em>,\u00a0<\/em>2023\u00a0(Textes r\u00e9unis et pr\u00e9sent\u00e9s par Dieulermesson Petit Fr\u00e8re)<\/p>\n<p><a href=\"https:\/\/legsedition.net\/public\/wp-content\/uploads\/2023\/09\/Cover_indecences.png\"><img fetchpriority=\"high\" decoding=\"async\" class=\"alignleft wp-image-6017 \" src=\"https:\/\/legsedition.net\/public\/wp-content\/uploads\/2023\/09\/Cover_indecences.png\" alt=\"\" width=\"196\" height=\"366\" srcset=\"https:\/\/legsedition.net\/public\/wp-content\/uploads\/2023\/09\/Cover_indecences.png 260w, https:\/\/legsedition.net\/public\/wp-content\/uploads\/2023\/09\/Cover_indecences-160x300.png 160w, https:\/\/legsedition.net\/public\/wp-content\/uploads\/2023\/09\/Cover_indecences-86x160.png 86w\" sizes=\"(max-width: 196px) 100vw, 196px\" \/><\/a><\/p>\n","protected":false},"excerpt":{"rendered":"<p>N\u00e9e le 4 avril 1996 \u00e0 Port-au-Prince, Judica\u00eblle Trujy SULLY est certifi\u00e9e en Sciences juridiques de l&rsquo;\u00c9cole de droit et des sciences \u00e9conomiques des Gonaives (EDSEG) et \u00e9tudiante en psychologie \u00e0 la Facult\u00e9 d&rsquo;Ethnologie de l\u2019Universit\u00e9 d\u2019\u00c9tat d\u2019Ha\u00efti. Ayant grandi&#8230;<\/p>\n","protected":false},"author":2,"featured_media":0,"parent":0,"menu_order":0,"comment_status":"closed","ping_status":"closed","template":"","meta":{"footnotes":""},"class_list":["post-5854","page","type-page","status-publish","hentry","no-post-thumbnail"],"yoast_head":"<!-- This site is optimized with the Yoast SEO plugin v27.3 - https:\/\/yoast.com\/product\/yoast-seo-wordpress\/ -->\n<title>Judica\u00eblle Trujy Sully | LEGS &Eacute;DITION<\/title>\n<meta name=\"robots\" content=\"index, follow, max-snippet:-1, max-image-preview:large, max-video-preview:-1\" \/>\n<link rel=\"canonical\" href=\"https:\/\/legsedition.net\/public\/judicaelle-trujy-sully\/\" \/>\n<meta property=\"og:locale\" content=\"fr_FR\" \/>\n<meta property=\"og:type\" content=\"article\" \/>\n<meta property=\"og:title\" content=\"Judica\u00eblle Trujy Sully | LEGS &Eacute;DITION\" \/>\n<meta property=\"og:description\" content=\"N\u00e9e le 4 avril 1996 \u00e0 Port-au-Prince, Judica\u00eblle Trujy SULLY est certifi\u00e9e en Sciences juridiques de l&rsquo;\u00c9cole de droit et des sciences \u00e9conomiques des Gonaives (EDSEG) et \u00e9tudiante en psychologie \u00e0 la Facult\u00e9 d&rsquo;Ethnologie de l\u2019Universit\u00e9 d\u2019\u00c9tat d\u2019Ha\u00efti. Ayant grandi...\" \/>\n<meta property=\"og:url\" content=\"https:\/\/legsedition.net\/public\/judicaelle-trujy-sully\/\" \/>\n<meta property=\"og:site_name\" content=\"LEGS &Eacute;DITION\" \/>\n<meta property=\"article:publisher\" content=\"https:\/\/web.facebook.com\/LegsEtLitterature\/\" \/>\n<meta property=\"article:modified_time\" content=\"2024-11-07T11:28:50+00:00\" \/>\n<meta property=\"og:image\" content=\"https:\/\/legsedition.net\/public\/wp-content\/uploads\/2023\/09\/Judicaelle.jpg\" \/>\n\t<meta property=\"og:image:width\" content=\"819\" \/>\n\t<meta property=\"og:image:height\" content=\"1024\" \/>\n\t<meta property=\"og:image:type\" content=\"image\/jpeg\" \/>\n<meta name=\"twitter:card\" content=\"summary_large_image\" \/>\n<meta name=\"twitter:label1\" content=\"Dur\u00e9e de lecture estim\u00e9e\" \/>\n\t<meta name=\"twitter:data1\" content=\"2 minutes\" \/>\n<script type=\"application\/ld+json\" class=\"yoast-schema-graph\">{\"@context\":\"https:\\\/\\\/schema.org\",\"@graph\":[{\"@type\":\"WebPage\",\"@id\":\"https:\\\/\\\/legsedition.net\\\/public\\\/judicaelle-trujy-sully\\\/\",\"url\":\"https:\\\/\\\/legsedition.net\\\/public\\\/judicaelle-trujy-sully\\\/\",\"name\":\"Judica\u00eblle Trujy Sully | LEGS &Eacute;DITION\",\"isPartOf\":{\"@id\":\"https:\\\/\\\/legsedition.net\\\/public\\\/#website\"},\"primaryImageOfPage\":{\"@id\":\"https:\\\/\\\/legsedition.net\\\/public\\\/judicaelle-trujy-sully\\\/#primaryimage\"},\"image\":{\"@id\":\"https:\\\/\\\/legsedition.net\\\/public\\\/judicaelle-trujy-sully\\\/#primaryimage\"},\"thumbnailUrl\":\"https:\\\/\\\/legsedition.net\\\/public\\\/wp-content\\\/uploads\\\/2023\\\/09\\\/Judicaelle.jpg\",\"datePublished\":\"2023-09-22T17:41:03+00:00\",\"dateModified\":\"2024-11-07T11:28:50+00:00\",\"breadcrumb\":{\"@id\":\"https:\\\/\\\/legsedition.net\\\/public\\\/judicaelle-trujy-sully\\\/#breadcrumb\"},\"inLanguage\":\"fr-FR\",\"potentialAction\":[{\"@type\":\"ReadAction\",\"target\":[\"https:\\\/\\\/legsedition.net\\\/public\\\/judicaelle-trujy-sully\\\/\"]}]},{\"@type\":\"ImageObject\",\"inLanguage\":\"fr-FR\",\"@id\":\"https:\\\/\\\/legsedition.net\\\/public\\\/judicaelle-trujy-sully\\\/#primaryimage\",\"url\":\"https:\\\/\\\/legsedition.net\\\/public\\\/wp-content\\\/uploads\\\/2023\\\/09\\\/Judicaelle.jpg\",\"contentUrl\":\"https:\\\/\\\/legsedition.net\\\/public\\\/wp-content\\\/uploads\\\/2023\\\/09\\\/Judicaelle.jpg\",\"width\":819,\"height\":1024},{\"@type\":\"BreadcrumbList\",\"@id\":\"https:\\\/\\\/legsedition.net\\\/public\\\/judicaelle-trujy-sully\\\/#breadcrumb\",\"itemListElement\":[{\"@type\":\"ListItem\",\"position\":1,\"name\":\"Home\",\"item\":\"https:\\\/\\\/legsedition.net\\\/public\\\/\"},{\"@type\":\"ListItem\",\"position\":2,\"name\":\"Judica\u00eblle Trujy Sully\"}]},{\"@type\":\"WebSite\",\"@id\":\"https:\\\/\\\/legsedition.net\\\/public\\\/#website\",\"url\":\"https:\\\/\\\/legsedition.net\\\/public\\\/\",\"name\":\"LEGS &Eacute;DITION\",\"description\":\"\",\"potentialAction\":[{\"@type\":\"SearchAction\",\"target\":{\"@type\":\"EntryPoint\",\"urlTemplate\":\"https:\\\/\\\/legsedition.net\\\/public\\\/?s={search_term_string}\"},\"query-input\":{\"@type\":\"PropertyValueSpecification\",\"valueRequired\":true,\"valueName\":\"search_term_string\"}}],\"inLanguage\":\"fr-FR\"}]}<\/script>\n<!-- \/ Yoast SEO plugin. -->","yoast_head_json":{"title":"Judica\u00eblle Trujy Sully | LEGS &Eacute;DITION","robots":{"index":"index","follow":"follow","max-snippet":"max-snippet:-1","max-image-preview":"max-image-preview:large","max-video-preview":"max-video-preview:-1"},"canonical":"https:\/\/legsedition.net\/public\/judicaelle-trujy-sully\/","og_locale":"fr_FR","og_type":"article","og_title":"Judica\u00eblle Trujy Sully | LEGS &Eacute;DITION","og_description":"N\u00e9e le 4 avril 1996 \u00e0 Port-au-Prince, Judica\u00eblle Trujy SULLY est certifi\u00e9e en Sciences juridiques de l&rsquo;\u00c9cole de droit et des sciences \u00e9conomiques des Gonaives (EDSEG) et \u00e9tudiante en psychologie \u00e0 la Facult\u00e9 d&rsquo;Ethnologie de l\u2019Universit\u00e9 d\u2019\u00c9tat d\u2019Ha\u00efti. Ayant grandi...","og_url":"https:\/\/legsedition.net\/public\/judicaelle-trujy-sully\/","og_site_name":"LEGS &Eacute;DITION","article_publisher":"https:\/\/web.facebook.com\/LegsEtLitterature\/","article_modified_time":"2024-11-07T11:28:50+00:00","og_image":[{"width":819,"height":1024,"url":"https:\/\/legsedition.net\/public\/wp-content\/uploads\/2023\/09\/Judicaelle.jpg","type":"image\/jpeg"}],"twitter_card":"summary_large_image","twitter_misc":{"Dur\u00e9e de lecture estim\u00e9e":"2 minutes"},"schema":{"@context":"https:\/\/schema.org","@graph":[{"@type":"WebPage","@id":"https:\/\/legsedition.net\/public\/judicaelle-trujy-sully\/","url":"https:\/\/legsedition.net\/public\/judicaelle-trujy-sully\/","name":"Judica\u00eblle Trujy Sully | LEGS &Eacute;DITION","isPartOf":{"@id":"https:\/\/legsedition.net\/public\/#website"},"primaryImageOfPage":{"@id":"https:\/\/legsedition.net\/public\/judicaelle-trujy-sully\/#primaryimage"},"image":{"@id":"https:\/\/legsedition.net\/public\/judicaelle-trujy-sully\/#primaryimage"},"thumbnailUrl":"https:\/\/legsedition.net\/public\/wp-content\/uploads\/2023\/09\/Judicaelle.jpg","datePublished":"2023-09-22T17:41:03+00:00","dateModified":"2024-11-07T11:28:50+00:00","breadcrumb":{"@id":"https:\/\/legsedition.net\/public\/judicaelle-trujy-sully\/#breadcrumb"},"inLanguage":"fr-FR","potentialAction":[{"@type":"ReadAction","target":["https:\/\/legsedition.net\/public\/judicaelle-trujy-sully\/"]}]},{"@type":"ImageObject","inLanguage":"fr-FR","@id":"https:\/\/legsedition.net\/public\/judicaelle-trujy-sully\/#primaryimage","url":"https:\/\/legsedition.net\/public\/wp-content\/uploads\/2023\/09\/Judicaelle.jpg","contentUrl":"https:\/\/legsedition.net\/public\/wp-content\/uploads\/2023\/09\/Judicaelle.jpg","width":819,"height":1024},{"@type":"BreadcrumbList","@id":"https:\/\/legsedition.net\/public\/judicaelle-trujy-sully\/#breadcrumb","itemListElement":[{"@type":"ListItem","position":1,"name":"Home","item":"https:\/\/legsedition.net\/public\/"},{"@type":"ListItem","position":2,"name":"Judica\u00eblle Trujy Sully"}]},{"@type":"WebSite","@id":"https:\/\/legsedition.net\/public\/#website","url":"https:\/\/legsedition.net\/public\/","name":"LEGS &Eacute;DITION","description":"","potentialAction":[{"@type":"SearchAction","target":{"@type":"EntryPoint","urlTemplate":"https:\/\/legsedition.net\/public\/?s={search_term_string}"},"query-input":{"@type":"PropertyValueSpecification","valueRequired":true,"valueName":"search_term_string"}}],"inLanguage":"fr-FR"}]}},"_links":{"self":[{"href":"https:\/\/legsedition.net\/public\/wp-json\/wp\/v2\/pages\/5854","targetHints":{"allow":["GET"]}}],"collection":[{"href":"https:\/\/legsedition.net\/public\/wp-json\/wp\/v2\/pages"}],"about":[{"href":"https:\/\/legsedition.net\/public\/wp-json\/wp\/v2\/types\/page"}],"author":[{"embeddable":true,"href":"https:\/\/legsedition.net\/public\/wp-json\/wp\/v2\/users\/2"}],"replies":[{"embeddable":true,"href":"https:\/\/legsedition.net\/public\/wp-json\/wp\/v2\/comments?post=5854"}],"version-history":[{"count":6,"href":"https:\/\/legsedition.net\/public\/wp-json\/wp\/v2\/pages\/5854\/revisions"}],"predecessor-version":[{"id":7143,"href":"https:\/\/legsedition.net\/public\/wp-json\/wp\/v2\/pages\/5854\/revisions\/7143"}],"wp:attachment":[{"href":"https:\/\/legsedition.net\/public\/wp-json\/wp\/v2\/media?parent=5854"}],"curies":[{"name":"wp","href":"https:\/\/api.w.org\/{rel}","templated":true}]}}