{"id":5868,"date":"2023-09-24T16:19:30","date_gmt":"2023-09-24T16:19:30","guid":{"rendered":"https:\/\/legsedition.net\/public\/?page_id=5868"},"modified":"2026-02-06T16:46:53","modified_gmt":"2026-02-06T16:46:53","slug":"stephane-saintil","status":"publish","type":"page","link":"https:\/\/legsedition.net\/public\/stephane-saintil\/","title":{"rendered":"St\u00e9phane Saintil"},"content":{"rendered":"<p><a href=\"https:\/\/legsedition.net\/public\/wp-content\/uploads\/2023\/10\/stephanesaintil.jpg\"><img decoding=\"async\" class=\"wp-image-5916 alignleft\" src=\"https:\/\/legsedition.net\/public\/wp-content\/uploads\/2023\/10\/stephanesaintil.jpg\" alt=\"\" width=\"159\" height=\"178\" srcset=\"https:\/\/legsedition.net\/public\/wp-content\/uploads\/2023\/10\/stephanesaintil.jpg 574w, https:\/\/legsedition.net\/public\/wp-content\/uploads\/2023\/10\/stephanesaintil-267x300.jpg 267w, https:\/\/legsedition.net\/public\/wp-content\/uploads\/2023\/10\/stephanesaintil-535x600.jpg 535w, https:\/\/legsedition.net\/public\/wp-content\/uploads\/2023\/10\/stephanesaintil-143x160.jpg 143w\" sizes=\"(max-width: 159px) 100vw, 159px\" \/><\/a>N\u00e9 \u00e0 Port-au-Prince, St\u00e9phane Saintil est doctorant en lettres au d\u00e9partement de langues et litt\u00e9ratures de l\u2019Universit\u00e9 de B\u00e2le en Suisse. D\u00e9tenteur d\u2019un master en Comparatisme, Imaginaire et socio-anthropologie \u00e0 l\u2019Universit\u00e9 de Grenoble-Alpes, il est licenci\u00e9 en sociologie \u00e0 la Facult\u00e9 des sciences humaines de l\u2019Universit\u00e9 d\u2019\u00c9tat d\u2019Ha\u00efti.<\/p>\n<p>Critique litt\u00e9raire et collaborateur du journal en ligne\u00a0<em>Ayibopost, <\/em>R\u00e9dacteur en chef de la revue <em>Do-Kre-I-S, <\/em>il a publi\u00e9 de nombreux articles et comptes rendus de lectures dans des revues telles <em>Legs et litt\u00e9rature<\/em>, <em>Studi Francesi<\/em>, <em>Remue-Net<\/em>, <em>NOFI, Intersections,\u00a0 La R\u00e9colte <\/em>et <em>Journal of Haitian Studies<\/em>. Ses axes de recherche portent principalement sur la litt\u00e9rature ha\u00eftienne, la probl\u00e9matique de l\u2019identit\u00e9, les transferts culturels et \u00e0 l\u2019imaginaire de l\u2019exil.<\/p>\n<p><strong>Publication chez LEGS \u00c9DITION<\/strong><\/p>\n<p><em><a href=\"https:\/\/legsedition.net\/public\/2023\/11\/15\/je-decouvre-jean-claude-charles\/\" target=\"_blank\" rel=\"noopener\">Je d\u00e9couvre&#8230; Jean-Claude Charles<\/a>,\u00a0<\/em>2023<\/p>\n<p><a href=\"https:\/\/legsedition.net\/public\/wp-content\/uploads\/2023\/10\/JE-DEC-JCC-oct-2023.png\"><img fetchpriority=\"high\" decoding=\"async\" class=\"alignnone wp-image-6006 \" src=\"https:\/\/legsedition.net\/public\/wp-content\/uploads\/2023\/10\/JE-DEC-JCC-oct-2023.png\" alt=\"\" width=\"236\" height=\"366\" srcset=\"https:\/\/legsedition.net\/public\/wp-content\/uploads\/2023\/10\/JE-DEC-JCC-oct-2023.png 323w, https:\/\/legsedition.net\/public\/wp-content\/uploads\/2023\/10\/JE-DEC-JCC-oct-2023-193x300.png 193w, https:\/\/legsedition.net\/public\/wp-content\/uploads\/2023\/10\/JE-DEC-JCC-oct-2023-103x160.png 103w\" sizes=\"(max-width: 236px) 100vw, 236px\" \/><\/a><\/p>\n","protected":false},"excerpt":{"rendered":"<p>N\u00e9 \u00e0 Port-au-Prince, St\u00e9phane Saintil est doctorant en lettres au d\u00e9partement de langues et litt\u00e9ratures de l\u2019Universit\u00e9 de B\u00e2le en Suisse. D\u00e9tenteur d\u2019un master en Comparatisme, Imaginaire et socio-anthropologie \u00e0 l\u2019Universit\u00e9 de Grenoble-Alpes, il est licenci\u00e9 en sociologie \u00e0 la&#8230;<\/p>\n","protected":false},"author":2,"featured_media":0,"parent":0,"menu_order":0,"comment_status":"closed","ping_status":"closed","template":"","meta":{"footnotes":""},"class_list":["post-5868","page","type-page","status-publish","hentry","no-post-thumbnail"],"yoast_head":"<!-- This site is optimized with the Yoast SEO plugin v27.3 - https:\/\/yoast.com\/product\/yoast-seo-wordpress\/ -->\n<title>St\u00e9phane Saintil | LEGS &Eacute;DITION<\/title>\n<meta name=\"robots\" content=\"index, follow, max-snippet:-1, max-image-preview:large, max-video-preview:-1\" \/>\n<link rel=\"canonical\" href=\"https:\/\/legsedition.net\/public\/stephane-saintil\/\" \/>\n<meta property=\"og:locale\" content=\"fr_FR\" \/>\n<meta property=\"og:type\" content=\"article\" \/>\n<meta property=\"og:title\" content=\"St\u00e9phane Saintil | LEGS &Eacute;DITION\" \/>\n<meta property=\"og:description\" content=\"N\u00e9 \u00e0 Port-au-Prince, St\u00e9phane Saintil est doctorant en lettres au d\u00e9partement de langues et litt\u00e9ratures de l\u2019Universit\u00e9 de B\u00e2le en Suisse. D\u00e9tenteur d\u2019un master en Comparatisme, Imaginaire et socio-anthropologie \u00e0 l\u2019Universit\u00e9 de Grenoble-Alpes, il est licenci\u00e9 en sociologie \u00e0 la...\" \/>\n<meta property=\"og:url\" content=\"https:\/\/legsedition.net\/public\/stephane-saintil\/\" \/>\n<meta property=\"og:site_name\" content=\"LEGS &Eacute;DITION\" \/>\n<meta property=\"article:publisher\" content=\"https:\/\/web.facebook.com\/LegsEtLitterature\/\" \/>\n<meta property=\"article:modified_time\" content=\"2026-02-06T16:46:53+00:00\" \/>\n<meta property=\"og:image\" content=\"https:\/\/legsedition.net\/public\/wp-content\/uploads\/2023\/10\/stephanesaintil.jpg\" \/>\n\t<meta property=\"og:image:width\" content=\"574\" \/>\n\t<meta property=\"og:image:height\" content=\"644\" \/>\n\t<meta property=\"og:image:type\" content=\"image\/jpeg\" \/>\n<meta name=\"twitter:card\" content=\"summary_large_image\" \/>\n<meta name=\"twitter:label1\" content=\"Dur\u00e9e de lecture estim\u00e9e\" \/>\n\t<meta name=\"twitter:data1\" content=\"2 minutes\" \/>\n<script type=\"application\/ld+json\" class=\"yoast-schema-graph\">{\"@context\":\"https:\\\/\\\/schema.org\",\"@graph\":[{\"@type\":\"WebPage\",\"@id\":\"https:\\\/\\\/legsedition.net\\\/public\\\/stephane-saintil\\\/\",\"url\":\"https:\\\/\\\/legsedition.net\\\/public\\\/stephane-saintil\\\/\",\"name\":\"St\u00e9phane Saintil | LEGS &Eacute;DITION\",\"isPartOf\":{\"@id\":\"https:\\\/\\\/legsedition.net\\\/public\\\/#website\"},\"primaryImageOfPage\":{\"@id\":\"https:\\\/\\\/legsedition.net\\\/public\\\/stephane-saintil\\\/#primaryimage\"},\"image\":{\"@id\":\"https:\\\/\\\/legsedition.net\\\/public\\\/stephane-saintil\\\/#primaryimage\"},\"thumbnailUrl\":\"https:\\\/\\\/legsedition.net\\\/public\\\/wp-content\\\/uploads\\\/2023\\\/10\\\/stephanesaintil.jpg\",\"datePublished\":\"2023-09-24T16:19:30+00:00\",\"dateModified\":\"2026-02-06T16:46:53+00:00\",\"breadcrumb\":{\"@id\":\"https:\\\/\\\/legsedition.net\\\/public\\\/stephane-saintil\\\/#breadcrumb\"},\"inLanguage\":\"fr-FR\",\"potentialAction\":[{\"@type\":\"ReadAction\",\"target\":[\"https:\\\/\\\/legsedition.net\\\/public\\\/stephane-saintil\\\/\"]}]},{\"@type\":\"ImageObject\",\"inLanguage\":\"fr-FR\",\"@id\":\"https:\\\/\\\/legsedition.net\\\/public\\\/stephane-saintil\\\/#primaryimage\",\"url\":\"https:\\\/\\\/legsedition.net\\\/public\\\/wp-content\\\/uploads\\\/2023\\\/10\\\/stephanesaintil.jpg\",\"contentUrl\":\"https:\\\/\\\/legsedition.net\\\/public\\\/wp-content\\\/uploads\\\/2023\\\/10\\\/stephanesaintil.jpg\",\"width\":574,\"height\":644},{\"@type\":\"BreadcrumbList\",\"@id\":\"https:\\\/\\\/legsedition.net\\\/public\\\/stephane-saintil\\\/#breadcrumb\",\"itemListElement\":[{\"@type\":\"ListItem\",\"position\":1,\"name\":\"Home\",\"item\":\"https:\\\/\\\/legsedition.net\\\/public\\\/\"},{\"@type\":\"ListItem\",\"position\":2,\"name\":\"St\u00e9phane Saintil\"}]},{\"@type\":\"WebSite\",\"@id\":\"https:\\\/\\\/legsedition.net\\\/public\\\/#website\",\"url\":\"https:\\\/\\\/legsedition.net\\\/public\\\/\",\"name\":\"LEGS &Eacute;DITION\",\"description\":\"\",\"potentialAction\":[{\"@type\":\"SearchAction\",\"target\":{\"@type\":\"EntryPoint\",\"urlTemplate\":\"https:\\\/\\\/legsedition.net\\\/public\\\/?s={search_term_string}\"},\"query-input\":{\"@type\":\"PropertyValueSpecification\",\"valueRequired\":true,\"valueName\":\"search_term_string\"}}],\"inLanguage\":\"fr-FR\"}]}<\/script>\n<!-- \/ Yoast SEO plugin. -->","yoast_head_json":{"title":"St\u00e9phane Saintil | LEGS &Eacute;DITION","robots":{"index":"index","follow":"follow","max-snippet":"max-snippet:-1","max-image-preview":"max-image-preview:large","max-video-preview":"max-video-preview:-1"},"canonical":"https:\/\/legsedition.net\/public\/stephane-saintil\/","og_locale":"fr_FR","og_type":"article","og_title":"St\u00e9phane Saintil | LEGS &Eacute;DITION","og_description":"N\u00e9 \u00e0 Port-au-Prince, St\u00e9phane Saintil est doctorant en lettres au d\u00e9partement de langues et litt\u00e9ratures de l\u2019Universit\u00e9 de B\u00e2le en Suisse. D\u00e9tenteur d\u2019un master en Comparatisme, Imaginaire et socio-anthropologie \u00e0 l\u2019Universit\u00e9 de Grenoble-Alpes, il est licenci\u00e9 en sociologie \u00e0 la...","og_url":"https:\/\/legsedition.net\/public\/stephane-saintil\/","og_site_name":"LEGS &Eacute;DITION","article_publisher":"https:\/\/web.facebook.com\/LegsEtLitterature\/","article_modified_time":"2026-02-06T16:46:53+00:00","og_image":[{"width":574,"height":644,"url":"https:\/\/legsedition.net\/public\/wp-content\/uploads\/2023\/10\/stephanesaintil.jpg","type":"image\/jpeg"}],"twitter_card":"summary_large_image","twitter_misc":{"Dur\u00e9e de lecture estim\u00e9e":"2 minutes"},"schema":{"@context":"https:\/\/schema.org","@graph":[{"@type":"WebPage","@id":"https:\/\/legsedition.net\/public\/stephane-saintil\/","url":"https:\/\/legsedition.net\/public\/stephane-saintil\/","name":"St\u00e9phane Saintil | LEGS &Eacute;DITION","isPartOf":{"@id":"https:\/\/legsedition.net\/public\/#website"},"primaryImageOfPage":{"@id":"https:\/\/legsedition.net\/public\/stephane-saintil\/#primaryimage"},"image":{"@id":"https:\/\/legsedition.net\/public\/stephane-saintil\/#primaryimage"},"thumbnailUrl":"https:\/\/legsedition.net\/public\/wp-content\/uploads\/2023\/10\/stephanesaintil.jpg","datePublished":"2023-09-24T16:19:30+00:00","dateModified":"2026-02-06T16:46:53+00:00","breadcrumb":{"@id":"https:\/\/legsedition.net\/public\/stephane-saintil\/#breadcrumb"},"inLanguage":"fr-FR","potentialAction":[{"@type":"ReadAction","target":["https:\/\/legsedition.net\/public\/stephane-saintil\/"]}]},{"@type":"ImageObject","inLanguage":"fr-FR","@id":"https:\/\/legsedition.net\/public\/stephane-saintil\/#primaryimage","url":"https:\/\/legsedition.net\/public\/wp-content\/uploads\/2023\/10\/stephanesaintil.jpg","contentUrl":"https:\/\/legsedition.net\/public\/wp-content\/uploads\/2023\/10\/stephanesaintil.jpg","width":574,"height":644},{"@type":"BreadcrumbList","@id":"https:\/\/legsedition.net\/public\/stephane-saintil\/#breadcrumb","itemListElement":[{"@type":"ListItem","position":1,"name":"Home","item":"https:\/\/legsedition.net\/public\/"},{"@type":"ListItem","position":2,"name":"St\u00e9phane Saintil"}]},{"@type":"WebSite","@id":"https:\/\/legsedition.net\/public\/#website","url":"https:\/\/legsedition.net\/public\/","name":"LEGS &Eacute;DITION","description":"","potentialAction":[{"@type":"SearchAction","target":{"@type":"EntryPoint","urlTemplate":"https:\/\/legsedition.net\/public\/?s={search_term_string}"},"query-input":{"@type":"PropertyValueSpecification","valueRequired":true,"valueName":"search_term_string"}}],"inLanguage":"fr-FR"}]}},"_links":{"self":[{"href":"https:\/\/legsedition.net\/public\/wp-json\/wp\/v2\/pages\/5868","targetHints":{"allow":["GET"]}}],"collection":[{"href":"https:\/\/legsedition.net\/public\/wp-json\/wp\/v2\/pages"}],"about":[{"href":"https:\/\/legsedition.net\/public\/wp-json\/wp\/v2\/types\/page"}],"author":[{"embeddable":true,"href":"https:\/\/legsedition.net\/public\/wp-json\/wp\/v2\/users\/2"}],"replies":[{"embeddable":true,"href":"https:\/\/legsedition.net\/public\/wp-json\/wp\/v2\/comments?post=5868"}],"version-history":[{"count":10,"href":"https:\/\/legsedition.net\/public\/wp-json\/wp\/v2\/pages\/5868\/revisions"}],"predecessor-version":[{"id":9231,"href":"https:\/\/legsedition.net\/public\/wp-json\/wp\/v2\/pages\/5868\/revisions\/9231"}],"wp:attachment":[{"href":"https:\/\/legsedition.net\/public\/wp-json\/wp\/v2\/media?parent=5868"}],"curies":[{"name":"wp","href":"https:\/\/api.w.org\/{rel}","templated":true}]}}