{"id":5918,"date":"2023-10-08T17:10:36","date_gmt":"2023-10-08T17:10:36","guid":{"rendered":"https:\/\/legsedition.net\/public\/?page_id=5918"},"modified":"2023-12-27T12:33:10","modified_gmt":"2023-12-27T12:33:10","slug":"penn-yserve","status":"publish","type":"page","link":"https:\/\/legsedition.net\/public\/penn-yserve\/","title":{"rendered":"Penn Yserve"},"content":{"rendered":"<p><a href=\"https:\/\/legsedition.net\/public\/wp-content\/uploads\/2023\/10\/Big-smile._-_shag_imageimage0.jpg\"><img decoding=\"async\" class=\"alignleft wp-image-5919 \" src=\"https:\/\/legsedition.net\/public\/wp-content\/uploads\/2023\/10\/Big-smile._-_shag_imageimage0.jpg\" alt=\"\" width=\"192\" height=\"214\" srcset=\"https:\/\/legsedition.net\/public\/wp-content\/uploads\/2023\/10\/Big-smile._-_shag_imageimage0.jpg 640w, https:\/\/legsedition.net\/public\/wp-content\/uploads\/2023\/10\/Big-smile._-_shag_imageimage0-269x300.jpg 269w, https:\/\/legsedition.net\/public\/wp-content\/uploads\/2023\/10\/Big-smile._-_shag_imageimage0-539x600.jpg 539w, https:\/\/legsedition.net\/public\/wp-content\/uploads\/2023\/10\/Big-smile._-_shag_imageimage0-144x160.jpg 144w, https:\/\/legsedition.net\/public\/wp-content\/uploads\/2023\/10\/Big-smile._-_shag_imageimage0-600x668.jpg 600w\" sizes=\"(max-width: 192px) 100vw, 192px\" \/><\/a>Illustrateur, portraitiste, graffeur et vid\u00e9aste, Penn Yserve est n\u00e9 \u00e0 Petit-Go\u00e2ve le 18 mars 1995. Il a fait des etudes inachev\u00e9es en lettres modernes \u00e0 l&rsquo;\u00c9cole normale Sup\u00e9rieure de Port-au-Prince. Ayant appris le dessin dans les ateliers Hyppo&rsquo;s art sous l&rsquo;\u00e9gide de son professeur Samuel Hyppolite, il a suivi\u00a0des cours de dessin r\u00e9aliste chez son tuteur Canigue Draw.<\/p>\n<p>&nbsp;<\/p>\n<p>&nbsp;<\/p>\n<p><strong>\u0152uvre illustr\u00e9e chez LEGS \u00c9DITION<\/strong><\/p>\n<p><a href=\"https:\/\/legsedition.net\/public\/2023\/11\/15\/je-decouvre-jean-claude-charles\/\" target=\"_blank\" rel=\"noopener\"><em>Je d\u00e9couvre&#8230; Jean-Claude Charles<\/em><\/a>, 2023<\/p>\n<p><a href=\"https:\/\/legsedition.net\/public\/wp-content\/uploads\/2023\/10\/JE-DEC-JCC-oct-2023.png\"><img fetchpriority=\"high\" decoding=\"async\" class=\"alignnone wp-image-6006 \" src=\"https:\/\/legsedition.net\/public\/wp-content\/uploads\/2023\/10\/JE-DEC-JCC-oct-2023.png\" alt=\"\" width=\"189\" height=\"294\" srcset=\"https:\/\/legsedition.net\/public\/wp-content\/uploads\/2023\/10\/JE-DEC-JCC-oct-2023.png 323w, https:\/\/legsedition.net\/public\/wp-content\/uploads\/2023\/10\/JE-DEC-JCC-oct-2023-193x300.png 193w, https:\/\/legsedition.net\/public\/wp-content\/uploads\/2023\/10\/JE-DEC-JCC-oct-2023-103x160.png 103w\" sizes=\"(max-width: 189px) 100vw, 189px\" \/><\/a><\/p>\n","protected":false},"excerpt":{"rendered":"<p>Illustrateur, portraitiste, graffeur et vid\u00e9aste, Penn Yserve est n\u00e9 \u00e0 Petit-Go\u00e2ve le 18 mars 1995. Il a fait des etudes inachev\u00e9es en lettres modernes \u00e0 l&rsquo;\u00c9cole normale Sup\u00e9rieure de Port-au-Prince. Ayant appris le dessin dans les ateliers Hyppo&rsquo;s art sous&#8230;<\/p>\n","protected":false},"author":2,"featured_media":0,"parent":0,"menu_order":0,"comment_status":"closed","ping_status":"closed","template":"","meta":{"footnotes":""},"class_list":["post-5918","page","type-page","status-publish","hentry","no-post-thumbnail"],"yoast_head":"<!-- This site is optimized with the Yoast SEO plugin v27.3 - https:\/\/yoast.com\/product\/yoast-seo-wordpress\/ -->\n<title>Penn Yserve | LEGS &Eacute;DITION<\/title>\n<meta name=\"robots\" content=\"index, follow, max-snippet:-1, max-image-preview:large, max-video-preview:-1\" \/>\n<link rel=\"canonical\" href=\"https:\/\/legsedition.net\/public\/penn-yserve\/\" \/>\n<meta property=\"og:locale\" content=\"fr_FR\" \/>\n<meta property=\"og:type\" content=\"article\" \/>\n<meta property=\"og:title\" content=\"Penn Yserve | LEGS &Eacute;DITION\" \/>\n<meta property=\"og:description\" content=\"Illustrateur, portraitiste, graffeur et vid\u00e9aste, Penn Yserve est n\u00e9 \u00e0 Petit-Go\u00e2ve le 18 mars 1995. Il a fait des etudes inachev\u00e9es en lettres modernes \u00e0 l&rsquo;\u00c9cole normale Sup\u00e9rieure de Port-au-Prince. Ayant appris le dessin dans les ateliers Hyppo&rsquo;s art sous...\" \/>\n<meta property=\"og:url\" content=\"https:\/\/legsedition.net\/public\/penn-yserve\/\" \/>\n<meta property=\"og:site_name\" content=\"LEGS &Eacute;DITION\" \/>\n<meta property=\"article:publisher\" content=\"https:\/\/web.facebook.com\/LegsEtLitterature\/\" \/>\n<meta property=\"article:modified_time\" content=\"2023-12-27T12:33:10+00:00\" \/>\n<meta property=\"og:image\" content=\"https:\/\/legsedition.net\/public\/wp-content\/uploads\/2023\/10\/Big-smile._-_shag_imageimage0.jpg\" \/>\n<meta name=\"twitter:card\" content=\"summary_large_image\" \/>\n<script type=\"application\/ld+json\" class=\"yoast-schema-graph\">{\"@context\":\"https:\\\/\\\/schema.org\",\"@graph\":[{\"@type\":\"WebPage\",\"@id\":\"https:\\\/\\\/legsedition.net\\\/public\\\/penn-yserve\\\/\",\"url\":\"https:\\\/\\\/legsedition.net\\\/public\\\/penn-yserve\\\/\",\"name\":\"Penn Yserve | LEGS &Eacute;DITION\",\"isPartOf\":{\"@id\":\"https:\\\/\\\/legsedition.net\\\/public\\\/#website\"},\"primaryImageOfPage\":{\"@id\":\"https:\\\/\\\/legsedition.net\\\/public\\\/penn-yserve\\\/#primaryimage\"},\"image\":{\"@id\":\"https:\\\/\\\/legsedition.net\\\/public\\\/penn-yserve\\\/#primaryimage\"},\"thumbnailUrl\":\"https:\\\/\\\/legsedition.net\\\/public\\\/wp-content\\\/uploads\\\/2023\\\/10\\\/Big-smile._-_shag_imageimage0.jpg\",\"datePublished\":\"2023-10-08T17:10:36+00:00\",\"dateModified\":\"2023-12-27T12:33:10+00:00\",\"breadcrumb\":{\"@id\":\"https:\\\/\\\/legsedition.net\\\/public\\\/penn-yserve\\\/#breadcrumb\"},\"inLanguage\":\"fr-FR\",\"potentialAction\":[{\"@type\":\"ReadAction\",\"target\":[\"https:\\\/\\\/legsedition.net\\\/public\\\/penn-yserve\\\/\"]}]},{\"@type\":\"ImageObject\",\"inLanguage\":\"fr-FR\",\"@id\":\"https:\\\/\\\/legsedition.net\\\/public\\\/penn-yserve\\\/#primaryimage\",\"url\":\"https:\\\/\\\/legsedition.net\\\/public\\\/wp-content\\\/uploads\\\/2023\\\/10\\\/Big-smile._-_shag_imageimage0.jpg\",\"contentUrl\":\"https:\\\/\\\/legsedition.net\\\/public\\\/wp-content\\\/uploads\\\/2023\\\/10\\\/Big-smile._-_shag_imageimage0.jpg\",\"width\":640,\"height\":713},{\"@type\":\"BreadcrumbList\",\"@id\":\"https:\\\/\\\/legsedition.net\\\/public\\\/penn-yserve\\\/#breadcrumb\",\"itemListElement\":[{\"@type\":\"ListItem\",\"position\":1,\"name\":\"Home\",\"item\":\"https:\\\/\\\/legsedition.net\\\/public\\\/\"},{\"@type\":\"ListItem\",\"position\":2,\"name\":\"Penn Yserve\"}]},{\"@type\":\"WebSite\",\"@id\":\"https:\\\/\\\/legsedition.net\\\/public\\\/#website\",\"url\":\"https:\\\/\\\/legsedition.net\\\/public\\\/\",\"name\":\"LEGS &Eacute;DITION\",\"description\":\"\",\"potentialAction\":[{\"@type\":\"SearchAction\",\"target\":{\"@type\":\"EntryPoint\",\"urlTemplate\":\"https:\\\/\\\/legsedition.net\\\/public\\\/?s={search_term_string}\"},\"query-input\":{\"@type\":\"PropertyValueSpecification\",\"valueRequired\":true,\"valueName\":\"search_term_string\"}}],\"inLanguage\":\"fr-FR\"}]}<\/script>\n<!-- \/ Yoast SEO plugin. -->","yoast_head_json":{"title":"Penn Yserve | LEGS &Eacute;DITION","robots":{"index":"index","follow":"follow","max-snippet":"max-snippet:-1","max-image-preview":"max-image-preview:large","max-video-preview":"max-video-preview:-1"},"canonical":"https:\/\/legsedition.net\/public\/penn-yserve\/","og_locale":"fr_FR","og_type":"article","og_title":"Penn Yserve | LEGS &Eacute;DITION","og_description":"Illustrateur, portraitiste, graffeur et vid\u00e9aste, Penn Yserve est n\u00e9 \u00e0 Petit-Go\u00e2ve le 18 mars 1995. Il a fait des etudes inachev\u00e9es en lettres modernes \u00e0 l&rsquo;\u00c9cole normale Sup\u00e9rieure de Port-au-Prince. Ayant appris le dessin dans les ateliers Hyppo&rsquo;s art sous...","og_url":"https:\/\/legsedition.net\/public\/penn-yserve\/","og_site_name":"LEGS &Eacute;DITION","article_publisher":"https:\/\/web.facebook.com\/LegsEtLitterature\/","article_modified_time":"2023-12-27T12:33:10+00:00","og_image":[{"url":"https:\/\/legsedition.net\/public\/wp-content\/uploads\/2023\/10\/Big-smile._-_shag_imageimage0.jpg","type":"","width":"","height":""}],"twitter_card":"summary_large_image","schema":{"@context":"https:\/\/schema.org","@graph":[{"@type":"WebPage","@id":"https:\/\/legsedition.net\/public\/penn-yserve\/","url":"https:\/\/legsedition.net\/public\/penn-yserve\/","name":"Penn Yserve | LEGS &Eacute;DITION","isPartOf":{"@id":"https:\/\/legsedition.net\/public\/#website"},"primaryImageOfPage":{"@id":"https:\/\/legsedition.net\/public\/penn-yserve\/#primaryimage"},"image":{"@id":"https:\/\/legsedition.net\/public\/penn-yserve\/#primaryimage"},"thumbnailUrl":"https:\/\/legsedition.net\/public\/wp-content\/uploads\/2023\/10\/Big-smile._-_shag_imageimage0.jpg","datePublished":"2023-10-08T17:10:36+00:00","dateModified":"2023-12-27T12:33:10+00:00","breadcrumb":{"@id":"https:\/\/legsedition.net\/public\/penn-yserve\/#breadcrumb"},"inLanguage":"fr-FR","potentialAction":[{"@type":"ReadAction","target":["https:\/\/legsedition.net\/public\/penn-yserve\/"]}]},{"@type":"ImageObject","inLanguage":"fr-FR","@id":"https:\/\/legsedition.net\/public\/penn-yserve\/#primaryimage","url":"https:\/\/legsedition.net\/public\/wp-content\/uploads\/2023\/10\/Big-smile._-_shag_imageimage0.jpg","contentUrl":"https:\/\/legsedition.net\/public\/wp-content\/uploads\/2023\/10\/Big-smile._-_shag_imageimage0.jpg","width":640,"height":713},{"@type":"BreadcrumbList","@id":"https:\/\/legsedition.net\/public\/penn-yserve\/#breadcrumb","itemListElement":[{"@type":"ListItem","position":1,"name":"Home","item":"https:\/\/legsedition.net\/public\/"},{"@type":"ListItem","position":2,"name":"Penn Yserve"}]},{"@type":"WebSite","@id":"https:\/\/legsedition.net\/public\/#website","url":"https:\/\/legsedition.net\/public\/","name":"LEGS &Eacute;DITION","description":"","potentialAction":[{"@type":"SearchAction","target":{"@type":"EntryPoint","urlTemplate":"https:\/\/legsedition.net\/public\/?s={search_term_string}"},"query-input":{"@type":"PropertyValueSpecification","valueRequired":true,"valueName":"search_term_string"}}],"inLanguage":"fr-FR"}]}},"_links":{"self":[{"href":"https:\/\/legsedition.net\/public\/wp-json\/wp\/v2\/pages\/5918","targetHints":{"allow":["GET"]}}],"collection":[{"href":"https:\/\/legsedition.net\/public\/wp-json\/wp\/v2\/pages"}],"about":[{"href":"https:\/\/legsedition.net\/public\/wp-json\/wp\/v2\/types\/page"}],"author":[{"embeddable":true,"href":"https:\/\/legsedition.net\/public\/wp-json\/wp\/v2\/users\/2"}],"replies":[{"embeddable":true,"href":"https:\/\/legsedition.net\/public\/wp-json\/wp\/v2\/comments?post=5918"}],"version-history":[{"count":9,"href":"https:\/\/legsedition.net\/public\/wp-json\/wp\/v2\/pages\/5918\/revisions"}],"predecessor-version":[{"id":6199,"href":"https:\/\/legsedition.net\/public\/wp-json\/wp\/v2\/pages\/5918\/revisions\/6199"}],"wp:attachment":[{"href":"https:\/\/legsedition.net\/public\/wp-json\/wp\/v2\/media?parent=5918"}],"curies":[{"name":"wp","href":"https:\/\/api.w.org\/{rel}","templated":true}]}}