{"id":6967,"date":"2024-11-20T20:27:16","date_gmt":"2024-11-20T20:27:16","guid":{"rendered":"https:\/\/legsedition.net\/public\/?page_id=6967"},"modified":"2024-11-20T20:54:21","modified_gmt":"2024-11-20T20:54:21","slug":"ricardo-boucher","status":"publish","type":"page","link":"https:\/\/legsedition.net\/public\/ricardo-boucher\/","title":{"rendered":"Ricardo Boucher"},"content":{"rendered":"<figure id=\"attachment_6969\" aria-describedby=\"caption-attachment-6969\" style=\"width: 270px\" class=\"wp-caption alignleft\"><a href=\"https:\/\/legsedition.net\/public\/wp-content\/uploads\/2024\/10\/Ricardo-boucher-1.jpeg\"><img fetchpriority=\"high\" decoding=\"async\" class=\"wp-image-6969\" src=\"https:\/\/legsedition.net\/public\/wp-content\/uploads\/2024\/10\/Ricardo-boucher-1.jpeg\" alt=\"\" width=\"270\" height=\"252\" srcset=\"https:\/\/legsedition.net\/public\/wp-content\/uploads\/2024\/10\/Ricardo-boucher-1.jpeg 746w, https:\/\/legsedition.net\/public\/wp-content\/uploads\/2024\/10\/Ricardo-boucher-1-300x280.jpeg 300w\" sizes=\"(max-width: 270px) 100vw, 270px\" \/><\/a><figcaption id=\"caption-attachment-6969\" class=\"wp-caption-text\">\u00a9 David Duverseau<\/figcaption><\/figure>\n<p>N\u00e9 \u00e0 Port- au-Prince le 8 mai 1995, Ricardo Boucher est po\u00e8te, artiste performeur et activiste politique. Il est membre de l\u2019organisation progressiste et r\u00e9volutionnaire MOLEGHAF (Mouvement de Libert\u00e9 et d\u2019\u00c9galit\u00e9 des Ha\u00eftiens pour la Fraternit\u00e9). En 2019, il commence \u00e0 \u00e9crire ses po\u00e8mes sur les murs de Port-au-Prince et organise des marches po\u00e9tiques et des expositions dans de nombreux espaces impromptus de la ville entre autres les march\u00e9s, les places publiques et les cimeti\u00e8res.<\/p>\n<p>Collaborateur de plusieurs festivals de po\u00e9sie et de th\u00e9\u00e2tre en Ha\u00efti dont <a href=\"https:\/\/festival4chemins.com\/\" target=\"_blank\" rel=\"noopener\">Quatre Chemins<\/a>, <a href=\"https:\/\/enlisantfestival.com\/fr\/\" target=\"_blank\" rel=\"noopener\">En Lisant<\/a>, Transe Po\u00e9tique, PAPLAB et Les Rencontres du documentaire en Ha\u00efti, ses po\u00e8mes sont publi\u00e9s dans plusieurs revues et recueils collectifs en Ha\u00efti et \u00e0 l\u2019\u00e9tranger. En 2021, il obtient la bourse de r\u00e9sidences par Quatre Chemins pour son projet <em>Carte Postale,<\/em> une s\u00e9rie d\u2019ateliers d\u2019initiation \u00e0 l\u2019\u00e9criture po\u00e9tique \u00e0 la prison civile des femmes de Cabaret. En 2023, il donne une lecture du recueil <a href=\"https:\/\/legsedition.net\/public\/2020\/02\/20\/powem-entedi-ak-lot-powem\/\" target=\"_blank\" rel=\"noopener\">Pow\u00e8m ent\u00e8di ak l\u00f2t pow\u00e8m<\/a> de Guy R\u00e9gis Jr lors de la 2<sup>e<\/sup> \u00e9dition de <a href=\"https:\/\/babelica.alliance-publishers.org\/abouts\/babelica\" target=\"_blank\" rel=\"noopener\">BABELICA<\/a>, le Salon international de l&rsquo;\u00e9dition ind\u00e9pendante en ligne <a href=\"https:\/\/legsedition.net\/public\/2023\/10\/12\/babelica-2023-lecture-de-powem-entedi\/\"><img decoding=\"async\" class=\"alignnone wp-image-6971\" src=\"https:\/\/legsedition.net\/public\/wp-content\/uploads\/2024\/10\/image-150x150.jpg\" alt=\"\" width=\"18\" height=\"18\" \/><\/a>. Ancien responsable de programmation de la Kitm\u00e9diath\u00e8que, il pr\u00e9sente en 2020 l\u2019\u00e9mission <a href=\"https:\/\/www.youtube.com\/results?search_query=ricardo+boucher+kit+medias\" target=\"_blank\" rel=\"noopener\">LA PO\u00c9SIE<\/a> sur <em>KIT M\u00c9DIAS<\/em>.<\/p>\n<p><em>Ni pays ni exil <\/em>est son premier recueil de po\u00e8mes.<\/p>\n<p><strong>Publication chez LEGS \u00c9DITION<\/strong><\/p>\n<p><em><a href=\"https:\/\/legsedition.net\/public\/2024\/11\/01\/ni-pays-ni-exil\/?fbclid=IwY2xjawGdY4FleHRuA2FlbQIxMAABHbrB9mtNGSIEmVu6kohnrwXBX2IgNmNPfiH_smVNOPNlMeYVWAJpefmyPA_aem_wF1ZTkqn60tSToyJ4y3pDQ\" target=\"_blank\" rel=\"noopener\">ni pays ni exil<\/a>,\u00a0<\/em>2024<\/p>\n<p><a href=\"https:\/\/legsedition.net\/public\/wp-content\/uploads\/2024\/11\/ni_pays_ni_exil-1.png\"><img decoding=\"async\" class=\"alignnone wp-image-7222 \" src=\"https:\/\/legsedition.net\/public\/wp-content\/uploads\/2024\/11\/ni_pays_ni_exil-1.png\" alt=\"\" width=\"209\" height=\"328\" srcset=\"https:\/\/legsedition.net\/public\/wp-content\/uploads\/2024\/11\/ni_pays_ni_exil-1.png 579w, https:\/\/legsedition.net\/public\/wp-content\/uploads\/2024\/11\/ni_pays_ni_exil-1-191x300.png 191w\" sizes=\"(max-width: 209px) 100vw, 209px\" \/><\/a><\/p>\n\n\n<p><\/p>\n","protected":false},"excerpt":{"rendered":"<p>N\u00e9 \u00e0 Port- au-Prince le 8 mai 1995, Ricardo Boucher est po\u00e8te, artiste performeur et activiste politique. Il est membre de l\u2019organisation progressiste et r\u00e9volutionnaire MOLEGHAF (Mouvement de Libert\u00e9 et d\u2019\u00c9galit\u00e9 des Ha\u00eftiens pour la Fraternit\u00e9). En 2019, il commence&#8230;<\/p>\n","protected":false},"author":2,"featured_media":0,"parent":0,"menu_order":0,"comment_status":"closed","ping_status":"closed","template":"","meta":{"footnotes":""},"class_list":["post-6967","page","type-page","status-publish","hentry","no-post-thumbnail"],"yoast_head":"<!-- This site is optimized with the Yoast SEO plugin v27.3 - https:\/\/yoast.com\/product\/yoast-seo-wordpress\/ -->\n<title>Ricardo Boucher | LEGS &Eacute;DITION<\/title>\n<meta name=\"robots\" content=\"index, follow, max-snippet:-1, max-image-preview:large, max-video-preview:-1\" \/>\n<link rel=\"canonical\" href=\"https:\/\/legsedition.net\/public\/ricardo-boucher\/\" \/>\n<meta property=\"og:locale\" content=\"fr_FR\" \/>\n<meta property=\"og:type\" content=\"article\" \/>\n<meta property=\"og:title\" content=\"Ricardo Boucher | LEGS &Eacute;DITION\" \/>\n<meta property=\"og:description\" content=\"N\u00e9 \u00e0 Port- au-Prince le 8 mai 1995, Ricardo Boucher est po\u00e8te, artiste performeur et activiste politique. Il est membre de l\u2019organisation progressiste et r\u00e9volutionnaire MOLEGHAF (Mouvement de Libert\u00e9 et d\u2019\u00c9galit\u00e9 des Ha\u00eftiens pour la Fraternit\u00e9). En 2019, il commence...\" \/>\n<meta property=\"og:url\" content=\"https:\/\/legsedition.net\/public\/ricardo-boucher\/\" \/>\n<meta property=\"og:site_name\" content=\"LEGS &Eacute;DITION\" \/>\n<meta property=\"article:publisher\" content=\"https:\/\/web.facebook.com\/LegsEtLitterature\/\" \/>\n<meta property=\"article:modified_time\" content=\"2024-11-20T20:54:21+00:00\" \/>\n<meta property=\"og:image\" content=\"https:\/\/legsedition.net\/public\/wp-content\/uploads\/2024\/10\/Ricardo-boucher-1.jpeg\" \/>\n\t<meta property=\"og:image:width\" content=\"746\" \/>\n\t<meta property=\"og:image:height\" content=\"697\" \/>\n\t<meta property=\"og:image:type\" content=\"image\/jpeg\" \/>\n<meta name=\"twitter:card\" content=\"summary_large_image\" \/>\n<meta name=\"twitter:label1\" content=\"Dur\u00e9e de lecture estim\u00e9e\" \/>\n\t<meta name=\"twitter:data1\" content=\"2 minutes\" \/>\n<script type=\"application\/ld+json\" class=\"yoast-schema-graph\">{\"@context\":\"https:\\\/\\\/schema.org\",\"@graph\":[{\"@type\":\"WebPage\",\"@id\":\"https:\\\/\\\/legsedition.net\\\/public\\\/ricardo-boucher\\\/\",\"url\":\"https:\\\/\\\/legsedition.net\\\/public\\\/ricardo-boucher\\\/\",\"name\":\"Ricardo Boucher | LEGS &Eacute;DITION\",\"isPartOf\":{\"@id\":\"https:\\\/\\\/legsedition.net\\\/public\\\/#website\"},\"primaryImageOfPage\":{\"@id\":\"https:\\\/\\\/legsedition.net\\\/public\\\/ricardo-boucher\\\/#primaryimage\"},\"image\":{\"@id\":\"https:\\\/\\\/legsedition.net\\\/public\\\/ricardo-boucher\\\/#primaryimage\"},\"thumbnailUrl\":\"https:\\\/\\\/legsedition.net\\\/public\\\/wp-content\\\/uploads\\\/2024\\\/10\\\/Ricardo-boucher-1.jpeg\",\"datePublished\":\"2024-11-20T20:27:16+00:00\",\"dateModified\":\"2024-11-20T20:54:21+00:00\",\"breadcrumb\":{\"@id\":\"https:\\\/\\\/legsedition.net\\\/public\\\/ricardo-boucher\\\/#breadcrumb\"},\"inLanguage\":\"fr-FR\",\"potentialAction\":[{\"@type\":\"ReadAction\",\"target\":[\"https:\\\/\\\/legsedition.net\\\/public\\\/ricardo-boucher\\\/\"]}]},{\"@type\":\"ImageObject\",\"inLanguage\":\"fr-FR\",\"@id\":\"https:\\\/\\\/legsedition.net\\\/public\\\/ricardo-boucher\\\/#primaryimage\",\"url\":\"https:\\\/\\\/legsedition.net\\\/public\\\/wp-content\\\/uploads\\\/2024\\\/10\\\/Ricardo-boucher-1.jpeg\",\"contentUrl\":\"https:\\\/\\\/legsedition.net\\\/public\\\/wp-content\\\/uploads\\\/2024\\\/10\\\/Ricardo-boucher-1.jpeg\",\"width\":746,\"height\":697},{\"@type\":\"BreadcrumbList\",\"@id\":\"https:\\\/\\\/legsedition.net\\\/public\\\/ricardo-boucher\\\/#breadcrumb\",\"itemListElement\":[{\"@type\":\"ListItem\",\"position\":1,\"name\":\"Home\",\"item\":\"https:\\\/\\\/legsedition.net\\\/public\\\/\"},{\"@type\":\"ListItem\",\"position\":2,\"name\":\"Ricardo Boucher\"}]},{\"@type\":\"WebSite\",\"@id\":\"https:\\\/\\\/legsedition.net\\\/public\\\/#website\",\"url\":\"https:\\\/\\\/legsedition.net\\\/public\\\/\",\"name\":\"LEGS &Eacute;DITION\",\"description\":\"\",\"potentialAction\":[{\"@type\":\"SearchAction\",\"target\":{\"@type\":\"EntryPoint\",\"urlTemplate\":\"https:\\\/\\\/legsedition.net\\\/public\\\/?s={search_term_string}\"},\"query-input\":{\"@type\":\"PropertyValueSpecification\",\"valueRequired\":true,\"valueName\":\"search_term_string\"}}],\"inLanguage\":\"fr-FR\"}]}<\/script>\n<!-- \/ Yoast SEO plugin. -->","yoast_head_json":{"title":"Ricardo Boucher | LEGS &Eacute;DITION","robots":{"index":"index","follow":"follow","max-snippet":"max-snippet:-1","max-image-preview":"max-image-preview:large","max-video-preview":"max-video-preview:-1"},"canonical":"https:\/\/legsedition.net\/public\/ricardo-boucher\/","og_locale":"fr_FR","og_type":"article","og_title":"Ricardo Boucher | LEGS &Eacute;DITION","og_description":"N\u00e9 \u00e0 Port- au-Prince le 8 mai 1995, Ricardo Boucher est po\u00e8te, artiste performeur et activiste politique. Il est membre de l\u2019organisation progressiste et r\u00e9volutionnaire MOLEGHAF (Mouvement de Libert\u00e9 et d\u2019\u00c9galit\u00e9 des Ha\u00eftiens pour la Fraternit\u00e9). En 2019, il commence...","og_url":"https:\/\/legsedition.net\/public\/ricardo-boucher\/","og_site_name":"LEGS &Eacute;DITION","article_publisher":"https:\/\/web.facebook.com\/LegsEtLitterature\/","article_modified_time":"2024-11-20T20:54:21+00:00","og_image":[{"width":746,"height":697,"url":"https:\/\/legsedition.net\/public\/wp-content\/uploads\/2024\/10\/Ricardo-boucher-1.jpeg","type":"image\/jpeg"}],"twitter_card":"summary_large_image","twitter_misc":{"Dur\u00e9e de lecture estim\u00e9e":"2 minutes"},"schema":{"@context":"https:\/\/schema.org","@graph":[{"@type":"WebPage","@id":"https:\/\/legsedition.net\/public\/ricardo-boucher\/","url":"https:\/\/legsedition.net\/public\/ricardo-boucher\/","name":"Ricardo Boucher | LEGS &Eacute;DITION","isPartOf":{"@id":"https:\/\/legsedition.net\/public\/#website"},"primaryImageOfPage":{"@id":"https:\/\/legsedition.net\/public\/ricardo-boucher\/#primaryimage"},"image":{"@id":"https:\/\/legsedition.net\/public\/ricardo-boucher\/#primaryimage"},"thumbnailUrl":"https:\/\/legsedition.net\/public\/wp-content\/uploads\/2024\/10\/Ricardo-boucher-1.jpeg","datePublished":"2024-11-20T20:27:16+00:00","dateModified":"2024-11-20T20:54:21+00:00","breadcrumb":{"@id":"https:\/\/legsedition.net\/public\/ricardo-boucher\/#breadcrumb"},"inLanguage":"fr-FR","potentialAction":[{"@type":"ReadAction","target":["https:\/\/legsedition.net\/public\/ricardo-boucher\/"]}]},{"@type":"ImageObject","inLanguage":"fr-FR","@id":"https:\/\/legsedition.net\/public\/ricardo-boucher\/#primaryimage","url":"https:\/\/legsedition.net\/public\/wp-content\/uploads\/2024\/10\/Ricardo-boucher-1.jpeg","contentUrl":"https:\/\/legsedition.net\/public\/wp-content\/uploads\/2024\/10\/Ricardo-boucher-1.jpeg","width":746,"height":697},{"@type":"BreadcrumbList","@id":"https:\/\/legsedition.net\/public\/ricardo-boucher\/#breadcrumb","itemListElement":[{"@type":"ListItem","position":1,"name":"Home","item":"https:\/\/legsedition.net\/public\/"},{"@type":"ListItem","position":2,"name":"Ricardo Boucher"}]},{"@type":"WebSite","@id":"https:\/\/legsedition.net\/public\/#website","url":"https:\/\/legsedition.net\/public\/","name":"LEGS &Eacute;DITION","description":"","potentialAction":[{"@type":"SearchAction","target":{"@type":"EntryPoint","urlTemplate":"https:\/\/legsedition.net\/public\/?s={search_term_string}"},"query-input":{"@type":"PropertyValueSpecification","valueRequired":true,"valueName":"search_term_string"}}],"inLanguage":"fr-FR"}]}},"_links":{"self":[{"href":"https:\/\/legsedition.net\/public\/wp-json\/wp\/v2\/pages\/6967","targetHints":{"allow":["GET"]}}],"collection":[{"href":"https:\/\/legsedition.net\/public\/wp-json\/wp\/v2\/pages"}],"about":[{"href":"https:\/\/legsedition.net\/public\/wp-json\/wp\/v2\/types\/page"}],"author":[{"embeddable":true,"href":"https:\/\/legsedition.net\/public\/wp-json\/wp\/v2\/users\/2"}],"replies":[{"embeddable":true,"href":"https:\/\/legsedition.net\/public\/wp-json\/wp\/v2\/comments?post=6967"}],"version-history":[{"count":11,"href":"https:\/\/legsedition.net\/public\/wp-json\/wp\/v2\/pages\/6967\/revisions"}],"predecessor-version":[{"id":7333,"href":"https:\/\/legsedition.net\/public\/wp-json\/wp\/v2\/pages\/6967\/revisions\/7333"}],"wp:attachment":[{"href":"https:\/\/legsedition.net\/public\/wp-json\/wp\/v2\/media?parent=6967"}],"curies":[{"name":"wp","href":"https:\/\/api.w.org\/{rel}","templated":true}]}}