{"id":8192,"date":"2025-02-04T12:59:55","date_gmt":"2025-02-04T12:59:55","guid":{"rendered":"https:\/\/legsedition.net\/public\/?page_id=8192"},"modified":"2025-03-26T12:38:33","modified_gmt":"2025-03-26T12:38:33","slug":"hala-moughanie","status":"publish","type":"page","link":"https:\/\/legsedition.net\/public\/hala-moughanie\/","title":{"rendered":"Hala Moughanie"},"content":{"rendered":"<p style=\"text-align: justify;\"><a href=\"https:\/\/legsedition.net\/public\/wp-content\/uploads\/2025\/02\/hala-moughanie.jpg\"><img decoding=\"async\" class=\"wp-image-8193  alignleft\" src=\"https:\/\/legsedition.net\/public\/wp-content\/uploads\/2025\/02\/hala-moughanie.jpg\" alt=\"\" width=\"168\" height=\"166\" srcset=\"https:\/\/legsedition.net\/public\/wp-content\/uploads\/2025\/02\/hala-moughanie.jpg 2244w, https:\/\/legsedition.net\/public\/wp-content\/uploads\/2025\/02\/hala-moughanie-300x296.jpg 300w, https:\/\/legsedition.net\/public\/wp-content\/uploads\/2025\/02\/hala-moughanie-1024x1012.jpg 1024w, https:\/\/legsedition.net\/public\/wp-content\/uploads\/2025\/02\/hala-moughanie-768x759.jpg 768w, https:\/\/legsedition.net\/public\/wp-content\/uploads\/2025\/02\/hala-moughanie-1536x1518.jpg 1536w, https:\/\/legsedition.net\/public\/wp-content\/uploads\/2025\/02\/hala-moughanie-2048x2023.jpg 2048w\" sizes=\"(max-width: 168px) 100vw, 168px\" \/><\/a>Romanci\u00e8re et dramaturge, Hala Moughanie est n\u00e9e en 1980 au Liban. Apr\u00e8s des \u00e9tudes \u00e0 La Sorbonne, elle reste en France une quinzaine d&rsquo;ann\u00e9es, avant de retourner dans son pays o\u00f9 elle travaille dans le domaine de la coop\u00e9ration internationale.<\/p>\n<p style=\"text-align: justify;\">Experte ind\u00e9pendante, ses diff\u00e9rents engagements l\u2019ont amen\u00e9e \u00e0 s\u2019impliquer dans les milieux culturels, politiques et associatifs de son pays. R\u00e9cipiendaire des Prix ArtCena en 2007, RFI Th\u00e9\u00e2tre 2015 et Quartier des auteurs du Tarmac 2018, son premier roman, <em>Il faut revenir<\/em>, para\u00eet en 2023 aux \u00c9ditions Project\u2019\u00celes. <em>Tais-toi et creuse<\/em> suivi de <em>La mer est ma nation<\/em> est sa premi\u00e8re \u0153uvre th\u00e9\u00e2trale publi\u00e9e.<\/p>\n<p>Elle vit \u00e0 Beyrouth.<\/p>\n<p><strong>Publication chez LEGS \u00c9DITION<\/strong><\/p>\n<p><a href=\"https:\/\/legsedition.net\/public\/2025\/02\/02\/tais-toi-et-creuse-suivi-de-la-mer-est-ma-nation\/\" target=\"_blank\" rel=\"noopener\"><em>Tais-toi et creuse<\/em> suivi de <em>La mer est ma nation<\/em><\/a>, 2025<\/p>\n<p><a href=\"https:\/\/legsedition.net\/public\/wp-content\/uploads\/2025\/02\/tais-toi-et-creuse_cover.png\"><img fetchpriority=\"high\" decoding=\"async\" class=\"alignnone wp-image-8308 \" src=\"https:\/\/legsedition.net\/public\/wp-content\/uploads\/2025\/02\/tais-toi-et-creuse_cover.png\" alt=\"\" width=\"217\" height=\"376\" srcset=\"https:\/\/legsedition.net\/public\/wp-content\/uploads\/2025\/02\/tais-toi-et-creuse_cover.png 513w, https:\/\/legsedition.net\/public\/wp-content\/uploads\/2025\/02\/tais-toi-et-creuse_cover-173x300.png 173w\" sizes=\"(max-width: 217px) 100vw, 217px\" \/><\/a><\/p>\n","protected":false},"excerpt":{"rendered":"<p>Romanci\u00e8re et dramaturge, Hala Moughanie est n\u00e9e en 1980 au Liban. Apr\u00e8s des \u00e9tudes \u00e0 La Sorbonne, elle reste en France une quinzaine d&rsquo;ann\u00e9es, avant de retourner dans son pays o\u00f9 elle travaille dans le domaine de la coop\u00e9ration internationale&#8230;.<\/p>\n","protected":false},"author":2,"featured_media":0,"parent":0,"menu_order":0,"comment_status":"closed","ping_status":"closed","template":"","meta":{"footnotes":""},"class_list":["post-8192","page","type-page","status-publish","hentry","no-post-thumbnail"],"yoast_head":"<!-- This site is optimized with the Yoast SEO plugin v27.3 - https:\/\/yoast.com\/product\/yoast-seo-wordpress\/ -->\n<title>Hala Moughanie | LEGS &Eacute;DITION<\/title>\n<meta name=\"robots\" content=\"index, follow, max-snippet:-1, max-image-preview:large, max-video-preview:-1\" \/>\n<link rel=\"canonical\" href=\"https:\/\/legsedition.net\/public\/hala-moughanie\/\" \/>\n<meta property=\"og:locale\" content=\"fr_FR\" \/>\n<meta property=\"og:type\" content=\"article\" \/>\n<meta property=\"og:title\" content=\"Hala Moughanie | LEGS &Eacute;DITION\" \/>\n<meta property=\"og:description\" content=\"Romanci\u00e8re et dramaturge, Hala Moughanie est n\u00e9e en 1980 au Liban. Apr\u00e8s des \u00e9tudes \u00e0 La Sorbonne, elle reste en France une quinzaine d&rsquo;ann\u00e9es, avant de retourner dans son pays o\u00f9 elle travaille dans le domaine de la coop\u00e9ration internationale....\" \/>\n<meta property=\"og:url\" content=\"https:\/\/legsedition.net\/public\/hala-moughanie\/\" \/>\n<meta property=\"og:site_name\" content=\"LEGS &Eacute;DITION\" \/>\n<meta property=\"article:publisher\" content=\"https:\/\/web.facebook.com\/LegsEtLitterature\/\" \/>\n<meta property=\"article:modified_time\" content=\"2025-03-26T12:38:33+00:00\" \/>\n<meta property=\"og:image\" content=\"https:\/\/legsedition.net\/public\/wp-content\/uploads\/2025\/02\/hala-moughanie.jpg\" \/>\n\t<meta property=\"og:image:width\" content=\"2244\" \/>\n\t<meta property=\"og:image:height\" content=\"2217\" \/>\n\t<meta property=\"og:image:type\" content=\"image\/jpeg\" \/>\n<meta name=\"twitter:card\" content=\"summary_large_image\" \/>\n<meta name=\"twitter:label1\" content=\"Dur\u00e9e de lecture estim\u00e9e\" \/>\n\t<meta name=\"twitter:data1\" content=\"2 minutes\" \/>\n<script type=\"application\/ld+json\" class=\"yoast-schema-graph\">{\"@context\":\"https:\\\/\\\/schema.org\",\"@graph\":[{\"@type\":\"WebPage\",\"@id\":\"https:\\\/\\\/legsedition.net\\\/public\\\/hala-moughanie\\\/\",\"url\":\"https:\\\/\\\/legsedition.net\\\/public\\\/hala-moughanie\\\/\",\"name\":\"Hala Moughanie | LEGS &Eacute;DITION\",\"isPartOf\":{\"@id\":\"https:\\\/\\\/legsedition.net\\\/public\\\/#website\"},\"primaryImageOfPage\":{\"@id\":\"https:\\\/\\\/legsedition.net\\\/public\\\/hala-moughanie\\\/#primaryimage\"},\"image\":{\"@id\":\"https:\\\/\\\/legsedition.net\\\/public\\\/hala-moughanie\\\/#primaryimage\"},\"thumbnailUrl\":\"https:\\\/\\\/legsedition.net\\\/public\\\/wp-content\\\/uploads\\\/2025\\\/02\\\/hala-moughanie.jpg\",\"datePublished\":\"2025-02-04T12:59:55+00:00\",\"dateModified\":\"2025-03-26T12:38:33+00:00\",\"breadcrumb\":{\"@id\":\"https:\\\/\\\/legsedition.net\\\/public\\\/hala-moughanie\\\/#breadcrumb\"},\"inLanguage\":\"fr-FR\",\"potentialAction\":[{\"@type\":\"ReadAction\",\"target\":[\"https:\\\/\\\/legsedition.net\\\/public\\\/hala-moughanie\\\/\"]}]},{\"@type\":\"ImageObject\",\"inLanguage\":\"fr-FR\",\"@id\":\"https:\\\/\\\/legsedition.net\\\/public\\\/hala-moughanie\\\/#primaryimage\",\"url\":\"https:\\\/\\\/legsedition.net\\\/public\\\/wp-content\\\/uploads\\\/2025\\\/02\\\/hala-moughanie.jpg\",\"contentUrl\":\"https:\\\/\\\/legsedition.net\\\/public\\\/wp-content\\\/uploads\\\/2025\\\/02\\\/hala-moughanie.jpg\",\"width\":2244,\"height\":2217},{\"@type\":\"BreadcrumbList\",\"@id\":\"https:\\\/\\\/legsedition.net\\\/public\\\/hala-moughanie\\\/#breadcrumb\",\"itemListElement\":[{\"@type\":\"ListItem\",\"position\":1,\"name\":\"Home\",\"item\":\"https:\\\/\\\/legsedition.net\\\/public\\\/\"},{\"@type\":\"ListItem\",\"position\":2,\"name\":\"Hala Moughanie\"}]},{\"@type\":\"WebSite\",\"@id\":\"https:\\\/\\\/legsedition.net\\\/public\\\/#website\",\"url\":\"https:\\\/\\\/legsedition.net\\\/public\\\/\",\"name\":\"LEGS &Eacute;DITION\",\"description\":\"\",\"potentialAction\":[{\"@type\":\"SearchAction\",\"target\":{\"@type\":\"EntryPoint\",\"urlTemplate\":\"https:\\\/\\\/legsedition.net\\\/public\\\/?s={search_term_string}\"},\"query-input\":{\"@type\":\"PropertyValueSpecification\",\"valueRequired\":true,\"valueName\":\"search_term_string\"}}],\"inLanguage\":\"fr-FR\"}]}<\/script>\n<!-- \/ Yoast SEO plugin. -->","yoast_head_json":{"title":"Hala Moughanie | LEGS &Eacute;DITION","robots":{"index":"index","follow":"follow","max-snippet":"max-snippet:-1","max-image-preview":"max-image-preview:large","max-video-preview":"max-video-preview:-1"},"canonical":"https:\/\/legsedition.net\/public\/hala-moughanie\/","og_locale":"fr_FR","og_type":"article","og_title":"Hala Moughanie | LEGS &Eacute;DITION","og_description":"Romanci\u00e8re et dramaturge, Hala Moughanie est n\u00e9e en 1980 au Liban. Apr\u00e8s des \u00e9tudes \u00e0 La Sorbonne, elle reste en France une quinzaine d&rsquo;ann\u00e9es, avant de retourner dans son pays o\u00f9 elle travaille dans le domaine de la coop\u00e9ration internationale....","og_url":"https:\/\/legsedition.net\/public\/hala-moughanie\/","og_site_name":"LEGS &Eacute;DITION","article_publisher":"https:\/\/web.facebook.com\/LegsEtLitterature\/","article_modified_time":"2025-03-26T12:38:33+00:00","og_image":[{"width":2244,"height":2217,"url":"https:\/\/legsedition.net\/public\/wp-content\/uploads\/2025\/02\/hala-moughanie.jpg","type":"image\/jpeg"}],"twitter_card":"summary_large_image","twitter_misc":{"Dur\u00e9e de lecture estim\u00e9e":"2 minutes"},"schema":{"@context":"https:\/\/schema.org","@graph":[{"@type":"WebPage","@id":"https:\/\/legsedition.net\/public\/hala-moughanie\/","url":"https:\/\/legsedition.net\/public\/hala-moughanie\/","name":"Hala Moughanie | LEGS &Eacute;DITION","isPartOf":{"@id":"https:\/\/legsedition.net\/public\/#website"},"primaryImageOfPage":{"@id":"https:\/\/legsedition.net\/public\/hala-moughanie\/#primaryimage"},"image":{"@id":"https:\/\/legsedition.net\/public\/hala-moughanie\/#primaryimage"},"thumbnailUrl":"https:\/\/legsedition.net\/public\/wp-content\/uploads\/2025\/02\/hala-moughanie.jpg","datePublished":"2025-02-04T12:59:55+00:00","dateModified":"2025-03-26T12:38:33+00:00","breadcrumb":{"@id":"https:\/\/legsedition.net\/public\/hala-moughanie\/#breadcrumb"},"inLanguage":"fr-FR","potentialAction":[{"@type":"ReadAction","target":["https:\/\/legsedition.net\/public\/hala-moughanie\/"]}]},{"@type":"ImageObject","inLanguage":"fr-FR","@id":"https:\/\/legsedition.net\/public\/hala-moughanie\/#primaryimage","url":"https:\/\/legsedition.net\/public\/wp-content\/uploads\/2025\/02\/hala-moughanie.jpg","contentUrl":"https:\/\/legsedition.net\/public\/wp-content\/uploads\/2025\/02\/hala-moughanie.jpg","width":2244,"height":2217},{"@type":"BreadcrumbList","@id":"https:\/\/legsedition.net\/public\/hala-moughanie\/#breadcrumb","itemListElement":[{"@type":"ListItem","position":1,"name":"Home","item":"https:\/\/legsedition.net\/public\/"},{"@type":"ListItem","position":2,"name":"Hala Moughanie"}]},{"@type":"WebSite","@id":"https:\/\/legsedition.net\/public\/#website","url":"https:\/\/legsedition.net\/public\/","name":"LEGS &Eacute;DITION","description":"","potentialAction":[{"@type":"SearchAction","target":{"@type":"EntryPoint","urlTemplate":"https:\/\/legsedition.net\/public\/?s={search_term_string}"},"query-input":{"@type":"PropertyValueSpecification","valueRequired":true,"valueName":"search_term_string"}}],"inLanguage":"fr-FR"}]}},"_links":{"self":[{"href":"https:\/\/legsedition.net\/public\/wp-json\/wp\/v2\/pages\/8192","targetHints":{"allow":["GET"]}}],"collection":[{"href":"https:\/\/legsedition.net\/public\/wp-json\/wp\/v2\/pages"}],"about":[{"href":"https:\/\/legsedition.net\/public\/wp-json\/wp\/v2\/types\/page"}],"author":[{"embeddable":true,"href":"https:\/\/legsedition.net\/public\/wp-json\/wp\/v2\/users\/2"}],"replies":[{"embeddable":true,"href":"https:\/\/legsedition.net\/public\/wp-json\/wp\/v2\/comments?post=8192"}],"version-history":[{"count":7,"href":"https:\/\/legsedition.net\/public\/wp-json\/wp\/v2\/pages\/8192\/revisions"}],"predecessor-version":[{"id":8372,"href":"https:\/\/legsedition.net\/public\/wp-json\/wp\/v2\/pages\/8192\/revisions\/8372"}],"wp:attachment":[{"href":"https:\/\/legsedition.net\/public\/wp-json\/wp\/v2\/media?parent=8192"}],"curies":[{"name":"wp","href":"https:\/\/api.w.org\/{rel}","templated":true}]}}