{"id":8743,"date":"2025-10-27T07:08:10","date_gmt":"2025-10-27T07:08:10","guid":{"rendered":"https:\/\/legsedition.net\/public\/?page_id=8743"},"modified":"2025-10-27T07:08:12","modified_gmt":"2025-10-27T07:08:12","slug":"syto-cave","status":"publish","type":"page","link":"https:\/\/legsedition.net\/public\/syto-cave\/","title":{"rendered":"Syto Cav\u00e9"},"content":{"rendered":"<p style=\"text-align: justify;\"><a href=\"https:\/\/legsedition.net\/public\/wp-content\/uploads\/2025\/10\/syto-cave.jpg\"><img decoding=\"async\" class=\"alignleft wp-image-8744 \" src=\"https:\/\/legsedition.net\/public\/wp-content\/uploads\/2025\/10\/syto-cave.jpg\" alt=\"\" width=\"188\" height=\"238\" srcset=\"https:\/\/legsedition.net\/public\/wp-content\/uploads\/2025\/10\/syto-cave.jpg 393w, https:\/\/legsedition.net\/public\/wp-content\/uploads\/2025\/10\/syto-cave-237x300.jpg 237w\" sizes=\"(max-width: 188px) 100vw, 188px\" \/><\/a>Po\u00e8te, dramaturge, parolier et metteur en sc\u00e8ne, Syto Andr\u00e9 Cav\u00e9 est n\u00e9 le 7 ao\u00fbt 1944. Apr\u00e8s des \u00e9tudes au Conservatoire d\u2019Art dramatique \u00e0 Port-au-Prince, il fonde la Soci\u00e9t\u00e9 des Messagers de l\u2019Art et produit sur sc\u00e8ne et \u00e0 la radio, avant de s\u2019exiler aux \u00c9tats-Unis d\u2019Am\u00e9rique en 1968. Il y cr\u00e9e avec des amis la troupe de th\u00e9\u00e2tre Kouidor et met en sc\u00e8ne des textes de Berthold Brecht, Kateb Yacine, Eug\u00e8ne Ionesco et Aim\u00e9 C\u00e9saire.<\/p>\n<p style=\"text-align: justify;\">Auteur d\u2019une \u0153uvre litt\u00e9raire remarquable, ses po\u00e8mes sont mis en musique par de nombreux chanteurs et paroliers tels Alan Cav\u00e9, Vanessa Jacquemin, Wooly Saint-Louis Jean, Tamara Suffren, Ralph Tamar et Boulo Valcourt. Le livre d\u2019avant-hier soir suivi de Quelque part en d\u00e9cembre est son quatri\u00e8me recueil de po\u00e9sies.<br \/>\n[<a href=\"https:\/\/ile-en-ile.org\/cave\/\" target=\"_blank\" rel=\"noopener\">Voir la page de pr\u00e9sentation de Syto Cav\u00e9 sur \u00cele en \u00cele<\/a>]<\/p>\n<p><strong>Publication chez LEGS \u00c9DITION<\/strong><\/p>\n<p><a href=\"https:\/\/legsedition.net\/public\/2025\/09\/29\/le-livre-davant-hier-soir\/\" target=\"_blank\" rel=\"noopener\"><em>Le livre d&rsquo;avant-hier soir suivi de Quelque part en d\u00e9cembre<\/em><\/a>, 2025<\/p>\n<p><a href=\"https:\/\/legsedition.net\/public\/wp-content\/uploads\/2025\/10\/Cover_le-livre-last.png\"><img fetchpriority=\"high\" decoding=\"async\" class=\"alignnone wp-image-8745 \" src=\"https:\/\/legsedition.net\/public\/wp-content\/uploads\/2025\/10\/Cover_le-livre-last.png\" alt=\"\" width=\"222\" height=\"348\" srcset=\"https:\/\/legsedition.net\/public\/wp-content\/uploads\/2025\/10\/Cover_le-livre-last.png 489w, https:\/\/legsedition.net\/public\/wp-content\/uploads\/2025\/10\/Cover_le-livre-last-191x300.png 191w\" sizes=\"(max-width: 222px) 100vw, 222px\" \/><\/a><\/p>\n","protected":false},"excerpt":{"rendered":"<p>Po\u00e8te, dramaturge, parolier et metteur en sc\u00e8ne, Syto Andr\u00e9 Cav\u00e9 est n\u00e9 le 7 ao\u00fbt 1944. Apr\u00e8s des \u00e9tudes au Conservatoire d\u2019Art dramatique \u00e0 Port-au-Prince, il fonde la Soci\u00e9t\u00e9 des Messagers de l\u2019Art et produit sur sc\u00e8ne et \u00e0 la&#8230;<\/p>\n","protected":false},"author":2,"featured_media":0,"parent":0,"menu_order":0,"comment_status":"closed","ping_status":"closed","template":"","meta":{"footnotes":""},"class_list":["post-8743","page","type-page","status-publish","hentry","no-post-thumbnail"],"yoast_head":"<!-- This site is optimized with the Yoast SEO plugin v27.3 - https:\/\/yoast.com\/product\/yoast-seo-wordpress\/ -->\n<title>Syto Cav\u00e9 | LEGS &Eacute;DITION<\/title>\n<meta name=\"robots\" content=\"index, follow, max-snippet:-1, max-image-preview:large, max-video-preview:-1\" \/>\n<link rel=\"canonical\" href=\"https:\/\/legsedition.net\/public\/syto-cave\/\" \/>\n<meta property=\"og:locale\" content=\"fr_FR\" \/>\n<meta property=\"og:type\" content=\"article\" \/>\n<meta property=\"og:title\" content=\"Syto Cav\u00e9 | LEGS &Eacute;DITION\" \/>\n<meta property=\"og:description\" content=\"Po\u00e8te, dramaturge, parolier et metteur en sc\u00e8ne, Syto Andr\u00e9 Cav\u00e9 est n\u00e9 le 7 ao\u00fbt 1944. Apr\u00e8s des \u00e9tudes au Conservatoire d\u2019Art dramatique \u00e0 Port-au-Prince, il fonde la Soci\u00e9t\u00e9 des Messagers de l\u2019Art et produit sur sc\u00e8ne et \u00e0 la...\" \/>\n<meta property=\"og:url\" content=\"https:\/\/legsedition.net\/public\/syto-cave\/\" \/>\n<meta property=\"og:site_name\" content=\"LEGS &Eacute;DITION\" \/>\n<meta property=\"article:publisher\" content=\"https:\/\/web.facebook.com\/LegsEtLitterature\/\" \/>\n<meta property=\"article:modified_time\" content=\"2025-10-27T07:08:12+00:00\" \/>\n<meta property=\"og:image\" content=\"https:\/\/legsedition.net\/public\/wp-content\/uploads\/2025\/10\/syto-cave.jpg\" \/>\n\t<meta property=\"og:image:width\" content=\"393\" \/>\n\t<meta property=\"og:image:height\" content=\"497\" \/>\n\t<meta property=\"og:image:type\" content=\"image\/jpeg\" \/>\n<meta name=\"twitter:card\" content=\"summary_large_image\" \/>\n<meta name=\"twitter:label1\" content=\"Dur\u00e9e de lecture estim\u00e9e\" \/>\n\t<meta name=\"twitter:data1\" content=\"2 minutes\" \/>\n<script type=\"application\/ld+json\" class=\"yoast-schema-graph\">{\"@context\":\"https:\\\/\\\/schema.org\",\"@graph\":[{\"@type\":\"WebPage\",\"@id\":\"https:\\\/\\\/legsedition.net\\\/public\\\/syto-cave\\\/\",\"url\":\"https:\\\/\\\/legsedition.net\\\/public\\\/syto-cave\\\/\",\"name\":\"Syto Cav\u00e9 | LEGS &Eacute;DITION\",\"isPartOf\":{\"@id\":\"https:\\\/\\\/legsedition.net\\\/public\\\/#website\"},\"primaryImageOfPage\":{\"@id\":\"https:\\\/\\\/legsedition.net\\\/public\\\/syto-cave\\\/#primaryimage\"},\"image\":{\"@id\":\"https:\\\/\\\/legsedition.net\\\/public\\\/syto-cave\\\/#primaryimage\"},\"thumbnailUrl\":\"https:\\\/\\\/legsedition.net\\\/public\\\/wp-content\\\/uploads\\\/2025\\\/10\\\/syto-cave.jpg\",\"datePublished\":\"2025-10-27T07:08:10+00:00\",\"dateModified\":\"2025-10-27T07:08:12+00:00\",\"breadcrumb\":{\"@id\":\"https:\\\/\\\/legsedition.net\\\/public\\\/syto-cave\\\/#breadcrumb\"},\"inLanguage\":\"fr-FR\",\"potentialAction\":[{\"@type\":\"ReadAction\",\"target\":[\"https:\\\/\\\/legsedition.net\\\/public\\\/syto-cave\\\/\"]}]},{\"@type\":\"ImageObject\",\"inLanguage\":\"fr-FR\",\"@id\":\"https:\\\/\\\/legsedition.net\\\/public\\\/syto-cave\\\/#primaryimage\",\"url\":\"https:\\\/\\\/legsedition.net\\\/public\\\/wp-content\\\/uploads\\\/2025\\\/10\\\/syto-cave.jpg\",\"contentUrl\":\"https:\\\/\\\/legsedition.net\\\/public\\\/wp-content\\\/uploads\\\/2025\\\/10\\\/syto-cave.jpg\",\"width\":393,\"height\":497},{\"@type\":\"BreadcrumbList\",\"@id\":\"https:\\\/\\\/legsedition.net\\\/public\\\/syto-cave\\\/#breadcrumb\",\"itemListElement\":[{\"@type\":\"ListItem\",\"position\":1,\"name\":\"Home\",\"item\":\"https:\\\/\\\/legsedition.net\\\/public\\\/\"},{\"@type\":\"ListItem\",\"position\":2,\"name\":\"Syto Cav\u00e9\"}]},{\"@type\":\"WebSite\",\"@id\":\"https:\\\/\\\/legsedition.net\\\/public\\\/#website\",\"url\":\"https:\\\/\\\/legsedition.net\\\/public\\\/\",\"name\":\"LEGS &Eacute;DITION\",\"description\":\"\",\"potentialAction\":[{\"@type\":\"SearchAction\",\"target\":{\"@type\":\"EntryPoint\",\"urlTemplate\":\"https:\\\/\\\/legsedition.net\\\/public\\\/?s={search_term_string}\"},\"query-input\":{\"@type\":\"PropertyValueSpecification\",\"valueRequired\":true,\"valueName\":\"search_term_string\"}}],\"inLanguage\":\"fr-FR\"}]}<\/script>\n<!-- \/ Yoast SEO plugin. -->","yoast_head_json":{"title":"Syto Cav\u00e9 | LEGS &Eacute;DITION","robots":{"index":"index","follow":"follow","max-snippet":"max-snippet:-1","max-image-preview":"max-image-preview:large","max-video-preview":"max-video-preview:-1"},"canonical":"https:\/\/legsedition.net\/public\/syto-cave\/","og_locale":"fr_FR","og_type":"article","og_title":"Syto Cav\u00e9 | LEGS &Eacute;DITION","og_description":"Po\u00e8te, dramaturge, parolier et metteur en sc\u00e8ne, Syto Andr\u00e9 Cav\u00e9 est n\u00e9 le 7 ao\u00fbt 1944. Apr\u00e8s des \u00e9tudes au Conservatoire d\u2019Art dramatique \u00e0 Port-au-Prince, il fonde la Soci\u00e9t\u00e9 des Messagers de l\u2019Art et produit sur sc\u00e8ne et \u00e0 la...","og_url":"https:\/\/legsedition.net\/public\/syto-cave\/","og_site_name":"LEGS &Eacute;DITION","article_publisher":"https:\/\/web.facebook.com\/LegsEtLitterature\/","article_modified_time":"2025-10-27T07:08:12+00:00","og_image":[{"width":393,"height":497,"url":"https:\/\/legsedition.net\/public\/wp-content\/uploads\/2025\/10\/syto-cave.jpg","type":"image\/jpeg"}],"twitter_card":"summary_large_image","twitter_misc":{"Dur\u00e9e de lecture estim\u00e9e":"2 minutes"},"schema":{"@context":"https:\/\/schema.org","@graph":[{"@type":"WebPage","@id":"https:\/\/legsedition.net\/public\/syto-cave\/","url":"https:\/\/legsedition.net\/public\/syto-cave\/","name":"Syto Cav\u00e9 | LEGS &Eacute;DITION","isPartOf":{"@id":"https:\/\/legsedition.net\/public\/#website"},"primaryImageOfPage":{"@id":"https:\/\/legsedition.net\/public\/syto-cave\/#primaryimage"},"image":{"@id":"https:\/\/legsedition.net\/public\/syto-cave\/#primaryimage"},"thumbnailUrl":"https:\/\/legsedition.net\/public\/wp-content\/uploads\/2025\/10\/syto-cave.jpg","datePublished":"2025-10-27T07:08:10+00:00","dateModified":"2025-10-27T07:08:12+00:00","breadcrumb":{"@id":"https:\/\/legsedition.net\/public\/syto-cave\/#breadcrumb"},"inLanguage":"fr-FR","potentialAction":[{"@type":"ReadAction","target":["https:\/\/legsedition.net\/public\/syto-cave\/"]}]},{"@type":"ImageObject","inLanguage":"fr-FR","@id":"https:\/\/legsedition.net\/public\/syto-cave\/#primaryimage","url":"https:\/\/legsedition.net\/public\/wp-content\/uploads\/2025\/10\/syto-cave.jpg","contentUrl":"https:\/\/legsedition.net\/public\/wp-content\/uploads\/2025\/10\/syto-cave.jpg","width":393,"height":497},{"@type":"BreadcrumbList","@id":"https:\/\/legsedition.net\/public\/syto-cave\/#breadcrumb","itemListElement":[{"@type":"ListItem","position":1,"name":"Home","item":"https:\/\/legsedition.net\/public\/"},{"@type":"ListItem","position":2,"name":"Syto Cav\u00e9"}]},{"@type":"WebSite","@id":"https:\/\/legsedition.net\/public\/#website","url":"https:\/\/legsedition.net\/public\/","name":"LEGS &Eacute;DITION","description":"","potentialAction":[{"@type":"SearchAction","target":{"@type":"EntryPoint","urlTemplate":"https:\/\/legsedition.net\/public\/?s={search_term_string}"},"query-input":{"@type":"PropertyValueSpecification","valueRequired":true,"valueName":"search_term_string"}}],"inLanguage":"fr-FR"}]}},"_links":{"self":[{"href":"https:\/\/legsedition.net\/public\/wp-json\/wp\/v2\/pages\/8743","targetHints":{"allow":["GET"]}}],"collection":[{"href":"https:\/\/legsedition.net\/public\/wp-json\/wp\/v2\/pages"}],"about":[{"href":"https:\/\/legsedition.net\/public\/wp-json\/wp\/v2\/types\/page"}],"author":[{"embeddable":true,"href":"https:\/\/legsedition.net\/public\/wp-json\/wp\/v2\/users\/2"}],"replies":[{"embeddable":true,"href":"https:\/\/legsedition.net\/public\/wp-json\/wp\/v2\/comments?post=8743"}],"version-history":[{"count":5,"href":"https:\/\/legsedition.net\/public\/wp-json\/wp\/v2\/pages\/8743\/revisions"}],"predecessor-version":[{"id":8750,"href":"https:\/\/legsedition.net\/public\/wp-json\/wp\/v2\/pages\/8743\/revisions\/8750"}],"wp:attachment":[{"href":"https:\/\/legsedition.net\/public\/wp-json\/wp\/v2\/media?parent=8743"}],"curies":[{"name":"wp","href":"https:\/\/api.w.org\/{rel}","templated":true}]}}