{"id":8819,"date":"2025-10-31T10:55:37","date_gmt":"2025-10-31T10:55:37","guid":{"rendered":"https:\/\/legsedition.net\/public\/?page_id=8819"},"modified":"2025-12-25T12:44:37","modified_gmt":"2025-12-25T12:44:37","slug":"soucaneau-gabriel","status":"publish","type":"page","link":"https:\/\/legsedition.net\/public\/soucaneau-gabriel\/","title":{"rendered":"Soucaneau Gabriel"},"content":{"rendered":"\n<figure id=\"attachment_8822\" aria-describedby=\"caption-attachment-8822\" style=\"width: 172px\" class=\"wp-caption alignleft\"><a href=\"https:\/\/legsedition.net\/public\/wp-content\/uploads\/2025\/10\/Soucaneau-Gabriel-scaled.jpg\"><img decoding=\"async\" class=\"wp-image-8822\" src=\"https:\/\/legsedition.net\/public\/wp-content\/uploads\/2025\/10\/Soucaneau-Gabriel-scaled.jpg\" alt=\"\" width=\"172\" height=\"258\" srcset=\"https:\/\/legsedition.net\/public\/wp-content\/uploads\/2025\/10\/Soucaneau-Gabriel-scaled.jpg 1708w, https:\/\/legsedition.net\/public\/wp-content\/uploads\/2025\/10\/Soucaneau-Gabriel-200x300.jpg 200w, https:\/\/legsedition.net\/public\/wp-content\/uploads\/2025\/10\/Soucaneau-Gabriel-683x1024.jpg 683w, https:\/\/legsedition.net\/public\/wp-content\/uploads\/2025\/10\/Soucaneau-Gabriel-768x1151.jpg 768w, https:\/\/legsedition.net\/public\/wp-content\/uploads\/2025\/10\/Soucaneau-Gabriel-1025x1536.jpg 1025w, https:\/\/legsedition.net\/public\/wp-content\/uploads\/2025\/10\/Soucaneau-Gabriel-1366x2048.jpg 1366w\" sizes=\"(max-width: 172px) 100vw, 172px\" \/><\/a><figcaption id=\"caption-attachment-8822\" class=\"wp-caption-text\">\u00a9 St\u00e9phane Hussein<\/figcaption><\/figure>\n<p style=\"text-align: justify;\">N\u00e9 \u00e0 Bellad\u00e8re le 14 octobre 1988, Soucaneau Gabriel est po\u00e8te, nouvelliste, journaliste et chroniqueur culturel. Il est d\u00e9tenteur d\u2019un double master en gestion de projet culturel et en accompagnement politique de l\u2019Universit\u00e9 d\u2019Orl\u00e9ans.<\/p>\n<p style=\"text-align: justify;\">Ancien animateur de l\u2019\u00e9mission\u00a0<em>J\u2019\u00e9pelle au soleil<\/em>\u00a0\u00e0 Radio T\u00e9l\u00e9 Soleil, chroniqueur \u00e0\u00a0<em><a href=\"https:\/\/ayibopost.com\/\" target=\"_blank\" rel=\"noopener\">Ayibopost<\/a>\u00a0<\/em>et blogueur de\u00a0<a href=\"https:\/\/mondoblog.org\/\" target=\"_blank\" rel=\"noopener\">Mondoblog RFI<\/a>, il est l\u2019auteur d\u2019un nombre important d\u2019articles sur l\u2019art, la culture et le social.<\/p>\n<p style=\"text-align: justify;\">En 2015, il re\u00e7oit la Mention sp\u00e9ciale du jury du Prix Livres en Folie de la premi\u00e8re \u0153uvre pour <em>L\u2019Antre de l\u2019ombre\u00a0<\/em>en 2015. Depuis juin 2025, il anime le podcast <em>\u00c9chos d\u2019Ha\u00efti\u00a0<\/em>sur\u00a0<a href=\"https:\/\/www.haitiinter.com\/\" target=\"_blank\" rel=\"noopener\">Ha\u00efti Inter<\/a>.\u00a0<em>Port-au-Prince, de soufre et de sang <\/em>est son premier recueil de nouvelles.<\/p>\n<p>\u00a0<\/p>\n<p><strong>Publication chez LEGS \u00c9DITION<\/strong><\/p>\n<p><a href=\"https:\/\/legsedition.net\/public\/2025\/10\/24\/port-au-prince-de-souffre-et-de-sang\/\" target=\"_blank\" rel=\"noopener\"><em>Port-au-Prince, de soufre et de san<\/em>g<\/a>, 2025<\/p>\n<p><a href=\"https:\/\/legsedition.net\/public\/wp-content\/uploads\/2025\/10\/Cover-Port-au-Prince-de-soufre-1.png\"><img fetchpriority=\"high\" decoding=\"async\" class=\"alignnone wp-image-9013 \" src=\"https:\/\/legsedition.net\/public\/wp-content\/uploads\/2025\/10\/Cover-Port-au-Prince-de-soufre-1.png\" alt=\"\" width=\"202\" height=\"372\" srcset=\"https:\/\/legsedition.net\/public\/wp-content\/uploads\/2025\/10\/Cover-Port-au-Prince-de-soufre-1.png 504w, https:\/\/legsedition.net\/public\/wp-content\/uploads\/2025\/10\/Cover-Port-au-Prince-de-soufre-1-163x300.png 163w\" sizes=\"(max-width: 202px) 100vw, 202px\" \/><\/a><\/p>\n","protected":false},"excerpt":{"rendered":"<p>N\u00e9 \u00e0 Bellad\u00e8re le 14 octobre 1988, Soucaneau Gabriel est po\u00e8te, nouvelliste, journaliste et chroniqueur culturel. Il est d\u00e9tenteur d\u2019un double master en gestion de projet culturel et en accompagnement politique de l\u2019Universit\u00e9 d\u2019Orl\u00e9ans. Ancien animateur de l\u2019\u00e9mission\u00a0J\u2019\u00e9pelle au soleil\u00a0\u00e0&#8230;<\/p>\n","protected":false},"author":2,"featured_media":0,"parent":0,"menu_order":0,"comment_status":"closed","ping_status":"closed","template":"","meta":{"footnotes":""},"class_list":["post-8819","page","type-page","status-publish","hentry","no-post-thumbnail"],"yoast_head":"<!-- This site is optimized with the Yoast SEO plugin v27.3 - https:\/\/yoast.com\/product\/yoast-seo-wordpress\/ -->\n<title>Soucaneau Gabriel | LEGS &Eacute;DITION<\/title>\n<meta name=\"robots\" content=\"index, follow, max-snippet:-1, max-image-preview:large, max-video-preview:-1\" \/>\n<link rel=\"canonical\" href=\"https:\/\/legsedition.net\/public\/soucaneau-gabriel\/\" \/>\n<meta property=\"og:locale\" content=\"fr_FR\" \/>\n<meta property=\"og:type\" content=\"article\" \/>\n<meta property=\"og:title\" content=\"Soucaneau Gabriel | LEGS &Eacute;DITION\" \/>\n<meta property=\"og:description\" content=\"N\u00e9 \u00e0 Bellad\u00e8re le 14 octobre 1988, Soucaneau Gabriel est po\u00e8te, nouvelliste, journaliste et chroniqueur culturel. Il est d\u00e9tenteur d\u2019un double master en gestion de projet culturel et en accompagnement politique de l\u2019Universit\u00e9 d\u2019Orl\u00e9ans. Ancien animateur de l\u2019\u00e9mission\u00a0J\u2019\u00e9pelle au soleil\u00a0\u00e0...\" \/>\n<meta property=\"og:url\" content=\"https:\/\/legsedition.net\/public\/soucaneau-gabriel\/\" \/>\n<meta property=\"og:site_name\" content=\"LEGS &Eacute;DITION\" \/>\n<meta property=\"article:publisher\" content=\"https:\/\/web.facebook.com\/LegsEtLitterature\/\" \/>\n<meta property=\"article:modified_time\" content=\"2025-12-25T12:44:37+00:00\" \/>\n<meta property=\"og:image\" content=\"https:\/\/legsedition.net\/public\/wp-content\/uploads\/2025\/10\/Soucaneau-Gabriel-scaled.jpg\" \/>\n\t<meta property=\"og:image:width\" content=\"1708\" \/>\n\t<meta property=\"og:image:height\" content=\"2560\" \/>\n\t<meta property=\"og:image:type\" content=\"image\/jpeg\" \/>\n<meta name=\"twitter:card\" content=\"summary_large_image\" \/>\n<meta name=\"twitter:label1\" content=\"Dur\u00e9e de lecture estim\u00e9e\" \/>\n\t<meta name=\"twitter:data1\" content=\"2 minutes\" \/>\n<script type=\"application\/ld+json\" class=\"yoast-schema-graph\">{\"@context\":\"https:\\\/\\\/schema.org\",\"@graph\":[{\"@type\":\"WebPage\",\"@id\":\"https:\\\/\\\/legsedition.net\\\/public\\\/soucaneau-gabriel\\\/\",\"url\":\"https:\\\/\\\/legsedition.net\\\/public\\\/soucaneau-gabriel\\\/\",\"name\":\"Soucaneau Gabriel | LEGS &Eacute;DITION\",\"isPartOf\":{\"@id\":\"https:\\\/\\\/legsedition.net\\\/public\\\/#website\"},\"primaryImageOfPage\":{\"@id\":\"https:\\\/\\\/legsedition.net\\\/public\\\/soucaneau-gabriel\\\/#primaryimage\"},\"image\":{\"@id\":\"https:\\\/\\\/legsedition.net\\\/public\\\/soucaneau-gabriel\\\/#primaryimage\"},\"thumbnailUrl\":\"https:\\\/\\\/legsedition.net\\\/public\\\/wp-content\\\/uploads\\\/2025\\\/10\\\/Soucaneau-Gabriel-scaled.jpg\",\"datePublished\":\"2025-10-31T10:55:37+00:00\",\"dateModified\":\"2025-12-25T12:44:37+00:00\",\"breadcrumb\":{\"@id\":\"https:\\\/\\\/legsedition.net\\\/public\\\/soucaneau-gabriel\\\/#breadcrumb\"},\"inLanguage\":\"fr-FR\",\"potentialAction\":[{\"@type\":\"ReadAction\",\"target\":[\"https:\\\/\\\/legsedition.net\\\/public\\\/soucaneau-gabriel\\\/\"]}]},{\"@type\":\"ImageObject\",\"inLanguage\":\"fr-FR\",\"@id\":\"https:\\\/\\\/legsedition.net\\\/public\\\/soucaneau-gabriel\\\/#primaryimage\",\"url\":\"https:\\\/\\\/legsedition.net\\\/public\\\/wp-content\\\/uploads\\\/2025\\\/10\\\/Soucaneau-Gabriel-scaled.jpg\",\"contentUrl\":\"https:\\\/\\\/legsedition.net\\\/public\\\/wp-content\\\/uploads\\\/2025\\\/10\\\/Soucaneau-Gabriel-scaled.jpg\",\"width\":1708,\"height\":2560},{\"@type\":\"BreadcrumbList\",\"@id\":\"https:\\\/\\\/legsedition.net\\\/public\\\/soucaneau-gabriel\\\/#breadcrumb\",\"itemListElement\":[{\"@type\":\"ListItem\",\"position\":1,\"name\":\"Home\",\"item\":\"https:\\\/\\\/legsedition.net\\\/public\\\/\"},{\"@type\":\"ListItem\",\"position\":2,\"name\":\"Soucaneau Gabriel\"}]},{\"@type\":\"WebSite\",\"@id\":\"https:\\\/\\\/legsedition.net\\\/public\\\/#website\",\"url\":\"https:\\\/\\\/legsedition.net\\\/public\\\/\",\"name\":\"LEGS &Eacute;DITION\",\"description\":\"\",\"potentialAction\":[{\"@type\":\"SearchAction\",\"target\":{\"@type\":\"EntryPoint\",\"urlTemplate\":\"https:\\\/\\\/legsedition.net\\\/public\\\/?s={search_term_string}\"},\"query-input\":{\"@type\":\"PropertyValueSpecification\",\"valueRequired\":true,\"valueName\":\"search_term_string\"}}],\"inLanguage\":\"fr-FR\"}]}<\/script>\n<!-- \/ Yoast SEO plugin. -->","yoast_head_json":{"title":"Soucaneau Gabriel | LEGS &Eacute;DITION","robots":{"index":"index","follow":"follow","max-snippet":"max-snippet:-1","max-image-preview":"max-image-preview:large","max-video-preview":"max-video-preview:-1"},"canonical":"https:\/\/legsedition.net\/public\/soucaneau-gabriel\/","og_locale":"fr_FR","og_type":"article","og_title":"Soucaneau Gabriel | LEGS &Eacute;DITION","og_description":"N\u00e9 \u00e0 Bellad\u00e8re le 14 octobre 1988, Soucaneau Gabriel est po\u00e8te, nouvelliste, journaliste et chroniqueur culturel. Il est d\u00e9tenteur d\u2019un double master en gestion de projet culturel et en accompagnement politique de l\u2019Universit\u00e9 d\u2019Orl\u00e9ans. Ancien animateur de l\u2019\u00e9mission\u00a0J\u2019\u00e9pelle au soleil\u00a0\u00e0...","og_url":"https:\/\/legsedition.net\/public\/soucaneau-gabriel\/","og_site_name":"LEGS &Eacute;DITION","article_publisher":"https:\/\/web.facebook.com\/LegsEtLitterature\/","article_modified_time":"2025-12-25T12:44:37+00:00","og_image":[{"width":1708,"height":2560,"url":"https:\/\/legsedition.net\/public\/wp-content\/uploads\/2025\/10\/Soucaneau-Gabriel-scaled.jpg","type":"image\/jpeg"}],"twitter_card":"summary_large_image","twitter_misc":{"Dur\u00e9e de lecture estim\u00e9e":"2 minutes"},"schema":{"@context":"https:\/\/schema.org","@graph":[{"@type":"WebPage","@id":"https:\/\/legsedition.net\/public\/soucaneau-gabriel\/","url":"https:\/\/legsedition.net\/public\/soucaneau-gabriel\/","name":"Soucaneau Gabriel | LEGS &Eacute;DITION","isPartOf":{"@id":"https:\/\/legsedition.net\/public\/#website"},"primaryImageOfPage":{"@id":"https:\/\/legsedition.net\/public\/soucaneau-gabriel\/#primaryimage"},"image":{"@id":"https:\/\/legsedition.net\/public\/soucaneau-gabriel\/#primaryimage"},"thumbnailUrl":"https:\/\/legsedition.net\/public\/wp-content\/uploads\/2025\/10\/Soucaneau-Gabriel-scaled.jpg","datePublished":"2025-10-31T10:55:37+00:00","dateModified":"2025-12-25T12:44:37+00:00","breadcrumb":{"@id":"https:\/\/legsedition.net\/public\/soucaneau-gabriel\/#breadcrumb"},"inLanguage":"fr-FR","potentialAction":[{"@type":"ReadAction","target":["https:\/\/legsedition.net\/public\/soucaneau-gabriel\/"]}]},{"@type":"ImageObject","inLanguage":"fr-FR","@id":"https:\/\/legsedition.net\/public\/soucaneau-gabriel\/#primaryimage","url":"https:\/\/legsedition.net\/public\/wp-content\/uploads\/2025\/10\/Soucaneau-Gabriel-scaled.jpg","contentUrl":"https:\/\/legsedition.net\/public\/wp-content\/uploads\/2025\/10\/Soucaneau-Gabriel-scaled.jpg","width":1708,"height":2560},{"@type":"BreadcrumbList","@id":"https:\/\/legsedition.net\/public\/soucaneau-gabriel\/#breadcrumb","itemListElement":[{"@type":"ListItem","position":1,"name":"Home","item":"https:\/\/legsedition.net\/public\/"},{"@type":"ListItem","position":2,"name":"Soucaneau Gabriel"}]},{"@type":"WebSite","@id":"https:\/\/legsedition.net\/public\/#website","url":"https:\/\/legsedition.net\/public\/","name":"LEGS &Eacute;DITION","description":"","potentialAction":[{"@type":"SearchAction","target":{"@type":"EntryPoint","urlTemplate":"https:\/\/legsedition.net\/public\/?s={search_term_string}"},"query-input":{"@type":"PropertyValueSpecification","valueRequired":true,"valueName":"search_term_string"}}],"inLanguage":"fr-FR"}]}},"_links":{"self":[{"href":"https:\/\/legsedition.net\/public\/wp-json\/wp\/v2\/pages\/8819","targetHints":{"allow":["GET"]}}],"collection":[{"href":"https:\/\/legsedition.net\/public\/wp-json\/wp\/v2\/pages"}],"about":[{"href":"https:\/\/legsedition.net\/public\/wp-json\/wp\/v2\/types\/page"}],"author":[{"embeddable":true,"href":"https:\/\/legsedition.net\/public\/wp-json\/wp\/v2\/users\/2"}],"replies":[{"embeddable":true,"href":"https:\/\/legsedition.net\/public\/wp-json\/wp\/v2\/comments?post=8819"}],"version-history":[{"count":7,"href":"https:\/\/legsedition.net\/public\/wp-json\/wp\/v2\/pages\/8819\/revisions"}],"predecessor-version":[{"id":9062,"href":"https:\/\/legsedition.net\/public\/wp-json\/wp\/v2\/pages\/8819\/revisions\/9062"}],"wp:attachment":[{"href":"https:\/\/legsedition.net\/public\/wp-json\/wp\/v2\/media?parent=8819"}],"curies":[{"name":"wp","href":"https:\/\/api.w.org\/{rel}","templated":true}]}}